{"id":80718,"date":"2025-06-17T09:00:05","date_gmt":"2025-06-17T13:00:05","guid":{"rendered":"https:\/\/dals.com\/product\/20-frosted-lens\/"},"modified":"2025-11-03T15:51:04","modified_gmt":"2025-11-03T20:51:04","slug":"lentille-givree-de-20-pour-extrusions-encastrees","status":"publish","type":"product","link":"https:\/\/dals.com\/fr\/produit\/lentille-givree-de-20-pour-extrusions-encastrees\/","title":{"rendered":"Lentille givr\u00e9e de 20&prime; pour extrusions encastr\u00e9es"},"content":{"rendered":"\t\t<section class=\"elem-breadcrumbs elementor-element elementor-section-boxed elementor-section-height-default elementor-section-height-default elementor-section elementor-top-section\" data-element_type=\"section\" style=\"margin-bottom:30px\">\n\t<div class=\"elementor-container elementor-column-gap-default\">\n\t\t<div class=\"elementor-row\">\n\t\t\t<div class=\"elementor-element elementor-column elementor-col-100 elementor-top-column >\n\t\t\t\t<div class=\"elementor-column-wrap  elementor-element-populated\">\n\t\t\t\t\t<div class=\"elementor-widget-wrap\">\n\t\t\t\t\t\t<div class=\"elementor-element elementor-widget elementor-widget-breadcrumbs\" data-element_type=\"widget\" data-widget_type=\"breadcrumbs.default\">\n\t\t\t\t\t\t\t<div class=\"elementor-widget-container\">\n\t\t\t\t\t\t\t\t<span><span><a href=\"https:\/\/dals.com\/fr\/\">Accueil<\/a><\/span><\/span>\t\t\t\t\t\t\t<\/div>\n\t\t\t\t\t\t<\/div>\n\t\t\t\t\t<\/div>\n\t\t\t\t<\/div>\n\t\t\t<\/div>\n\t\t<\/div>\n\t<\/div>\n<\/section>\n\n<ul>\n<li>Lentille de 20 pi pour extrusions encastr\u00e9s<\/li>\n<li>Cr\u00e9e une connexion sans joint lorsqu\u2019on utilise plusieurs extrusions en aluminium<\/li>\n<li>Se coupe facilement<\/li>\n<\/ul>\n","protected":false},"excerpt":{"rendered":"<p>Compl\u00e9tez votre installation d\u2019\u00e9clairage avec nos lentilles givr\u00e9es de 20 pieds, con\u00e7ues pour les extrusions encastr\u00e9es. Ces lentilles diffusent une lumi\u00e8re douce et uniforme, r\u00e9duisant l\u2019\u00e9blouissement pour un meilleur confort visuel.<\/p>\n<p>Offertes en finis noir ou blanc, elles s\u2019int\u00e8grent harmonieusement \u00e0 tout type d\u2019espace r\u00e9sidentiel ou commercial.<\/p>\n","protected":false},"featured_media":80239,"template":"","meta":{"_acf_changed":false,"site-sidebar-layout":"default","site-content-layout":"","ast-site-content-layout":"default","site-content-style":"default","site-sidebar-style":"default","ast-global-header-display":"","ast-banner-title-visibility":"","ast-main-header-display":"","ast-hfb-above-header-display":"","ast-hfb-below-header-display":"","ast-hfb-mobile-header-display":"","site-post-title":"","ast-breadcrumbs-content":"","ast-featured-img":"","footer-sml-layout":"","ast-disable-related-posts":"","theme-transparent-header-meta":"default","adv-header-id-meta":"","stick-header-meta":"default","header-above-stick-meta":"","header-main-stick-meta":"","header-below-stick-meta":"","astra-migrate-meta-layouts":"set","ast-page-background-enabled":"default","ast-page-background-meta":{"desktop":{"background-color":"","background-image":"","background-repeat":"repeat","background-position":"center center","background-size":"auto","background-attachment":"scroll","background-type":"","background-media":"","overlay-type":"","overlay-color":"","overlay-opacity":"","overlay-gradient":""},"tablet":{"background-color":"","background-image":"","background-repeat":"repeat","background-position":"center center","background-size":"auto","background-attachment":"scroll","background-type":"","background-media":"","overlay-type":"","overlay-color":"","overlay-opacity":"","overlay-gradient":""},"mobile":{"background-color":"","background-image":"","background-repeat":"repeat","background-position":"center center","background-size":"auto","background-attachment":"scroll","background-type":"","background-media":"","overlay-type":"","overlay-color":"","overlay-opacity":"","overlay-gradient":""}},"ast-content-background-meta":{"desktop":{"background-color":"var(--ast-global-color-5)","background-image":"","background-repeat":"repeat","background-position":"center center","background-size":"auto","background-attachment":"scroll","background-type":"","background-media":"","overlay-type":"","overlay-color":"","overlay-opacity":"","overlay-gradient":""},"tablet":{"background-color":"var(--ast-global-color-5)","background-image":"","background-repeat":"repeat","background-position":"center center","background-size":"auto","background-attachment":"scroll","background-type":"","background-media":"","overlay-type":"","overlay-color":"","overlay-opacity":"","overlay-gradient":""},"mobile":{"background-color":"var(--ast-global-color-5)","background-image":"","background-repeat":"repeat","background-position":"center center","background-size":"auto","background-attachment":"scroll","background-type":"","background-media":"","overlay-type":"","overlay-color":"","overlay-opacity":"","overlay-gradient":""}}},"product_brand":[],"product_cat":[1483,76,98],"product_tag":[],"class_list":{"0":"post-80718","1":"product","2":"type-product","3":"status-publish","4":"has-post-thumbnail","6":"product_cat-disponible","7":"product_cat-sous-cabinet","8":"product_cat-transformateurs-accessoires","9":"pa_finish-blanc","10":"pa_finish-noir","11":"desktop-align-center","12":"tablet-align-center","13":"mobile-align-center","14":"ast-product-gallery-layout-horizontal-slider","15":"ast-product-single-variable","16":"ast-product-tabs-layout-horizontal","18":"first","19":"instock","20":"taxable","21":"shipping-taxable","22":"purchasable","23":"product-type-variable","24":"wvs-archive-product-wrapper"},"acf":[],"yoast_head":"<!-- This site is optimized with the Yoast SEO plugin v27.4 - https:\/\/yoast.com\/product\/yoast-seo-wordpress\/ -->\n<title>Lentille givr\u00e9e de 20&#039; pour extrusions encastr\u00e9es - Dals Lighting<\/title>\n<meta name=\"robots\" content=\"index, follow, max-snippet:-1, max-image-preview:large, max-video-preview:-1\" \/>\n<link rel=\"canonical\" href=\"https:\/\/dals.com\/fr\/produit\/lentille-givree-de-20-pour-extrusions-encastrees\/\" \/>\n<meta property=\"og:locale\" content=\"fr_FR\" \/>\n<meta property=\"og:type\" content=\"article\" \/>\n<meta property=\"og:title\" content=\"Lentille givr\u00e9e de 20&#039; pour extrusions encastr\u00e9es - Dals Lighting\" \/>\n<meta property=\"og:description\" content=\"Compl\u00e9tez votre installation d\u2019\u00e9clairage avec nos lentilles givr\u00e9es de 20 pieds, con\u00e7ues pour les extrusions encastr\u00e9es. Ces lentilles diffusent une lumi\u00e8re douce et uniforme, r\u00e9duisant l\u2019\u00e9blouissement pour un meilleur confort visuel.  Offertes en finis noir ou blanc, elles s\u2019int\u00e8grent harmonieusement \u00e0 tout type d\u2019espace r\u00e9sidentiel ou commercial.\" \/>\n<meta property=\"og:url\" content=\"https:\/\/dals.com\/fr\/produit\/lentille-givree-de-20-pour-extrusions-encastrees\/\" \/>\n<meta property=\"og:site_name\" content=\"Dals Lighting\" \/>\n<meta property=\"article:modified_time\" content=\"2025-11-03T20:51:04+00:00\" \/>\n<meta property=\"og:image\" content=\"https:\/\/dals.com\/wp-content\/uploads\/2025\/06\/cobtp-alxt-l5m-wh.jpg\" \/>\n\t<meta property=\"og:image:width\" content=\"2000\" \/>\n\t<meta property=\"og:image:height\" content=\"2000\" \/>\n\t<meta property=\"og:image:type\" content=\"image\/jpeg\" \/>\n<meta name=\"twitter:card\" content=\"summary_large_image\" \/>\n<meta name=\"twitter:label1\" content=\"Dur\u00e9e de lecture estim\u00e9e\" \/>\n\t<meta name=\"twitter:data1\" content=\"1 minute\" \/>\n<script type=\"application\/ld+json\" class=\"yoast-schema-graph\">{\"@context\":\"https:\\\/\\\/schema.org\",\"@graph\":[{\"@type\":\"WebPage\",\"@id\":\"https:\\\/\\\/dals.com\\\/fr\\\/produit\\\/lentille-givree-de-20-pour-extrusions-encastrees\\\/\",\"url\":\"https:\\\/\\\/dals.com\\\/fr\\\/produit\\\/lentille-givree-de-20-pour-extrusions-encastrees\\\/\",\"name\":\"Lentille givr\u00e9e de 20' pour extrusions encastr\u00e9es - Dals Lighting\",\"isPartOf\":{\"@id\":\"https:\\\/\\\/dalslit.tempurl.host\\\/#website\"},\"primaryImageOfPage\":{\"@id\":\"https:\\\/\\\/dals.com\\\/fr\\\/produit\\\/lentille-givree-de-20-pour-extrusions-encastrees\\\/#primaryimage\"},\"image\":{\"@id\":\"https:\\\/\\\/dals.com\\\/fr\\\/produit\\\/lentille-givree-de-20-pour-extrusions-encastrees\\\/#primaryimage\"},\"thumbnailUrl\":\"https:\\\/\\\/dals.com\\\/wp-content\\\/uploads\\\/2025\\\/06\\\/cobtp-alxt-l5m-wh.jpg\",\"datePublished\":\"2025-06-17T13:00:05+00:00\",\"dateModified\":\"2025-11-03T20:51:04+00:00\",\"breadcrumb\":{\"@id\":\"https:\\\/\\\/dals.com\\\/fr\\\/produit\\\/lentille-givree-de-20-pour-extrusions-encastrees\\\/#breadcrumb\"},\"inLanguage\":\"fr-FR\",\"potentialAction\":[{\"@type\":\"ReadAction\",\"target\":[\"https:\\\/\\\/dals.com\\\/fr\\\/produit\\\/lentille-givree-de-20-pour-extrusions-encastrees\\\/\"]}]},{\"@type\":\"ImageObject\",\"inLanguage\":\"fr-FR\",\"@id\":\"https:\\\/\\\/dals.com\\\/fr\\\/produit\\\/lentille-givree-de-20-pour-extrusions-encastrees\\\/#primaryimage\",\"url\":\"https:\\\/\\\/dals.com\\\/wp-content\\\/uploads\\\/2025\\\/06\\\/cobtp-alxt-l5m-wh.jpg\",\"contentUrl\":\"https:\\\/\\\/dals.com\\\/wp-content\\\/uploads\\\/2025\\\/06\\\/cobtp-alxt-l5m-wh.jpg\",\"width\":2000,\"height\":2000},{\"@type\":\"BreadcrumbList\",\"@id\":\"https:\\\/\\\/dals.com\\\/fr\\\/produit\\\/lentille-givree-de-20-pour-extrusions-encastrees\\\/#breadcrumb\",\"itemListElement\":[{\"@type\":\"ListItem\",\"position\":1,\"name\":\"Accueil\",\"item\":\"https:\\\/\\\/dals.com\\\/fr\\\/\"},{\"@type\":\"ListItem\",\"position\":2,\"name\":\"Produits\",\"item\":\"https:\\\/\\\/dalslit.tempurl.host\\\/fr\\\/?page_id=31878\"},{\"@type\":\"ListItem\",\"position\":3,\"name\":\"disponible\",\"item\":\"https:\\\/\\\/dals.com\\\/fr\\\/categorie-produit\\\/disponible\\\/\"},{\"@type\":\"ListItem\",\"position\":4,\"name\":\"Lentille givr\u00e9e de 20&#8242; pour extrusions encastr\u00e9es\"}]},{\"@type\":\"WebSite\",\"@id\":\"https:\\\/\\\/dalslit.tempurl.host\\\/#website\",\"url\":\"https:\\\/\\\/dalslit.tempurl.host\\\/\",\"name\":\"Dals Lighting\",\"description\":\"Manufacturer of designer lighting products\",\"publisher\":{\"@id\":\"https:\\\/\\\/dalslit.tempurl.host\\\/#organization\"},\"potentialAction\":[{\"@type\":\"SearchAction\",\"target\":{\"@type\":\"EntryPoint\",\"urlTemplate\":\"https:\\\/\\\/dalslit.tempurl.host\\\/?s={search_term_string}\"},\"query-input\":{\"@type\":\"PropertyValueSpecification\",\"valueRequired\":true,\"valueName\":\"search_term_string\"}}],\"inLanguage\":\"fr-FR\"},{\"@type\":\"Organization\",\"@id\":\"https:\\\/\\\/dalslit.tempurl.host\\\/#organization\",\"name\":\"Dals Lighting\",\"url\":\"https:\\\/\\\/dalslit.tempurl.host\\\/\",\"logo\":{\"@type\":\"ImageObject\",\"inLanguage\":\"fr-FR\",\"@id\":\"https:\\\/\\\/dalslit.tempurl.host\\\/#\\\/schema\\\/logo\\\/image\\\/\",\"url\":\"https:\\\/\\\/dals.com\\\/wp-content\\\/uploads\\\/2020\\\/01\\\/cropped-logo-dals.png\",\"contentUrl\":\"https:\\\/\\\/dals.com\\\/wp-content\\\/uploads\\\/2020\\\/01\\\/cropped-logo-dals.png\",\"width\":\"300\",\"height\":\"125\",\"caption\":\"Dals Lighting\"},\"image\":{\"@id\":\"https:\\\/\\\/dalslit.tempurl.host\\\/#\\\/schema\\\/logo\\\/image\\\/\"}}]}<\/script>\n<!-- \/ Yoast SEO plugin. -->","yoast_head_json":{"title":"Lentille givr\u00e9e de 20' pour extrusions encastr\u00e9es - Dals Lighting","robots":{"index":"index","follow":"follow","max-snippet":"max-snippet:-1","max-image-preview":"max-image-preview:large","max-video-preview":"max-video-preview:-1"},"canonical":"https:\/\/dals.com\/fr\/produit\/lentille-givree-de-20-pour-extrusions-encastrees\/","og_locale":"fr_FR","og_type":"article","og_title":"Lentille givr\u00e9e de 20' pour extrusions encastr\u00e9es - Dals Lighting","og_description":"Compl\u00e9tez votre installation d\u2019\u00e9clairage avec nos lentilles givr\u00e9es de 20 pieds, con\u00e7ues pour les extrusions encastr\u00e9es. Ces lentilles diffusent une lumi\u00e8re douce et uniforme, r\u00e9duisant l\u2019\u00e9blouissement pour un meilleur confort visuel.  Offertes en finis noir ou blanc, elles s\u2019int\u00e8grent harmonieusement \u00e0 tout type d\u2019espace r\u00e9sidentiel ou commercial.","og_url":"https:\/\/dals.com\/fr\/produit\/lentille-givree-de-20-pour-extrusions-encastrees\/","og_site_name":"Dals Lighting","article_modified_time":"2025-11-03T20:51:04+00:00","og_image":[{"width":2000,"height":2000,"url":"https:\/\/dals.com\/wp-content\/uploads\/2025\/06\/cobtp-alxt-l5m-wh.jpg","type":"image\/jpeg"}],"twitter_card":"summary_large_image","twitter_misc":{"Dur\u00e9e de lecture estim\u00e9e":"1 minute"},"schema":{"@context":"https:\/\/schema.org","@graph":[{"@type":"WebPage","@id":"https:\/\/dals.com\/fr\/produit\/lentille-givree-de-20-pour-extrusions-encastrees\/","url":"https:\/\/dals.com\/fr\/produit\/lentille-givree-de-20-pour-extrusions-encastrees\/","name":"Lentille givr\u00e9e de 20' pour extrusions encastr\u00e9es - Dals Lighting","isPartOf":{"@id":"https:\/\/dalslit.tempurl.host\/#website"},"primaryImageOfPage":{"@id":"https:\/\/dals.com\/fr\/produit\/lentille-givree-de-20-pour-extrusions-encastrees\/#primaryimage"},"image":{"@id":"https:\/\/dals.com\/fr\/produit\/lentille-givree-de-20-pour-extrusions-encastrees\/#primaryimage"},"thumbnailUrl":"https:\/\/dals.com\/wp-content\/uploads\/2025\/06\/cobtp-alxt-l5m-wh.jpg","datePublished":"2025-06-17T13:00:05+00:00","dateModified":"2025-11-03T20:51:04+00:00","breadcrumb":{"@id":"https:\/\/dals.com\/fr\/produit\/lentille-givree-de-20-pour-extrusions-encastrees\/#breadcrumb"},"inLanguage":"fr-FR","potentialAction":[{"@type":"ReadAction","target":["https:\/\/dals.com\/fr\/produit\/lentille-givree-de-20-pour-extrusions-encastrees\/"]}]},{"@type":"ImageObject","inLanguage":"fr-FR","@id":"https:\/\/dals.com\/fr\/produit\/lentille-givree-de-20-pour-extrusions-encastrees\/#primaryimage","url":"https:\/\/dals.com\/wp-content\/uploads\/2025\/06\/cobtp-alxt-l5m-wh.jpg","contentUrl":"https:\/\/dals.com\/wp-content\/uploads\/2025\/06\/cobtp-alxt-l5m-wh.jpg","width":2000,"height":2000},{"@type":"BreadcrumbList","@id":"https:\/\/dals.com\/fr\/produit\/lentille-givree-de-20-pour-extrusions-encastrees\/#breadcrumb","itemListElement":[{"@type":"ListItem","position":1,"name":"Accueil","item":"https:\/\/dals.com\/fr\/"},{"@type":"ListItem","position":2,"name":"Produits","item":"https:\/\/dalslit.tempurl.host\/fr\/?page_id=31878"},{"@type":"ListItem","position":3,"name":"disponible","item":"https:\/\/dals.com\/fr\/categorie-produit\/disponible\/"},{"@type":"ListItem","position":4,"name":"Lentille givr\u00e9e de 20&#8242; pour extrusions encastr\u00e9es"}]},{"@type":"WebSite","@id":"https:\/\/dalslit.tempurl.host\/#website","url":"https:\/\/dalslit.tempurl.host\/","name":"Dals Lighting","description":"Manufacturer of designer lighting products","publisher":{"@id":"https:\/\/dalslit.tempurl.host\/#organization"},"potentialAction":[{"@type":"SearchAction","target":{"@type":"EntryPoint","urlTemplate":"https:\/\/dalslit.tempurl.host\/?s={search_term_string}"},"query-input":{"@type":"PropertyValueSpecification","valueRequired":true,"valueName":"search_term_string"}}],"inLanguage":"fr-FR"},{"@type":"Organization","@id":"https:\/\/dalslit.tempurl.host\/#organization","name":"Dals Lighting","url":"https:\/\/dalslit.tempurl.host\/","logo":{"@type":"ImageObject","inLanguage":"fr-FR","@id":"https:\/\/dalslit.tempurl.host\/#\/schema\/logo\/image\/","url":"https:\/\/dals.com\/wp-content\/uploads\/2020\/01\/cropped-logo-dals.png","contentUrl":"https:\/\/dals.com\/wp-content\/uploads\/2020\/01\/cropped-logo-dals.png","width":"300","height":"125","caption":"Dals Lighting"},"image":{"@id":"https:\/\/dalslit.tempurl.host\/#\/schema\/logo\/image\/"}}]}},"_links":{"self":[{"href":"https:\/\/dals.com\/fr\/wp-json\/wp\/v2\/product\/80718","targetHints":{"allow":["GET"]}}],"collection":[{"href":"https:\/\/dals.com\/fr\/wp-json\/wp\/v2\/product"}],"about":[{"href":"https:\/\/dals.com\/fr\/wp-json\/wp\/v2\/types\/product"}],"wp:featuredmedia":[{"embeddable":true,"href":"https:\/\/dals.com\/fr\/wp-json\/wp\/v2\/media\/80239"}],"wp:attachment":[{"href":"https:\/\/dals.com\/fr\/wp-json\/wp\/v2\/media?parent=80718"}],"wp:term":[{"taxonomy":"product_brand","embeddable":true,"href":"https:\/\/dals.com\/fr\/wp-json\/wp\/v2\/product_brand?post=80718"},{"taxonomy":"product_cat","embeddable":true,"href":"https:\/\/dals.com\/fr\/wp-json\/wp\/v2\/product_cat?post=80718"},{"taxonomy":"product_tag","embeddable":true,"href":"https:\/\/dals.com\/fr\/wp-json\/wp\/v2\/product_tag?post=80718"}],"curies":[{"name":"wp","href":"https:\/\/api.w.org\/{rel}","templated":true}]}}