{"id":80701,"date":"2025-06-17T14:04:50","date_gmt":"2025-06-17T18:04:50","guid":{"rendered":"https:\/\/dals.com\/product\/60w-low-voltage-smart-magnetic-transformer\/"},"modified":"2025-12-01T15:47:10","modified_gmt":"2025-12-01T20:47:10","slug":"transformateur-intelligent-magnetique-basse-tension-de-60w","status":"publish","type":"product","link":"https:\/\/dals.com\/fr\/produit\/transformateur-intelligent-magnetique-basse-tension-de-60w\/","title":{"rendered":"Transformateur intelligent magn\u00e9tique basse tension de 60W"},"content":{"rendered":"\t\t<section class=\"elem-breadcrumbs elementor-element elementor-section-boxed elementor-section-height-default elementor-section-height-default elementor-section elementor-top-section\" data-element_type=\"section\" style=\"margin-bottom:30px\">\n\t<div class=\"elementor-container elementor-column-gap-default\">\n\t\t<div class=\"elementor-row\">\n\t\t\t<div class=\"elementor-element elementor-column elementor-col-100 elementor-top-column >\n\t\t\t\t<div class=\"elementor-column-wrap  elementor-element-populated\">\n\t\t\t\t\t<div class=\"elementor-widget-wrap\">\n\t\t\t\t\t\t<div class=\"elementor-element elementor-widget elementor-widget-breadcrumbs\" data-element_type=\"widget\" data-widget_type=\"breadcrumbs.default\">\n\t\t\t\t\t\t\t<div class=\"elementor-widget-container\">\n\t\t\t\t\t\t\t\t<span><span><a href=\"https:\/\/dals.com\/fr\/\">Accueil<\/a><\/span><\/span>\t\t\t\t\t\t\t<\/div>\n\t\t\t\t\t\t<\/div>\n\t\t\t\t\t<\/div>\n\t\t\t\t<\/div>\n\t\t\t<\/div>\n\t\t<\/div>\n\t<\/div>\n<\/section>\n\n<ul>\n<li>Entr\u00e9e de 120V CA, 50\/60Hz<\/li>\n<li>Sortie de 24V CC<\/li>\n<li>Bo\u00eete de jonction int\u00e9gr\u00e9e avec multiples trous de d\u00e9fon\u00e7age<\/li>\n<li>Disjoncteurs prot\u00e9geant \u00e0 la fois le transformateur et la charge DEL<\/li>\n<li>Bo\u00eetier en m\u00e9tal avec finition noire poudr\u00e9e<\/li>\n<li>Homologu\u00e9 pour les emplacements secs et mouill\u00e9s<\/li>\n<li>Transformateur magn\u00e9tique encapsul\u00e9 avec noyau EI<\/li>\n<li>Conception sans ventilateur avec refroidissement par convection naturelle<\/li>\n<li>Temp\u00e9rature de fonctionnement: de \u201320 \u00b0C \u00e0 70 \u00b0C<\/li>\n<li>Installation verticale avec trous de fixation (oeillets) sur le dessus<\/li>\n<li>Facteur de puissance : 0,9<\/li>\n<li>Classe thermique B (130 \u00b0C)<\/li>\n<li>Le transformateur intelligent ne peut pas \u00eatre allum\u00e9 ou \u00e9teint \u00e0 distance; il sert uniquement \u00e0 transmettre le signal aux luminaires intelligents.<\/li>\n<li>Compatible avec les appareils Dals Connect PRO<\/li>\n<\/ul>\n","protected":false},"excerpt":{"rendered":"<p>Con\u00e7u pour offrir fiabilit\u00e9 et performance intelligente, le transformateur magn\u00e9tique intelligent Core de 60\u202fW fournit une alimentation basse tension constante pour vos syst\u00e8mes d\u2019\u00e9clairage DEL, tout en permettant un contr\u00f4le intelligent complet. Avec une entr\u00e9e de 120V AC et une sortie de 24V DC, ce transformateur est id\u00e9al pour les applications r\u00e9sidentielles ou commerciales qui exigent puissance, protection et connectivit\u00e9.<\/p>\n<p>Sa bo\u00eete de jonction int\u00e9gr\u00e9 avec multiples embouts facilite l\u2019installation, tandis que ses disjoncteurs int\u00e9gr\u00e9s prot\u00e8gent \u00e0 la fois le transformateur et la charge DEL.<\/p>\n<p><em>Veuillez noter que le transformateur intelligent agit uniquement comme une passerelle pour contr\u00f4ler les luminaires Smart Bluetooth Mesh; le transformateur lui-m\u00eame n\u2019est pas contr\u00f4lable \u00e0 distance, seuls les luminaires le sont.<\/em><\/p>\n","protected":false},"featured_media":80475,"template":"","meta":{"_acf_changed":false,"site-sidebar-layout":"default","site-content-layout":"","ast-site-content-layout":"default","site-content-style":"default","site-sidebar-style":"default","ast-global-header-display":"","ast-banner-title-visibility":"","ast-main-header-display":"","ast-hfb-above-header-display":"","ast-hfb-below-header-display":"","ast-hfb-mobile-header-display":"","site-post-title":"","ast-breadcrumbs-content":"","ast-featured-img":"","footer-sml-layout":"","ast-disable-related-posts":"","theme-transparent-header-meta":"default","adv-header-id-meta":"","stick-header-meta":"default","header-above-stick-meta":"","header-main-stick-meta":"","header-below-stick-meta":"","astra-migrate-meta-layouts":"set","ast-page-background-enabled":"default","ast-page-background-meta":{"desktop":{"background-color":"","background-image":"","background-repeat":"repeat","background-position":"center center","background-size":"auto","background-attachment":"scroll","background-type":"","background-media":"","overlay-type":"","overlay-color":"","overlay-opacity":"","overlay-gradient":""},"tablet":{"background-color":"","background-image":"","background-repeat":"repeat","background-position":"center center","background-size":"auto","background-attachment":"scroll","background-type":"","background-media":"","overlay-type":"","overlay-color":"","overlay-opacity":"","overlay-gradient":""},"mobile":{"background-color":"","background-image":"","background-repeat":"repeat","background-position":"center center","background-size":"auto","background-attachment":"scroll","background-type":"","background-media":"","overlay-type":"","overlay-color":"","overlay-opacity":"","overlay-gradient":""}},"ast-content-background-meta":{"desktop":{"background-color":"var(--ast-global-color-5)","background-image":"","background-repeat":"repeat","background-position":"center center","background-size":"auto","background-attachment":"scroll","background-type":"","background-media":"","overlay-type":"","overlay-color":"","overlay-opacity":"","overlay-gradient":""},"tablet":{"background-color":"var(--ast-global-color-5)","background-image":"","background-repeat":"repeat","background-position":"center center","background-size":"auto","background-attachment":"scroll","background-type":"","background-media":"","overlay-type":"","overlay-color":"","overlay-opacity":"","overlay-gradient":""},"mobile":{"background-color":"var(--ast-global-color-5)","background-image":"","background-repeat":"repeat","background-position":"center center","background-size":"auto","background-attachment":"scroll","background-type":"","background-media":"","overlay-type":"","overlay-color":"","overlay-opacity":"","overlay-gradient":""}}},"product_brand":[],"product_cat":[84,2071,2058,75,1788,2055,2056],"product_tag":[],"class_list":{"0":"post-80701","1":"product","2":"type-product","3":"status-publish","4":"has-post-thumbnail","6":"product_cat-exterieur","7":"product_cat-exterieur-smart-home","8":"product_cat-intelligent","9":"product_cat-maison-intelligente","10":"product_cat-paysager","11":"product_cat-paysager-fr","12":"product_cat-transformateurs-accessoires-fr","13":"pa_finish-noir","14":"desktop-align-center","15":"tablet-align-center","16":"mobile-align-center","17":"ast-product-gallery-layout-horizontal-slider","18":"ast-product-tabs-layout-horizontal","20":"first","21":"instock","22":"taxable","23":"shipping-taxable","24":"purchasable","25":"product-type-simple"},"acf":[],"yoast_head":"<!-- This site is optimized with the Yoast SEO plugin v27.4 - https:\/\/yoast.com\/product\/yoast-seo-wordpress\/ -->\n<title>Transformateur intelligent magn\u00e9tique basse tension de 60W - Dals Lighting<\/title>\n<meta name=\"robots\" content=\"index, follow, max-snippet:-1, max-image-preview:large, max-video-preview:-1\" \/>\n<link rel=\"canonical\" href=\"https:\/\/dals.com\/fr\/produit\/transformateur-intelligent-magnetique-basse-tension-de-60w\/\" \/>\n<meta property=\"og:locale\" content=\"fr_FR\" \/>\n<meta property=\"og:type\" content=\"article\" \/>\n<meta property=\"og:title\" content=\"Transformateur intelligent magn\u00e9tique basse tension de 60W - Dals Lighting\" \/>\n<meta property=\"og:description\" content=\"Con\u00e7u pour offrir fiabilit\u00e9 et performance intelligente, le transformateur magn\u00e9tique intelligent Core de 60\u202fW fournit une alimentation basse tension constante pour vos syst\u00e8mes d\u2019\u00e9clairage DEL, tout en permettant un contr\u00f4le intelligent complet. Avec une entr\u00e9e de 120V AC et une sortie de 24V DC, ce transformateur est id\u00e9al pour les applications r\u00e9sidentielles ou commerciales qui exigent puissance, protection et connectivit\u00e9.  Sa bo\u00eete de jonction int\u00e9gr\u00e9 avec multiples embouts facilite l\u2019installation, tandis que ses disjoncteurs int\u00e9gr\u00e9s prot\u00e8gent \u00e0 la fois le transformateur et la charge DEL.  Veuillez noter que le transformateur intelligent agit uniquement comme une passerelle pour contr\u00f4ler les luminaires Smart Bluetooth Mesh; le transformateur lui-m\u00eame n\u2019est pas contr\u00f4lable \u00e0 distance, seuls les luminaires le sont.\" \/>\n<meta property=\"og:url\" content=\"https:\/\/dals.com\/fr\/produit\/transformateur-intelligent-magnetique-basse-tension-de-60w\/\" \/>\n<meta property=\"og:site_name\" content=\"Dals Lighting\" \/>\n<meta property=\"article:modified_time\" content=\"2025-12-01T20:47:10+00:00\" \/>\n<meta property=\"og:image\" content=\"https:\/\/dals.com\/wp-content\/uploads\/2026\/06\/dcp-mtr60-main-scaled.jpg\" \/>\n\t<meta property=\"og:image:width\" content=\"2560\" \/>\n\t<meta property=\"og:image:height\" content=\"2560\" \/>\n\t<meta property=\"og:image:type\" content=\"image\/jpeg\" \/>\n<meta name=\"twitter:card\" content=\"summary_large_image\" \/>\n<meta name=\"twitter:label1\" content=\"Dur\u00e9e de lecture estim\u00e9e\" \/>\n\t<meta name=\"twitter:data1\" content=\"1 minute\" \/>\n<script type=\"application\/ld+json\" class=\"yoast-schema-graph\">{\"@context\":\"https:\\\/\\\/schema.org\",\"@graph\":[{\"@type\":\"WebPage\",\"@id\":\"https:\\\/\\\/dals.com\\\/fr\\\/produit\\\/transformateur-intelligent-magnetique-basse-tension-de-60w\\\/\",\"url\":\"https:\\\/\\\/dals.com\\\/fr\\\/produit\\\/transformateur-intelligent-magnetique-basse-tension-de-60w\\\/\",\"name\":\"Transformateur intelligent magn\u00e9tique basse tension de 60W - Dals Lighting\",\"isPartOf\":{\"@id\":\"https:\\\/\\\/dalslit.tempurl.host\\\/#website\"},\"primaryImageOfPage\":{\"@id\":\"https:\\\/\\\/dals.com\\\/fr\\\/produit\\\/transformateur-intelligent-magnetique-basse-tension-de-60w\\\/#primaryimage\"},\"image\":{\"@id\":\"https:\\\/\\\/dals.com\\\/fr\\\/produit\\\/transformateur-intelligent-magnetique-basse-tension-de-60w\\\/#primaryimage\"},\"thumbnailUrl\":\"https:\\\/\\\/dals.com\\\/wp-content\\\/uploads\\\/2026\\\/06\\\/dcp-mtr60-main-scaled.jpg\",\"datePublished\":\"2025-06-17T18:04:50+00:00\",\"dateModified\":\"2025-12-01T20:47:10+00:00\",\"breadcrumb\":{\"@id\":\"https:\\\/\\\/dals.com\\\/fr\\\/produit\\\/transformateur-intelligent-magnetique-basse-tension-de-60w\\\/#breadcrumb\"},\"inLanguage\":\"fr-FR\",\"potentialAction\":[{\"@type\":\"ReadAction\",\"target\":[\"https:\\\/\\\/dals.com\\\/fr\\\/produit\\\/transformateur-intelligent-magnetique-basse-tension-de-60w\\\/\"]}]},{\"@type\":\"ImageObject\",\"inLanguage\":\"fr-FR\",\"@id\":\"https:\\\/\\\/dals.com\\\/fr\\\/produit\\\/transformateur-intelligent-magnetique-basse-tension-de-60w\\\/#primaryimage\",\"url\":\"https:\\\/\\\/dals.com\\\/wp-content\\\/uploads\\\/2026\\\/06\\\/dcp-mtr60-main-scaled.jpg\",\"contentUrl\":\"https:\\\/\\\/dals.com\\\/wp-content\\\/uploads\\\/2026\\\/06\\\/dcp-mtr60-main-scaled.jpg\",\"width\":2560,\"height\":2560},{\"@type\":\"BreadcrumbList\",\"@id\":\"https:\\\/\\\/dals.com\\\/fr\\\/produit\\\/transformateur-intelligent-magnetique-basse-tension-de-60w\\\/#breadcrumb\",\"itemListElement\":[{\"@type\":\"ListItem\",\"position\":1,\"name\":\"Accueil\",\"item\":\"https:\\\/\\\/dals.com\\\/fr\\\/\"},{\"@type\":\"ListItem\",\"position\":2,\"name\":\"Produits\",\"item\":\"https:\\\/\\\/dalslit.tempurl.host\\\/fr\\\/?page_id=31878\"},{\"@type\":\"ListItem\",\"position\":3,\"name\":\"Maison intelligente\",\"item\":\"https:\\\/\\\/dals.com\\\/fr\\\/categorie-produit\\\/maison-intelligente\\\/\"},{\"@type\":\"ListItem\",\"position\":4,\"name\":\"Ext\u00e9rieur\",\"item\":\"https:\\\/\\\/dals.com\\\/fr\\\/categorie-produit\\\/maison-intelligente\\\/exterieur-smart-home\\\/\"},{\"@type\":\"ListItem\",\"position\":5,\"name\":\"Transformateur intelligent magn\u00e9tique basse tension de 60W\"}]},{\"@type\":\"WebSite\",\"@id\":\"https:\\\/\\\/dalslit.tempurl.host\\\/#website\",\"url\":\"https:\\\/\\\/dalslit.tempurl.host\\\/\",\"name\":\"Dals Lighting\",\"description\":\"Manufacturer of designer lighting products\",\"publisher\":{\"@id\":\"https:\\\/\\\/dalslit.tempurl.host\\\/#organization\"},\"potentialAction\":[{\"@type\":\"SearchAction\",\"target\":{\"@type\":\"EntryPoint\",\"urlTemplate\":\"https:\\\/\\\/dalslit.tempurl.host\\\/?s={search_term_string}\"},\"query-input\":{\"@type\":\"PropertyValueSpecification\",\"valueRequired\":true,\"valueName\":\"search_term_string\"}}],\"inLanguage\":\"fr-FR\"},{\"@type\":\"Organization\",\"@id\":\"https:\\\/\\\/dalslit.tempurl.host\\\/#organization\",\"name\":\"Dals Lighting\",\"url\":\"https:\\\/\\\/dalslit.tempurl.host\\\/\",\"logo\":{\"@type\":\"ImageObject\",\"inLanguage\":\"fr-FR\",\"@id\":\"https:\\\/\\\/dalslit.tempurl.host\\\/#\\\/schema\\\/logo\\\/image\\\/\",\"url\":\"https:\\\/\\\/dals.com\\\/wp-content\\\/uploads\\\/2020\\\/01\\\/cropped-logo-dals.png\",\"contentUrl\":\"https:\\\/\\\/dals.com\\\/wp-content\\\/uploads\\\/2020\\\/01\\\/cropped-logo-dals.png\",\"width\":\"300\",\"height\":\"125\",\"caption\":\"Dals Lighting\"},\"image\":{\"@id\":\"https:\\\/\\\/dalslit.tempurl.host\\\/#\\\/schema\\\/logo\\\/image\\\/\"}}]}<\/script>\n<!-- \/ Yoast SEO plugin. -->","yoast_head_json":{"title":"Transformateur intelligent magn\u00e9tique basse tension de 60W - Dals Lighting","robots":{"index":"index","follow":"follow","max-snippet":"max-snippet:-1","max-image-preview":"max-image-preview:large","max-video-preview":"max-video-preview:-1"},"canonical":"https:\/\/dals.com\/fr\/produit\/transformateur-intelligent-magnetique-basse-tension-de-60w\/","og_locale":"fr_FR","og_type":"article","og_title":"Transformateur intelligent magn\u00e9tique basse tension de 60W - Dals Lighting","og_description":"Con\u00e7u pour offrir fiabilit\u00e9 et performance intelligente, le transformateur magn\u00e9tique intelligent Core de 60\u202fW fournit une alimentation basse tension constante pour vos syst\u00e8mes d\u2019\u00e9clairage DEL, tout en permettant un contr\u00f4le intelligent complet. Avec une entr\u00e9e de 120V AC et une sortie de 24V DC, ce transformateur est id\u00e9al pour les applications r\u00e9sidentielles ou commerciales qui exigent puissance, protection et connectivit\u00e9.  Sa bo\u00eete de jonction int\u00e9gr\u00e9 avec multiples embouts facilite l\u2019installation, tandis que ses disjoncteurs int\u00e9gr\u00e9s prot\u00e8gent \u00e0 la fois le transformateur et la charge DEL.  Veuillez noter que le transformateur intelligent agit uniquement comme une passerelle pour contr\u00f4ler les luminaires Smart Bluetooth Mesh; le transformateur lui-m\u00eame n\u2019est pas contr\u00f4lable \u00e0 distance, seuls les luminaires le sont.","og_url":"https:\/\/dals.com\/fr\/produit\/transformateur-intelligent-magnetique-basse-tension-de-60w\/","og_site_name":"Dals Lighting","article_modified_time":"2025-12-01T20:47:10+00:00","og_image":[{"width":2560,"height":2560,"url":"https:\/\/dals.com\/wp-content\/uploads\/2026\/06\/dcp-mtr60-main-scaled.jpg","type":"image\/jpeg"}],"twitter_card":"summary_large_image","twitter_misc":{"Dur\u00e9e de lecture estim\u00e9e":"1 minute"},"schema":{"@context":"https:\/\/schema.org","@graph":[{"@type":"WebPage","@id":"https:\/\/dals.com\/fr\/produit\/transformateur-intelligent-magnetique-basse-tension-de-60w\/","url":"https:\/\/dals.com\/fr\/produit\/transformateur-intelligent-magnetique-basse-tension-de-60w\/","name":"Transformateur intelligent magn\u00e9tique basse tension de 60W - Dals Lighting","isPartOf":{"@id":"https:\/\/dalslit.tempurl.host\/#website"},"primaryImageOfPage":{"@id":"https:\/\/dals.com\/fr\/produit\/transformateur-intelligent-magnetique-basse-tension-de-60w\/#primaryimage"},"image":{"@id":"https:\/\/dals.com\/fr\/produit\/transformateur-intelligent-magnetique-basse-tension-de-60w\/#primaryimage"},"thumbnailUrl":"https:\/\/dals.com\/wp-content\/uploads\/2026\/06\/dcp-mtr60-main-scaled.jpg","datePublished":"2025-06-17T18:04:50+00:00","dateModified":"2025-12-01T20:47:10+00:00","breadcrumb":{"@id":"https:\/\/dals.com\/fr\/produit\/transformateur-intelligent-magnetique-basse-tension-de-60w\/#breadcrumb"},"inLanguage":"fr-FR","potentialAction":[{"@type":"ReadAction","target":["https:\/\/dals.com\/fr\/produit\/transformateur-intelligent-magnetique-basse-tension-de-60w\/"]}]},{"@type":"ImageObject","inLanguage":"fr-FR","@id":"https:\/\/dals.com\/fr\/produit\/transformateur-intelligent-magnetique-basse-tension-de-60w\/#primaryimage","url":"https:\/\/dals.com\/wp-content\/uploads\/2026\/06\/dcp-mtr60-main-scaled.jpg","contentUrl":"https:\/\/dals.com\/wp-content\/uploads\/2026\/06\/dcp-mtr60-main-scaled.jpg","width":2560,"height":2560},{"@type":"BreadcrumbList","@id":"https:\/\/dals.com\/fr\/produit\/transformateur-intelligent-magnetique-basse-tension-de-60w\/#breadcrumb","itemListElement":[{"@type":"ListItem","position":1,"name":"Accueil","item":"https:\/\/dals.com\/fr\/"},{"@type":"ListItem","position":2,"name":"Produits","item":"https:\/\/dalslit.tempurl.host\/fr\/?page_id=31878"},{"@type":"ListItem","position":3,"name":"Maison intelligente","item":"https:\/\/dals.com\/fr\/categorie-produit\/maison-intelligente\/"},{"@type":"ListItem","position":4,"name":"Ext\u00e9rieur","item":"https:\/\/dals.com\/fr\/categorie-produit\/maison-intelligente\/exterieur-smart-home\/"},{"@type":"ListItem","position":5,"name":"Transformateur intelligent magn\u00e9tique basse tension de 60W"}]},{"@type":"WebSite","@id":"https:\/\/dalslit.tempurl.host\/#website","url":"https:\/\/dalslit.tempurl.host\/","name":"Dals Lighting","description":"Manufacturer of designer lighting products","publisher":{"@id":"https:\/\/dalslit.tempurl.host\/#organization"},"potentialAction":[{"@type":"SearchAction","target":{"@type":"EntryPoint","urlTemplate":"https:\/\/dalslit.tempurl.host\/?s={search_term_string}"},"query-input":{"@type":"PropertyValueSpecification","valueRequired":true,"valueName":"search_term_string"}}],"inLanguage":"fr-FR"},{"@type":"Organization","@id":"https:\/\/dalslit.tempurl.host\/#organization","name":"Dals Lighting","url":"https:\/\/dalslit.tempurl.host\/","logo":{"@type":"ImageObject","inLanguage":"fr-FR","@id":"https:\/\/dalslit.tempurl.host\/#\/schema\/logo\/image\/","url":"https:\/\/dals.com\/wp-content\/uploads\/2020\/01\/cropped-logo-dals.png","contentUrl":"https:\/\/dals.com\/wp-content\/uploads\/2020\/01\/cropped-logo-dals.png","width":"300","height":"125","caption":"Dals Lighting"},"image":{"@id":"https:\/\/dalslit.tempurl.host\/#\/schema\/logo\/image\/"}}]}},"_links":{"self":[{"href":"https:\/\/dals.com\/fr\/wp-json\/wp\/v2\/product\/80701","targetHints":{"allow":["GET"]}}],"collection":[{"href":"https:\/\/dals.com\/fr\/wp-json\/wp\/v2\/product"}],"about":[{"href":"https:\/\/dals.com\/fr\/wp-json\/wp\/v2\/types\/product"}],"wp:featuredmedia":[{"embeddable":true,"href":"https:\/\/dals.com\/fr\/wp-json\/wp\/v2\/media\/80475"}],"wp:attachment":[{"href":"https:\/\/dals.com\/fr\/wp-json\/wp\/v2\/media?parent=80701"}],"wp:term":[{"taxonomy":"product_brand","embeddable":true,"href":"https:\/\/dals.com\/fr\/wp-json\/wp\/v2\/product_brand?post=80701"},{"taxonomy":"product_cat","embeddable":true,"href":"https:\/\/dals.com\/fr\/wp-json\/wp\/v2\/product_cat?post=80701"},{"taxonomy":"product_tag","embeddable":true,"href":"https:\/\/dals.com\/fr\/wp-json\/wp\/v2\/product_tag?post=80701"}],"curies":[{"name":"wp","href":"https:\/\/api.w.org\/{rel}","templated":true}]}}