{"id":80687,"date":"2025-06-17T09:00:34","date_gmt":"2025-06-17T13:00:34","guid":{"rendered":"https:\/\/dals.com\/product\/20-2-in-1-flush-mount-and-pendant-unv\/"},"modified":"2026-03-12T11:38:49","modified_gmt":"2026-03-12T15:38:49","slug":"suspension-et-plafonnier-2-en-1-de-20","status":"publish","type":"product","link":"https:\/\/dals.com\/fr\/produit\/suspension-et-plafonnier-2-en-1-de-20\/","title":{"rendered":"Suspension et plafonnier 2-en-1 de 20&Prime;"},"content":{"rendered":"\t\t<section class=\"elem-breadcrumbs elementor-element elementor-section-boxed elementor-section-height-default elementor-section-height-default elementor-section elementor-top-section\" data-element_type=\"section\" style=\"margin-bottom:30px\">\n\t<div class=\"elementor-container elementor-column-gap-default\">\n\t\t<div class=\"elementor-row\">\n\t\t\t<div class=\"elementor-element elementor-column elementor-col-100 elementor-top-column >\n\t\t\t\t<div class=\"elementor-column-wrap  elementor-element-populated\">\n\t\t\t\t\t<div class=\"elementor-widget-wrap\">\n\t\t\t\t\t\t<div class=\"elementor-element elementor-widget elementor-widget-breadcrumbs\" data-element_type=\"widget\" data-widget_type=\"breadcrumbs.default\">\n\t\t\t\t\t\t\t<div class=\"elementor-widget-container\">\n\t\t\t\t\t\t\t\t<span><span><a href=\"https:\/\/dals.com\/fr\/\">Accueil<\/a><\/span><\/span>\t\t\t\t\t\t\t<\/div>\n\t\t\t\t\t\t<\/div>\n\t\t\t\t\t<\/div>\n\t\t\t\t<\/div>\n\t\t\t<\/div>\n\t\t<\/div>\n\t<\/div>\n<\/section>\n\n<ul>\n<li>Peut \u00eatre install\u00e9 comme une suspension ou un plafonnier<\/li>\n<li>Transformateur universel compatible avec une entr\u00e9e de 120V, 277V ou 347V, et une gradation TRIAC ou 0\u201310V<\/li>\n<li>Sa lentille interne en d\u00f4me unique dissimule la source lumineuse, offrant une lueur douce et progressive.<\/li>\n<li>Hauteur ajustable jusqu&rsquo;\u00e0 10&prime; gr\u00e2ce aux tiges \u00e0 connexion rapide (Inclus : 2x 4&Prime;, 2x 12&Prime; and 2x 24&Prime;)<\/li>\n<li>Temp\u00e9rature de couleur s\u00e9lectionnable par interrupteur<\/li>\n<li>Montage sur bo\u00eete de jonction octogonale de 4&Prime;<\/li>\n<li>Garantie de 5 ans<\/li>\n<\/ul>\n","protected":false},"excerpt":{"rendered":"<p>Le luminaire Napa allie un design intemporel \u00e0 une polyvalence moderne. Avec sa forme de d\u00f4me classique et sa lentille interne unique qui dissimule la source lumineuse, le Napa offre une lueur douce et progressive, sans \u00e9blouissement, id\u00e9ale autant pour les espaces r\u00e9sidentiels que commerciaux.<\/p>\n<p>Gr\u00e2ce \u00e0 son syst\u00e8me de connexion rapide en instance de brevet, l\u2019installation est des plus simples : aucun c\u00e2blage requis au niveau du luminaire. Il suffit de visser la tige de la longueur souhait\u00e9e directement dans le bo\u00eetier de plafond, et le tour est jou\u00e9. Ce luminaire peut \u00eatre install\u00e9 en suspension ou en plafonnier affleurant, offrant ainsi une flexibilit\u00e9 de design sans compromis sur la performance.<\/p>\n<p>\u00c9quip\u00e9 d\u2019un transformateur \u00e0 tension universelle compatible avec des entr\u00e9es de 120V, 277V et 347V, le Napa fonctionne avec des gradateurs TRIAC ou 0\u201310V. Sa temp\u00e9rature de couleur s\u00e9lectionnable par interrupteur permet d\u2019adapter facilement l\u2019ambiance lumineuse, tandis que sa hauteur r\u00e9glable jusqu\u2019\u00e0 6 pi 8 po assure une adaptabilit\u00e9 maximale \u00e0 tous les espaces.<\/p>\n","protected":false},"featured_media":73178,"template":"","meta":{"_acf_changed":false,"site-sidebar-layout":"default","site-content-layout":"","ast-site-content-layout":"default","site-content-style":"default","site-sidebar-style":"default","ast-global-header-display":"","ast-banner-title-visibility":"","ast-main-header-display":"","ast-hfb-above-header-display":"","ast-hfb-below-header-display":"","ast-hfb-mobile-header-display":"","site-post-title":"","ast-breadcrumbs-content":"","ast-featured-img":"","footer-sml-layout":"","ast-disable-related-posts":"","theme-transparent-header-meta":"default","adv-header-id-meta":"","stick-header-meta":"default","header-above-stick-meta":"","header-main-stick-meta":"","header-below-stick-meta":"","astra-migrate-meta-layouts":"set","ast-page-background-enabled":"default","ast-page-background-meta":{"desktop":{"background-color":"","background-image":"","background-repeat":"repeat","background-position":"center center","background-size":"auto","background-attachment":"scroll","background-type":"","background-media":"","overlay-type":"","overlay-color":"","overlay-opacity":"","overlay-gradient":""},"tablet":{"background-color":"","background-image":"","background-repeat":"repeat","background-position":"center center","background-size":"auto","background-attachment":"scroll","background-type":"","background-media":"","overlay-type":"","overlay-color":"","overlay-opacity":"","overlay-gradient":""},"mobile":{"background-color":"","background-image":"","background-repeat":"repeat","background-position":"center center","background-size":"auto","background-attachment":"scroll","background-type":"","background-media":"","overlay-type":"","overlay-color":"","overlay-opacity":"","overlay-gradient":""}},"ast-content-background-meta":{"desktop":{"background-color":"var(--ast-global-color-5)","background-image":"","background-repeat":"repeat","background-position":"center center","background-size":"auto","background-attachment":"scroll","background-type":"","background-media":"","overlay-type":"","overlay-color":"","overlay-opacity":"","overlay-gradient":""},"tablet":{"background-color":"var(--ast-global-color-5)","background-image":"","background-repeat":"repeat","background-position":"center center","background-size":"auto","background-attachment":"scroll","background-type":"","background-media":"","overlay-type":"","overlay-color":"","overlay-opacity":"","overlay-gradient":""},"mobile":{"background-color":"var(--ast-global-color-5)","background-image":"","background-repeat":"repeat","background-position":"center center","background-size":"auto","background-attachment":"scroll","background-type":"","background-media":"","overlay-type":"","overlay-color":"","overlay-opacity":"","overlay-gradient":""}}},"product_brand":[],"product_cat":[2048,2050,2049],"product_tag":[],"class_list":{"0":"post-80687","1":"product","2":"type-product","3":"status-publish","4":"has-post-thumbnail","6":"product_cat-interieur","7":"product_cat-plafonniers-fr","8":"product_cat-suspendus-fr","9":"pa_finish-blanc","10":"pa_finish-noir","11":"desktop-align-center","12":"tablet-align-center","13":"mobile-align-center","14":"ast-product-gallery-layout-horizontal-slider","15":"ast-product-single-variable","16":"ast-product-tabs-layout-horizontal","18":"first","19":"instock","20":"taxable","21":"shipping-taxable","22":"purchasable","23":"product-type-variable","24":"wvs-archive-product-wrapper"},"acf":[],"yoast_head":"<!-- This site is optimized with the Yoast SEO plugin v27.5 - https:\/\/yoast.com\/product\/yoast-seo-wordpress\/ -->\n<title>Suspension et plafonnier 2-en-1 de 20&quot; - Dals Lighting<\/title>\n<meta name=\"robots\" content=\"index, follow, max-snippet:-1, max-image-preview:large, max-video-preview:-1\" \/>\n<link rel=\"canonical\" href=\"https:\/\/dals.com\/fr\/produit\/suspension-et-plafonnier-2-en-1-de-20\/\" \/>\n<meta property=\"og:locale\" content=\"fr_FR\" \/>\n<meta property=\"og:type\" content=\"article\" \/>\n<meta property=\"og:title\" content=\"Suspension et plafonnier 2-en-1 de 20&quot; - Dals Lighting\" \/>\n<meta property=\"og:description\" content=\"Le luminaire Napa allie un design intemporel \u00e0 une polyvalence moderne. Avec sa forme de d\u00f4me classique et sa lentille interne unique qui dissimule la source lumineuse, le Napa offre une lueur douce et progressive, sans \u00e9blouissement, id\u00e9ale autant pour les espaces r\u00e9sidentiels que commerciaux.  Gr\u00e2ce \u00e0 son syst\u00e8me de connexion rapide en instance de brevet, l\u2019installation est des plus simples : aucun c\u00e2blage requis au niveau du luminaire. Il suffit de visser la tige de la longueur souhait\u00e9e directement dans le bo\u00eetier de plafond, et le tour est jou\u00e9. Ce luminaire peut \u00eatre install\u00e9 en suspension ou en plafonnier affleurant, offrant ainsi une flexibilit\u00e9 de design sans compromis sur la performance.  \u00c9quip\u00e9 d\u2019un transformateur \u00e0 tension universelle compatible avec des entr\u00e9es de 120V, 277V et 347V, le Napa fonctionne avec des gradateurs TRIAC ou 0\u201310V. Sa temp\u00e9rature de couleur s\u00e9lectionnable par interrupteur permet d\u2019adapter facilement l\u2019ambiance lumineuse, tandis que sa hauteur r\u00e9glable jusqu\u2019\u00e0 6 pi 8 po assure une adaptabilit\u00e9 maximale \u00e0 tous les espaces.\" \/>\n<meta property=\"og:url\" content=\"https:\/\/dals.com\/fr\/produit\/suspension-et-plafonnier-2-en-1-de-20\/\" \/>\n<meta property=\"og:site_name\" content=\"Dals Lighting\" \/>\n<meta property=\"article:modified_time\" content=\"2026-03-12T15:38:49+00:00\" \/>\n<meta property=\"og:image\" content=\"https:\/\/dals.com\/wp-content\/uploads\/2025\/01\/napa-2-in-1.png\" \/>\n\t<meta property=\"og:image:width\" content=\"3375\" \/>\n\t<meta property=\"og:image:height\" content=\"3375\" \/>\n\t<meta property=\"og:image:type\" content=\"image\/png\" \/>\n<meta name=\"twitter:card\" content=\"summary_large_image\" \/>\n<meta name=\"twitter:label1\" content=\"Dur\u00e9e de lecture estim\u00e9e\" \/>\n\t<meta name=\"twitter:data1\" content=\"1 minute\" \/>\n<script type=\"application\/ld+json\" class=\"yoast-schema-graph\">{\"@context\":\"https:\\\/\\\/schema.org\",\"@graph\":[{\"@type\":\"WebPage\",\"@id\":\"https:\\\/\\\/dals.com\\\/fr\\\/produit\\\/suspension-et-plafonnier-2-en-1-de-20\\\/\",\"url\":\"https:\\\/\\\/dals.com\\\/fr\\\/produit\\\/suspension-et-plafonnier-2-en-1-de-20\\\/\",\"name\":\"Suspension et plafonnier 2-en-1 de 20\\\" - Dals Lighting\",\"isPartOf\":{\"@id\":\"https:\\\/\\\/dalslit.tempurl.host\\\/#website\"},\"primaryImageOfPage\":{\"@id\":\"https:\\\/\\\/dals.com\\\/fr\\\/produit\\\/suspension-et-plafonnier-2-en-1-de-20\\\/#primaryimage\"},\"image\":{\"@id\":\"https:\\\/\\\/dals.com\\\/fr\\\/produit\\\/suspension-et-plafonnier-2-en-1-de-20\\\/#primaryimage\"},\"thumbnailUrl\":\"https:\\\/\\\/dals.com\\\/wp-content\\\/uploads\\\/2025\\\/01\\\/napa-2-in-1.png\",\"datePublished\":\"2025-06-17T13:00:34+00:00\",\"dateModified\":\"2026-03-12T15:38:49+00:00\",\"breadcrumb\":{\"@id\":\"https:\\\/\\\/dals.com\\\/fr\\\/produit\\\/suspension-et-plafonnier-2-en-1-de-20\\\/#breadcrumb\"},\"inLanguage\":\"fr-FR\",\"potentialAction\":[{\"@type\":\"ReadAction\",\"target\":[\"https:\\\/\\\/dals.com\\\/fr\\\/produit\\\/suspension-et-plafonnier-2-en-1-de-20\\\/\"]}]},{\"@type\":\"ImageObject\",\"inLanguage\":\"fr-FR\",\"@id\":\"https:\\\/\\\/dals.com\\\/fr\\\/produit\\\/suspension-et-plafonnier-2-en-1-de-20\\\/#primaryimage\",\"url\":\"https:\\\/\\\/dals.com\\\/wp-content\\\/uploads\\\/2025\\\/01\\\/napa-2-in-1.png\",\"contentUrl\":\"https:\\\/\\\/dals.com\\\/wp-content\\\/uploads\\\/2025\\\/01\\\/napa-2-in-1.png\",\"width\":3375,\"height\":3375},{\"@type\":\"BreadcrumbList\",\"@id\":\"https:\\\/\\\/dals.com\\\/fr\\\/produit\\\/suspension-et-plafonnier-2-en-1-de-20\\\/#breadcrumb\",\"itemListElement\":[{\"@type\":\"ListItem\",\"position\":1,\"name\":\"Accueil\",\"item\":\"https:\\\/\\\/dals.com\\\/fr\\\/\"},{\"@type\":\"ListItem\",\"position\":2,\"name\":\"Produits\",\"item\":\"https:\\\/\\\/dalslit.tempurl.host\\\/fr\\\/?page_id=31878\"},{\"@type\":\"ListItem\",\"position\":3,\"name\":\"Int\u00e9rieur\",\"item\":\"https:\\\/\\\/dals.com\\\/fr\\\/categorie-produit\\\/interieur\\\/\"},{\"@type\":\"ListItem\",\"position\":4,\"name\":\"Suspension et plafonnier 2-en-1 de 20&#8243;\"}]},{\"@type\":\"WebSite\",\"@id\":\"https:\\\/\\\/dalslit.tempurl.host\\\/#website\",\"url\":\"https:\\\/\\\/dalslit.tempurl.host\\\/\",\"name\":\"Dals Lighting\",\"description\":\"Manufacturer of designer lighting products\",\"publisher\":{\"@id\":\"https:\\\/\\\/dalslit.tempurl.host\\\/#organization\"},\"potentialAction\":[{\"@type\":\"SearchAction\",\"target\":{\"@type\":\"EntryPoint\",\"urlTemplate\":\"https:\\\/\\\/dalslit.tempurl.host\\\/?s={search_term_string}\"},\"query-input\":{\"@type\":\"PropertyValueSpecification\",\"valueRequired\":true,\"valueName\":\"search_term_string\"}}],\"inLanguage\":\"fr-FR\"},{\"@type\":\"Organization\",\"@id\":\"https:\\\/\\\/dalslit.tempurl.host\\\/#organization\",\"name\":\"Dals Lighting\",\"url\":\"https:\\\/\\\/dalslit.tempurl.host\\\/\",\"logo\":{\"@type\":\"ImageObject\",\"inLanguage\":\"fr-FR\",\"@id\":\"https:\\\/\\\/dalslit.tempurl.host\\\/#\\\/schema\\\/logo\\\/image\\\/\",\"url\":\"https:\\\/\\\/dals.com\\\/wp-content\\\/uploads\\\/2020\\\/01\\\/cropped-logo-dals.png\",\"contentUrl\":\"https:\\\/\\\/dals.com\\\/wp-content\\\/uploads\\\/2020\\\/01\\\/cropped-logo-dals.png\",\"width\":\"300\",\"height\":\"125\",\"caption\":\"Dals Lighting\"},\"image\":{\"@id\":\"https:\\\/\\\/dalslit.tempurl.host\\\/#\\\/schema\\\/logo\\\/image\\\/\"}}]}<\/script>\n<!-- \/ Yoast SEO plugin. -->","yoast_head_json":{"title":"Suspension et plafonnier 2-en-1 de 20\" - Dals Lighting","robots":{"index":"index","follow":"follow","max-snippet":"max-snippet:-1","max-image-preview":"max-image-preview:large","max-video-preview":"max-video-preview:-1"},"canonical":"https:\/\/dals.com\/fr\/produit\/suspension-et-plafonnier-2-en-1-de-20\/","og_locale":"fr_FR","og_type":"article","og_title":"Suspension et plafonnier 2-en-1 de 20\" - Dals Lighting","og_description":"Le luminaire Napa allie un design intemporel \u00e0 une polyvalence moderne. Avec sa forme de d\u00f4me classique et sa lentille interne unique qui dissimule la source lumineuse, le Napa offre une lueur douce et progressive, sans \u00e9blouissement, id\u00e9ale autant pour les espaces r\u00e9sidentiels que commerciaux.  Gr\u00e2ce \u00e0 son syst\u00e8me de connexion rapide en instance de brevet, l\u2019installation est des plus simples : aucun c\u00e2blage requis au niveau du luminaire. Il suffit de visser la tige de la longueur souhait\u00e9e directement dans le bo\u00eetier de plafond, et le tour est jou\u00e9. Ce luminaire peut \u00eatre install\u00e9 en suspension ou en plafonnier affleurant, offrant ainsi une flexibilit\u00e9 de design sans compromis sur la performance.  \u00c9quip\u00e9 d\u2019un transformateur \u00e0 tension universelle compatible avec des entr\u00e9es de 120V, 277V et 347V, le Napa fonctionne avec des gradateurs TRIAC ou 0\u201310V. Sa temp\u00e9rature de couleur s\u00e9lectionnable par interrupteur permet d\u2019adapter facilement l\u2019ambiance lumineuse, tandis que sa hauteur r\u00e9glable jusqu\u2019\u00e0 6 pi 8 po assure une adaptabilit\u00e9 maximale \u00e0 tous les espaces.","og_url":"https:\/\/dals.com\/fr\/produit\/suspension-et-plafonnier-2-en-1-de-20\/","og_site_name":"Dals Lighting","article_modified_time":"2026-03-12T15:38:49+00:00","og_image":[{"width":3375,"height":3375,"url":"https:\/\/dals.com\/wp-content\/uploads\/2025\/01\/napa-2-in-1.png","type":"image\/png"}],"twitter_card":"summary_large_image","twitter_misc":{"Dur\u00e9e de lecture estim\u00e9e":"1 minute"},"schema":{"@context":"https:\/\/schema.org","@graph":[{"@type":"WebPage","@id":"https:\/\/dals.com\/fr\/produit\/suspension-et-plafonnier-2-en-1-de-20\/","url":"https:\/\/dals.com\/fr\/produit\/suspension-et-plafonnier-2-en-1-de-20\/","name":"Suspension et plafonnier 2-en-1 de 20\" - Dals Lighting","isPartOf":{"@id":"https:\/\/dalslit.tempurl.host\/#website"},"primaryImageOfPage":{"@id":"https:\/\/dals.com\/fr\/produit\/suspension-et-plafonnier-2-en-1-de-20\/#primaryimage"},"image":{"@id":"https:\/\/dals.com\/fr\/produit\/suspension-et-plafonnier-2-en-1-de-20\/#primaryimage"},"thumbnailUrl":"https:\/\/dals.com\/wp-content\/uploads\/2025\/01\/napa-2-in-1.png","datePublished":"2025-06-17T13:00:34+00:00","dateModified":"2026-03-12T15:38:49+00:00","breadcrumb":{"@id":"https:\/\/dals.com\/fr\/produit\/suspension-et-plafonnier-2-en-1-de-20\/#breadcrumb"},"inLanguage":"fr-FR","potentialAction":[{"@type":"ReadAction","target":["https:\/\/dals.com\/fr\/produit\/suspension-et-plafonnier-2-en-1-de-20\/"]}]},{"@type":"ImageObject","inLanguage":"fr-FR","@id":"https:\/\/dals.com\/fr\/produit\/suspension-et-plafonnier-2-en-1-de-20\/#primaryimage","url":"https:\/\/dals.com\/wp-content\/uploads\/2025\/01\/napa-2-in-1.png","contentUrl":"https:\/\/dals.com\/wp-content\/uploads\/2025\/01\/napa-2-in-1.png","width":3375,"height":3375},{"@type":"BreadcrumbList","@id":"https:\/\/dals.com\/fr\/produit\/suspension-et-plafonnier-2-en-1-de-20\/#breadcrumb","itemListElement":[{"@type":"ListItem","position":1,"name":"Accueil","item":"https:\/\/dals.com\/fr\/"},{"@type":"ListItem","position":2,"name":"Produits","item":"https:\/\/dalslit.tempurl.host\/fr\/?page_id=31878"},{"@type":"ListItem","position":3,"name":"Int\u00e9rieur","item":"https:\/\/dals.com\/fr\/categorie-produit\/interieur\/"},{"@type":"ListItem","position":4,"name":"Suspension et plafonnier 2-en-1 de 20&#8243;"}]},{"@type":"WebSite","@id":"https:\/\/dalslit.tempurl.host\/#website","url":"https:\/\/dalslit.tempurl.host\/","name":"Dals Lighting","description":"Manufacturer of designer lighting products","publisher":{"@id":"https:\/\/dalslit.tempurl.host\/#organization"},"potentialAction":[{"@type":"SearchAction","target":{"@type":"EntryPoint","urlTemplate":"https:\/\/dalslit.tempurl.host\/?s={search_term_string}"},"query-input":{"@type":"PropertyValueSpecification","valueRequired":true,"valueName":"search_term_string"}}],"inLanguage":"fr-FR"},{"@type":"Organization","@id":"https:\/\/dalslit.tempurl.host\/#organization","name":"Dals Lighting","url":"https:\/\/dalslit.tempurl.host\/","logo":{"@type":"ImageObject","inLanguage":"fr-FR","@id":"https:\/\/dalslit.tempurl.host\/#\/schema\/logo\/image\/","url":"https:\/\/dals.com\/wp-content\/uploads\/2020\/01\/cropped-logo-dals.png","contentUrl":"https:\/\/dals.com\/wp-content\/uploads\/2020\/01\/cropped-logo-dals.png","width":"300","height":"125","caption":"Dals Lighting"},"image":{"@id":"https:\/\/dalslit.tempurl.host\/#\/schema\/logo\/image\/"}}]}},"_links":{"self":[{"href":"https:\/\/dals.com\/fr\/wp-json\/wp\/v2\/product\/80687","targetHints":{"allow":["GET"]}}],"collection":[{"href":"https:\/\/dals.com\/fr\/wp-json\/wp\/v2\/product"}],"about":[{"href":"https:\/\/dals.com\/fr\/wp-json\/wp\/v2\/types\/product"}],"wp:featuredmedia":[{"embeddable":true,"href":"https:\/\/dals.com\/fr\/wp-json\/wp\/v2\/media\/73178"}],"wp:attachment":[{"href":"https:\/\/dals.com\/fr\/wp-json\/wp\/v2\/media?parent=80687"}],"wp:term":[{"taxonomy":"product_brand","embeddable":true,"href":"https:\/\/dals.com\/fr\/wp-json\/wp\/v2\/product_brand?post=80687"},{"taxonomy":"product_cat","embeddable":true,"href":"https:\/\/dals.com\/fr\/wp-json\/wp\/v2\/product_cat?post=80687"},{"taxonomy":"product_tag","embeddable":true,"href":"https:\/\/dals.com\/fr\/wp-json\/wp\/v2\/product_tag?post=80687"}],"curies":[{"name":"wp","href":"https:\/\/api.w.org\/{rel}","templated":true}]}}