{"id":80638,"date":"2025-06-17T09:00:27","date_gmt":"2025-06-17T13:00:27","guid":{"rendered":"https:\/\/dals.com\/product\/12-smart-hardscape\/"},"modified":"2026-03-24T13:49:47","modified_gmt":"2026-03-24T17:49:47","slug":"12-smart-hardscape","status":"publish","type":"product","link":"https:\/\/dals.com\/fr\/produit\/12-smart-hardscape\/","title":{"rendered":"Lin\u00e9aire 12&Prime; intelligent"},"content":{"rendered":"\t\t<section class=\"elem-breadcrumbs elementor-element elementor-section-boxed elementor-section-height-default elementor-section-height-default elementor-section elementor-top-section\" data-element_type=\"section\" style=\"margin-bottom:30px\">\n\t<div class=\"elementor-container elementor-column-gap-default\">\n\t\t<div class=\"elementor-row\">\n\t\t\t<div class=\"elementor-element elementor-column elementor-col-100 elementor-top-column >\n\t\t\t\t<div class=\"elementor-column-wrap  elementor-element-populated\">\n\t\t\t\t\t<div class=\"elementor-widget-wrap\">\n\t\t\t\t\t\t<div class=\"elementor-element elementor-widget elementor-widget-breadcrumbs\" data-element_type=\"widget\" data-widget_type=\"breadcrumbs.default\">\n\t\t\t\t\t\t\t<div class=\"elementor-widget-container\">\n\t\t\t\t\t\t\t\t<span><span><a href=\"https:\/\/dals.com\/fr\/\">Accueil<\/a><\/span><\/span>\t\t\t\t\t\t\t<\/div>\n\t\t\t\t\t\t<\/div>\n\t\t\t\t\t<\/div>\n\t\t\t\t<\/div>\n\t\t\t<\/div>\n\t\t<\/div>\n\t<\/div>\n<\/section>\n\n<ul>\n<li>Design orientable ajustable<\/li>\n<li>Certifi\u00e9 IP65<\/li>\n<li>Spectre complet de couleurs, blancs purs de 2200K \u00e0 4000K<\/li>\n<li>Peut \u00eatre encastr\u00e9 ou mont\u00e9 en surface<\/li>\n<li>Peut \u00eatre install\u00e9 sur bois ou b\u00e9ton<\/li>\n<li>Angle de faisceau de 95\u00b0<\/li>\n<li>Intensit\u00e9 r\u00e9glable via l\u2019application Dals Connect et la t\u00e9l\u00e9commande Clicc (DCP-RMCT)<\/li>\n<li>Garantie de 5 ans<\/li>\n<\/ul>\n","protected":false},"excerpt":{"rendered":"<p>Rehaussez l\u2019ambiance de vos espaces ext\u00e9rieurs avec le Contour Pro, une solution d\u2019\u00e9clairage compacte et \u00e9l\u00e9gante con\u00e7ue pour s\u2019int\u00e9grer parfaitement aux \u00e9l\u00e9ments de ma\u00e7onnerie comme les murs, les marches et les terrasses. Malgr\u00e9 son format discret, le Contour Pro offre une puissante luminosit\u00e9, id\u00e9ale pour les espaces de petite \u00e0 moyenne taille. Qu\u2019il soit encastr\u00e9 ou mont\u00e9 en surface, il s\u2019adapte ais\u00e9ment \u00e0 vos besoins d\u2019installation. Son design orientable permet de diriger la lumi\u00e8re avec pr\u00e9cision, am\u00e9liorant \u00e0 la fois la fonctionnalit\u00e9 et l\u2019impact visuel de votre am\u00e9nagement paysager.<\/p>\n<p>Personnalisez facilement votre \u00e9clairage gr\u00e2ce aux commandes int\u00e9gr\u00e9es : appuyez une fois pour faire d\u00e9filer les temp\u00e9ratures de blanc (de 2200K chaud \u00e0 4000K net), ou double-cliquez pour d\u00e9couvrir 7 couleurs vibrantes. Pour un contr\u00f4le avanc\u00e9 et une gradation fluide, connectez-vous \u00e0 l\u2019aide de l\u2019application Dals Connect ou utilisez la t\u00e9l\u00e9commande Clicc.<\/p>\n","protected":false},"featured_media":80071,"template":"","meta":{"_acf_changed":false,"site-sidebar-layout":"default","site-content-layout":"","ast-site-content-layout":"default","site-content-style":"default","site-sidebar-style":"default","ast-global-header-display":"","ast-banner-title-visibility":"","ast-main-header-display":"","ast-hfb-above-header-display":"","ast-hfb-below-header-display":"","ast-hfb-mobile-header-display":"","site-post-title":"","ast-breadcrumbs-content":"","ast-featured-img":"","footer-sml-layout":"","ast-disable-related-posts":"","theme-transparent-header-meta":"default","adv-header-id-meta":"","stick-header-meta":"default","header-above-stick-meta":"","header-main-stick-meta":"","header-below-stick-meta":"","astra-migrate-meta-layouts":"set","ast-page-background-enabled":"default","ast-page-background-meta":{"desktop":{"background-color":"","background-image":"","background-repeat":"repeat","background-position":"center center","background-size":"auto","background-attachment":"scroll","background-type":"","background-media":"","overlay-type":"","overlay-color":"","overlay-opacity":"","overlay-gradient":""},"tablet":{"background-color":"","background-image":"","background-repeat":"repeat","background-position":"center center","background-size":"auto","background-attachment":"scroll","background-type":"","background-media":"","overlay-type":"","overlay-color":"","overlay-opacity":"","overlay-gradient":""},"mobile":{"background-color":"","background-image":"","background-repeat":"repeat","background-position":"center center","background-size":"auto","background-attachment":"scroll","background-type":"","background-media":"","overlay-type":"","overlay-color":"","overlay-opacity":"","overlay-gradient":""}},"ast-content-background-meta":{"desktop":{"background-color":"var(--ast-global-color-5)","background-image":"","background-repeat":"repeat","background-position":"center center","background-size":"auto","background-attachment":"scroll","background-type":"","background-media":"","overlay-type":"","overlay-color":"","overlay-opacity":"","overlay-gradient":""},"tablet":{"background-color":"var(--ast-global-color-5)","background-image":"","background-repeat":"repeat","background-position":"center center","background-size":"auto","background-attachment":"scroll","background-type":"","background-media":"","overlay-type":"","overlay-color":"","overlay-opacity":"","overlay-gradient":""},"mobile":{"background-color":"var(--ast-global-color-5)","background-image":"","background-repeat":"repeat","background-position":"center center","background-size":"auto","background-attachment":"scroll","background-type":"","background-media":"","overlay-type":"","overlay-color":"","overlay-opacity":"","overlay-gradient":""}}},"product_brand":[],"product_cat":[2071,2058,2063,75,2055],"product_tag":[],"class_list":{"0":"post-80638","1":"product","2":"type-product","3":"status-publish","4":"has-post-thumbnail","6":"product_cat-exterieur-smart-home","7":"product_cat-intelligent","8":"product_cat-luminaires-muraux","9":"product_cat-maison-intelligente","10":"product_cat-paysager-fr","11":"pa_finish-noir","12":"desktop-align-center","13":"tablet-align-center","14":"mobile-align-center","15":"ast-product-gallery-layout-horizontal-slider","16":"ast-product-single-variable","17":"ast-product-tabs-layout-horizontal","19":"first","20":"instock","21":"taxable","22":"shipping-taxable","23":"purchasable","24":"product-type-variable","25":"wvs-archive-product-wrapper"},"acf":[],"yoast_head":"<!-- This site is optimized with the Yoast SEO plugin v27.4 - https:\/\/yoast.com\/product\/yoast-seo-wordpress\/ -->\n<title>Lin\u00e9aire 12&quot; intelligent - Dals Lighting<\/title>\n<meta name=\"robots\" content=\"index, follow, max-snippet:-1, max-image-preview:large, max-video-preview:-1\" \/>\n<link rel=\"canonical\" href=\"https:\/\/dals.com\/fr\/produit\/12-smart-hardscape\/\" \/>\n<meta property=\"og:locale\" content=\"fr_FR\" \/>\n<meta property=\"og:type\" content=\"article\" \/>\n<meta property=\"og:title\" content=\"Lin\u00e9aire 12&quot; intelligent - Dals Lighting\" \/>\n<meta property=\"og:description\" content=\"Rehaussez l\u2019ambiance de vos espaces ext\u00e9rieurs avec le Contour Pro, une solution d\u2019\u00e9clairage compacte et \u00e9l\u00e9gante con\u00e7ue pour s\u2019int\u00e9grer parfaitement aux \u00e9l\u00e9ments de ma\u00e7onnerie comme les murs, les marches et les terrasses. Malgr\u00e9 son format discret, le Contour Pro offre une puissante luminosit\u00e9, id\u00e9ale pour les espaces de petite \u00e0 moyenne taille. Qu\u2019il soit encastr\u00e9 ou mont\u00e9 en surface, il s\u2019adapte ais\u00e9ment \u00e0 vos besoins d\u2019installation. Son design orientable permet de diriger la lumi\u00e8re avec pr\u00e9cision, am\u00e9liorant \u00e0 la fois la fonctionnalit\u00e9 et l\u2019impact visuel de votre am\u00e9nagement paysager.  Personnalisez facilement votre \u00e9clairage gr\u00e2ce aux commandes int\u00e9gr\u00e9es : appuyez une fois pour faire d\u00e9filer les temp\u00e9ratures de blanc (de 2200K chaud \u00e0 4000K net), ou double-cliquez pour d\u00e9couvrir 7 couleurs vibrantes. Pour un contr\u00f4le avanc\u00e9 et une gradation fluide, connectez-vous \u00e0 l\u2019aide de l\u2019application Dals Connect ou utilisez la t\u00e9l\u00e9commande Clicc.\" \/>\n<meta property=\"og:url\" content=\"https:\/\/dals.com\/fr\/produit\/12-smart-hardscape\/\" \/>\n<meta property=\"og:site_name\" content=\"Dals Lighting\" \/>\n<meta property=\"article:modified_time\" content=\"2026-03-24T17:49:47+00:00\" \/>\n<meta property=\"og:image\" content=\"https:\/\/dals.com\/wp-content\/uploads\/2025\/06\/dcp-lhs12-animation-rev2-scaled.gif\" \/>\n\t<meta property=\"og:image:width\" content=\"2560\" \/>\n\t<meta property=\"og:image:height\" content=\"2560\" \/>\n\t<meta property=\"og:image:type\" content=\"image\/gif\" \/>\n<meta name=\"twitter:card\" content=\"summary_large_image\" \/>\n<meta name=\"twitter:label1\" content=\"Dur\u00e9e de lecture estim\u00e9e\" \/>\n\t<meta name=\"twitter:data1\" content=\"1 minute\" \/>\n<script type=\"application\/ld+json\" class=\"yoast-schema-graph\">{\"@context\":\"https:\\\/\\\/schema.org\",\"@graph\":[{\"@type\":\"WebPage\",\"@id\":\"https:\\\/\\\/dals.com\\\/fr\\\/produit\\\/12-smart-hardscape\\\/\",\"url\":\"https:\\\/\\\/dals.com\\\/fr\\\/produit\\\/12-smart-hardscape\\\/\",\"name\":\"Lin\u00e9aire 12\\\" intelligent - Dals Lighting\",\"isPartOf\":{\"@id\":\"https:\\\/\\\/dalslit.tempurl.host\\\/#website\"},\"primaryImageOfPage\":{\"@id\":\"https:\\\/\\\/dals.com\\\/fr\\\/produit\\\/12-smart-hardscape\\\/#primaryimage\"},\"image\":{\"@id\":\"https:\\\/\\\/dals.com\\\/fr\\\/produit\\\/12-smart-hardscape\\\/#primaryimage\"},\"thumbnailUrl\":\"https:\\\/\\\/dals.com\\\/wp-content\\\/uploads\\\/2025\\\/06\\\/dcp-lhs12-animation-rev2-scaled.gif\",\"datePublished\":\"2025-06-17T13:00:27+00:00\",\"dateModified\":\"2026-03-24T17:49:47+00:00\",\"breadcrumb\":{\"@id\":\"https:\\\/\\\/dals.com\\\/fr\\\/produit\\\/12-smart-hardscape\\\/#breadcrumb\"},\"inLanguage\":\"fr-FR\",\"potentialAction\":[{\"@type\":\"ReadAction\",\"target\":[\"https:\\\/\\\/dals.com\\\/fr\\\/produit\\\/12-smart-hardscape\\\/\"]}]},{\"@type\":\"ImageObject\",\"inLanguage\":\"fr-FR\",\"@id\":\"https:\\\/\\\/dals.com\\\/fr\\\/produit\\\/12-smart-hardscape\\\/#primaryimage\",\"url\":\"https:\\\/\\\/dals.com\\\/wp-content\\\/uploads\\\/2025\\\/06\\\/dcp-lhs12-animation-rev2-scaled.gif\",\"contentUrl\":\"https:\\\/\\\/dals.com\\\/wp-content\\\/uploads\\\/2025\\\/06\\\/dcp-lhs12-animation-rev2-scaled.gif\",\"width\":2560,\"height\":2560},{\"@type\":\"BreadcrumbList\",\"@id\":\"https:\\\/\\\/dals.com\\\/fr\\\/produit\\\/12-smart-hardscape\\\/#breadcrumb\",\"itemListElement\":[{\"@type\":\"ListItem\",\"position\":1,\"name\":\"Accueil\",\"item\":\"https:\\\/\\\/dals.com\\\/fr\\\/\"},{\"@type\":\"ListItem\",\"position\":2,\"name\":\"Produits\",\"item\":\"https:\\\/\\\/dalslit.tempurl.host\\\/fr\\\/?page_id=31878\"},{\"@type\":\"ListItem\",\"position\":3,\"name\":\"Maison intelligente\",\"item\":\"https:\\\/\\\/dals.com\\\/fr\\\/categorie-produit\\\/maison-intelligente\\\/\"},{\"@type\":\"ListItem\",\"position\":4,\"name\":\"Lin\u00e9aire 12&#8243; intelligent\"}]},{\"@type\":\"WebSite\",\"@id\":\"https:\\\/\\\/dalslit.tempurl.host\\\/#website\",\"url\":\"https:\\\/\\\/dalslit.tempurl.host\\\/\",\"name\":\"Dals Lighting\",\"description\":\"Manufacturer of designer lighting products\",\"publisher\":{\"@id\":\"https:\\\/\\\/dalslit.tempurl.host\\\/#organization\"},\"potentialAction\":[{\"@type\":\"SearchAction\",\"target\":{\"@type\":\"EntryPoint\",\"urlTemplate\":\"https:\\\/\\\/dalslit.tempurl.host\\\/?s={search_term_string}\"},\"query-input\":{\"@type\":\"PropertyValueSpecification\",\"valueRequired\":true,\"valueName\":\"search_term_string\"}}],\"inLanguage\":\"fr-FR\"},{\"@type\":\"Organization\",\"@id\":\"https:\\\/\\\/dalslit.tempurl.host\\\/#organization\",\"name\":\"Dals Lighting\",\"url\":\"https:\\\/\\\/dalslit.tempurl.host\\\/\",\"logo\":{\"@type\":\"ImageObject\",\"inLanguage\":\"fr-FR\",\"@id\":\"https:\\\/\\\/dalslit.tempurl.host\\\/#\\\/schema\\\/logo\\\/image\\\/\",\"url\":\"https:\\\/\\\/dals.com\\\/wp-content\\\/uploads\\\/2020\\\/01\\\/cropped-logo-dals.png\",\"contentUrl\":\"https:\\\/\\\/dals.com\\\/wp-content\\\/uploads\\\/2020\\\/01\\\/cropped-logo-dals.png\",\"width\":\"300\",\"height\":\"125\",\"caption\":\"Dals Lighting\"},\"image\":{\"@id\":\"https:\\\/\\\/dalslit.tempurl.host\\\/#\\\/schema\\\/logo\\\/image\\\/\"}}]}<\/script>\n<!-- \/ Yoast SEO plugin. -->","yoast_head_json":{"title":"Lin\u00e9aire 12\" intelligent - Dals Lighting","robots":{"index":"index","follow":"follow","max-snippet":"max-snippet:-1","max-image-preview":"max-image-preview:large","max-video-preview":"max-video-preview:-1"},"canonical":"https:\/\/dals.com\/fr\/produit\/12-smart-hardscape\/","og_locale":"fr_FR","og_type":"article","og_title":"Lin\u00e9aire 12\" intelligent - Dals Lighting","og_description":"Rehaussez l\u2019ambiance de vos espaces ext\u00e9rieurs avec le Contour Pro, une solution d\u2019\u00e9clairage compacte et \u00e9l\u00e9gante con\u00e7ue pour s\u2019int\u00e9grer parfaitement aux \u00e9l\u00e9ments de ma\u00e7onnerie comme les murs, les marches et les terrasses. Malgr\u00e9 son format discret, le Contour Pro offre une puissante luminosit\u00e9, id\u00e9ale pour les espaces de petite \u00e0 moyenne taille. Qu\u2019il soit encastr\u00e9 ou mont\u00e9 en surface, il s\u2019adapte ais\u00e9ment \u00e0 vos besoins d\u2019installation. Son design orientable permet de diriger la lumi\u00e8re avec pr\u00e9cision, am\u00e9liorant \u00e0 la fois la fonctionnalit\u00e9 et l\u2019impact visuel de votre am\u00e9nagement paysager.  Personnalisez facilement votre \u00e9clairage gr\u00e2ce aux commandes int\u00e9gr\u00e9es : appuyez une fois pour faire d\u00e9filer les temp\u00e9ratures de blanc (de 2200K chaud \u00e0 4000K net), ou double-cliquez pour d\u00e9couvrir 7 couleurs vibrantes. Pour un contr\u00f4le avanc\u00e9 et une gradation fluide, connectez-vous \u00e0 l\u2019aide de l\u2019application Dals Connect ou utilisez la t\u00e9l\u00e9commande Clicc.","og_url":"https:\/\/dals.com\/fr\/produit\/12-smart-hardscape\/","og_site_name":"Dals Lighting","article_modified_time":"2026-03-24T17:49:47+00:00","og_image":[{"width":2560,"height":2560,"url":"https:\/\/dals.com\/wp-content\/uploads\/2025\/06\/dcp-lhs12-animation-rev2-scaled.gif","type":"image\/gif"}],"twitter_card":"summary_large_image","twitter_misc":{"Dur\u00e9e de lecture estim\u00e9e":"1 minute"},"schema":{"@context":"https:\/\/schema.org","@graph":[{"@type":"WebPage","@id":"https:\/\/dals.com\/fr\/produit\/12-smart-hardscape\/","url":"https:\/\/dals.com\/fr\/produit\/12-smart-hardscape\/","name":"Lin\u00e9aire 12\" intelligent - Dals Lighting","isPartOf":{"@id":"https:\/\/dalslit.tempurl.host\/#website"},"primaryImageOfPage":{"@id":"https:\/\/dals.com\/fr\/produit\/12-smart-hardscape\/#primaryimage"},"image":{"@id":"https:\/\/dals.com\/fr\/produit\/12-smart-hardscape\/#primaryimage"},"thumbnailUrl":"https:\/\/dals.com\/wp-content\/uploads\/2025\/06\/dcp-lhs12-animation-rev2-scaled.gif","datePublished":"2025-06-17T13:00:27+00:00","dateModified":"2026-03-24T17:49:47+00:00","breadcrumb":{"@id":"https:\/\/dals.com\/fr\/produit\/12-smart-hardscape\/#breadcrumb"},"inLanguage":"fr-FR","potentialAction":[{"@type":"ReadAction","target":["https:\/\/dals.com\/fr\/produit\/12-smart-hardscape\/"]}]},{"@type":"ImageObject","inLanguage":"fr-FR","@id":"https:\/\/dals.com\/fr\/produit\/12-smart-hardscape\/#primaryimage","url":"https:\/\/dals.com\/wp-content\/uploads\/2025\/06\/dcp-lhs12-animation-rev2-scaled.gif","contentUrl":"https:\/\/dals.com\/wp-content\/uploads\/2025\/06\/dcp-lhs12-animation-rev2-scaled.gif","width":2560,"height":2560},{"@type":"BreadcrumbList","@id":"https:\/\/dals.com\/fr\/produit\/12-smart-hardscape\/#breadcrumb","itemListElement":[{"@type":"ListItem","position":1,"name":"Accueil","item":"https:\/\/dals.com\/fr\/"},{"@type":"ListItem","position":2,"name":"Produits","item":"https:\/\/dalslit.tempurl.host\/fr\/?page_id=31878"},{"@type":"ListItem","position":3,"name":"Maison intelligente","item":"https:\/\/dals.com\/fr\/categorie-produit\/maison-intelligente\/"},{"@type":"ListItem","position":4,"name":"Lin\u00e9aire 12&#8243; intelligent"}]},{"@type":"WebSite","@id":"https:\/\/dalslit.tempurl.host\/#website","url":"https:\/\/dalslit.tempurl.host\/","name":"Dals Lighting","description":"Manufacturer of designer lighting products","publisher":{"@id":"https:\/\/dalslit.tempurl.host\/#organization"},"potentialAction":[{"@type":"SearchAction","target":{"@type":"EntryPoint","urlTemplate":"https:\/\/dalslit.tempurl.host\/?s={search_term_string}"},"query-input":{"@type":"PropertyValueSpecification","valueRequired":true,"valueName":"search_term_string"}}],"inLanguage":"fr-FR"},{"@type":"Organization","@id":"https:\/\/dalslit.tempurl.host\/#organization","name":"Dals Lighting","url":"https:\/\/dalslit.tempurl.host\/","logo":{"@type":"ImageObject","inLanguage":"fr-FR","@id":"https:\/\/dalslit.tempurl.host\/#\/schema\/logo\/image\/","url":"https:\/\/dals.com\/wp-content\/uploads\/2020\/01\/cropped-logo-dals.png","contentUrl":"https:\/\/dals.com\/wp-content\/uploads\/2020\/01\/cropped-logo-dals.png","width":"300","height":"125","caption":"Dals Lighting"},"image":{"@id":"https:\/\/dalslit.tempurl.host\/#\/schema\/logo\/image\/"}}]}},"_links":{"self":[{"href":"https:\/\/dals.com\/fr\/wp-json\/wp\/v2\/product\/80638","targetHints":{"allow":["GET"]}}],"collection":[{"href":"https:\/\/dals.com\/fr\/wp-json\/wp\/v2\/product"}],"about":[{"href":"https:\/\/dals.com\/fr\/wp-json\/wp\/v2\/types\/product"}],"wp:featuredmedia":[{"embeddable":true,"href":"https:\/\/dals.com\/fr\/wp-json\/wp\/v2\/media\/80071"}],"wp:attachment":[{"href":"https:\/\/dals.com\/fr\/wp-json\/wp\/v2\/media?parent=80638"}],"wp:term":[{"taxonomy":"product_brand","embeddable":true,"href":"https:\/\/dals.com\/fr\/wp-json\/wp\/v2\/product_brand?post=80638"},{"taxonomy":"product_cat","embeddable":true,"href":"https:\/\/dals.com\/fr\/wp-json\/wp\/v2\/product_cat?post=80638"},{"taxonomy":"product_tag","embeddable":true,"href":"https:\/\/dals.com\/fr\/wp-json\/wp\/v2\/product_tag?post=80638"}],"curies":[{"name":"wp","href":"https:\/\/api.w.org\/{rel}","templated":true}]}}