{"id":80560,"date":"2025-06-17T09:00:40","date_gmt":"2025-06-17T13:00:40","guid":{"rendered":"https:\/\/dals.com\/product\/12-cylinder-wall-sconce\/"},"modified":"2026-03-09T14:13:56","modified_gmt":"2026-03-09T18:13:56","slug":"12-cylinder-wall-sconce","status":"publish","type":"product","link":"https:\/\/dals.com\/fr\/produit\/12-cylinder-wall-sconce\/","title":{"rendered":"Applique murale cylindrique de 12\u2033"},"content":{"rendered":"\t\t<section class=\"elem-breadcrumbs elementor-element elementor-section-boxed elementor-section-height-default elementor-section-height-default elementor-section elementor-top-section\" data-element_type=\"section\" style=\"margin-bottom:30px\">\n\t<div class=\"elementor-container elementor-column-gap-default\">\n\t\t<div class=\"elementor-row\">\n\t\t\t<div class=\"elementor-element elementor-column elementor-col-100 elementor-top-column >\n\t\t\t\t<div class=\"elementor-column-wrap  elementor-element-populated\">\n\t\t\t\t\t<div class=\"elementor-widget-wrap\">\n\t\t\t\t\t\t<div class=\"elementor-element elementor-widget elementor-widget-breadcrumbs\" data-element_type=\"widget\" data-widget_type=\"breadcrumbs.default\">\n\t\t\t\t\t\t\t<div class=\"elementor-widget-container\">\n\t\t\t\t\t\t\t\t<span><span><a href=\"https:\/\/dals.com\/fr\/\">Accueil<\/a><\/span><\/span>\t\t\t\t\t\t\t<\/div>\n\t\t\t\t\t\t<\/div>\n\t\t\t\t\t<\/div>\n\t\t\t\t<\/div>\n\t\t\t<\/div>\n\t\t<\/div>\n\t<\/div>\n<\/section>\n\n<ul>\n<li>Fait d\u2019aluminium extrud\u00e9<\/li>\n<li>Temp\u00e9rature de couleur s\u00e9lectionnable par interrupteur<\/li>\n<li>Transformateur graduable int\u00e9gr\u00e9<\/li>\n<li>Capuchon d\u2019extr\u00e9mit\u00e9 en aluminium pour \u00e9clairage unidirectionnel inclus<\/li>\n<li>Garantie de 5 ans<\/li>\n<\/ul>\n","protected":false},"excerpt":{"rendered":"<p data-start=\"216\" data-end=\"574\">Le luminaire Aden marie un style intemporel \u00e0 une performance robuste pour l\u2019\u00e9clairage ext\u00e9rieur. Dot\u00e9 d\u2019un bouton de s\u00e9lection CCT situ\u00e9 sur la base, l\u2019Aden vous permet de choisir facilement parmi cinq temp\u00e9ratures de couleur selon l\u2019ambiance souhait\u00e9e \u2014 allant d\u2019un ton chaud et accueillant \u00e0 une lumi\u00e8re nette et fonctionnelle. Son transformateur int\u00e9gr\u00e9 gradable garantit des performances fluides pour une grande vari\u00e9t\u00e9 de besoins d\u2019\u00e9clairage.<\/p>\n<p data-start=\"920\" data-end=\"1213\" data-is-last-node=\"\" data-is-only-node=\"\">Pour plus de polyvalence, un capuchon d\u2019extr\u00e9mit\u00e9 en aluminium est inclus pour un \u00e9clairage unidirectionnel. L\u2019Aden est offert en version standard ainsi qu\u2019en version V, offrant un rendement lumineux accru et une couverture \u00e9tendue \u2014 id\u00e9ale pour les installations commerciales plus exigeantes.<\/p>\n","protected":false},"featured_media":80150,"template":"","meta":{"_acf_changed":false,"site-sidebar-layout":"default","site-content-layout":"default","ast-site-content-layout":"default","site-content-style":"default","site-sidebar-style":"default","ast-global-header-display":"","ast-banner-title-visibility":"","ast-main-header-display":"","ast-hfb-above-header-display":"","ast-hfb-below-header-display":"","ast-hfb-mobile-header-display":"","site-post-title":"","ast-breadcrumbs-content":"","ast-featured-img":"","footer-sml-layout":"","ast-disable-related-posts":"","theme-transparent-header-meta":"default","adv-header-id-meta":"","stick-header-meta":"default","header-above-stick-meta":"","header-main-stick-meta":"","header-below-stick-meta":"","astra-migrate-meta-layouts":"set","ast-page-background-enabled":"default","ast-page-background-meta":{"desktop":{"background-color":"","background-image":"","background-repeat":"repeat","background-position":"center center","background-size":"auto","background-attachment":"scroll","background-type":"","background-media":"","overlay-type":"","overlay-color":"","overlay-opacity":"","overlay-gradient":""},"tablet":{"background-color":"","background-image":"","background-repeat":"repeat","background-position":"center center","background-size":"auto","background-attachment":"scroll","background-type":"","background-media":"","overlay-type":"","overlay-color":"","overlay-opacity":"","overlay-gradient":""},"mobile":{"background-color":"","background-image":"","background-repeat":"repeat","background-position":"center center","background-size":"auto","background-attachment":"scroll","background-type":"","background-media":"","overlay-type":"","overlay-color":"","overlay-opacity":"","overlay-gradient":""}},"ast-content-background-meta":{"desktop":{"background-color":"var(--ast-global-color-5)","background-image":"","background-repeat":"repeat","background-position":"center center","background-size":"auto","background-attachment":"scroll","background-type":"","background-media":"","overlay-type":"","overlay-color":"","overlay-opacity":"","overlay-gradient":""},"tablet":{"background-color":"var(--ast-global-color-5)","background-image":"","background-repeat":"repeat","background-position":"center center","background-size":"auto","background-attachment":"scroll","background-type":"","background-media":"","overlay-type":"","overlay-color":"","overlay-opacity":"","overlay-gradient":""},"mobile":{"background-color":"var(--ast-global-color-5)","background-image":"","background-repeat":"repeat","background-position":"center center","background-size":"auto","background-attachment":"scroll","background-type":"","background-media":"","overlay-type":"","overlay-color":"","overlay-opacity":"","overlay-gradient":""}}},"product_brand":[],"product_cat":[84,2048,2051,1384],"product_tag":[],"class_list":{"0":"post-80560","1":"product","2":"type-product","3":"status-publish","4":"has-post-thumbnail","6":"product_cat-exterieur","7":"product_cat-interieur","8":"product_cat-murales-fr","9":"product_cat-murales","10":"pa_finish-noir","11":"desktop-align-center","12":"tablet-align-center","13":"mobile-align-center","14":"ast-product-gallery-layout-horizontal-slider","15":"ast-product-tabs-layout-horizontal","17":"first","18":"instock","19":"taxable","20":"shipping-taxable","21":"product-type-simple"},"acf":[],"yoast_head":"<!-- This site is optimized with the Yoast SEO plugin v27.4 - https:\/\/yoast.com\/product\/yoast-seo-wordpress\/ -->\n<title>Applique murale cylindrique de 12\u2033 - Dals Lighting<\/title>\n<meta name=\"robots\" content=\"index, follow, max-snippet:-1, max-image-preview:large, max-video-preview:-1\" \/>\n<link rel=\"canonical\" href=\"https:\/\/dals.com\/fr\/produit\/12-cylinder-wall-sconce\/\" \/>\n<meta property=\"og:locale\" content=\"fr_FR\" \/>\n<meta property=\"og:type\" content=\"article\" \/>\n<meta property=\"og:title\" content=\"Applique murale cylindrique de 12\u2033 - Dals Lighting\" \/>\n<meta property=\"og:description\" content=\"Le luminaire Aden marie un style intemporel \u00e0 une performance robuste pour l\u2019\u00e9clairage ext\u00e9rieur. Dot\u00e9 d\u2019un bouton de s\u00e9lection CCT situ\u00e9 sur la base, l\u2019Aden vous permet de choisir facilement parmi cinq temp\u00e9ratures de couleur selon l\u2019ambiance souhait\u00e9e \u2014 allant d\u2019un ton chaud et accueillant \u00e0 une lumi\u00e8re nette et fonctionnelle. Son transformateur int\u00e9gr\u00e9 gradable garantit des performances fluides pour une grande vari\u00e9t\u00e9 de besoins d\u2019\u00e9clairage. Pour plus de polyvalence, un capuchon d\u2019extr\u00e9mit\u00e9 en aluminium est inclus pour un \u00e9clairage unidirectionnel. L\u2019Aden est offert en version standard ainsi qu\u2019en version V, offrant un rendement lumineux accru et une couverture \u00e9tendue \u2014 id\u00e9ale pour les installations commerciales plus exigeantes.\" \/>\n<meta property=\"og:url\" content=\"https:\/\/dals.com\/fr\/produit\/12-cylinder-wall-sconce\/\" \/>\n<meta property=\"og:site_name\" content=\"Dals Lighting\" \/>\n<meta property=\"article:modified_time\" content=\"2026-03-09T18:13:56+00:00\" \/>\n<meta property=\"og:image\" content=\"https:\/\/dals.com\/wp-content\/uploads\/2025\/06\/ledwall-a-cc-main2-scaled.jpg\" \/>\n\t<meta property=\"og:image:width\" content=\"2560\" \/>\n\t<meta property=\"og:image:height\" content=\"2560\" \/>\n\t<meta property=\"og:image:type\" content=\"image\/jpeg\" \/>\n<meta name=\"twitter:card\" content=\"summary_large_image\" \/>\n<meta name=\"twitter:label1\" content=\"Dur\u00e9e de lecture estim\u00e9e\" \/>\n\t<meta name=\"twitter:data1\" content=\"1 minute\" \/>\n<script type=\"application\/ld+json\" class=\"yoast-schema-graph\">{\"@context\":\"https:\\\/\\\/schema.org\",\"@graph\":[{\"@type\":\"WebPage\",\"@id\":\"https:\\\/\\\/dals.com\\\/fr\\\/produit\\\/12-cylinder-wall-sconce\\\/\",\"url\":\"https:\\\/\\\/dals.com\\\/fr\\\/produit\\\/12-cylinder-wall-sconce\\\/\",\"name\":\"Applique murale cylindrique de 12\u2033 - Dals Lighting\",\"isPartOf\":{\"@id\":\"https:\\\/\\\/dalslit.tempurl.host\\\/#website\"},\"primaryImageOfPage\":{\"@id\":\"https:\\\/\\\/dals.com\\\/fr\\\/produit\\\/12-cylinder-wall-sconce\\\/#primaryimage\"},\"image\":{\"@id\":\"https:\\\/\\\/dals.com\\\/fr\\\/produit\\\/12-cylinder-wall-sconce\\\/#primaryimage\"},\"thumbnailUrl\":\"https:\\\/\\\/dals.com\\\/wp-content\\\/uploads\\\/2025\\\/06\\\/ledwall-a-cc-main2-scaled.jpg\",\"datePublished\":\"2025-06-17T13:00:40+00:00\",\"dateModified\":\"2026-03-09T18:13:56+00:00\",\"breadcrumb\":{\"@id\":\"https:\\\/\\\/dals.com\\\/fr\\\/produit\\\/12-cylinder-wall-sconce\\\/#breadcrumb\"},\"inLanguage\":\"fr-FR\",\"potentialAction\":[{\"@type\":\"ReadAction\",\"target\":[\"https:\\\/\\\/dals.com\\\/fr\\\/produit\\\/12-cylinder-wall-sconce\\\/\"]}]},{\"@type\":\"ImageObject\",\"inLanguage\":\"fr-FR\",\"@id\":\"https:\\\/\\\/dals.com\\\/fr\\\/produit\\\/12-cylinder-wall-sconce\\\/#primaryimage\",\"url\":\"https:\\\/\\\/dals.com\\\/wp-content\\\/uploads\\\/2025\\\/06\\\/ledwall-a-cc-main2-scaled.jpg\",\"contentUrl\":\"https:\\\/\\\/dals.com\\\/wp-content\\\/uploads\\\/2025\\\/06\\\/ledwall-a-cc-main2-scaled.jpg\",\"width\":2560,\"height\":2560},{\"@type\":\"BreadcrumbList\",\"@id\":\"https:\\\/\\\/dals.com\\\/fr\\\/produit\\\/12-cylinder-wall-sconce\\\/#breadcrumb\",\"itemListElement\":[{\"@type\":\"ListItem\",\"position\":1,\"name\":\"Accueil\",\"item\":\"https:\\\/\\\/dals.com\\\/fr\\\/\"},{\"@type\":\"ListItem\",\"position\":2,\"name\":\"Produits\",\"item\":\"https:\\\/\\\/dalslit.tempurl.host\\\/fr\\\/?page_id=31878\"},{\"@type\":\"ListItem\",\"position\":3,\"name\":\"Int\u00e9rieur\",\"item\":\"https:\\\/\\\/dals.com\\\/fr\\\/categorie-produit\\\/interieur\\\/\"},{\"@type\":\"ListItem\",\"position\":4,\"name\":\"Applique murale cylindrique de 12\u2033\"}]},{\"@type\":\"WebSite\",\"@id\":\"https:\\\/\\\/dalslit.tempurl.host\\\/#website\",\"url\":\"https:\\\/\\\/dalslit.tempurl.host\\\/\",\"name\":\"Dals Lighting\",\"description\":\"Manufacturer of designer lighting products\",\"publisher\":{\"@id\":\"https:\\\/\\\/dalslit.tempurl.host\\\/#organization\"},\"potentialAction\":[{\"@type\":\"SearchAction\",\"target\":{\"@type\":\"EntryPoint\",\"urlTemplate\":\"https:\\\/\\\/dalslit.tempurl.host\\\/?s={search_term_string}\"},\"query-input\":{\"@type\":\"PropertyValueSpecification\",\"valueRequired\":true,\"valueName\":\"search_term_string\"}}],\"inLanguage\":\"fr-FR\"},{\"@type\":\"Organization\",\"@id\":\"https:\\\/\\\/dalslit.tempurl.host\\\/#organization\",\"name\":\"Dals Lighting\",\"url\":\"https:\\\/\\\/dalslit.tempurl.host\\\/\",\"logo\":{\"@type\":\"ImageObject\",\"inLanguage\":\"fr-FR\",\"@id\":\"https:\\\/\\\/dalslit.tempurl.host\\\/#\\\/schema\\\/logo\\\/image\\\/\",\"url\":\"https:\\\/\\\/dals.com\\\/wp-content\\\/uploads\\\/2020\\\/01\\\/cropped-logo-dals.png\",\"contentUrl\":\"https:\\\/\\\/dals.com\\\/wp-content\\\/uploads\\\/2020\\\/01\\\/cropped-logo-dals.png\",\"width\":\"300\",\"height\":\"125\",\"caption\":\"Dals Lighting\"},\"image\":{\"@id\":\"https:\\\/\\\/dalslit.tempurl.host\\\/#\\\/schema\\\/logo\\\/image\\\/\"}}]}<\/script>\n<!-- \/ Yoast SEO plugin. -->","yoast_head_json":{"title":"Applique murale cylindrique de 12\u2033 - Dals Lighting","robots":{"index":"index","follow":"follow","max-snippet":"max-snippet:-1","max-image-preview":"max-image-preview:large","max-video-preview":"max-video-preview:-1"},"canonical":"https:\/\/dals.com\/fr\/produit\/12-cylinder-wall-sconce\/","og_locale":"fr_FR","og_type":"article","og_title":"Applique murale cylindrique de 12\u2033 - Dals Lighting","og_description":"Le luminaire Aden marie un style intemporel \u00e0 une performance robuste pour l\u2019\u00e9clairage ext\u00e9rieur. Dot\u00e9 d\u2019un bouton de s\u00e9lection CCT situ\u00e9 sur la base, l\u2019Aden vous permet de choisir facilement parmi cinq temp\u00e9ratures de couleur selon l\u2019ambiance souhait\u00e9e \u2014 allant d\u2019un ton chaud et accueillant \u00e0 une lumi\u00e8re nette et fonctionnelle. Son transformateur int\u00e9gr\u00e9 gradable garantit des performances fluides pour une grande vari\u00e9t\u00e9 de besoins d\u2019\u00e9clairage. Pour plus de polyvalence, un capuchon d\u2019extr\u00e9mit\u00e9 en aluminium est inclus pour un \u00e9clairage unidirectionnel. L\u2019Aden est offert en version standard ainsi qu\u2019en version V, offrant un rendement lumineux accru et une couverture \u00e9tendue \u2014 id\u00e9ale pour les installations commerciales plus exigeantes.","og_url":"https:\/\/dals.com\/fr\/produit\/12-cylinder-wall-sconce\/","og_site_name":"Dals Lighting","article_modified_time":"2026-03-09T18:13:56+00:00","og_image":[{"width":2560,"height":2560,"url":"https:\/\/dals.com\/wp-content\/uploads\/2025\/06\/ledwall-a-cc-main2-scaled.jpg","type":"image\/jpeg"}],"twitter_card":"summary_large_image","twitter_misc":{"Dur\u00e9e de lecture estim\u00e9e":"1 minute"},"schema":{"@context":"https:\/\/schema.org","@graph":[{"@type":"WebPage","@id":"https:\/\/dals.com\/fr\/produit\/12-cylinder-wall-sconce\/","url":"https:\/\/dals.com\/fr\/produit\/12-cylinder-wall-sconce\/","name":"Applique murale cylindrique de 12\u2033 - Dals Lighting","isPartOf":{"@id":"https:\/\/dalslit.tempurl.host\/#website"},"primaryImageOfPage":{"@id":"https:\/\/dals.com\/fr\/produit\/12-cylinder-wall-sconce\/#primaryimage"},"image":{"@id":"https:\/\/dals.com\/fr\/produit\/12-cylinder-wall-sconce\/#primaryimage"},"thumbnailUrl":"https:\/\/dals.com\/wp-content\/uploads\/2025\/06\/ledwall-a-cc-main2-scaled.jpg","datePublished":"2025-06-17T13:00:40+00:00","dateModified":"2026-03-09T18:13:56+00:00","breadcrumb":{"@id":"https:\/\/dals.com\/fr\/produit\/12-cylinder-wall-sconce\/#breadcrumb"},"inLanguage":"fr-FR","potentialAction":[{"@type":"ReadAction","target":["https:\/\/dals.com\/fr\/produit\/12-cylinder-wall-sconce\/"]}]},{"@type":"ImageObject","inLanguage":"fr-FR","@id":"https:\/\/dals.com\/fr\/produit\/12-cylinder-wall-sconce\/#primaryimage","url":"https:\/\/dals.com\/wp-content\/uploads\/2025\/06\/ledwall-a-cc-main2-scaled.jpg","contentUrl":"https:\/\/dals.com\/wp-content\/uploads\/2025\/06\/ledwall-a-cc-main2-scaled.jpg","width":2560,"height":2560},{"@type":"BreadcrumbList","@id":"https:\/\/dals.com\/fr\/produit\/12-cylinder-wall-sconce\/#breadcrumb","itemListElement":[{"@type":"ListItem","position":1,"name":"Accueil","item":"https:\/\/dals.com\/fr\/"},{"@type":"ListItem","position":2,"name":"Produits","item":"https:\/\/dalslit.tempurl.host\/fr\/?page_id=31878"},{"@type":"ListItem","position":3,"name":"Int\u00e9rieur","item":"https:\/\/dals.com\/fr\/categorie-produit\/interieur\/"},{"@type":"ListItem","position":4,"name":"Applique murale cylindrique de 12\u2033"}]},{"@type":"WebSite","@id":"https:\/\/dalslit.tempurl.host\/#website","url":"https:\/\/dalslit.tempurl.host\/","name":"Dals Lighting","description":"Manufacturer of designer lighting products","publisher":{"@id":"https:\/\/dalslit.tempurl.host\/#organization"},"potentialAction":[{"@type":"SearchAction","target":{"@type":"EntryPoint","urlTemplate":"https:\/\/dalslit.tempurl.host\/?s={search_term_string}"},"query-input":{"@type":"PropertyValueSpecification","valueRequired":true,"valueName":"search_term_string"}}],"inLanguage":"fr-FR"},{"@type":"Organization","@id":"https:\/\/dalslit.tempurl.host\/#organization","name":"Dals Lighting","url":"https:\/\/dalslit.tempurl.host\/","logo":{"@type":"ImageObject","inLanguage":"fr-FR","@id":"https:\/\/dalslit.tempurl.host\/#\/schema\/logo\/image\/","url":"https:\/\/dals.com\/wp-content\/uploads\/2020\/01\/cropped-logo-dals.png","contentUrl":"https:\/\/dals.com\/wp-content\/uploads\/2020\/01\/cropped-logo-dals.png","width":"300","height":"125","caption":"Dals Lighting"},"image":{"@id":"https:\/\/dalslit.tempurl.host\/#\/schema\/logo\/image\/"}}]}},"_links":{"self":[{"href":"https:\/\/dals.com\/fr\/wp-json\/wp\/v2\/product\/80560","targetHints":{"allow":["GET"]}}],"collection":[{"href":"https:\/\/dals.com\/fr\/wp-json\/wp\/v2\/product"}],"about":[{"href":"https:\/\/dals.com\/fr\/wp-json\/wp\/v2\/types\/product"}],"wp:featuredmedia":[{"embeddable":true,"href":"https:\/\/dals.com\/fr\/wp-json\/wp\/v2\/media\/80150"}],"wp:attachment":[{"href":"https:\/\/dals.com\/fr\/wp-json\/wp\/v2\/media?parent=80560"}],"wp:term":[{"taxonomy":"product_brand","embeddable":true,"href":"https:\/\/dals.com\/fr\/wp-json\/wp\/v2\/product_brand?post=80560"},{"taxonomy":"product_cat","embeddable":true,"href":"https:\/\/dals.com\/fr\/wp-json\/wp\/v2\/product_cat?post=80560"},{"taxonomy":"product_tag","embeddable":true,"href":"https:\/\/dals.com\/fr\/wp-json\/wp\/v2\/product_tag?post=80560"}],"curies":[{"name":"wp","href":"https:\/\/api.w.org\/{rel}","templated":true}]}}