{"id":80556,"date":"2025-06-17T09:00:34","date_gmt":"2025-06-17T13:00:34","guid":{"rendered":"https:\/\/dals.com\/product\/12-smart-flush-mount\/"},"modified":"2025-12-29T09:37:41","modified_gmt":"2025-12-29T14:37:41","slug":"12-smart-flush-mount","status":"publish","type":"product","link":"https:\/\/dals.com\/fr\/produit\/12-smart-flush-mount\/","title":{"rendered":"Plafonnier 12&Prime; intelligent"},"content":{"rendered":"\t\t<section class=\"elem-breadcrumbs elementor-element elementor-section-boxed elementor-section-height-default elementor-section-height-default elementor-section elementor-top-section\" data-element_type=\"section\" style=\"margin-bottom:30px\">\n\t<div class=\"elementor-container elementor-column-gap-default\">\n\t\t<div class=\"elementor-row\">\n\t\t\t<div class=\"elementor-element elementor-column elementor-col-100 elementor-top-column >\n\t\t\t\t<div class=\"elementor-column-wrap  elementor-element-populated\">\n\t\t\t\t\t<div class=\"elementor-widget-wrap\">\n\t\t\t\t\t\t<div class=\"elementor-element elementor-widget elementor-widget-breadcrumbs\" data-element_type=\"widget\" data-widget_type=\"breadcrumbs.default\">\n\t\t\t\t\t\t\t<div class=\"elementor-widget-container\">\n\t\t\t\t\t\t\t\t<span><span><a href=\"https:\/\/dals.com\/fr\/\">Accueil<\/a><\/span><\/span>\t\t\t\t\t\t\t<\/div>\n\t\t\t\t\t\t<\/div>\n\t\t\t\t\t<\/div>\n\t\t\t\t<\/div>\n\t\t\t<\/div>\n\t\t<\/div>\n\t<\/div>\n<\/section>\n\n<ul>\n<li>Fait de m\u00e9tal<\/li>\n<li>Spectre de couleurs complet 2200K \u2013 4000K en blanc pur<\/li>\n<li>Intensit\u00e9 r\u00e9glable via l\u2019application Dals<\/li>\n<li>Connect et avec le contr\u00f4leur mural Clicc (DCP-RMCT)<\/li>\n<li>Montage sur bo\u00eete de jonction octogonale de 4&Prime;<\/li>\n<li>Garantie de 5 ans<\/li>\n<\/ul>\n","protected":false},"excerpt":{"rendered":"<p data-start=\"0\" data-end=\"388\">Le design moderne rencontre l\u2019\u00e9clairage intelligent avec le Radiance Pro, un plafonnier intelligent de 12&Prime; qui allie une \u00e9l\u00e9gance ultra-mince \u00e0 un contr\u00f4le intelligent avanc\u00e9. Con\u00e7u avec une bordure en m\u00e9tal \u00e9pur\u00e9e et offert en fini blanc ou noir, ce luminaire s\u2019int\u00e8gre parfaitement \u00e0 tous les plafonds tout en proposant des options de sc\u00e9narios, de personnalisation et de minuterie.<\/p>\n<p data-start=\"390\" data-end=\"712\" data-is-last-node=\"\" data-is-only-node=\"\">Gr\u00e2ce \u00e0 l\u2019application Dals Connect ou \u00e0 la t\u00e9l\u00e9commande Clicc, vous pouvez facilement personnaliser votre espace \u2014 ajustez la luminosit\u00e9, passez d\u2019un blanc chaud \u00e0 un blanc \u00e9clatant (de 2700K \u00e0 6500K), ou choisissez parmi un large \u00e9ventail de couleurs vives pour s\u2019adapter \u00e0 votre humeur ou \u00e0 l\u2019ambiance souhait\u00e9e.<\/p>\n","protected":false},"featured_media":80081,"template":"","meta":{"_acf_changed":false,"site-sidebar-layout":"default","site-content-layout":"","ast-site-content-layout":"default","site-content-style":"default","site-sidebar-style":"default","ast-global-header-display":"","ast-banner-title-visibility":"","ast-main-header-display":"","ast-hfb-above-header-display":"","ast-hfb-below-header-display":"","ast-hfb-mobile-header-display":"","site-post-title":"","ast-breadcrumbs-content":"","ast-featured-img":"","footer-sml-layout":"","ast-disable-related-posts":"","theme-transparent-header-meta":"default","adv-header-id-meta":"","stick-header-meta":"default","header-above-stick-meta":"","header-main-stick-meta":"","header-below-stick-meta":"","astra-migrate-meta-layouts":"set","ast-page-background-enabled":"default","ast-page-background-meta":{"desktop":{"background-color":"","background-image":"","background-repeat":"repeat","background-position":"center center","background-size":"auto","background-attachment":"scroll","background-type":"","background-media":"","overlay-type":"","overlay-color":"","overlay-opacity":"","overlay-gradient":""},"tablet":{"background-color":"","background-image":"","background-repeat":"repeat","background-position":"center center","background-size":"auto","background-attachment":"scroll","background-type":"","background-media":"","overlay-type":"","overlay-color":"","overlay-opacity":"","overlay-gradient":""},"mobile":{"background-color":"","background-image":"","background-repeat":"repeat","background-position":"center center","background-size":"auto","background-attachment":"scroll","background-type":"","background-media":"","overlay-type":"","overlay-color":"","overlay-opacity":"","overlay-gradient":""}},"ast-content-background-meta":{"desktop":{"background-color":"var(--ast-global-color-5)","background-image":"","background-repeat":"repeat","background-position":"center center","background-size":"auto","background-attachment":"scroll","background-type":"","background-media":"","overlay-type":"","overlay-color":"","overlay-opacity":"","overlay-gradient":""},"tablet":{"background-color":"var(--ast-global-color-5)","background-image":"","background-repeat":"repeat","background-position":"center center","background-size":"auto","background-attachment":"scroll","background-type":"","background-media":"","overlay-type":"","overlay-color":"","overlay-opacity":"","overlay-gradient":""},"mobile":{"background-color":"var(--ast-global-color-5)","background-image":"","background-repeat":"repeat","background-position":"center center","background-size":"auto","background-attachment":"scroll","background-type":"","background-media":"","overlay-type":"","overlay-color":"","overlay-opacity":"","overlay-gradient":""}}},"product_brand":[],"product_cat":[2070,84,2048,75,2050,1390],"product_tag":[],"class_list":{"0":"post-80556","1":"product","2":"type-product","3":"status-publish","4":"has-post-thumbnail","6":"product_cat-decoratif-smart-home","7":"product_cat-exterieur","8":"product_cat-interieur","9":"product_cat-maison-intelligente","10":"product_cat-plafonniers-fr","11":"product_cat-flush-mounts-outdoor-fr","12":"pa_finish-blanc","13":"pa_finish-noir","14":"desktop-align-center","15":"tablet-align-center","16":"mobile-align-center","17":"ast-product-gallery-layout-horizontal-slider","18":"ast-product-single-variable","19":"ast-product-tabs-layout-horizontal","21":"first","22":"instock","23":"taxable","24":"shipping-taxable","25":"purchasable","26":"product-type-variable","27":"wvs-archive-product-wrapper"},"acf":[],"yoast_head":"<!-- This site is optimized with the Yoast SEO plugin v27.4 - https:\/\/yoast.com\/product\/yoast-seo-wordpress\/ -->\n<title>Plafonnier 12&quot; intelligent - Dals Lighting<\/title>\n<meta name=\"robots\" content=\"index, follow, max-snippet:-1, max-image-preview:large, max-video-preview:-1\" \/>\n<link rel=\"canonical\" href=\"https:\/\/dals.com\/fr\/produit\/12-smart-flush-mount\/\" \/>\n<meta property=\"og:locale\" content=\"fr_FR\" \/>\n<meta property=\"og:type\" content=\"article\" \/>\n<meta property=\"og:title\" content=\"Plafonnier 12&quot; intelligent - Dals Lighting\" \/>\n<meta property=\"og:description\" content=\"Le design moderne rencontre l\u2019\u00e9clairage intelligent avec le Radiance Pro, un plafonnier intelligent de 12&quot; qui allie une \u00e9l\u00e9gance ultra-mince \u00e0 un contr\u00f4le intelligent avanc\u00e9. Con\u00e7u avec une bordure en m\u00e9tal \u00e9pur\u00e9e et offert en fini blanc ou noir, ce luminaire s\u2019int\u00e8gre parfaitement \u00e0 tous les plafonds tout en proposant des options de sc\u00e9narios, de personnalisation et de minuterie. Gr\u00e2ce \u00e0 l\u2019application Dals Connect ou \u00e0 la t\u00e9l\u00e9commande Clicc, vous pouvez facilement personnaliser votre espace \u2014 ajustez la luminosit\u00e9, passez d\u2019un blanc chaud \u00e0 un blanc \u00e9clatant (de 2700K \u00e0 6500K), ou choisissez parmi un large \u00e9ventail de couleurs vives pour s\u2019adapter \u00e0 votre humeur ou \u00e0 l\u2019ambiance souhait\u00e9e.\" \/>\n<meta property=\"og:url\" content=\"https:\/\/dals.com\/fr\/produit\/12-smart-flush-mount\/\" \/>\n<meta property=\"og:site_name\" content=\"Dals Lighting\" \/>\n<meta property=\"article:modified_time\" content=\"2025-12-29T14:37:41+00:00\" \/>\n<meta property=\"og:image\" content=\"https:\/\/dals.com\/wp-content\/uploads\/2025\/06\/dcp-fmm12-wh-scaled.jpg\" \/>\n\t<meta property=\"og:image:width\" content=\"2560\" \/>\n\t<meta property=\"og:image:height\" content=\"2560\" \/>\n\t<meta property=\"og:image:type\" content=\"image\/jpeg\" \/>\n<meta name=\"twitter:card\" content=\"summary_large_image\" \/>\n<meta name=\"twitter:label1\" content=\"Dur\u00e9e de lecture estim\u00e9e\" \/>\n\t<meta name=\"twitter:data1\" content=\"1 minute\" \/>\n<script type=\"application\/ld+json\" class=\"yoast-schema-graph\">{\"@context\":\"https:\\\/\\\/schema.org\",\"@graph\":[{\"@type\":\"WebPage\",\"@id\":\"https:\\\/\\\/dals.com\\\/fr\\\/produit\\\/12-smart-flush-mount\\\/\",\"url\":\"https:\\\/\\\/dals.com\\\/fr\\\/produit\\\/12-smart-flush-mount\\\/\",\"name\":\"Plafonnier 12\\\" intelligent - Dals Lighting\",\"isPartOf\":{\"@id\":\"https:\\\/\\\/dalslit.tempurl.host\\\/#website\"},\"primaryImageOfPage\":{\"@id\":\"https:\\\/\\\/dals.com\\\/fr\\\/produit\\\/12-smart-flush-mount\\\/#primaryimage\"},\"image\":{\"@id\":\"https:\\\/\\\/dals.com\\\/fr\\\/produit\\\/12-smart-flush-mount\\\/#primaryimage\"},\"thumbnailUrl\":\"https:\\\/\\\/dals.com\\\/wp-content\\\/uploads\\\/2025\\\/06\\\/dcp-fmm12-wh-scaled.jpg\",\"datePublished\":\"2025-06-17T13:00:34+00:00\",\"dateModified\":\"2025-12-29T14:37:41+00:00\",\"breadcrumb\":{\"@id\":\"https:\\\/\\\/dals.com\\\/fr\\\/produit\\\/12-smart-flush-mount\\\/#breadcrumb\"},\"inLanguage\":\"fr-FR\",\"potentialAction\":[{\"@type\":\"ReadAction\",\"target\":[\"https:\\\/\\\/dals.com\\\/fr\\\/produit\\\/12-smart-flush-mount\\\/\"]}]},{\"@type\":\"ImageObject\",\"inLanguage\":\"fr-FR\",\"@id\":\"https:\\\/\\\/dals.com\\\/fr\\\/produit\\\/12-smart-flush-mount\\\/#primaryimage\",\"url\":\"https:\\\/\\\/dals.com\\\/wp-content\\\/uploads\\\/2025\\\/06\\\/dcp-fmm12-wh-scaled.jpg\",\"contentUrl\":\"https:\\\/\\\/dals.com\\\/wp-content\\\/uploads\\\/2025\\\/06\\\/dcp-fmm12-wh-scaled.jpg\",\"width\":2560,\"height\":2560},{\"@type\":\"BreadcrumbList\",\"@id\":\"https:\\\/\\\/dals.com\\\/fr\\\/produit\\\/12-smart-flush-mount\\\/#breadcrumb\",\"itemListElement\":[{\"@type\":\"ListItem\",\"position\":1,\"name\":\"Accueil\",\"item\":\"https:\\\/\\\/dals.com\\\/fr\\\/\"},{\"@type\":\"ListItem\",\"position\":2,\"name\":\"Produits\",\"item\":\"https:\\\/\\\/dalslit.tempurl.host\\\/fr\\\/?page_id=31878\"},{\"@type\":\"ListItem\",\"position\":3,\"name\":\"Maison intelligente\",\"item\":\"https:\\\/\\\/dals.com\\\/fr\\\/categorie-produit\\\/maison-intelligente\\\/\"},{\"@type\":\"ListItem\",\"position\":4,\"name\":\"D\u00e9coratif\",\"item\":\"https:\\\/\\\/dals.com\\\/fr\\\/categorie-produit\\\/maison-intelligente\\\/decoratif-smart-home\\\/\"},{\"@type\":\"ListItem\",\"position\":5,\"name\":\"Plafonnier 12&#8243; intelligent\"}]},{\"@type\":\"WebSite\",\"@id\":\"https:\\\/\\\/dalslit.tempurl.host\\\/#website\",\"url\":\"https:\\\/\\\/dalslit.tempurl.host\\\/\",\"name\":\"Dals Lighting\",\"description\":\"Manufacturer of designer lighting products\",\"publisher\":{\"@id\":\"https:\\\/\\\/dalslit.tempurl.host\\\/#organization\"},\"potentialAction\":[{\"@type\":\"SearchAction\",\"target\":{\"@type\":\"EntryPoint\",\"urlTemplate\":\"https:\\\/\\\/dalslit.tempurl.host\\\/?s={search_term_string}\"},\"query-input\":{\"@type\":\"PropertyValueSpecification\",\"valueRequired\":true,\"valueName\":\"search_term_string\"}}],\"inLanguage\":\"fr-FR\"},{\"@type\":\"Organization\",\"@id\":\"https:\\\/\\\/dalslit.tempurl.host\\\/#organization\",\"name\":\"Dals Lighting\",\"url\":\"https:\\\/\\\/dalslit.tempurl.host\\\/\",\"logo\":{\"@type\":\"ImageObject\",\"inLanguage\":\"fr-FR\",\"@id\":\"https:\\\/\\\/dalslit.tempurl.host\\\/#\\\/schema\\\/logo\\\/image\\\/\",\"url\":\"https:\\\/\\\/dals.com\\\/wp-content\\\/uploads\\\/2020\\\/01\\\/cropped-logo-dals.png\",\"contentUrl\":\"https:\\\/\\\/dals.com\\\/wp-content\\\/uploads\\\/2020\\\/01\\\/cropped-logo-dals.png\",\"width\":\"300\",\"height\":\"125\",\"caption\":\"Dals Lighting\"},\"image\":{\"@id\":\"https:\\\/\\\/dalslit.tempurl.host\\\/#\\\/schema\\\/logo\\\/image\\\/\"}}]}<\/script>\n<!-- \/ Yoast SEO plugin. -->","yoast_head_json":{"title":"Plafonnier 12\" intelligent - Dals Lighting","robots":{"index":"index","follow":"follow","max-snippet":"max-snippet:-1","max-image-preview":"max-image-preview:large","max-video-preview":"max-video-preview:-1"},"canonical":"https:\/\/dals.com\/fr\/produit\/12-smart-flush-mount\/","og_locale":"fr_FR","og_type":"article","og_title":"Plafonnier 12\" intelligent - Dals Lighting","og_description":"Le design moderne rencontre l\u2019\u00e9clairage intelligent avec le Radiance Pro, un plafonnier intelligent de 12\" qui allie une \u00e9l\u00e9gance ultra-mince \u00e0 un contr\u00f4le intelligent avanc\u00e9. Con\u00e7u avec une bordure en m\u00e9tal \u00e9pur\u00e9e et offert en fini blanc ou noir, ce luminaire s\u2019int\u00e8gre parfaitement \u00e0 tous les plafonds tout en proposant des options de sc\u00e9narios, de personnalisation et de minuterie. Gr\u00e2ce \u00e0 l\u2019application Dals Connect ou \u00e0 la t\u00e9l\u00e9commande Clicc, vous pouvez facilement personnaliser votre espace \u2014 ajustez la luminosit\u00e9, passez d\u2019un blanc chaud \u00e0 un blanc \u00e9clatant (de 2700K \u00e0 6500K), ou choisissez parmi un large \u00e9ventail de couleurs vives pour s\u2019adapter \u00e0 votre humeur ou \u00e0 l\u2019ambiance souhait\u00e9e.","og_url":"https:\/\/dals.com\/fr\/produit\/12-smart-flush-mount\/","og_site_name":"Dals Lighting","article_modified_time":"2025-12-29T14:37:41+00:00","og_image":[{"width":2560,"height":2560,"url":"https:\/\/dals.com\/wp-content\/uploads\/2025\/06\/dcp-fmm12-wh-scaled.jpg","type":"image\/jpeg"}],"twitter_card":"summary_large_image","twitter_misc":{"Dur\u00e9e de lecture estim\u00e9e":"1 minute"},"schema":{"@context":"https:\/\/schema.org","@graph":[{"@type":"WebPage","@id":"https:\/\/dals.com\/fr\/produit\/12-smart-flush-mount\/","url":"https:\/\/dals.com\/fr\/produit\/12-smart-flush-mount\/","name":"Plafonnier 12\" intelligent - Dals Lighting","isPartOf":{"@id":"https:\/\/dalslit.tempurl.host\/#website"},"primaryImageOfPage":{"@id":"https:\/\/dals.com\/fr\/produit\/12-smart-flush-mount\/#primaryimage"},"image":{"@id":"https:\/\/dals.com\/fr\/produit\/12-smart-flush-mount\/#primaryimage"},"thumbnailUrl":"https:\/\/dals.com\/wp-content\/uploads\/2025\/06\/dcp-fmm12-wh-scaled.jpg","datePublished":"2025-06-17T13:00:34+00:00","dateModified":"2025-12-29T14:37:41+00:00","breadcrumb":{"@id":"https:\/\/dals.com\/fr\/produit\/12-smart-flush-mount\/#breadcrumb"},"inLanguage":"fr-FR","potentialAction":[{"@type":"ReadAction","target":["https:\/\/dals.com\/fr\/produit\/12-smart-flush-mount\/"]}]},{"@type":"ImageObject","inLanguage":"fr-FR","@id":"https:\/\/dals.com\/fr\/produit\/12-smart-flush-mount\/#primaryimage","url":"https:\/\/dals.com\/wp-content\/uploads\/2025\/06\/dcp-fmm12-wh-scaled.jpg","contentUrl":"https:\/\/dals.com\/wp-content\/uploads\/2025\/06\/dcp-fmm12-wh-scaled.jpg","width":2560,"height":2560},{"@type":"BreadcrumbList","@id":"https:\/\/dals.com\/fr\/produit\/12-smart-flush-mount\/#breadcrumb","itemListElement":[{"@type":"ListItem","position":1,"name":"Accueil","item":"https:\/\/dals.com\/fr\/"},{"@type":"ListItem","position":2,"name":"Produits","item":"https:\/\/dalslit.tempurl.host\/fr\/?page_id=31878"},{"@type":"ListItem","position":3,"name":"Maison intelligente","item":"https:\/\/dals.com\/fr\/categorie-produit\/maison-intelligente\/"},{"@type":"ListItem","position":4,"name":"D\u00e9coratif","item":"https:\/\/dals.com\/fr\/categorie-produit\/maison-intelligente\/decoratif-smart-home\/"},{"@type":"ListItem","position":5,"name":"Plafonnier 12&#8243; intelligent"}]},{"@type":"WebSite","@id":"https:\/\/dalslit.tempurl.host\/#website","url":"https:\/\/dalslit.tempurl.host\/","name":"Dals Lighting","description":"Manufacturer of designer lighting products","publisher":{"@id":"https:\/\/dalslit.tempurl.host\/#organization"},"potentialAction":[{"@type":"SearchAction","target":{"@type":"EntryPoint","urlTemplate":"https:\/\/dalslit.tempurl.host\/?s={search_term_string}"},"query-input":{"@type":"PropertyValueSpecification","valueRequired":true,"valueName":"search_term_string"}}],"inLanguage":"fr-FR"},{"@type":"Organization","@id":"https:\/\/dalslit.tempurl.host\/#organization","name":"Dals Lighting","url":"https:\/\/dalslit.tempurl.host\/","logo":{"@type":"ImageObject","inLanguage":"fr-FR","@id":"https:\/\/dalslit.tempurl.host\/#\/schema\/logo\/image\/","url":"https:\/\/dals.com\/wp-content\/uploads\/2020\/01\/cropped-logo-dals.png","contentUrl":"https:\/\/dals.com\/wp-content\/uploads\/2020\/01\/cropped-logo-dals.png","width":"300","height":"125","caption":"Dals Lighting"},"image":{"@id":"https:\/\/dalslit.tempurl.host\/#\/schema\/logo\/image\/"}}]}},"_links":{"self":[{"href":"https:\/\/dals.com\/fr\/wp-json\/wp\/v2\/product\/80556","targetHints":{"allow":["GET"]}}],"collection":[{"href":"https:\/\/dals.com\/fr\/wp-json\/wp\/v2\/product"}],"about":[{"href":"https:\/\/dals.com\/fr\/wp-json\/wp\/v2\/types\/product"}],"wp:featuredmedia":[{"embeddable":true,"href":"https:\/\/dals.com\/fr\/wp-json\/wp\/v2\/media\/80081"}],"wp:attachment":[{"href":"https:\/\/dals.com\/fr\/wp-json\/wp\/v2\/media?parent=80556"}],"wp:term":[{"taxonomy":"product_brand","embeddable":true,"href":"https:\/\/dals.com\/fr\/wp-json\/wp\/v2\/product_brand?post=80556"},{"taxonomy":"product_cat","embeddable":true,"href":"https:\/\/dals.com\/fr\/wp-json\/wp\/v2\/product_cat?post=80556"},{"taxonomy":"product_tag","embeddable":true,"href":"https:\/\/dals.com\/fr\/wp-json\/wp\/v2\/product_tag?post=80556"}],"curies":[{"name":"wp","href":"https:\/\/api.w.org\/{rel}","templated":true}]}}