{"id":78903,"date":"2025-04-17T14:30:47","date_gmt":"2025-04-17T18:30:47","guid":{"rendered":"https:\/\/dals.com\/?post_type=product&#038;p=78903"},"modified":"2025-06-04T18:09:01","modified_gmt":"2025-06-04T22:09:01","slug":"dcp-hub-pro-hub","status":"publish","type":"product","link":"https:\/\/dals.com\/fr\/produit\/dcp-hub-pro-hub\/","title":{"rendered":"Pro hub"},"content":{"rendered":"\t\t<section class=\"elem-breadcrumbs elementor-element elementor-section-boxed elementor-section-height-default elementor-section-height-default elementor-section elementor-top-section\" data-element_type=\"section\" style=\"margin-bottom:30px\">\n\t<div class=\"elementor-container elementor-column-gap-default\">\n\t\t<div class=\"elementor-row\">\n\t\t\t<div class=\"elementor-element elementor-column elementor-col-100 elementor-top-column >\n\t\t\t\t<div class=\"elementor-column-wrap  elementor-element-populated\">\n\t\t\t\t\t<div class=\"elementor-widget-wrap\">\n\t\t\t\t\t\t<div class=\"elementor-element elementor-widget elementor-widget-breadcrumbs\" data-element_type=\"widget\" data-widget_type=\"breadcrumbs.default\">\n\t\t\t\t\t\t\t<div class=\"elementor-widget-container\">\n\t\t\t\t\t\t\t\t<span><span><a href=\"https:\/\/dals.com\/fr\/\">Accueil<\/a><\/span><\/span>\t\t\t\t\t\t\t<\/div>\n\t\t\t\t\t\t<\/div>\n\t\t\t\t\t<\/div>\n\t\t\t\t<\/div>\n\t\t\t<\/div>\n\t\t<\/div>\n\t<\/div>\n<\/section>\n\n<ul>\n<li>Contr\u00f4le via l\u2019application Dals Connect<\/li>\n<li>Nombre d\u2019appareils intelligents pris en charge par hub : 200<\/li>\n<li>Peut \u00eatre contr\u00f4l\u00e9 localement (sans connexion Internet)<\/li>\n<li>Peut \u00eatre aliment\u00e9 par n\u2019importe quel port USB avec alimentation<\/li>\n<li>Compatible avec les appareils Dals Connect PRO<\/li>\n<li>Connexion s\u00e9curis\u00e9e<\/li>\n<li>Permet le contr\u00f4le vocal via assistants vocaux<\/li>\n<li>Prend en charge les protocoles Wi-Fi et BLE Mesh<\/li>\n<li>Prend en charge une connexion Internet filaire avec un c\u00e2ble Ethernet<\/li>\n<li>Garantie de 5 ans<\/li>\n<\/ul>\n","protected":false},"excerpt":{"rendered":"<p>Lib\u00e9rez toute la puissance de Dals Connect Pro ! Faites passer votre \u00e9clairage intelligent au niveau sup\u00e9rieur avec le Dals Connect Pro Hub &#8211; le c\u0153ur et le cerveau de votre \u00e9cosyst\u00e8me d&rsquo;\u00e9clairage. Alors que Bluetooth vous permet de profiter de l&rsquo;essentiel, le Pro Hub ouvre la porte \u00e0 une exp\u00e9rience intelligente compl\u00e8te : contr\u00f4lez vos lumi\u00e8res de n&rsquo;importe o\u00f9 dans le monde, cr\u00e9ez une automatisation transparente et profitez d&rsquo;un \u00e9clairage surround immersif.<\/p>\n<p> Simple \u00e0 configurer, le Pro Hub se connecte \u00e0 votre routeur et donne vie \u00e0 l&rsquo;ensemble de votre collection Dals Connect Pro. Ajoutez des accessoires, int\u00e9grez votre assistant vocal pr\u00e9f\u00e9r\u00e9 et cr\u00e9ez une exp\u00e9rience d&rsquo;\u00e9clairage qui vous r\u00e9pond vraiment, \u00e0 tout moment et en tout lieu.<\/p>\n","protected":false},"featured_media":78802,"template":"","meta":{"_acf_changed":false,"site-sidebar-layout":"default","site-content-layout":"","ast-site-content-layout":"default","site-content-style":"default","site-sidebar-style":"default","ast-global-header-display":"","ast-banner-title-visibility":"","ast-main-header-display":"","ast-hfb-above-header-display":"","ast-hfb-below-header-display":"","ast-hfb-mobile-header-display":"","site-post-title":"","ast-breadcrumbs-content":"","ast-featured-img":"","footer-sml-layout":"","ast-disable-related-posts":"","theme-transparent-header-meta":"default","adv-header-id-meta":"","stick-header-meta":"default","header-above-stick-meta":"","header-main-stick-meta":"","header-below-stick-meta":"","astra-migrate-meta-layouts":"set","ast-page-background-enabled":"default","ast-page-background-meta":{"desktop":{"background-color":"","background-image":"","background-repeat":"repeat","background-position":"center center","background-size":"auto","background-attachment":"scroll","background-type":"","background-media":"","overlay-type":"","overlay-color":"","overlay-opacity":"","overlay-gradient":""},"tablet":{"background-color":"","background-image":"","background-repeat":"repeat","background-position":"center center","background-size":"auto","background-attachment":"scroll","background-type":"","background-media":"","overlay-type":"","overlay-color":"","overlay-opacity":"","overlay-gradient":""},"mobile":{"background-color":"","background-image":"","background-repeat":"repeat","background-position":"center center","background-size":"auto","background-attachment":"scroll","background-type":"","background-media":"","overlay-type":"","overlay-color":"","overlay-opacity":"","overlay-gradient":""}},"ast-content-background-meta":{"desktop":{"background-color":"var(--ast-global-color-5)","background-image":"","background-repeat":"repeat","background-position":"center center","background-size":"auto","background-attachment":"scroll","background-type":"","background-media":"","overlay-type":"","overlay-color":"","overlay-opacity":"","overlay-gradient":""},"tablet":{"background-color":"var(--ast-global-color-5)","background-image":"","background-repeat":"repeat","background-position":"center center","background-size":"auto","background-attachment":"scroll","background-type":"","background-media":"","overlay-type":"","overlay-color":"","overlay-opacity":"","overlay-gradient":""},"mobile":{"background-color":"var(--ast-global-color-5)","background-image":"","background-repeat":"repeat","background-position":"center center","background-size":"auto","background-attachment":"scroll","background-type":"","background-media":"","overlay-type":"","overlay-color":"","overlay-opacity":"","overlay-gradient":""}}},"product_brand":[],"product_cat":[1514,1483,75,2055,2056],"product_tag":[],"class_list":{"0":"post-78903","1":"product","2":"type-product","3":"status-publish","4":"has-post-thumbnail","6":"product_cat-accessories-smart_fr","7":"product_cat-disponible","8":"product_cat-maison-intelligente","9":"product_cat-paysager-fr","10":"product_cat-transformateurs-accessoires-fr","11":"desktop-align-center","12":"tablet-align-center","13":"mobile-align-center","14":"ast-product-gallery-layout-horizontal-slider","15":"ast-product-tabs-layout-horizontal","17":"first","18":"instock","19":"taxable","20":"shipping-taxable","21":"product-type-simple"},"acf":[],"yoast_head":"<!-- This site is optimized with the Yoast SEO plugin v27.3 - https:\/\/yoast.com\/product\/yoast-seo-wordpress\/ -->\n<title>Pro hub - Dals Lighting<\/title>\n<meta name=\"robots\" content=\"index, follow, max-snippet:-1, max-image-preview:large, max-video-preview:-1\" \/>\n<link rel=\"canonical\" href=\"https:\/\/dals.com\/fr\/produit\/dcp-hub-pro-hub\/\" \/>\n<meta property=\"og:locale\" content=\"fr_FR\" \/>\n<meta property=\"og:type\" content=\"article\" \/>\n<meta property=\"og:title\" content=\"Pro hub - Dals Lighting\" \/>\n<meta property=\"og:description\" content=\"Lib\u00e9rez toute la puissance de Dals Connect Pro ! Faites passer votre \u00e9clairage intelligent au niveau sup\u00e9rieur avec le Dals Connect Pro Hub - le c\u0153ur et le cerveau de votre \u00e9cosyst\u00e8me d&#039;\u00e9clairage. Alors que Bluetooth vous permet de profiter de l&#039;essentiel, le Pro Hub ouvre la porte \u00e0 une exp\u00e9rience intelligente compl\u00e8te : contr\u00f4lez vos lumi\u00e8res de n&#039;importe o\u00f9 dans le monde, cr\u00e9ez une automatisation transparente et profitez d&#039;un \u00e9clairage surround immersif.  Simple \u00e0 configurer, le Pro Hub se connecte \u00e0 votre routeur et donne vie \u00e0 l&#039;ensemble de votre collection Dals Connect Pro. Ajoutez des accessoires, int\u00e9grez votre assistant vocal pr\u00e9f\u00e9r\u00e9 et cr\u00e9ez une exp\u00e9rience d&#039;\u00e9clairage qui vous r\u00e9pond vraiment, \u00e0 tout moment et en tout lieu.\" \/>\n<meta property=\"og:url\" content=\"https:\/\/dals.com\/fr\/produit\/dcp-hub-pro-hub\/\" \/>\n<meta property=\"og:site_name\" content=\"Dals Lighting\" \/>\n<meta property=\"article:modified_time\" content=\"2025-06-04T22:09:01+00:00\" \/>\n<meta property=\"og:image\" content=\"https:\/\/dals.com\/wp-content\/uploads\/2025\/04\/dcp-hub-main-view-scaled.jpg\" \/>\n\t<meta property=\"og:image:width\" content=\"2560\" \/>\n\t<meta property=\"og:image:height\" content=\"2560\" \/>\n\t<meta property=\"og:image:type\" content=\"image\/jpeg\" \/>\n<meta name=\"twitter:card\" content=\"summary_large_image\" \/>\n<meta name=\"twitter:label1\" content=\"Dur\u00e9e de lecture estim\u00e9e\" \/>\n\t<meta name=\"twitter:data1\" content=\"1 minute\" \/>\n<script type=\"application\/ld+json\" class=\"yoast-schema-graph\">{\"@context\":\"https:\\\/\\\/schema.org\",\"@graph\":[{\"@type\":\"WebPage\",\"@id\":\"https:\\\/\\\/dals.com\\\/fr\\\/produit\\\/dcp-hub-pro-hub\\\/\",\"url\":\"https:\\\/\\\/dals.com\\\/fr\\\/produit\\\/dcp-hub-pro-hub\\\/\",\"name\":\"Pro hub - Dals Lighting\",\"isPartOf\":{\"@id\":\"https:\\\/\\\/dalslit.tempurl.host\\\/#website\"},\"primaryImageOfPage\":{\"@id\":\"https:\\\/\\\/dals.com\\\/fr\\\/produit\\\/dcp-hub-pro-hub\\\/#primaryimage\"},\"image\":{\"@id\":\"https:\\\/\\\/dals.com\\\/fr\\\/produit\\\/dcp-hub-pro-hub\\\/#primaryimage\"},\"thumbnailUrl\":\"https:\\\/\\\/dals.com\\\/wp-content\\\/uploads\\\/2025\\\/04\\\/dcp-hub-main-view-scaled.jpg\",\"datePublished\":\"2025-04-17T18:30:47+00:00\",\"dateModified\":\"2025-06-04T22:09:01+00:00\",\"breadcrumb\":{\"@id\":\"https:\\\/\\\/dals.com\\\/fr\\\/produit\\\/dcp-hub-pro-hub\\\/#breadcrumb\"},\"inLanguage\":\"fr-FR\",\"potentialAction\":[{\"@type\":\"ReadAction\",\"target\":[\"https:\\\/\\\/dals.com\\\/fr\\\/produit\\\/dcp-hub-pro-hub\\\/\"]}]},{\"@type\":\"ImageObject\",\"inLanguage\":\"fr-FR\",\"@id\":\"https:\\\/\\\/dals.com\\\/fr\\\/produit\\\/dcp-hub-pro-hub\\\/#primaryimage\",\"url\":\"https:\\\/\\\/dals.com\\\/wp-content\\\/uploads\\\/2025\\\/04\\\/dcp-hub-main-view-scaled.jpg\",\"contentUrl\":\"https:\\\/\\\/dals.com\\\/wp-content\\\/uploads\\\/2025\\\/04\\\/dcp-hub-main-view-scaled.jpg\",\"width\":2560,\"height\":2560},{\"@type\":\"BreadcrumbList\",\"@id\":\"https:\\\/\\\/dals.com\\\/fr\\\/produit\\\/dcp-hub-pro-hub\\\/#breadcrumb\",\"itemListElement\":[{\"@type\":\"ListItem\",\"position\":1,\"name\":\"Accueil\",\"item\":\"https:\\\/\\\/dals.com\\\/fr\\\/\"},{\"@type\":\"ListItem\",\"position\":2,\"name\":\"Produits\",\"item\":\"https:\\\/\\\/dalslit.tempurl.host\\\/fr\\\/?page_id=31878\"},{\"@type\":\"ListItem\",\"position\":3,\"name\":\"Maison intelligente\",\"item\":\"https:\\\/\\\/dals.com\\\/fr\\\/categorie-produit\\\/maison-intelligente\\\/\"},{\"@type\":\"ListItem\",\"position\":4,\"name\":\"Accessoires\",\"item\":\"https:\\\/\\\/dals.com\\\/fr\\\/categorie-produit\\\/maison-intelligente\\\/accessories-smart_fr\\\/\"},{\"@type\":\"ListItem\",\"position\":5,\"name\":\"DCP-HUB &#8211; Pro hub\"}]},{\"@type\":\"WebSite\",\"@id\":\"https:\\\/\\\/dalslit.tempurl.host\\\/#website\",\"url\":\"https:\\\/\\\/dalslit.tempurl.host\\\/\",\"name\":\"Dals Lighting\",\"description\":\"Manufacturer of designer lighting products\",\"publisher\":{\"@id\":\"https:\\\/\\\/dalslit.tempurl.host\\\/#organization\"},\"potentialAction\":[{\"@type\":\"SearchAction\",\"target\":{\"@type\":\"EntryPoint\",\"urlTemplate\":\"https:\\\/\\\/dalslit.tempurl.host\\\/?s={search_term_string}\"},\"query-input\":{\"@type\":\"PropertyValueSpecification\",\"valueRequired\":true,\"valueName\":\"search_term_string\"}}],\"inLanguage\":\"fr-FR\"},{\"@type\":\"Organization\",\"@id\":\"https:\\\/\\\/dalslit.tempurl.host\\\/#organization\",\"name\":\"Dals Lighting\",\"url\":\"https:\\\/\\\/dalslit.tempurl.host\\\/\",\"logo\":{\"@type\":\"ImageObject\",\"inLanguage\":\"fr-FR\",\"@id\":\"https:\\\/\\\/dalslit.tempurl.host\\\/#\\\/schema\\\/logo\\\/image\\\/\",\"url\":\"https:\\\/\\\/dals.com\\\/wp-content\\\/uploads\\\/2020\\\/01\\\/cropped-logo-dals.png\",\"contentUrl\":\"https:\\\/\\\/dals.com\\\/wp-content\\\/uploads\\\/2020\\\/01\\\/cropped-logo-dals.png\",\"width\":\"300\",\"height\":\"125\",\"caption\":\"Dals Lighting\"},\"image\":{\"@id\":\"https:\\\/\\\/dalslit.tempurl.host\\\/#\\\/schema\\\/logo\\\/image\\\/\"}}]}<\/script>\n<!-- \/ Yoast SEO plugin. -->","yoast_head_json":{"title":"Pro hub - Dals Lighting","robots":{"index":"index","follow":"follow","max-snippet":"max-snippet:-1","max-image-preview":"max-image-preview:large","max-video-preview":"max-video-preview:-1"},"canonical":"https:\/\/dals.com\/fr\/produit\/dcp-hub-pro-hub\/","og_locale":"fr_FR","og_type":"article","og_title":"Pro hub - Dals Lighting","og_description":"Lib\u00e9rez toute la puissance de Dals Connect Pro ! Faites passer votre \u00e9clairage intelligent au niveau sup\u00e9rieur avec le Dals Connect Pro Hub - le c\u0153ur et le cerveau de votre \u00e9cosyst\u00e8me d'\u00e9clairage. Alors que Bluetooth vous permet de profiter de l'essentiel, le Pro Hub ouvre la porte \u00e0 une exp\u00e9rience intelligente compl\u00e8te : contr\u00f4lez vos lumi\u00e8res de n'importe o\u00f9 dans le monde, cr\u00e9ez une automatisation transparente et profitez d'un \u00e9clairage surround immersif.  Simple \u00e0 configurer, le Pro Hub se connecte \u00e0 votre routeur et donne vie \u00e0 l'ensemble de votre collection Dals Connect Pro. Ajoutez des accessoires, int\u00e9grez votre assistant vocal pr\u00e9f\u00e9r\u00e9 et cr\u00e9ez une exp\u00e9rience d'\u00e9clairage qui vous r\u00e9pond vraiment, \u00e0 tout moment et en tout lieu.","og_url":"https:\/\/dals.com\/fr\/produit\/dcp-hub-pro-hub\/","og_site_name":"Dals Lighting","article_modified_time":"2025-06-04T22:09:01+00:00","og_image":[{"width":2560,"height":2560,"url":"https:\/\/dals.com\/wp-content\/uploads\/2025\/04\/dcp-hub-main-view-scaled.jpg","type":"image\/jpeg"}],"twitter_card":"summary_large_image","twitter_misc":{"Dur\u00e9e de lecture estim\u00e9e":"1 minute"},"schema":{"@context":"https:\/\/schema.org","@graph":[{"@type":"WebPage","@id":"https:\/\/dals.com\/fr\/produit\/dcp-hub-pro-hub\/","url":"https:\/\/dals.com\/fr\/produit\/dcp-hub-pro-hub\/","name":"Pro hub - Dals Lighting","isPartOf":{"@id":"https:\/\/dalslit.tempurl.host\/#website"},"primaryImageOfPage":{"@id":"https:\/\/dals.com\/fr\/produit\/dcp-hub-pro-hub\/#primaryimage"},"image":{"@id":"https:\/\/dals.com\/fr\/produit\/dcp-hub-pro-hub\/#primaryimage"},"thumbnailUrl":"https:\/\/dals.com\/wp-content\/uploads\/2025\/04\/dcp-hub-main-view-scaled.jpg","datePublished":"2025-04-17T18:30:47+00:00","dateModified":"2025-06-04T22:09:01+00:00","breadcrumb":{"@id":"https:\/\/dals.com\/fr\/produit\/dcp-hub-pro-hub\/#breadcrumb"},"inLanguage":"fr-FR","potentialAction":[{"@type":"ReadAction","target":["https:\/\/dals.com\/fr\/produit\/dcp-hub-pro-hub\/"]}]},{"@type":"ImageObject","inLanguage":"fr-FR","@id":"https:\/\/dals.com\/fr\/produit\/dcp-hub-pro-hub\/#primaryimage","url":"https:\/\/dals.com\/wp-content\/uploads\/2025\/04\/dcp-hub-main-view-scaled.jpg","contentUrl":"https:\/\/dals.com\/wp-content\/uploads\/2025\/04\/dcp-hub-main-view-scaled.jpg","width":2560,"height":2560},{"@type":"BreadcrumbList","@id":"https:\/\/dals.com\/fr\/produit\/dcp-hub-pro-hub\/#breadcrumb","itemListElement":[{"@type":"ListItem","position":1,"name":"Accueil","item":"https:\/\/dals.com\/fr\/"},{"@type":"ListItem","position":2,"name":"Produits","item":"https:\/\/dalslit.tempurl.host\/fr\/?page_id=31878"},{"@type":"ListItem","position":3,"name":"Maison intelligente","item":"https:\/\/dals.com\/fr\/categorie-produit\/maison-intelligente\/"},{"@type":"ListItem","position":4,"name":"Accessoires","item":"https:\/\/dals.com\/fr\/categorie-produit\/maison-intelligente\/accessories-smart_fr\/"},{"@type":"ListItem","position":5,"name":"DCP-HUB &#8211; Pro hub"}]},{"@type":"WebSite","@id":"https:\/\/dalslit.tempurl.host\/#website","url":"https:\/\/dalslit.tempurl.host\/","name":"Dals Lighting","description":"Manufacturer of designer lighting products","publisher":{"@id":"https:\/\/dalslit.tempurl.host\/#organization"},"potentialAction":[{"@type":"SearchAction","target":{"@type":"EntryPoint","urlTemplate":"https:\/\/dalslit.tempurl.host\/?s={search_term_string}"},"query-input":{"@type":"PropertyValueSpecification","valueRequired":true,"valueName":"search_term_string"}}],"inLanguage":"fr-FR"},{"@type":"Organization","@id":"https:\/\/dalslit.tempurl.host\/#organization","name":"Dals Lighting","url":"https:\/\/dalslit.tempurl.host\/","logo":{"@type":"ImageObject","inLanguage":"fr-FR","@id":"https:\/\/dalslit.tempurl.host\/#\/schema\/logo\/image\/","url":"https:\/\/dals.com\/wp-content\/uploads\/2020\/01\/cropped-logo-dals.png","contentUrl":"https:\/\/dals.com\/wp-content\/uploads\/2020\/01\/cropped-logo-dals.png","width":"300","height":"125","caption":"Dals Lighting"},"image":{"@id":"https:\/\/dalslit.tempurl.host\/#\/schema\/logo\/image\/"}}]}},"_links":{"self":[{"href":"https:\/\/dals.com\/fr\/wp-json\/wp\/v2\/product\/78903","targetHints":{"allow":["GET"]}}],"collection":[{"href":"https:\/\/dals.com\/fr\/wp-json\/wp\/v2\/product"}],"about":[{"href":"https:\/\/dals.com\/fr\/wp-json\/wp\/v2\/types\/product"}],"wp:featuredmedia":[{"embeddable":true,"href":"https:\/\/dals.com\/fr\/wp-json\/wp\/v2\/media\/78802"}],"wp:attachment":[{"href":"https:\/\/dals.com\/fr\/wp-json\/wp\/v2\/media?parent=78903"}],"wp:term":[{"taxonomy":"product_brand","embeddable":true,"href":"https:\/\/dals.com\/fr\/wp-json\/wp\/v2\/product_brand?post=78903"},{"taxonomy":"product_cat","embeddable":true,"href":"https:\/\/dals.com\/fr\/wp-json\/wp\/v2\/product_cat?post=78903"},{"taxonomy":"product_tag","embeddable":true,"href":"https:\/\/dals.com\/fr\/wp-json\/wp\/v2\/product_tag?post=78903"}],"curies":[{"name":"wp","href":"https:\/\/api.w.org\/{rel}","templated":true}]}}