{"id":76034,"date":"2025-01-06T08:00:26","date_gmt":"2025-01-06T13:00:26","guid":{"rendered":"https:\/\/dals.com\/product\/rc03-cc\/"},"modified":"2026-03-23T15:03:06","modified_gmt":"2026-03-23T19:03:06","slug":"rc03-cc","status":"publish","type":"product","link":"https:\/\/dals.com\/fr\/produit\/rc03-cc\/","title":{"rendered":"Encastr\u00e9 modulaire 3&Prime;"},"content":{"rendered":"\t\t<section class=\"elem-breadcrumbs elementor-element elementor-section-boxed elementor-section-height-default elementor-section-height-default elementor-section elementor-top-section\" data-element_type=\"section\" style=\"margin-bottom:30px\">\n\t<div class=\"elementor-container elementor-column-gap-default\">\n\t\t<div class=\"elementor-row\">\n\t\t\t<div class=\"elementor-element elementor-column elementor-col-100 elementor-top-column >\n\t\t\t\t<div class=\"elementor-column-wrap  elementor-element-populated\">\n\t\t\t\t\t<div class=\"elementor-widget-wrap\">\n\t\t\t\t\t\t<div class=\"elementor-element elementor-widget elementor-widget-breadcrumbs\" data-element_type=\"widget\" data-widget_type=\"breadcrumbs.default\">\n\t\t\t\t\t\t\t<div class=\"elementor-widget-container\">\n\t\t\t\t\t\t\t\t<span><span><a href=\"https:\/\/dals.com\/fr\/\">Accueil<\/a><\/span><\/span>\t\t\t\t\t\t\t<\/div>\n\t\t\t\t\t\t<\/div>\n\t\t\t\t\t<\/div>\n\t\t\t\t<\/div>\n\t\t\t<\/div>\n\t\t<\/div>\n\t<\/div>\n<\/section>\n\n<ul>\n<li class=\"p1\">Chaque luminaire inclut une bo\u00eete de jonction avec transformateur gradable int\u00e9gr\u00e9<\/li>\n<li class=\"p1\">La puissance multi-watt permet de choisir parmi trois niveaux de puissance pour ajuster la luminosit\u00e9 directement sur la bo\u00eete de jonction<\/li>\n<li class=\"p1\">Peut \u00eatre c\u00e2bl\u00e9 en s\u00e9rie<\/li>\n<li class=\"p1\">Construction en aluminium<\/li>\n<li class=\"p1\">S\u00e9lecteur rotatif permettant de choisir la temp\u00e9rature de couleur (CCT)<\/li>\n<li class=\"p1\">Angles de faisceau de 20\u00b0, 35\u00b0 ou 60\u00b0<\/li>\n<li class=\"p1\">Garantie de 5 ans<\/li>\n<\/ul>\n","protected":false},"excerpt":{"rendered":"<p>Une solution d&rsquo;\u00e9clairage encastr\u00e9 polyvalente disponible en tailles de trois, quatre et six pouces, avec des finitions, des garnitures, des lentilles et des r\u00e9flecteurs personnalisables, avec des options pour les installations standard, de plafond inclin\u00e9 et sans bordure, le tout avec une compatibilit\u00e9 multi-tension. Parfait pour les espaces commerciaux ou r\u00e9sidentiels.<\/p>\n<p>FLEXIBILIT\u00c9 ACCRUE!<br \/>\nD\u00e9sormais am\u00e9lior\u00e9e avec un r\u00e9flecteur directionnel et une garniture \u00e0 effet mural, la gamme Moda ajoute 154 nouvelles options de configuration pour offrir une flexibilit\u00e9 de conception encore plus grande.<\/p>\n","protected":false},"featured_media":72727,"template":"","meta":{"_acf_changed":false,"site-sidebar-layout":"default","site-content-layout":"","ast-site-content-layout":"default","site-content-style":"default","site-sidebar-style":"default","ast-global-header-display":"","ast-banner-title-visibility":"","ast-main-header-display":"","ast-hfb-above-header-display":"","ast-hfb-below-header-display":"","ast-hfb-mobile-header-display":"","site-post-title":"","ast-breadcrumbs-content":"","ast-featured-img":"","footer-sml-layout":"","ast-disable-related-posts":"","theme-transparent-header-meta":"default","adv-header-id-meta":"","stick-header-meta":"default","header-above-stick-meta":"","header-main-stick-meta":"","header-below-stick-meta":"","astra-migrate-meta-layouts":"set","ast-page-background-enabled":"default","ast-page-background-meta":{"desktop":{"background-color":"","background-image":"","background-repeat":"repeat","background-position":"center center","background-size":"auto","background-attachment":"scroll","background-type":"","background-media":"","overlay-type":"","overlay-color":"","overlay-opacity":"","overlay-gradient":""},"tablet":{"background-color":"","background-image":"","background-repeat":"repeat","background-position":"center center","background-size":"auto","background-attachment":"scroll","background-type":"","background-media":"","overlay-type":"","overlay-color":"","overlay-opacity":"","overlay-gradient":""},"mobile":{"background-color":"","background-image":"","background-repeat":"repeat","background-position":"center center","background-size":"auto","background-attachment":"scroll","background-type":"","background-media":"","overlay-type":"","overlay-color":"","overlay-opacity":"","overlay-gradient":""}},"ast-content-background-meta":{"desktop":{"background-color":"var(--ast-global-color-5)","background-image":"","background-repeat":"repeat","background-position":"center center","background-size":"auto","background-attachment":"scroll","background-type":"","background-media":"","overlay-type":"","overlay-color":"","overlay-opacity":"","overlay-gradient":""},"tablet":{"background-color":"var(--ast-global-color-5)","background-image":"","background-repeat":"repeat","background-position":"center center","background-size":"auto","background-attachment":"scroll","background-type":"","background-media":"","overlay-type":"","overlay-color":"","overlay-opacity":"","overlay-gradient":""},"mobile":{"background-color":"var(--ast-global-color-5)","background-image":"","background-repeat":"repeat","background-position":"center center","background-size":"auto","background-attachment":"scroll","background-type":"","background-media":"","overlay-type":"","overlay-color":"","overlay-opacity":"","overlay-gradient":""}}},"product_brand":[],"product_cat":[18,3019,2515,1830],"product_tag":[],"class_list":{"0":"post-76034","1":"product","2":"type-product","3":"status-publish","4":"has-post-thumbnail","6":"product_cat-encastres","7":"product_cat-moda-fr","8":"product_cat-modular-fr","9":"product_cat-newproducts-fr","10":"desktop-align-center","11":"tablet-align-center","12":"mobile-align-center","13":"ast-product-gallery-layout-horizontal-slider","14":"ast-product-single-variable","15":"ast-product-tabs-layout-horizontal","17":"first","18":"instock","19":"taxable","20":"shipping-taxable","21":"purchasable","22":"product-type-variable","23":"wvs-archive-product-wrapper"},"acf":[],"yoast_head":"<!-- This site is optimized with the Yoast SEO plugin v27.3 - https:\/\/yoast.com\/product\/yoast-seo-wordpress\/ -->\n<title>Encastr\u00e9 modulaire 3&quot; - Dals Lighting<\/title>\n<meta name=\"robots\" content=\"index, follow, max-snippet:-1, max-image-preview:large, max-video-preview:-1\" \/>\n<link rel=\"canonical\" href=\"https:\/\/dals.com\/fr\/produit\/rc03-cc\/\" \/>\n<meta property=\"og:locale\" content=\"fr_FR\" \/>\n<meta property=\"og:type\" content=\"article\" \/>\n<meta property=\"og:title\" content=\"Encastr\u00e9 modulaire 3&quot; - Dals Lighting\" \/>\n<meta property=\"og:description\" content=\"Une solution d&#039;\u00e9clairage encastr\u00e9 polyvalente disponible en tailles de trois, quatre et six pouces, avec des finitions, des garnitures, des lentilles et des r\u00e9flecteurs personnalisables, avec des options pour les installations standard, de plafond inclin\u00e9 et sans bordure, le tout avec une compatibilit\u00e9 multi-tension. Parfait pour les espaces commerciaux ou r\u00e9sidentiels.  FLEXIBILIT\u00c9 ACCRUE! D\u00e9sormais am\u00e9lior\u00e9e avec un r\u00e9flecteur directionnel et une garniture \u00e0 effet mural, la gamme Moda ajoute 154 nouvelles options de configuration pour offrir une flexibilit\u00e9 de conception encore plus grande.\" \/>\n<meta property=\"og:url\" content=\"https:\/\/dals.com\/fr\/produit\/rc03-cc\/\" \/>\n<meta property=\"og:site_name\" content=\"Dals Lighting\" \/>\n<meta property=\"article:modified_time\" content=\"2026-03-23T19:03:06+00:00\" \/>\n<meta property=\"og:image\" content=\"https:\/\/dals.com\/wp-content\/uploads\/2025\/01\/exploded-view-3-scaled.jpg\" \/>\n\t<meta property=\"og:image:width\" content=\"2560\" \/>\n\t<meta property=\"og:image:height\" content=\"2560\" \/>\n\t<meta property=\"og:image:type\" content=\"image\/jpeg\" \/>\n<meta name=\"twitter:card\" content=\"summary_large_image\" \/>\n<meta name=\"twitter:label1\" content=\"Dur\u00e9e de lecture estim\u00e9e\" \/>\n\t<meta name=\"twitter:data1\" content=\"1 minute\" \/>\n<script type=\"application\/ld+json\" class=\"yoast-schema-graph\">{\"@context\":\"https:\\\/\\\/schema.org\",\"@graph\":[{\"@type\":\"WebPage\",\"@id\":\"https:\\\/\\\/dals.com\\\/fr\\\/produit\\\/rc03-cc\\\/\",\"url\":\"https:\\\/\\\/dals.com\\\/fr\\\/produit\\\/rc03-cc\\\/\",\"name\":\"Encastr\u00e9 modulaire 3\\\" - Dals Lighting\",\"isPartOf\":{\"@id\":\"https:\\\/\\\/dalslit.tempurl.host\\\/#website\"},\"primaryImageOfPage\":{\"@id\":\"https:\\\/\\\/dals.com\\\/fr\\\/produit\\\/rc03-cc\\\/#primaryimage\"},\"image\":{\"@id\":\"https:\\\/\\\/dals.com\\\/fr\\\/produit\\\/rc03-cc\\\/#primaryimage\"},\"thumbnailUrl\":\"https:\\\/\\\/dals.com\\\/wp-content\\\/uploads\\\/2025\\\/01\\\/exploded-view-3-scaled.jpg\",\"datePublished\":\"2025-01-06T13:00:26+00:00\",\"dateModified\":\"2026-03-23T19:03:06+00:00\",\"breadcrumb\":{\"@id\":\"https:\\\/\\\/dals.com\\\/fr\\\/produit\\\/rc03-cc\\\/#breadcrumb\"},\"inLanguage\":\"fr-FR\",\"potentialAction\":[{\"@type\":\"ReadAction\",\"target\":[\"https:\\\/\\\/dals.com\\\/fr\\\/produit\\\/rc03-cc\\\/\"]}]},{\"@type\":\"ImageObject\",\"inLanguage\":\"fr-FR\",\"@id\":\"https:\\\/\\\/dals.com\\\/fr\\\/produit\\\/rc03-cc\\\/#primaryimage\",\"url\":\"https:\\\/\\\/dals.com\\\/wp-content\\\/uploads\\\/2025\\\/01\\\/exploded-view-3-scaled.jpg\",\"contentUrl\":\"https:\\\/\\\/dals.com\\\/wp-content\\\/uploads\\\/2025\\\/01\\\/exploded-view-3-scaled.jpg\",\"width\":2560,\"height\":2560},{\"@type\":\"BreadcrumbList\",\"@id\":\"https:\\\/\\\/dals.com\\\/fr\\\/produit\\\/rc03-cc\\\/#breadcrumb\",\"itemListElement\":[{\"@type\":\"ListItem\",\"position\":1,\"name\":\"Accueil\",\"item\":\"https:\\\/\\\/dals.com\\\/fr\\\/\"},{\"@type\":\"ListItem\",\"position\":2,\"name\":\"Produits\",\"item\":\"https:\\\/\\\/dalslit.tempurl.host\\\/fr\\\/?page_id=31878\"},{\"@type\":\"ListItem\",\"position\":3,\"name\":\"Nouveaux produits\",\"item\":\"https:\\\/\\\/dals.com\\\/fr\\\/categorie-produit\\\/newproducts-fr\\\/\"},{\"@type\":\"ListItem\",\"position\":4,\"name\":\"Encastr\u00e9 modulaire 3&#8243;\"}]},{\"@type\":\"WebSite\",\"@id\":\"https:\\\/\\\/dalslit.tempurl.host\\\/#website\",\"url\":\"https:\\\/\\\/dalslit.tempurl.host\\\/\",\"name\":\"Dals Lighting\",\"description\":\"Manufacturer of designer lighting products\",\"publisher\":{\"@id\":\"https:\\\/\\\/dalslit.tempurl.host\\\/#organization\"},\"potentialAction\":[{\"@type\":\"SearchAction\",\"target\":{\"@type\":\"EntryPoint\",\"urlTemplate\":\"https:\\\/\\\/dalslit.tempurl.host\\\/?s={search_term_string}\"},\"query-input\":{\"@type\":\"PropertyValueSpecification\",\"valueRequired\":true,\"valueName\":\"search_term_string\"}}],\"inLanguage\":\"fr-FR\"},{\"@type\":\"Organization\",\"@id\":\"https:\\\/\\\/dalslit.tempurl.host\\\/#organization\",\"name\":\"Dals Lighting\",\"url\":\"https:\\\/\\\/dalslit.tempurl.host\\\/\",\"logo\":{\"@type\":\"ImageObject\",\"inLanguage\":\"fr-FR\",\"@id\":\"https:\\\/\\\/dalslit.tempurl.host\\\/#\\\/schema\\\/logo\\\/image\\\/\",\"url\":\"https:\\\/\\\/dals.com\\\/wp-content\\\/uploads\\\/2020\\\/01\\\/cropped-logo-dals.png\",\"contentUrl\":\"https:\\\/\\\/dals.com\\\/wp-content\\\/uploads\\\/2020\\\/01\\\/cropped-logo-dals.png\",\"width\":\"300\",\"height\":\"125\",\"caption\":\"Dals Lighting\"},\"image\":{\"@id\":\"https:\\\/\\\/dalslit.tempurl.host\\\/#\\\/schema\\\/logo\\\/image\\\/\"}}]}<\/script>\n<!-- \/ Yoast SEO plugin. -->","yoast_head_json":{"title":"Encastr\u00e9 modulaire 3\" - Dals Lighting","robots":{"index":"index","follow":"follow","max-snippet":"max-snippet:-1","max-image-preview":"max-image-preview:large","max-video-preview":"max-video-preview:-1"},"canonical":"https:\/\/dals.com\/fr\/produit\/rc03-cc\/","og_locale":"fr_FR","og_type":"article","og_title":"Encastr\u00e9 modulaire 3\" - Dals Lighting","og_description":"Une solution d'\u00e9clairage encastr\u00e9 polyvalente disponible en tailles de trois, quatre et six pouces, avec des finitions, des garnitures, des lentilles et des r\u00e9flecteurs personnalisables, avec des options pour les installations standard, de plafond inclin\u00e9 et sans bordure, le tout avec une compatibilit\u00e9 multi-tension. Parfait pour les espaces commerciaux ou r\u00e9sidentiels.  FLEXIBILIT\u00c9 ACCRUE! D\u00e9sormais am\u00e9lior\u00e9e avec un r\u00e9flecteur directionnel et une garniture \u00e0 effet mural, la gamme Moda ajoute 154 nouvelles options de configuration pour offrir une flexibilit\u00e9 de conception encore plus grande.","og_url":"https:\/\/dals.com\/fr\/produit\/rc03-cc\/","og_site_name":"Dals Lighting","article_modified_time":"2026-03-23T19:03:06+00:00","og_image":[{"width":2560,"height":2560,"url":"https:\/\/dals.com\/wp-content\/uploads\/2025\/01\/exploded-view-3-scaled.jpg","type":"image\/jpeg"}],"twitter_card":"summary_large_image","twitter_misc":{"Dur\u00e9e de lecture estim\u00e9e":"1 minute"},"schema":{"@context":"https:\/\/schema.org","@graph":[{"@type":"WebPage","@id":"https:\/\/dals.com\/fr\/produit\/rc03-cc\/","url":"https:\/\/dals.com\/fr\/produit\/rc03-cc\/","name":"Encastr\u00e9 modulaire 3\" - Dals Lighting","isPartOf":{"@id":"https:\/\/dalslit.tempurl.host\/#website"},"primaryImageOfPage":{"@id":"https:\/\/dals.com\/fr\/produit\/rc03-cc\/#primaryimage"},"image":{"@id":"https:\/\/dals.com\/fr\/produit\/rc03-cc\/#primaryimage"},"thumbnailUrl":"https:\/\/dals.com\/wp-content\/uploads\/2025\/01\/exploded-view-3-scaled.jpg","datePublished":"2025-01-06T13:00:26+00:00","dateModified":"2026-03-23T19:03:06+00:00","breadcrumb":{"@id":"https:\/\/dals.com\/fr\/produit\/rc03-cc\/#breadcrumb"},"inLanguage":"fr-FR","potentialAction":[{"@type":"ReadAction","target":["https:\/\/dals.com\/fr\/produit\/rc03-cc\/"]}]},{"@type":"ImageObject","inLanguage":"fr-FR","@id":"https:\/\/dals.com\/fr\/produit\/rc03-cc\/#primaryimage","url":"https:\/\/dals.com\/wp-content\/uploads\/2025\/01\/exploded-view-3-scaled.jpg","contentUrl":"https:\/\/dals.com\/wp-content\/uploads\/2025\/01\/exploded-view-3-scaled.jpg","width":2560,"height":2560},{"@type":"BreadcrumbList","@id":"https:\/\/dals.com\/fr\/produit\/rc03-cc\/#breadcrumb","itemListElement":[{"@type":"ListItem","position":1,"name":"Accueil","item":"https:\/\/dals.com\/fr\/"},{"@type":"ListItem","position":2,"name":"Produits","item":"https:\/\/dalslit.tempurl.host\/fr\/?page_id=31878"},{"@type":"ListItem","position":3,"name":"Nouveaux produits","item":"https:\/\/dals.com\/fr\/categorie-produit\/newproducts-fr\/"},{"@type":"ListItem","position":4,"name":"Encastr\u00e9 modulaire 3&#8243;"}]},{"@type":"WebSite","@id":"https:\/\/dalslit.tempurl.host\/#website","url":"https:\/\/dalslit.tempurl.host\/","name":"Dals Lighting","description":"Manufacturer of designer lighting products","publisher":{"@id":"https:\/\/dalslit.tempurl.host\/#organization"},"potentialAction":[{"@type":"SearchAction","target":{"@type":"EntryPoint","urlTemplate":"https:\/\/dalslit.tempurl.host\/?s={search_term_string}"},"query-input":{"@type":"PropertyValueSpecification","valueRequired":true,"valueName":"search_term_string"}}],"inLanguage":"fr-FR"},{"@type":"Organization","@id":"https:\/\/dalslit.tempurl.host\/#organization","name":"Dals Lighting","url":"https:\/\/dalslit.tempurl.host\/","logo":{"@type":"ImageObject","inLanguage":"fr-FR","@id":"https:\/\/dalslit.tempurl.host\/#\/schema\/logo\/image\/","url":"https:\/\/dals.com\/wp-content\/uploads\/2020\/01\/cropped-logo-dals.png","contentUrl":"https:\/\/dals.com\/wp-content\/uploads\/2020\/01\/cropped-logo-dals.png","width":"300","height":"125","caption":"Dals Lighting"},"image":{"@id":"https:\/\/dalslit.tempurl.host\/#\/schema\/logo\/image\/"}}]}},"_links":{"self":[{"href":"https:\/\/dals.com\/fr\/wp-json\/wp\/v2\/product\/76034","targetHints":{"allow":["GET"]}}],"collection":[{"href":"https:\/\/dals.com\/fr\/wp-json\/wp\/v2\/product"}],"about":[{"href":"https:\/\/dals.com\/fr\/wp-json\/wp\/v2\/types\/product"}],"wp:featuredmedia":[{"embeddable":true,"href":"https:\/\/dals.com\/fr\/wp-json\/wp\/v2\/media\/72727"}],"wp:attachment":[{"href":"https:\/\/dals.com\/fr\/wp-json\/wp\/v2\/media?parent=76034"}],"wp:term":[{"taxonomy":"product_brand","embeddable":true,"href":"https:\/\/dals.com\/fr\/wp-json\/wp\/v2\/product_brand?post=76034"},{"taxonomy":"product_cat","embeddable":true,"href":"https:\/\/dals.com\/fr\/wp-json\/wp\/v2\/product_cat?post=76034"},{"taxonomy":"product_tag","embeddable":true,"href":"https:\/\/dals.com\/fr\/wp-json\/wp\/v2\/product_tag?post=76034"}],"curies":[{"name":"wp","href":"https:\/\/api.w.org\/{rel}","templated":true}]}}