{"id":73023,"date":"2025-01-06T08:00:09","date_gmt":"2025-01-06T13:00:09","guid":{"rendered":"https:\/\/dals.com\/?post_type=product&#038;p=73023"},"modified":"2025-06-04T18:08:24","modified_gmt":"2025-06-04T22:08:24","slug":"dcp-pnl6-trim-bk","status":"publish","type":"product","link":"https:\/\/dals.com\/fr\/produit\/dcp-pnl6-trim-bk\/","title":{"rendered":"Garniture ronde encastr\u00e9e de 6&Prime;"},"content":{"rendered":"\t\t<section class=\"elem-breadcrumbs elementor-element elementor-section-boxed elementor-section-height-default elementor-section-height-default elementor-section elementor-top-section\" data-element_type=\"section\" style=\"margin-bottom:30px\">\n\t<div class=\"elementor-container elementor-column-gap-default\">\n\t\t<div class=\"elementor-row\">\n\t\t\t<div class=\"elementor-element elementor-column elementor-col-100 elementor-top-column >\n\t\t\t\t<div class=\"elementor-column-wrap  elementor-element-populated\">\n\t\t\t\t\t<div class=\"elementor-widget-wrap\">\n\t\t\t\t\t\t<div class=\"elementor-element elementor-widget elementor-widget-breadcrumbs\" data-element_type=\"widget\" data-widget_type=\"breadcrumbs.default\">\n\t\t\t\t\t\t\t<div class=\"elementor-widget-container\">\n\t\t\t\t\t\t\t\t<span><span><a href=\"https:\/\/dals.com\/fr\/\">Accueil<\/a><\/span><\/span>\t\t\t\t\t\t\t<\/div>\n\t\t\t\t\t\t<\/div>\n\t\t\t\t\t<\/div>\n\t\t\t\t<\/div>\n\t\t\t<\/div>\n\t\t<\/div>\n\t<\/div>\n<\/section>\n\n","protected":false},"excerpt":{"rendered":"<p>Ajoutez une touche finale polie \u00e0 votre \u00e9clairage encastr\u00e9 avec nos garnitures de couleur. Con\u00e7ue pour s&rsquo;adapter parfaitement \u00e0 nos luminaires encastr\u00e9s, cette garniture am\u00e9liore \u00e0 la fois l&rsquo;esth\u00e9tique et la fonctionnalit\u00e9 de votre installation d&rsquo;\u00e9clairage. Disponible dans une vari\u00e9t\u00e9 de couleurs pour compl\u00e9ter n&rsquo;importe quel d\u00e9cor.<\/p>\n<p> <strong>Compatible product :<\/strong> <span style=\"text-decoration : underline ; \u00bb ><a href=\"https:\/\/dals.com\/product\/dcp-pnl6wh-6-rgbcct-smart-recessed-panel-light-pro\/ \u00bb target=\"_blank \u00bb rel=\"noopener\">DCP-PNL6<\/a><\/span><\/p>\n","protected":false},"featured_media":60476,"template":"","meta":{"_acf_changed":false,"site-sidebar-layout":"default","site-content-layout":"default","ast-site-content-layout":"default","site-content-style":"default","site-sidebar-style":"default","ast-global-header-display":"","ast-banner-title-visibility":"","ast-main-header-display":"","ast-hfb-above-header-display":"","ast-hfb-below-header-display":"","ast-hfb-mobile-header-display":"","site-post-title":"","ast-breadcrumbs-content":"","ast-featured-img":"","footer-sml-layout":"","ast-disable-related-posts":"","theme-transparent-header-meta":"default","adv-header-id-meta":"","stick-header-meta":"default","header-above-stick-meta":"","header-main-stick-meta":"","header-below-stick-meta":"","astra-migrate-meta-layouts":"set","ast-page-background-enabled":"default","ast-page-background-meta":{"desktop":{"background-color":"","background-image":"","background-repeat":"repeat","background-position":"center center","background-size":"auto","background-attachment":"scroll","background-type":"","background-media":"","overlay-type":"","overlay-color":"","overlay-opacity":"","overlay-gradient":""},"tablet":{"background-color":"","background-image":"","background-repeat":"repeat","background-position":"center center","background-size":"auto","background-attachment":"scroll","background-type":"","background-media":"","overlay-type":"","overlay-color":"","overlay-opacity":"","overlay-gradient":""},"mobile":{"background-color":"","background-image":"","background-repeat":"repeat","background-position":"center center","background-size":"auto","background-attachment":"scroll","background-type":"","background-media":"","overlay-type":"","overlay-color":"","overlay-opacity":"","overlay-gradient":""}},"ast-content-background-meta":{"desktop":{"background-color":"var(--ast-global-color-5)","background-image":"","background-repeat":"repeat","background-position":"center center","background-size":"auto","background-attachment":"scroll","background-type":"","background-media":"","overlay-type":"","overlay-color":"","overlay-opacity":"","overlay-gradient":""},"tablet":{"background-color":"var(--ast-global-color-5)","background-image":"","background-repeat":"repeat","background-position":"center center","background-size":"auto","background-attachment":"scroll","background-type":"","background-media":"","overlay-type":"","overlay-color":"","overlay-opacity":"","overlay-gradient":""},"mobile":{"background-color":"var(--ast-global-color-5)","background-image":"","background-repeat":"repeat","background-position":"center center","background-size":"auto","background-attachment":"scroll","background-type":"","background-media":"","overlay-type":"","overlay-color":"","overlay-opacity":"","overlay-gradient":""}}},"product_brand":[],"product_cat":[1514,1483,75],"product_tag":[],"class_list":{"0":"post-73023","1":"product","2":"type-product","3":"status-publish","4":"has-post-thumbnail","6":"product_cat-accessories-smart_fr","7":"product_cat-disponible","8":"product_cat-maison-intelligente","9":"desktop-align-center","10":"tablet-align-center","11":"mobile-align-center","12":"ast-product-gallery-layout-horizontal-slider","13":"ast-product-gallery-with-no-image","14":"ast-product-tabs-layout-horizontal","16":"first","17":"instock","18":"taxable","19":"shipping-taxable","20":"purchasable","21":"product-type-simple"},"acf":[],"yoast_head":"<!-- This site is optimized with the Yoast SEO plugin v27.2 - https:\/\/yoast.com\/product\/yoast-seo-wordpress\/ -->\n<title>Garniture ronde encastr\u00e9e de 6&quot; - Dals Lighting<\/title>\n<meta name=\"robots\" content=\"index, follow, max-snippet:-1, max-image-preview:large, max-video-preview:-1\" \/>\n<link rel=\"canonical\" href=\"https:\/\/dals.com\/fr\/produit\/dcp-pnl6-trim-bk\/\" \/>\n<meta property=\"og:locale\" content=\"fr_FR\" \/>\n<meta property=\"og:type\" content=\"article\" \/>\n<meta property=\"og:title\" content=\"Garniture ronde encastr\u00e9e de 6&quot; - Dals Lighting\" \/>\n<meta property=\"og:description\" content=\"Ajoutez une touche finale polie \u00e0 votre \u00e9clairage encastr\u00e9 avec nos garnitures de couleur. Con\u00e7ue pour s&#039;adapter parfaitement \u00e0 nos luminaires encastr\u00e9s, cette garniture am\u00e9liore \u00e0 la fois l&#039;esth\u00e9tique et la fonctionnalit\u00e9 de votre installation d&#039;\u00e9clairage. Disponible dans une vari\u00e9t\u00e9 de couleurs pour compl\u00e9ter n&#039;importe quel d\u00e9cor.  Compatible product :\" \/>\n<meta property=\"og:url\" content=\"https:\/\/dals.com\/fr\/produit\/dcp-pnl6-trim-bk\/\" \/>\n<meta property=\"og:site_name\" content=\"Dals Lighting\" \/>\n<meta property=\"article:modified_time\" content=\"2025-06-04T22:08:24+00:00\" \/>\n<meta property=\"og:image\" content=\"https:\/\/dals.com\/wp-content\/uploads\/2023\/02\/dcp-pnl4-trim-bk.jpg\" \/>\n\t<meta property=\"og:image:width\" content=\"2000\" \/>\n\t<meta property=\"og:image:height\" content=\"2000\" \/>\n\t<meta property=\"og:image:type\" content=\"image\/jpeg\" \/>\n<meta name=\"twitter:card\" content=\"summary_large_image\" \/>\n<meta name=\"twitter:label1\" content=\"Dur\u00e9e de lecture estim\u00e9e\" \/>\n\t<meta name=\"twitter:data1\" content=\"1 minute\" \/>\n<script type=\"application\/ld+json\" class=\"yoast-schema-graph\">{\"@context\":\"https:\/\/schema.org\",\"@graph\":[{\"@type\":\"WebPage\",\"@id\":\"https:\/\/dals.com\/fr\/produit\/dcp-pnl6-trim-bk\/\",\"url\":\"https:\/\/dals.com\/fr\/produit\/dcp-pnl6-trim-bk\/\",\"name\":\"Garniture ronde encastr\u00e9e de 6\\\" - Dals Lighting\",\"isPartOf\":{\"@id\":\"https:\/\/dalslit.tempurl.host\/#website\"},\"primaryImageOfPage\":{\"@id\":\"https:\/\/dals.com\/fr\/produit\/dcp-pnl6-trim-bk\/#primaryimage\"},\"image\":{\"@id\":\"https:\/\/dals.com\/fr\/produit\/dcp-pnl6-trim-bk\/#primaryimage\"},\"thumbnailUrl\":\"https:\/\/dals.com\/wp-content\/uploads\/2023\/02\/dcp-pnl4-trim-bk.jpg\",\"datePublished\":\"2025-01-06T13:00:09+00:00\",\"dateModified\":\"2025-06-04T22:08:24+00:00\",\"breadcrumb\":{\"@id\":\"https:\/\/dals.com\/fr\/produit\/dcp-pnl6-trim-bk\/#breadcrumb\"},\"inLanguage\":\"fr-FR\",\"potentialAction\":[{\"@type\":\"ReadAction\",\"target\":[\"https:\/\/dals.com\/fr\/produit\/dcp-pnl6-trim-bk\/\"]}]},{\"@type\":\"ImageObject\",\"inLanguage\":\"fr-FR\",\"@id\":\"https:\/\/dals.com\/fr\/produit\/dcp-pnl6-trim-bk\/#primaryimage\",\"url\":\"https:\/\/dals.com\/wp-content\/uploads\/2023\/02\/dcp-pnl4-trim-bk.jpg\",\"contentUrl\":\"https:\/\/dals.com\/wp-content\/uploads\/2023\/02\/dcp-pnl4-trim-bk.jpg\",\"width\":2000,\"height\":2000},{\"@type\":\"BreadcrumbList\",\"@id\":\"https:\/\/dals.com\/fr\/produit\/dcp-pnl6-trim-bk\/#breadcrumb\",\"itemListElement\":[{\"@type\":\"ListItem\",\"position\":1,\"name\":\"Accueil\",\"item\":\"https:\/\/dals.com\/fr\/\"},{\"@type\":\"ListItem\",\"position\":2,\"name\":\"Produits\",\"item\":\"https:\/\/dalslit.tempurl.host\/fr\/?page_id=31878\"},{\"@type\":\"ListItem\",\"position\":3,\"name\":\"Maison intelligente\",\"item\":\"https:\/\/dals.com\/fr\/categorie-produit\/maison-intelligente\/\"},{\"@type\":\"ListItem\",\"position\":4,\"name\":\"DCP-PNL6-TRIM-BK &#8211; Garniture interchangeable pour encastr\u00e9 de 6&#8243; intelligent noire\"}]},{\"@type\":\"WebSite\",\"@id\":\"https:\/\/dalslit.tempurl.host\/#website\",\"url\":\"https:\/\/dalslit.tempurl.host\/\",\"name\":\"Dals Lighting\",\"description\":\"Manufacturer of designer lighting products\",\"publisher\":{\"@id\":\"https:\/\/dalslit.tempurl.host\/#organization\"},\"potentialAction\":[{\"@type\":\"SearchAction\",\"target\":{\"@type\":\"EntryPoint\",\"urlTemplate\":\"https:\/\/dalslit.tempurl.host\/?s={search_term_string}\"},\"query-input\":{\"@type\":\"PropertyValueSpecification\",\"valueRequired\":true,\"valueName\":\"search_term_string\"}}],\"inLanguage\":\"fr-FR\"},{\"@type\":\"Organization\",\"@id\":\"https:\/\/dalslit.tempurl.host\/#organization\",\"name\":\"Dals Lighting\",\"url\":\"https:\/\/dalslit.tempurl.host\/\",\"logo\":{\"@type\":\"ImageObject\",\"inLanguage\":\"fr-FR\",\"@id\":\"https:\/\/dalslit.tempurl.host\/#\/schema\/logo\/image\/\",\"url\":\"https:\/\/dals.com\/wp-content\/uploads\/2020\/01\/cropped-logo-dals.png\",\"contentUrl\":\"https:\/\/dals.com\/wp-content\/uploads\/2020\/01\/cropped-logo-dals.png\",\"width\":\"300\",\"height\":\"125\",\"caption\":\"Dals Lighting\"},\"image\":{\"@id\":\"https:\/\/dalslit.tempurl.host\/#\/schema\/logo\/image\/\"}}]}<\/script>\n<!-- \/ Yoast SEO plugin. -->","yoast_head_json":{"title":"Garniture ronde encastr\u00e9e de 6\" - Dals Lighting","robots":{"index":"index","follow":"follow","max-snippet":"max-snippet:-1","max-image-preview":"max-image-preview:large","max-video-preview":"max-video-preview:-1"},"canonical":"https:\/\/dals.com\/fr\/produit\/dcp-pnl6-trim-bk\/","og_locale":"fr_FR","og_type":"article","og_title":"Garniture ronde encastr\u00e9e de 6\" - Dals Lighting","og_description":"Ajoutez une touche finale polie \u00e0 votre \u00e9clairage encastr\u00e9 avec nos garnitures de couleur. Con\u00e7ue pour s'adapter parfaitement \u00e0 nos luminaires encastr\u00e9s, cette garniture am\u00e9liore \u00e0 la fois l'esth\u00e9tique et la fonctionnalit\u00e9 de votre installation d'\u00e9clairage. Disponible dans une vari\u00e9t\u00e9 de couleurs pour compl\u00e9ter n'importe quel d\u00e9cor.  Compatible product :","og_url":"https:\/\/dals.com\/fr\/produit\/dcp-pnl6-trim-bk\/","og_site_name":"Dals Lighting","article_modified_time":"2025-06-04T22:08:24+00:00","og_image":[{"width":2000,"height":2000,"url":"https:\/\/dals.com\/wp-content\/uploads\/2023\/02\/dcp-pnl4-trim-bk.jpg","type":"image\/jpeg"}],"twitter_card":"summary_large_image","twitter_misc":{"Dur\u00e9e de lecture estim\u00e9e":"1 minute"},"schema":{"@context":"https:\/\/schema.org","@graph":[{"@type":"WebPage","@id":"https:\/\/dals.com\/fr\/produit\/dcp-pnl6-trim-bk\/","url":"https:\/\/dals.com\/fr\/produit\/dcp-pnl6-trim-bk\/","name":"Garniture ronde encastr\u00e9e de 6\" - Dals Lighting","isPartOf":{"@id":"https:\/\/dalslit.tempurl.host\/#website"},"primaryImageOfPage":{"@id":"https:\/\/dals.com\/fr\/produit\/dcp-pnl6-trim-bk\/#primaryimage"},"image":{"@id":"https:\/\/dals.com\/fr\/produit\/dcp-pnl6-trim-bk\/#primaryimage"},"thumbnailUrl":"https:\/\/dals.com\/wp-content\/uploads\/2023\/02\/dcp-pnl4-trim-bk.jpg","datePublished":"2025-01-06T13:00:09+00:00","dateModified":"2025-06-04T22:08:24+00:00","breadcrumb":{"@id":"https:\/\/dals.com\/fr\/produit\/dcp-pnl6-trim-bk\/#breadcrumb"},"inLanguage":"fr-FR","potentialAction":[{"@type":"ReadAction","target":["https:\/\/dals.com\/fr\/produit\/dcp-pnl6-trim-bk\/"]}]},{"@type":"ImageObject","inLanguage":"fr-FR","@id":"https:\/\/dals.com\/fr\/produit\/dcp-pnl6-trim-bk\/#primaryimage","url":"https:\/\/dals.com\/wp-content\/uploads\/2023\/02\/dcp-pnl4-trim-bk.jpg","contentUrl":"https:\/\/dals.com\/wp-content\/uploads\/2023\/02\/dcp-pnl4-trim-bk.jpg","width":2000,"height":2000},{"@type":"BreadcrumbList","@id":"https:\/\/dals.com\/fr\/produit\/dcp-pnl6-trim-bk\/#breadcrumb","itemListElement":[{"@type":"ListItem","position":1,"name":"Accueil","item":"https:\/\/dals.com\/fr\/"},{"@type":"ListItem","position":2,"name":"Produits","item":"https:\/\/dalslit.tempurl.host\/fr\/?page_id=31878"},{"@type":"ListItem","position":3,"name":"Maison intelligente","item":"https:\/\/dals.com\/fr\/categorie-produit\/maison-intelligente\/"},{"@type":"ListItem","position":4,"name":"DCP-PNL6-TRIM-BK &#8211; Garniture interchangeable pour encastr\u00e9 de 6&#8243; intelligent noire"}]},{"@type":"WebSite","@id":"https:\/\/dalslit.tempurl.host\/#website","url":"https:\/\/dalslit.tempurl.host\/","name":"Dals Lighting","description":"Manufacturer of designer lighting products","publisher":{"@id":"https:\/\/dalslit.tempurl.host\/#organization"},"potentialAction":[{"@type":"SearchAction","target":{"@type":"EntryPoint","urlTemplate":"https:\/\/dalslit.tempurl.host\/?s={search_term_string}"},"query-input":{"@type":"PropertyValueSpecification","valueRequired":true,"valueName":"search_term_string"}}],"inLanguage":"fr-FR"},{"@type":"Organization","@id":"https:\/\/dalslit.tempurl.host\/#organization","name":"Dals Lighting","url":"https:\/\/dalslit.tempurl.host\/","logo":{"@type":"ImageObject","inLanguage":"fr-FR","@id":"https:\/\/dalslit.tempurl.host\/#\/schema\/logo\/image\/","url":"https:\/\/dals.com\/wp-content\/uploads\/2020\/01\/cropped-logo-dals.png","contentUrl":"https:\/\/dals.com\/wp-content\/uploads\/2020\/01\/cropped-logo-dals.png","width":"300","height":"125","caption":"Dals Lighting"},"image":{"@id":"https:\/\/dalslit.tempurl.host\/#\/schema\/logo\/image\/"}}]}},"_links":{"self":[{"href":"https:\/\/dals.com\/fr\/wp-json\/wp\/v2\/product\/73023","targetHints":{"allow":["GET"]}}],"collection":[{"href":"https:\/\/dals.com\/fr\/wp-json\/wp\/v2\/product"}],"about":[{"href":"https:\/\/dals.com\/fr\/wp-json\/wp\/v2\/types\/product"}],"wp:featuredmedia":[{"embeddable":true,"href":"https:\/\/dals.com\/fr\/wp-json\/wp\/v2\/media\/60476"}],"wp:attachment":[{"href":"https:\/\/dals.com\/fr\/wp-json\/wp\/v2\/media?parent=73023"}],"wp:term":[{"taxonomy":"product_brand","embeddable":true,"href":"https:\/\/dals.com\/fr\/wp-json\/wp\/v2\/product_brand?post=73023"},{"taxonomy":"product_cat","embeddable":true,"href":"https:\/\/dals.com\/fr\/wp-json\/wp\/v2\/product_cat?post=73023"},{"taxonomy":"product_tag","embeddable":true,"href":"https:\/\/dals.com\/fr\/wp-json\/wp\/v2\/product_tag?post=73023"}],"curies":[{"name":"wp","href":"https:\/\/api.w.org\/{rel}","templated":true}]}}