{"id":69508,"date":"2024-06-14T00:13:18","date_gmt":"2024-06-14T04:13:18","guid":{"rendered":"https:\/\/dals.com\/?post_type=product&#038;p=69508"},"modified":"2026-03-10T11:52:57","modified_gmt":"2026-03-10T15:52:57","slug":"rtjb3-cc","status":"publish","type":"product","link":"https:\/\/dals.com\/fr\/produit\/rtjb3-cc\/","title":{"rendered":"Encastr\u00e9 de 3&Prime;"},"content":{"rendered":"\t\t<section class=\"elem-breadcrumbs elementor-element elementor-section-boxed elementor-section-height-default elementor-section-height-default elementor-section elementor-top-section\" data-element_type=\"section\" style=\"margin-bottom:30px\">\n\t<div class=\"elementor-container elementor-column-gap-default\">\n\t\t<div class=\"elementor-row\">\n\t\t\t<div class=\"elementor-element elementor-column elementor-col-100 elementor-top-column >\n\t\t\t\t<div class=\"elementor-column-wrap  elementor-element-populated\">\n\t\t\t\t\t<div class=\"elementor-widget-wrap\">\n\t\t\t\t\t\t<div class=\"elementor-element elementor-widget elementor-widget-breadcrumbs\" data-element_type=\"widget\" data-widget_type=\"breadcrumbs.default\">\n\t\t\t\t\t\t\t<div class=\"elementor-widget-container\">\n\t\t\t\t\t\t\t\t<span><span><a href=\"https:\/\/dals.com\/fr\/\">Accueil<\/a><\/span><\/span>\t\t\t\t\t\t\t<\/div>\n\t\t\t\t\t\t<\/div>\n\t\t\t\t\t<\/div>\n\t\t\t\t<\/div>\n\t\t\t<\/div>\n\t\t<\/div>\n\t<\/div>\n<\/section>\n\n<ul>\n<li>Convient aux bo\u00eetes de jonction octogonales (RTJB3 seulement)<\/li>\n<li>Transformateur graduable int\u00e9gr\u00e9<\/li>\n<li>Alternative coupe-feu lorsqu\u2019elle est mont\u00e9e sur une bo\u00eete de jonction coupe-feu<\/li>\n<li>\u00c9mission de chaleur minimale<\/li>\n<li>Construction en aluminium<\/li>\n<li>Temp\u00e9rature de couleur s\u00e9lectionnable par interrupteur (mod\u00e8les RTJB3-CC, RTJB4-CC seulement)<span class=\"Apple-converted-space\">\u00a0<\/span><\/li>\n<li>Finition magn\u00e9tique<\/li>\n<li>Garantie de 5 ans<\/li>\n<\/ul>\n","protected":false},"excerpt":{"rendered":"<p>Ce panneau LED de modernisation en aluminium offre la solution la plus simple et la plus pratique pour mettre \u00e0 niveau votre \u00e9clairage encastr\u00e9 obsol\u00e8te. Pour plus de style et de commodit\u00e9, la garniture ext\u00e9rieure amovible se fixe \u00e0 l&rsquo;aide d&rsquo;attaches magn\u00e9tiques, cr\u00e9ant un look sans couture.<\/p>\n","protected":false},"featured_media":69512,"template":"","meta":{"_acf_changed":false,"site-sidebar-layout":"default","site-content-layout":"default","ast-site-content-layout":"default","site-content-style":"default","site-sidebar-style":"default","ast-global-header-display":"","ast-banner-title-visibility":"","ast-main-header-display":"","ast-hfb-above-header-display":"","ast-hfb-below-header-display":"","ast-hfb-mobile-header-display":"","site-post-title":"","ast-breadcrumbs-content":"","ast-featured-img":"","footer-sml-layout":"","ast-disable-related-posts":"","theme-transparent-header-meta":"default","adv-header-id-meta":"","stick-header-meta":"default","header-above-stick-meta":"","header-main-stick-meta":"","header-below-stick-meta":"","astra-migrate-meta-layouts":"set","ast-page-background-enabled":"default","ast-page-background-meta":{"desktop":{"background-color":"","background-image":"","background-repeat":"repeat","background-position":"center center","background-size":"auto","background-attachment":"scroll","background-type":"","background-media":"","overlay-type":"","overlay-color":"","overlay-opacity":"","overlay-gradient":""},"tablet":{"background-color":"","background-image":"","background-repeat":"repeat","background-position":"center center","background-size":"auto","background-attachment":"scroll","background-type":"","background-media":"","overlay-type":"","overlay-color":"","overlay-opacity":"","overlay-gradient":""},"mobile":{"background-color":"","background-image":"","background-repeat":"repeat","background-position":"center center","background-size":"auto","background-attachment":"scroll","background-type":"","background-media":"","overlay-type":"","overlay-color":"","overlay-opacity":"","overlay-gradient":""}},"ast-content-background-meta":{"desktop":{"background-color":"var(--ast-global-color-5)","background-image":"","background-repeat":"repeat","background-position":"center center","background-size":"auto","background-attachment":"scroll","background-type":"","background-media":"","overlay-type":"","overlay-color":"","overlay-opacity":"","overlay-gradient":""},"tablet":{"background-color":"var(--ast-global-color-5)","background-image":"","background-repeat":"repeat","background-position":"center center","background-size":"auto","background-attachment":"scroll","background-type":"","background-media":"","overlay-type":"","overlay-color":"","overlay-opacity":"","overlay-gradient":""},"mobile":{"background-color":"var(--ast-global-color-5)","background-image":"","background-repeat":"repeat","background-position":"center center","background-size":"auto","background-attachment":"scroll","background-type":"","background-media":"","overlay-type":"","overlay-color":"","overlay-opacity":"","overlay-gradient":""}}},"product_brand":[],"product_cat":[1392,18,84,94],"product_tag":[],"class_list":{"0":"post-69508","1":"product","2":"type-product","3":"status-publish","4":"has-post-thumbnail","6":"product_cat-recessed-outdoor-fr","7":"product_cat-encastres","8":"product_cat-exterieur","9":"product_cat-retrofits","10":"pa_finish-blanc","11":"desktop-align-center","12":"tablet-align-center","13":"mobile-align-center","14":"ast-product-gallery-layout-horizontal-slider","15":"ast-product-tabs-layout-horizontal","17":"first","18":"instock","19":"taxable","20":"shipping-taxable","21":"product-type-simple"},"acf":[],"yoast_head":"<!-- This site is optimized with the Yoast SEO plugin v27.3 - https:\/\/yoast.com\/product\/yoast-seo-wordpress\/ -->\n<title>Encastr\u00e9 de 3&quot; - Dals Lighting<\/title>\n<meta name=\"robots\" content=\"index, follow, max-snippet:-1, max-image-preview:large, max-video-preview:-1\" \/>\n<link rel=\"canonical\" href=\"https:\/\/dals.com\/fr\/produit\/rtjb3-cc\/\" \/>\n<meta property=\"og:locale\" content=\"fr_FR\" \/>\n<meta property=\"og:type\" content=\"article\" \/>\n<meta property=\"og:title\" content=\"Encastr\u00e9 de 3&quot; - Dals Lighting\" \/>\n<meta property=\"og:description\" content=\"Ce panneau LED de modernisation en aluminium offre la solution la plus simple et la plus pratique pour mettre \u00e0 niveau votre \u00e9clairage encastr\u00e9 obsol\u00e8te. Pour plus de style et de commodit\u00e9, la garniture ext\u00e9rieure amovible se fixe \u00e0 l&#039;aide d&#039;attaches magn\u00e9tiques, cr\u00e9ant un look sans couture.\" \/>\n<meta property=\"og:url\" content=\"https:\/\/dals.com\/fr\/produit\/rtjb3-cc\/\" \/>\n<meta property=\"og:site_name\" content=\"Dals Lighting\" \/>\n<meta property=\"article:modified_time\" content=\"2026-03-10T15:52:57+00:00\" \/>\n<meta property=\"og:image\" content=\"https:\/\/dals.com\/wp-content\/uploads\/2024\/06\/rtjb3-cc-wh.jpg\" \/>\n\t<meta property=\"og:image:width\" content=\"2000\" \/>\n\t<meta property=\"og:image:height\" content=\"2000\" \/>\n\t<meta property=\"og:image:type\" content=\"image\/jpeg\" \/>\n<meta name=\"twitter:card\" content=\"summary_large_image\" \/>\n<meta name=\"twitter:label1\" content=\"Dur\u00e9e de lecture estim\u00e9e\" \/>\n\t<meta name=\"twitter:data1\" content=\"1 minute\" \/>\n<script type=\"application\/ld+json\" class=\"yoast-schema-graph\">{\"@context\":\"https:\\\/\\\/schema.org\",\"@graph\":[{\"@type\":\"WebPage\",\"@id\":\"https:\\\/\\\/dals.com\\\/fr\\\/produit\\\/rtjb3-cc\\\/\",\"url\":\"https:\\\/\\\/dals.com\\\/fr\\\/produit\\\/rtjb3-cc\\\/\",\"name\":\"Encastr\u00e9 de 3\\\" - Dals Lighting\",\"isPartOf\":{\"@id\":\"https:\\\/\\\/dalslit.tempurl.host\\\/#website\"},\"primaryImageOfPage\":{\"@id\":\"https:\\\/\\\/dals.com\\\/fr\\\/produit\\\/rtjb3-cc\\\/#primaryimage\"},\"image\":{\"@id\":\"https:\\\/\\\/dals.com\\\/fr\\\/produit\\\/rtjb3-cc\\\/#primaryimage\"},\"thumbnailUrl\":\"https:\\\/\\\/dals.com\\\/wp-content\\\/uploads\\\/2024\\\/06\\\/rtjb3-cc-wh.jpg\",\"datePublished\":\"2024-06-14T04:13:18+00:00\",\"dateModified\":\"2026-03-10T15:52:57+00:00\",\"breadcrumb\":{\"@id\":\"https:\\\/\\\/dals.com\\\/fr\\\/produit\\\/rtjb3-cc\\\/#breadcrumb\"},\"inLanguage\":\"fr-FR\",\"potentialAction\":[{\"@type\":\"ReadAction\",\"target\":[\"https:\\\/\\\/dals.com\\\/fr\\\/produit\\\/rtjb3-cc\\\/\"]}]},{\"@type\":\"ImageObject\",\"inLanguage\":\"fr-FR\",\"@id\":\"https:\\\/\\\/dals.com\\\/fr\\\/produit\\\/rtjb3-cc\\\/#primaryimage\",\"url\":\"https:\\\/\\\/dals.com\\\/wp-content\\\/uploads\\\/2024\\\/06\\\/rtjb3-cc-wh.jpg\",\"contentUrl\":\"https:\\\/\\\/dals.com\\\/wp-content\\\/uploads\\\/2024\\\/06\\\/rtjb3-cc-wh.jpg\",\"width\":2000,\"height\":2000},{\"@type\":\"BreadcrumbList\",\"@id\":\"https:\\\/\\\/dals.com\\\/fr\\\/produit\\\/rtjb3-cc\\\/#breadcrumb\",\"itemListElement\":[{\"@type\":\"ListItem\",\"position\":1,\"name\":\"Accueil\",\"item\":\"https:\\\/\\\/dals.com\\\/fr\\\/\"},{\"@type\":\"ListItem\",\"position\":2,\"name\":\"Produits\",\"item\":\"https:\\\/\\\/dalslit.tempurl.host\\\/fr\\\/?page_id=31878\"},{\"@type\":\"ListItem\",\"position\":3,\"name\":\"Encastr\u00e9s\",\"item\":\"https:\\\/\\\/dals.com\\\/fr\\\/categorie-produit\\\/encastres\\\/\"},{\"@type\":\"ListItem\",\"position\":4,\"name\":\"Encastr\u00e9 de 3&#8243;\"}]},{\"@type\":\"WebSite\",\"@id\":\"https:\\\/\\\/dalslit.tempurl.host\\\/#website\",\"url\":\"https:\\\/\\\/dalslit.tempurl.host\\\/\",\"name\":\"Dals Lighting\",\"description\":\"Manufacturer of designer lighting products\",\"publisher\":{\"@id\":\"https:\\\/\\\/dalslit.tempurl.host\\\/#organization\"},\"potentialAction\":[{\"@type\":\"SearchAction\",\"target\":{\"@type\":\"EntryPoint\",\"urlTemplate\":\"https:\\\/\\\/dalslit.tempurl.host\\\/?s={search_term_string}\"},\"query-input\":{\"@type\":\"PropertyValueSpecification\",\"valueRequired\":true,\"valueName\":\"search_term_string\"}}],\"inLanguage\":\"fr-FR\"},{\"@type\":\"Organization\",\"@id\":\"https:\\\/\\\/dalslit.tempurl.host\\\/#organization\",\"name\":\"Dals Lighting\",\"url\":\"https:\\\/\\\/dalslit.tempurl.host\\\/\",\"logo\":{\"@type\":\"ImageObject\",\"inLanguage\":\"fr-FR\",\"@id\":\"https:\\\/\\\/dalslit.tempurl.host\\\/#\\\/schema\\\/logo\\\/image\\\/\",\"url\":\"https:\\\/\\\/dals.com\\\/wp-content\\\/uploads\\\/2020\\\/01\\\/cropped-logo-dals.png\",\"contentUrl\":\"https:\\\/\\\/dals.com\\\/wp-content\\\/uploads\\\/2020\\\/01\\\/cropped-logo-dals.png\",\"width\":\"300\",\"height\":\"125\",\"caption\":\"Dals Lighting\"},\"image\":{\"@id\":\"https:\\\/\\\/dalslit.tempurl.host\\\/#\\\/schema\\\/logo\\\/image\\\/\"}}]}<\/script>\n<!-- \/ Yoast SEO plugin. -->","yoast_head_json":{"title":"Encastr\u00e9 de 3\" - Dals Lighting","robots":{"index":"index","follow":"follow","max-snippet":"max-snippet:-1","max-image-preview":"max-image-preview:large","max-video-preview":"max-video-preview:-1"},"canonical":"https:\/\/dals.com\/fr\/produit\/rtjb3-cc\/","og_locale":"fr_FR","og_type":"article","og_title":"Encastr\u00e9 de 3\" - Dals Lighting","og_description":"Ce panneau LED de modernisation en aluminium offre la solution la plus simple et la plus pratique pour mettre \u00e0 niveau votre \u00e9clairage encastr\u00e9 obsol\u00e8te. Pour plus de style et de commodit\u00e9, la garniture ext\u00e9rieure amovible se fixe \u00e0 l'aide d'attaches magn\u00e9tiques, cr\u00e9ant un look sans couture.","og_url":"https:\/\/dals.com\/fr\/produit\/rtjb3-cc\/","og_site_name":"Dals Lighting","article_modified_time":"2026-03-10T15:52:57+00:00","og_image":[{"width":2000,"height":2000,"url":"https:\/\/dals.com\/wp-content\/uploads\/2024\/06\/rtjb3-cc-wh.jpg","type":"image\/jpeg"}],"twitter_card":"summary_large_image","twitter_misc":{"Dur\u00e9e de lecture estim\u00e9e":"1 minute"},"schema":{"@context":"https:\/\/schema.org","@graph":[{"@type":"WebPage","@id":"https:\/\/dals.com\/fr\/produit\/rtjb3-cc\/","url":"https:\/\/dals.com\/fr\/produit\/rtjb3-cc\/","name":"Encastr\u00e9 de 3\" - Dals Lighting","isPartOf":{"@id":"https:\/\/dalslit.tempurl.host\/#website"},"primaryImageOfPage":{"@id":"https:\/\/dals.com\/fr\/produit\/rtjb3-cc\/#primaryimage"},"image":{"@id":"https:\/\/dals.com\/fr\/produit\/rtjb3-cc\/#primaryimage"},"thumbnailUrl":"https:\/\/dals.com\/wp-content\/uploads\/2024\/06\/rtjb3-cc-wh.jpg","datePublished":"2024-06-14T04:13:18+00:00","dateModified":"2026-03-10T15:52:57+00:00","breadcrumb":{"@id":"https:\/\/dals.com\/fr\/produit\/rtjb3-cc\/#breadcrumb"},"inLanguage":"fr-FR","potentialAction":[{"@type":"ReadAction","target":["https:\/\/dals.com\/fr\/produit\/rtjb3-cc\/"]}]},{"@type":"ImageObject","inLanguage":"fr-FR","@id":"https:\/\/dals.com\/fr\/produit\/rtjb3-cc\/#primaryimage","url":"https:\/\/dals.com\/wp-content\/uploads\/2024\/06\/rtjb3-cc-wh.jpg","contentUrl":"https:\/\/dals.com\/wp-content\/uploads\/2024\/06\/rtjb3-cc-wh.jpg","width":2000,"height":2000},{"@type":"BreadcrumbList","@id":"https:\/\/dals.com\/fr\/produit\/rtjb3-cc\/#breadcrumb","itemListElement":[{"@type":"ListItem","position":1,"name":"Accueil","item":"https:\/\/dals.com\/fr\/"},{"@type":"ListItem","position":2,"name":"Produits","item":"https:\/\/dalslit.tempurl.host\/fr\/?page_id=31878"},{"@type":"ListItem","position":3,"name":"Encastr\u00e9s","item":"https:\/\/dals.com\/fr\/categorie-produit\/encastres\/"},{"@type":"ListItem","position":4,"name":"Encastr\u00e9 de 3&#8243;"}]},{"@type":"WebSite","@id":"https:\/\/dalslit.tempurl.host\/#website","url":"https:\/\/dalslit.tempurl.host\/","name":"Dals Lighting","description":"Manufacturer of designer lighting products","publisher":{"@id":"https:\/\/dalslit.tempurl.host\/#organization"},"potentialAction":[{"@type":"SearchAction","target":{"@type":"EntryPoint","urlTemplate":"https:\/\/dalslit.tempurl.host\/?s={search_term_string}"},"query-input":{"@type":"PropertyValueSpecification","valueRequired":true,"valueName":"search_term_string"}}],"inLanguage":"fr-FR"},{"@type":"Organization","@id":"https:\/\/dalslit.tempurl.host\/#organization","name":"Dals Lighting","url":"https:\/\/dalslit.tempurl.host\/","logo":{"@type":"ImageObject","inLanguage":"fr-FR","@id":"https:\/\/dalslit.tempurl.host\/#\/schema\/logo\/image\/","url":"https:\/\/dals.com\/wp-content\/uploads\/2020\/01\/cropped-logo-dals.png","contentUrl":"https:\/\/dals.com\/wp-content\/uploads\/2020\/01\/cropped-logo-dals.png","width":"300","height":"125","caption":"Dals Lighting"},"image":{"@id":"https:\/\/dalslit.tempurl.host\/#\/schema\/logo\/image\/"}}]}},"_links":{"self":[{"href":"https:\/\/dals.com\/fr\/wp-json\/wp\/v2\/product\/69508","targetHints":{"allow":["GET"]}}],"collection":[{"href":"https:\/\/dals.com\/fr\/wp-json\/wp\/v2\/product"}],"about":[{"href":"https:\/\/dals.com\/fr\/wp-json\/wp\/v2\/types\/product"}],"wp:featuredmedia":[{"embeddable":true,"href":"https:\/\/dals.com\/fr\/wp-json\/wp\/v2\/media\/69512"}],"wp:attachment":[{"href":"https:\/\/dals.com\/fr\/wp-json\/wp\/v2\/media?parent=69508"}],"wp:term":[{"taxonomy":"product_brand","embeddable":true,"href":"https:\/\/dals.com\/fr\/wp-json\/wp\/v2\/product_brand?post=69508"},{"taxonomy":"product_cat","embeddable":true,"href":"https:\/\/dals.com\/fr\/wp-json\/wp\/v2\/product_cat?post=69508"},{"taxonomy":"product_tag","embeddable":true,"href":"https:\/\/dals.com\/fr\/wp-json\/wp\/v2\/product_tag?post=69508"}],"curies":[{"name":"wp","href":"https:\/\/api.w.org\/{rel}","templated":true}]}}