{"id":69446,"date":"2024-06-13T23:04:50","date_gmt":"2024-06-14T03:04:50","guid":{"rendered":"https:\/\/dals.com\/?post_type=product&#038;p=69446"},"modified":"2026-01-12T16:02:21","modified_gmt":"2026-01-12T21:02:21","slug":"lnfm48-cc","status":"publish","type":"product","link":"https:\/\/dals.com\/fr\/produit\/lnfm48-cc\/","title":{"rendered":"Plafonnier lin\u00e9aire de 48&Prime;"},"content":{"rendered":"\t\t<section class=\"elem-breadcrumbs elementor-element elementor-section-boxed elementor-section-height-default elementor-section-height-default elementor-section elementor-top-section\" data-element_type=\"section\" style=\"margin-bottom:30px\">\n\t<div class=\"elementor-container elementor-column-gap-default\">\n\t\t<div class=\"elementor-row\">\n\t\t\t<div class=\"elementor-element elementor-column elementor-col-100 elementor-top-column >\n\t\t\t\t<div class=\"elementor-column-wrap  elementor-element-populated\">\n\t\t\t\t\t<div class=\"elementor-widget-wrap\">\n\t\t\t\t\t\t<div class=\"elementor-element elementor-widget elementor-widget-breadcrumbs\" data-element_type=\"widget\" data-widget_type=\"breadcrumbs.default\">\n\t\t\t\t\t\t\t<div class=\"elementor-widget-container\">\n\t\t\t\t\t\t\t\t<span><span><a href=\"https:\/\/dals.com\/fr\/\">Accueil<\/a><\/span><\/span>\t\t\t\t\t\t\t<\/div>\n\t\t\t\t\t\t<\/div>\n\t\t\t\t\t<\/div>\n\t\t\t\t<\/div>\n\t\t\t<\/div>\n\t\t<\/div>\n\t<\/div>\n<\/section>\n\n<ul>\n<li>Plusieurs fixtures peuvent \u00eatre reli\u00e9es entre elles (jusqu&rsquo;\u00e0 15x LNFM48 en s\u00e9rie)<\/li>\n<li>CCT s\u00e9lectionnable par commutateur<\/li>\n<li>Transformateur graduable int\u00e9gr\u00e9<\/li>\n<li>Peut \u00eatre install\u00e9 sur une bo\u00eete de jonction octogonale de 4\u2033 ou directement au plafond<\/li>\n<li>Garantie de 5 ans<\/li>\n<\/ul>\n","protected":false},"excerpt":{"rendered":"<p>Le Boulevard, un luminaire architectural encastr\u00e9, peut \u00eatre install\u00e9 dans un large \u00e9ventail d&rsquo;environnements commerciaux et r\u00e9sidentiels. Ajoutez de la profondeur aux plans de plafond avec une s\u00e9paration visible, ou connectez plusieurs unit\u00e9s en guirlande pour cr\u00e9er des effets spectaculaires.<\/p>\n","protected":false},"featured_media":69452,"template":"","meta":{"_acf_changed":false,"site-sidebar-layout":"default","site-content-layout":"default","ast-site-content-layout":"default","site-content-style":"default","site-sidebar-style":"default","ast-global-header-display":"","ast-banner-title-visibility":"","ast-main-header-display":"","ast-hfb-above-header-display":"","ast-hfb-below-header-display":"","ast-hfb-mobile-header-display":"","site-post-title":"","ast-breadcrumbs-content":"","ast-featured-img":"","footer-sml-layout":"","ast-disable-related-posts":"","theme-transparent-header-meta":"default","adv-header-id-meta":"","stick-header-meta":"default","header-above-stick-meta":"","header-main-stick-meta":"","header-below-stick-meta":"","astra-migrate-meta-layouts":"set","ast-page-background-enabled":"default","ast-page-background-meta":{"desktop":{"background-color":"","background-image":"","background-repeat":"repeat","background-position":"center center","background-size":"auto","background-attachment":"scroll","background-type":"","background-media":"","overlay-type":"","overlay-color":"","overlay-opacity":"","overlay-gradient":""},"tablet":{"background-color":"","background-image":"","background-repeat":"repeat","background-position":"center center","background-size":"auto","background-attachment":"scroll","background-type":"","background-media":"","overlay-type":"","overlay-color":"","overlay-opacity":"","overlay-gradient":""},"mobile":{"background-color":"","background-image":"","background-repeat":"repeat","background-position":"center center","background-size":"auto","background-attachment":"scroll","background-type":"","background-media":"","overlay-type":"","overlay-color":"","overlay-opacity":"","overlay-gradient":""}},"ast-content-background-meta":{"desktop":{"background-color":"var(--ast-global-color-5)","background-image":"","background-repeat":"repeat","background-position":"center center","background-size":"auto","background-attachment":"scroll","background-type":"","background-media":"","overlay-type":"","overlay-color":"","overlay-opacity":"","overlay-gradient":""},"tablet":{"background-color":"var(--ast-global-color-5)","background-image":"","background-repeat":"repeat","background-position":"center center","background-size":"auto","background-attachment":"scroll","background-type":"","background-media":"","overlay-type":"","overlay-color":"","overlay-opacity":"","overlay-gradient":""},"mobile":{"background-color":"var(--ast-global-color-5)","background-image":"","background-repeat":"repeat","background-position":"center center","background-size":"auto","background-attachment":"scroll","background-type":"","background-media":"","overlay-type":"","overlay-color":"","overlay-opacity":"","overlay-gradient":""}}},"product_brand":[],"product_cat":[2048,2050],"product_tag":[],"class_list":{"0":"post-69446","1":"product","2":"type-product","3":"status-publish","4":"has-post-thumbnail","6":"product_cat-interieur","7":"product_cat-plafonniers-fr","8":"pa_finish-blanc","9":"pa_finish-noir","10":"desktop-align-center","11":"tablet-align-center","12":"mobile-align-center","13":"ast-product-gallery-layout-horizontal-slider","14":"ast-product-single-variable","15":"ast-product-tabs-layout-horizontal","17":"first","18":"instock","19":"taxable","20":"shipping-taxable","21":"purchasable","22":"product-type-variable","23":"wvs-archive-product-wrapper"},"acf":[],"yoast_head":"<!-- This site is optimized with the Yoast SEO plugin v27.3 - https:\/\/yoast.com\/product\/yoast-seo-wordpress\/ -->\n<title>Plafonnier lin\u00e9aire de 48&quot; - Dals Lighting<\/title>\n<meta name=\"robots\" content=\"index, follow, max-snippet:-1, max-image-preview:large, max-video-preview:-1\" \/>\n<link rel=\"canonical\" href=\"https:\/\/dals.com\/fr\/produit\/lnfm48-cc\/\" \/>\n<meta property=\"og:locale\" content=\"fr_FR\" \/>\n<meta property=\"og:type\" content=\"article\" \/>\n<meta property=\"og:title\" content=\"Plafonnier lin\u00e9aire de 48&quot; - Dals Lighting\" \/>\n<meta property=\"og:description\" content=\"Le Boulevard, un luminaire architectural encastr\u00e9, peut \u00eatre install\u00e9 dans un large \u00e9ventail d&#039;environnements commerciaux et r\u00e9sidentiels. Ajoutez de la profondeur aux plans de plafond avec une s\u00e9paration visible, ou connectez plusieurs unit\u00e9s en guirlande pour cr\u00e9er des effets spectaculaires.\" \/>\n<meta property=\"og:url\" content=\"https:\/\/dals.com\/fr\/produit\/lnfm48-cc\/\" \/>\n<meta property=\"og:site_name\" content=\"Dals Lighting\" \/>\n<meta property=\"article:modified_time\" content=\"2026-01-12T21:02:21+00:00\" \/>\n<meta property=\"og:image\" content=\"https:\/\/dals.com\/wp-content\/uploads\/2024\/06\/lnfm-bk.jpg\" \/>\n\t<meta property=\"og:image:width\" content=\"2000\" \/>\n\t<meta property=\"og:image:height\" content=\"2000\" \/>\n\t<meta property=\"og:image:type\" content=\"image\/jpeg\" \/>\n<meta name=\"twitter:card\" content=\"summary_large_image\" \/>\n<meta name=\"twitter:label1\" content=\"Dur\u00e9e de lecture estim\u00e9e\" \/>\n\t<meta name=\"twitter:data1\" content=\"1 minute\" \/>\n<script type=\"application\/ld+json\" class=\"yoast-schema-graph\">{\"@context\":\"https:\\\/\\\/schema.org\",\"@graph\":[{\"@type\":\"WebPage\",\"@id\":\"https:\\\/\\\/dals.com\\\/fr\\\/produit\\\/lnfm48-cc\\\/\",\"url\":\"https:\\\/\\\/dals.com\\\/fr\\\/produit\\\/lnfm48-cc\\\/\",\"name\":\"Plafonnier lin\u00e9aire de 48\\\" - Dals Lighting\",\"isPartOf\":{\"@id\":\"https:\\\/\\\/dalslit.tempurl.host\\\/#website\"},\"primaryImageOfPage\":{\"@id\":\"https:\\\/\\\/dals.com\\\/fr\\\/produit\\\/lnfm48-cc\\\/#primaryimage\"},\"image\":{\"@id\":\"https:\\\/\\\/dals.com\\\/fr\\\/produit\\\/lnfm48-cc\\\/#primaryimage\"},\"thumbnailUrl\":\"https:\\\/\\\/dals.com\\\/wp-content\\\/uploads\\\/2024\\\/06\\\/lnfm-bk.jpg\",\"datePublished\":\"2024-06-14T03:04:50+00:00\",\"dateModified\":\"2026-01-12T21:02:21+00:00\",\"breadcrumb\":{\"@id\":\"https:\\\/\\\/dals.com\\\/fr\\\/produit\\\/lnfm48-cc\\\/#breadcrumb\"},\"inLanguage\":\"fr-FR\",\"potentialAction\":[{\"@type\":\"ReadAction\",\"target\":[\"https:\\\/\\\/dals.com\\\/fr\\\/produit\\\/lnfm48-cc\\\/\"]}]},{\"@type\":\"ImageObject\",\"inLanguage\":\"fr-FR\",\"@id\":\"https:\\\/\\\/dals.com\\\/fr\\\/produit\\\/lnfm48-cc\\\/#primaryimage\",\"url\":\"https:\\\/\\\/dals.com\\\/wp-content\\\/uploads\\\/2024\\\/06\\\/lnfm-bk.jpg\",\"contentUrl\":\"https:\\\/\\\/dals.com\\\/wp-content\\\/uploads\\\/2024\\\/06\\\/lnfm-bk.jpg\",\"width\":2000,\"height\":2000},{\"@type\":\"BreadcrumbList\",\"@id\":\"https:\\\/\\\/dals.com\\\/fr\\\/produit\\\/lnfm48-cc\\\/#breadcrumb\",\"itemListElement\":[{\"@type\":\"ListItem\",\"position\":1,\"name\":\"Accueil\",\"item\":\"https:\\\/\\\/dals.com\\\/fr\\\/\"},{\"@type\":\"ListItem\",\"position\":2,\"name\":\"Produits\",\"item\":\"https:\\\/\\\/dalslit.tempurl.host\\\/fr\\\/?page_id=31878\"},{\"@type\":\"ListItem\",\"position\":3,\"name\":\"Int\u00e9rieur\",\"item\":\"https:\\\/\\\/dals.com\\\/fr\\\/categorie-produit\\\/interieur\\\/\"},{\"@type\":\"ListItem\",\"position\":4,\"name\":\"Plafonnier lin\u00e9aire de 48&#8243;\"}]},{\"@type\":\"WebSite\",\"@id\":\"https:\\\/\\\/dalslit.tempurl.host\\\/#website\",\"url\":\"https:\\\/\\\/dalslit.tempurl.host\\\/\",\"name\":\"Dals Lighting\",\"description\":\"Manufacturer of designer lighting products\",\"publisher\":{\"@id\":\"https:\\\/\\\/dalslit.tempurl.host\\\/#organization\"},\"potentialAction\":[{\"@type\":\"SearchAction\",\"target\":{\"@type\":\"EntryPoint\",\"urlTemplate\":\"https:\\\/\\\/dalslit.tempurl.host\\\/?s={search_term_string}\"},\"query-input\":{\"@type\":\"PropertyValueSpecification\",\"valueRequired\":true,\"valueName\":\"search_term_string\"}}],\"inLanguage\":\"fr-FR\"},{\"@type\":\"Organization\",\"@id\":\"https:\\\/\\\/dalslit.tempurl.host\\\/#organization\",\"name\":\"Dals Lighting\",\"url\":\"https:\\\/\\\/dalslit.tempurl.host\\\/\",\"logo\":{\"@type\":\"ImageObject\",\"inLanguage\":\"fr-FR\",\"@id\":\"https:\\\/\\\/dalslit.tempurl.host\\\/#\\\/schema\\\/logo\\\/image\\\/\",\"url\":\"https:\\\/\\\/dals.com\\\/wp-content\\\/uploads\\\/2020\\\/01\\\/cropped-logo-dals.png\",\"contentUrl\":\"https:\\\/\\\/dals.com\\\/wp-content\\\/uploads\\\/2020\\\/01\\\/cropped-logo-dals.png\",\"width\":\"300\",\"height\":\"125\",\"caption\":\"Dals Lighting\"},\"image\":{\"@id\":\"https:\\\/\\\/dalslit.tempurl.host\\\/#\\\/schema\\\/logo\\\/image\\\/\"}}]}<\/script>\n<!-- \/ Yoast SEO plugin. -->","yoast_head_json":{"title":"Plafonnier lin\u00e9aire de 48\" - Dals Lighting","robots":{"index":"index","follow":"follow","max-snippet":"max-snippet:-1","max-image-preview":"max-image-preview:large","max-video-preview":"max-video-preview:-1"},"canonical":"https:\/\/dals.com\/fr\/produit\/lnfm48-cc\/","og_locale":"fr_FR","og_type":"article","og_title":"Plafonnier lin\u00e9aire de 48\" - Dals Lighting","og_description":"Le Boulevard, un luminaire architectural encastr\u00e9, peut \u00eatre install\u00e9 dans un large \u00e9ventail d'environnements commerciaux et r\u00e9sidentiels. Ajoutez de la profondeur aux plans de plafond avec une s\u00e9paration visible, ou connectez plusieurs unit\u00e9s en guirlande pour cr\u00e9er des effets spectaculaires.","og_url":"https:\/\/dals.com\/fr\/produit\/lnfm48-cc\/","og_site_name":"Dals Lighting","article_modified_time":"2026-01-12T21:02:21+00:00","og_image":[{"width":2000,"height":2000,"url":"https:\/\/dals.com\/wp-content\/uploads\/2024\/06\/lnfm-bk.jpg","type":"image\/jpeg"}],"twitter_card":"summary_large_image","twitter_misc":{"Dur\u00e9e de lecture estim\u00e9e":"1 minute"},"schema":{"@context":"https:\/\/schema.org","@graph":[{"@type":"WebPage","@id":"https:\/\/dals.com\/fr\/produit\/lnfm48-cc\/","url":"https:\/\/dals.com\/fr\/produit\/lnfm48-cc\/","name":"Plafonnier lin\u00e9aire de 48\" - Dals Lighting","isPartOf":{"@id":"https:\/\/dalslit.tempurl.host\/#website"},"primaryImageOfPage":{"@id":"https:\/\/dals.com\/fr\/produit\/lnfm48-cc\/#primaryimage"},"image":{"@id":"https:\/\/dals.com\/fr\/produit\/lnfm48-cc\/#primaryimage"},"thumbnailUrl":"https:\/\/dals.com\/wp-content\/uploads\/2024\/06\/lnfm-bk.jpg","datePublished":"2024-06-14T03:04:50+00:00","dateModified":"2026-01-12T21:02:21+00:00","breadcrumb":{"@id":"https:\/\/dals.com\/fr\/produit\/lnfm48-cc\/#breadcrumb"},"inLanguage":"fr-FR","potentialAction":[{"@type":"ReadAction","target":["https:\/\/dals.com\/fr\/produit\/lnfm48-cc\/"]}]},{"@type":"ImageObject","inLanguage":"fr-FR","@id":"https:\/\/dals.com\/fr\/produit\/lnfm48-cc\/#primaryimage","url":"https:\/\/dals.com\/wp-content\/uploads\/2024\/06\/lnfm-bk.jpg","contentUrl":"https:\/\/dals.com\/wp-content\/uploads\/2024\/06\/lnfm-bk.jpg","width":2000,"height":2000},{"@type":"BreadcrumbList","@id":"https:\/\/dals.com\/fr\/produit\/lnfm48-cc\/#breadcrumb","itemListElement":[{"@type":"ListItem","position":1,"name":"Accueil","item":"https:\/\/dals.com\/fr\/"},{"@type":"ListItem","position":2,"name":"Produits","item":"https:\/\/dalslit.tempurl.host\/fr\/?page_id=31878"},{"@type":"ListItem","position":3,"name":"Int\u00e9rieur","item":"https:\/\/dals.com\/fr\/categorie-produit\/interieur\/"},{"@type":"ListItem","position":4,"name":"Plafonnier lin\u00e9aire de 48&#8243;"}]},{"@type":"WebSite","@id":"https:\/\/dalslit.tempurl.host\/#website","url":"https:\/\/dalslit.tempurl.host\/","name":"Dals Lighting","description":"Manufacturer of designer lighting products","publisher":{"@id":"https:\/\/dalslit.tempurl.host\/#organization"},"potentialAction":[{"@type":"SearchAction","target":{"@type":"EntryPoint","urlTemplate":"https:\/\/dalslit.tempurl.host\/?s={search_term_string}"},"query-input":{"@type":"PropertyValueSpecification","valueRequired":true,"valueName":"search_term_string"}}],"inLanguage":"fr-FR"},{"@type":"Organization","@id":"https:\/\/dalslit.tempurl.host\/#organization","name":"Dals Lighting","url":"https:\/\/dalslit.tempurl.host\/","logo":{"@type":"ImageObject","inLanguage":"fr-FR","@id":"https:\/\/dalslit.tempurl.host\/#\/schema\/logo\/image\/","url":"https:\/\/dals.com\/wp-content\/uploads\/2020\/01\/cropped-logo-dals.png","contentUrl":"https:\/\/dals.com\/wp-content\/uploads\/2020\/01\/cropped-logo-dals.png","width":"300","height":"125","caption":"Dals Lighting"},"image":{"@id":"https:\/\/dalslit.tempurl.host\/#\/schema\/logo\/image\/"}}]}},"_links":{"self":[{"href":"https:\/\/dals.com\/fr\/wp-json\/wp\/v2\/product\/69446","targetHints":{"allow":["GET"]}}],"collection":[{"href":"https:\/\/dals.com\/fr\/wp-json\/wp\/v2\/product"}],"about":[{"href":"https:\/\/dals.com\/fr\/wp-json\/wp\/v2\/types\/product"}],"wp:featuredmedia":[{"embeddable":true,"href":"https:\/\/dals.com\/fr\/wp-json\/wp\/v2\/media\/69452"}],"wp:attachment":[{"href":"https:\/\/dals.com\/fr\/wp-json\/wp\/v2\/media?parent=69446"}],"wp:term":[{"taxonomy":"product_brand","embeddable":true,"href":"https:\/\/dals.com\/fr\/wp-json\/wp\/v2\/product_brand?post=69446"},{"taxonomy":"product_cat","embeddable":true,"href":"https:\/\/dals.com\/fr\/wp-json\/wp\/v2\/product_cat?post=69446"},{"taxonomy":"product_tag","embeddable":true,"href":"https:\/\/dals.com\/fr\/wp-json\/wp\/v2\/product_tag?post=69446"}],"curies":[{"name":"wp","href":"https:\/\/api.w.org\/{rel}","templated":true}]}}