{"id":6865,"date":"2016-08-05T12:11:54","date_gmt":"2016-08-05T16:11:54","guid":{"rendered":"https:\/\/dals.com\/product\/30-color-temperature-changing-hardwired-linear\/"},"modified":"2025-06-04T18:02:52","modified_gmt":"2025-06-04T22:02:52","slug":"lineaires-30-avec-changement-de-couleur-a-branchement-direct","status":"publish","type":"product","link":"https:\/\/dals.com\/fr\/produit\/lineaires-30-avec-changement-de-couleur-a-branchement-direct\/","title":{"rendered":"Lin\u00e9aires 30&Prime; pivotant"},"content":{"rendered":"\t\t<section class=\"elem-breadcrumbs elementor-element elementor-section-boxed elementor-section-height-default elementor-section-height-default elementor-section elementor-top-section\" data-element_type=\"section\" style=\"margin-bottom:30px\">\n\t<div class=\"elementor-container elementor-column-gap-default\">\n\t\t<div class=\"elementor-row\">\n\t\t\t<div class=\"elementor-element elementor-column elementor-col-100 elementor-top-column >\n\t\t\t\t<div class=\"elementor-column-wrap  elementor-element-populated\">\n\t\t\t\t\t<div class=\"elementor-widget-wrap\">\n\t\t\t\t\t\t<div class=\"elementor-element elementor-widget elementor-widget-breadcrumbs\" data-element_type=\"widget\" data-widget_type=\"breadcrumbs.default\">\n\t\t\t\t\t\t\t<div class=\"elementor-widget-container\">\n\t\t\t\t\t\t\t\t<span><span><a href=\"https:\/\/dals.com\/fr\/\">Accueil<\/a><\/span><\/span>\t\t\t\t\t\t\t<\/div>\n\t\t\t\t\t\t<\/div>\n\t\t\t\t\t<\/div>\n\t\t\t\t<\/div>\n\t\t\t<\/div>\n\t\t<\/div>\n\t<\/div>\n<\/section>\n\n<ul>\n<li>Source de lumi\u00e8re pivotante \u00e0 30 degr\u00e9s<\/li>\n<li>CCT s\u00e9lectionnable par commutateur<\/li>\n<li>Connexion directe 120 VAC ou<\/li>\n<li>branchement direct<\/li>\n<li>Graduable avec la plupart des\u00a0gradateurs \u00e9lectroniques \u00e0 bas tension<\/li>\n<li>Plus de 50 000 heures de dur\u00e9e de vie<\/li>\n<li>Interconnectable<\/li>\n<li>Profil tr\u00e8s discret<\/li>\n<li>Construction robuste<\/li>\n<li>Garantie de 5 ans<\/li>\n<\/ul>\n","protected":false},"excerpt":{"rendered":"<p>Lors de la conception d&rsquo;un lin\u00e9aire, nous voulons toujours que nos clients aient la flexibilit\u00e9 \u00e0 port\u00e9e de main. C&rsquo;est devenu une r\u00e9alit\u00e9 avec notre CCT lin\u00e9aire, car l&rsquo;interrupteur \u00e0 bascule vous donne la possibilit\u00e9 de choisir entre cinq temp\u00e9ratures de couleur.<\/p>\n","protected":false},"featured_media":13828,"template":"","meta":{"_acf_changed":false,"site-sidebar-layout":"default","site-content-layout":"default","ast-site-content-layout":"default","site-content-style":"default","site-sidebar-style":"default","ast-global-header-display":"","ast-banner-title-visibility":"","ast-main-header-display":"","ast-hfb-above-header-display":"","ast-hfb-below-header-display":"","ast-hfb-mobile-header-display":"","site-post-title":"","ast-breadcrumbs-content":"","ast-featured-img":"","footer-sml-layout":"","ast-disable-related-posts":"","theme-transparent-header-meta":"default","adv-header-id-meta":"","stick-header-meta":"default","header-above-stick-meta":"","header-main-stick-meta":"","header-below-stick-meta":"","astra-migrate-meta-layouts":"set","ast-page-background-enabled":"default","ast-page-background-meta":{"desktop":{"background-color":"","background-image":"","background-repeat":"repeat","background-position":"center center","background-size":"auto","background-attachment":"scroll","background-type":"","background-media":"","overlay-type":"","overlay-color":"","overlay-opacity":"","overlay-gradient":""},"tablet":{"background-color":"","background-image":"","background-repeat":"repeat","background-position":"center center","background-size":"auto","background-attachment":"scroll","background-type":"","background-media":"","overlay-type":"","overlay-color":"","overlay-opacity":"","overlay-gradient":""},"mobile":{"background-color":"","background-image":"","background-repeat":"repeat","background-position":"center center","background-size":"auto","background-attachment":"scroll","background-type":"","background-media":"","overlay-type":"","overlay-color":"","overlay-opacity":"","overlay-gradient":""}},"ast-content-background-meta":{"desktop":{"background-color":"var(--ast-global-color-5)","background-image":"","background-repeat":"repeat","background-position":"center center","background-size":"auto","background-attachment":"scroll","background-type":"","background-media":"","overlay-type":"","overlay-color":"","overlay-opacity":"","overlay-gradient":""},"tablet":{"background-color":"var(--ast-global-color-5)","background-image":"","background-repeat":"repeat","background-position":"center center","background-size":"auto","background-attachment":"scroll","background-type":"","background-media":"","overlay-type":"","overlay-color":"","overlay-opacity":"","overlay-gradient":""},"mobile":{"background-color":"var(--ast-global-color-5)","background-image":"","background-repeat":"repeat","background-position":"center center","background-size":"auto","background-attachment":"scroll","background-type":"","background-media":"","overlay-type":"","overlay-color":"","overlay-opacity":"","overlay-gradient":""}}},"product_brand":[],"product_cat":[96,76],"product_tag":[],"class_list":{"0":"post-6865","1":"product","2":"type-product","3":"status-publish","4":"has-post-thumbnail","6":"product_cat-lineaires","7":"product_cat-sous-cabinet","8":"pa_finish-blanc","9":"desktop-align-center","10":"tablet-align-center","11":"mobile-align-center","12":"ast-product-gallery-layout-horizontal-slider","13":"ast-product-single-variable","14":"ast-product-tabs-layout-horizontal","16":"first","17":"instock","18":"taxable","19":"shipping-taxable","20":"purchasable","21":"product-type-variable","22":"has-default-attributes","23":"wvs-archive-product-wrapper"},"acf":[],"yoast_head":"<!-- This site is optimized with the Yoast SEO plugin v27.4 - https:\/\/yoast.com\/product\/yoast-seo-wordpress\/ -->\n<title>Lin\u00e9aires 30&quot; pivotant - Dals Lighting<\/title>\n<meta name=\"robots\" content=\"index, follow, max-snippet:-1, max-image-preview:large, max-video-preview:-1\" \/>\n<link rel=\"canonical\" href=\"https:\/\/dals.com\/fr\/produit\/lineaires-30-avec-changement-de-couleur-a-branchement-direct\/\" \/>\n<meta property=\"og:locale\" content=\"fr_FR\" \/>\n<meta property=\"og:type\" content=\"article\" \/>\n<meta property=\"og:title\" content=\"Lin\u00e9aires 30&quot; pivotant - Dals Lighting\" \/>\n<meta property=\"og:description\" content=\"Lors de la conception d&#039;un lin\u00e9aire, nous voulons toujours que nos clients aient la flexibilit\u00e9 \u00e0 port\u00e9e de main. C&#039;est devenu une r\u00e9alit\u00e9 avec notre CCT lin\u00e9aire, car l&#039;interrupteur \u00e0 bascule vous donne la possibilit\u00e9 de choisir entre cinq temp\u00e9ratures de couleur.\" \/>\n<meta property=\"og:url\" content=\"https:\/\/dals.com\/fr\/produit\/lineaires-30-avec-changement-de-couleur-a-branchement-direct\/\" \/>\n<meta property=\"og:site_name\" content=\"Dals Lighting\" \/>\n<meta property=\"article:modified_time\" content=\"2025-06-04T22:02:52+00:00\" \/>\n<meta property=\"og:image\" content=\"https:\/\/dals.com\/wp-content\/uploads\/2016\/08\/9030cc-wh-1.jpg\" \/>\n\t<meta property=\"og:image:width\" content=\"2000\" \/>\n\t<meta property=\"og:image:height\" content=\"2000\" \/>\n\t<meta property=\"og:image:type\" content=\"image\/jpeg\" \/>\n<meta name=\"twitter:card\" content=\"summary_large_image\" \/>\n<meta name=\"twitter:label1\" content=\"Dur\u00e9e de lecture estim\u00e9e\" \/>\n\t<meta name=\"twitter:data1\" content=\"1 minute\" \/>\n<script type=\"application\/ld+json\" class=\"yoast-schema-graph\">{\"@context\":\"https:\\\/\\\/schema.org\",\"@graph\":[{\"@type\":\"WebPage\",\"@id\":\"https:\\\/\\\/dals.com\\\/fr\\\/produit\\\/lineaires-30-avec-changement-de-couleur-a-branchement-direct\\\/\",\"url\":\"https:\\\/\\\/dals.com\\\/fr\\\/produit\\\/lineaires-30-avec-changement-de-couleur-a-branchement-direct\\\/\",\"name\":\"Lin\u00e9aires 30\\\" pivotant - Dals Lighting\",\"isPartOf\":{\"@id\":\"https:\\\/\\\/dalslit.tempurl.host\\\/#website\"},\"primaryImageOfPage\":{\"@id\":\"https:\\\/\\\/dals.com\\\/fr\\\/produit\\\/lineaires-30-avec-changement-de-couleur-a-branchement-direct\\\/#primaryimage\"},\"image\":{\"@id\":\"https:\\\/\\\/dals.com\\\/fr\\\/produit\\\/lineaires-30-avec-changement-de-couleur-a-branchement-direct\\\/#primaryimage\"},\"thumbnailUrl\":\"https:\\\/\\\/dals.com\\\/wp-content\\\/uploads\\\/2016\\\/08\\\/9030cc-wh-1.jpg\",\"datePublished\":\"2016-08-05T16:11:54+00:00\",\"dateModified\":\"2025-06-04T22:02:52+00:00\",\"breadcrumb\":{\"@id\":\"https:\\\/\\\/dals.com\\\/fr\\\/produit\\\/lineaires-30-avec-changement-de-couleur-a-branchement-direct\\\/#breadcrumb\"},\"inLanguage\":\"fr-FR\",\"potentialAction\":[{\"@type\":\"ReadAction\",\"target\":[\"https:\\\/\\\/dals.com\\\/fr\\\/produit\\\/lineaires-30-avec-changement-de-couleur-a-branchement-direct\\\/\"]}]},{\"@type\":\"ImageObject\",\"inLanguage\":\"fr-FR\",\"@id\":\"https:\\\/\\\/dals.com\\\/fr\\\/produit\\\/lineaires-30-avec-changement-de-couleur-a-branchement-direct\\\/#primaryimage\",\"url\":\"https:\\\/\\\/dals.com\\\/wp-content\\\/uploads\\\/2016\\\/08\\\/9030cc-wh-1.jpg\",\"contentUrl\":\"https:\\\/\\\/dals.com\\\/wp-content\\\/uploads\\\/2016\\\/08\\\/9030cc-wh-1.jpg\",\"width\":2000,\"height\":2000},{\"@type\":\"BreadcrumbList\",\"@id\":\"https:\\\/\\\/dals.com\\\/fr\\\/produit\\\/lineaires-30-avec-changement-de-couleur-a-branchement-direct\\\/#breadcrumb\",\"itemListElement\":[{\"@type\":\"ListItem\",\"position\":1,\"name\":\"Accueil\",\"item\":\"https:\\\/\\\/dals.com\\\/fr\\\/\"},{\"@type\":\"ListItem\",\"position\":2,\"name\":\"Produits\",\"item\":\"https:\\\/\\\/dalslit.tempurl.host\\\/fr\\\/?page_id=31878\"},{\"@type\":\"ListItem\",\"position\":3,\"name\":\"Sous-cabinet\",\"item\":\"https:\\\/\\\/dals.com\\\/fr\\\/categorie-produit\\\/sous-cabinet\\\/\"},{\"@type\":\"ListItem\",\"position\":4,\"name\":\"Lin\u00e9aires\",\"item\":\"https:\\\/\\\/dals.com\\\/fr\\\/categorie-produit\\\/sous-cabinet\\\/lineaires\\\/\"},{\"@type\":\"ListItem\",\"position\":5,\"name\":\"9030CC-WH &#8211; Lin\u00e9aires 30&#8243; pivotant avec changement de couleur\u00a0\u00e0 branchement direct\"}]},{\"@type\":\"WebSite\",\"@id\":\"https:\\\/\\\/dalslit.tempurl.host\\\/#website\",\"url\":\"https:\\\/\\\/dalslit.tempurl.host\\\/\",\"name\":\"Dals Lighting\",\"description\":\"Manufacturer of designer lighting products\",\"publisher\":{\"@id\":\"https:\\\/\\\/dalslit.tempurl.host\\\/#organization\"},\"potentialAction\":[{\"@type\":\"SearchAction\",\"target\":{\"@type\":\"EntryPoint\",\"urlTemplate\":\"https:\\\/\\\/dalslit.tempurl.host\\\/?s={search_term_string}\"},\"query-input\":{\"@type\":\"PropertyValueSpecification\",\"valueRequired\":true,\"valueName\":\"search_term_string\"}}],\"inLanguage\":\"fr-FR\"},{\"@type\":\"Organization\",\"@id\":\"https:\\\/\\\/dalslit.tempurl.host\\\/#organization\",\"name\":\"Dals Lighting\",\"url\":\"https:\\\/\\\/dalslit.tempurl.host\\\/\",\"logo\":{\"@type\":\"ImageObject\",\"inLanguage\":\"fr-FR\",\"@id\":\"https:\\\/\\\/dalslit.tempurl.host\\\/#\\\/schema\\\/logo\\\/image\\\/\",\"url\":\"https:\\\/\\\/dals.com\\\/wp-content\\\/uploads\\\/2020\\\/01\\\/cropped-logo-dals.png\",\"contentUrl\":\"https:\\\/\\\/dals.com\\\/wp-content\\\/uploads\\\/2020\\\/01\\\/cropped-logo-dals.png\",\"width\":\"300\",\"height\":\"125\",\"caption\":\"Dals Lighting\"},\"image\":{\"@id\":\"https:\\\/\\\/dalslit.tempurl.host\\\/#\\\/schema\\\/logo\\\/image\\\/\"}}]}<\/script>\n<!-- \/ Yoast SEO plugin. -->","yoast_head_json":{"title":"Lin\u00e9aires 30\" pivotant - Dals Lighting","robots":{"index":"index","follow":"follow","max-snippet":"max-snippet:-1","max-image-preview":"max-image-preview:large","max-video-preview":"max-video-preview:-1"},"canonical":"https:\/\/dals.com\/fr\/produit\/lineaires-30-avec-changement-de-couleur-a-branchement-direct\/","og_locale":"fr_FR","og_type":"article","og_title":"Lin\u00e9aires 30\" pivotant - Dals Lighting","og_description":"Lors de la conception d'un lin\u00e9aire, nous voulons toujours que nos clients aient la flexibilit\u00e9 \u00e0 port\u00e9e de main. C'est devenu une r\u00e9alit\u00e9 avec notre CCT lin\u00e9aire, car l'interrupteur \u00e0 bascule vous donne la possibilit\u00e9 de choisir entre cinq temp\u00e9ratures de couleur.","og_url":"https:\/\/dals.com\/fr\/produit\/lineaires-30-avec-changement-de-couleur-a-branchement-direct\/","og_site_name":"Dals Lighting","article_modified_time":"2025-06-04T22:02:52+00:00","og_image":[{"width":2000,"height":2000,"url":"https:\/\/dals.com\/wp-content\/uploads\/2016\/08\/9030cc-wh-1.jpg","type":"image\/jpeg"}],"twitter_card":"summary_large_image","twitter_misc":{"Dur\u00e9e de lecture estim\u00e9e":"1 minute"},"schema":{"@context":"https:\/\/schema.org","@graph":[{"@type":"WebPage","@id":"https:\/\/dals.com\/fr\/produit\/lineaires-30-avec-changement-de-couleur-a-branchement-direct\/","url":"https:\/\/dals.com\/fr\/produit\/lineaires-30-avec-changement-de-couleur-a-branchement-direct\/","name":"Lin\u00e9aires 30\" pivotant - Dals Lighting","isPartOf":{"@id":"https:\/\/dalslit.tempurl.host\/#website"},"primaryImageOfPage":{"@id":"https:\/\/dals.com\/fr\/produit\/lineaires-30-avec-changement-de-couleur-a-branchement-direct\/#primaryimage"},"image":{"@id":"https:\/\/dals.com\/fr\/produit\/lineaires-30-avec-changement-de-couleur-a-branchement-direct\/#primaryimage"},"thumbnailUrl":"https:\/\/dals.com\/wp-content\/uploads\/2016\/08\/9030cc-wh-1.jpg","datePublished":"2016-08-05T16:11:54+00:00","dateModified":"2025-06-04T22:02:52+00:00","breadcrumb":{"@id":"https:\/\/dals.com\/fr\/produit\/lineaires-30-avec-changement-de-couleur-a-branchement-direct\/#breadcrumb"},"inLanguage":"fr-FR","potentialAction":[{"@type":"ReadAction","target":["https:\/\/dals.com\/fr\/produit\/lineaires-30-avec-changement-de-couleur-a-branchement-direct\/"]}]},{"@type":"ImageObject","inLanguage":"fr-FR","@id":"https:\/\/dals.com\/fr\/produit\/lineaires-30-avec-changement-de-couleur-a-branchement-direct\/#primaryimage","url":"https:\/\/dals.com\/wp-content\/uploads\/2016\/08\/9030cc-wh-1.jpg","contentUrl":"https:\/\/dals.com\/wp-content\/uploads\/2016\/08\/9030cc-wh-1.jpg","width":2000,"height":2000},{"@type":"BreadcrumbList","@id":"https:\/\/dals.com\/fr\/produit\/lineaires-30-avec-changement-de-couleur-a-branchement-direct\/#breadcrumb","itemListElement":[{"@type":"ListItem","position":1,"name":"Accueil","item":"https:\/\/dals.com\/fr\/"},{"@type":"ListItem","position":2,"name":"Produits","item":"https:\/\/dalslit.tempurl.host\/fr\/?page_id=31878"},{"@type":"ListItem","position":3,"name":"Sous-cabinet","item":"https:\/\/dals.com\/fr\/categorie-produit\/sous-cabinet\/"},{"@type":"ListItem","position":4,"name":"Lin\u00e9aires","item":"https:\/\/dals.com\/fr\/categorie-produit\/sous-cabinet\/lineaires\/"},{"@type":"ListItem","position":5,"name":"9030CC-WH &#8211; Lin\u00e9aires 30&#8243; pivotant avec changement de couleur\u00a0\u00e0 branchement direct"}]},{"@type":"WebSite","@id":"https:\/\/dalslit.tempurl.host\/#website","url":"https:\/\/dalslit.tempurl.host\/","name":"Dals Lighting","description":"Manufacturer of designer lighting products","publisher":{"@id":"https:\/\/dalslit.tempurl.host\/#organization"},"potentialAction":[{"@type":"SearchAction","target":{"@type":"EntryPoint","urlTemplate":"https:\/\/dalslit.tempurl.host\/?s={search_term_string}"},"query-input":{"@type":"PropertyValueSpecification","valueRequired":true,"valueName":"search_term_string"}}],"inLanguage":"fr-FR"},{"@type":"Organization","@id":"https:\/\/dalslit.tempurl.host\/#organization","name":"Dals Lighting","url":"https:\/\/dalslit.tempurl.host\/","logo":{"@type":"ImageObject","inLanguage":"fr-FR","@id":"https:\/\/dalslit.tempurl.host\/#\/schema\/logo\/image\/","url":"https:\/\/dals.com\/wp-content\/uploads\/2020\/01\/cropped-logo-dals.png","contentUrl":"https:\/\/dals.com\/wp-content\/uploads\/2020\/01\/cropped-logo-dals.png","width":"300","height":"125","caption":"Dals Lighting"},"image":{"@id":"https:\/\/dalslit.tempurl.host\/#\/schema\/logo\/image\/"}}]}},"_links":{"self":[{"href":"https:\/\/dals.com\/fr\/wp-json\/wp\/v2\/product\/6865","targetHints":{"allow":["GET"]}}],"collection":[{"href":"https:\/\/dals.com\/fr\/wp-json\/wp\/v2\/product"}],"about":[{"href":"https:\/\/dals.com\/fr\/wp-json\/wp\/v2\/types\/product"}],"wp:featuredmedia":[{"embeddable":true,"href":"https:\/\/dals.com\/fr\/wp-json\/wp\/v2\/media\/13828"}],"wp:attachment":[{"href":"https:\/\/dals.com\/fr\/wp-json\/wp\/v2\/media?parent=6865"}],"wp:term":[{"taxonomy":"product_brand","embeddable":true,"href":"https:\/\/dals.com\/fr\/wp-json\/wp\/v2\/product_brand?post=6865"},{"taxonomy":"product_cat","embeddable":true,"href":"https:\/\/dals.com\/fr\/wp-json\/wp\/v2\/product_cat?post=6865"},{"taxonomy":"product_tag","embeddable":true,"href":"https:\/\/dals.com\/fr\/wp-json\/wp\/v2\/product_tag?post=6865"}],"curies":[{"name":"wp","href":"https:\/\/api.w.org\/{rel}","templated":true}]}}