{"id":6858,"date":"2016-04-22T12:12:27","date_gmt":"2016-04-22T16:12:27","guid":{"rendered":"https:\/\/dals.com\/product\/48w-12v-dc-dimmable-led-hardwire-driver\/"},"modified":"2025-08-29T13:51:22","modified_gmt":"2025-08-29T17:51:22","slug":"transformateur-del-12v-cc-a-branchement-direct-graduable-de-48w","status":"publish","type":"product","link":"https:\/\/dals.com\/fr\/produit\/transformateur-del-12v-cc-a-branchement-direct-graduable-de-48w\/","title":{"rendered":"Transformateur 12V de 48W"},"content":{"rendered":"\t\t<section class=\"elem-breadcrumbs elementor-element elementor-section-boxed elementor-section-height-default elementor-section-height-default elementor-section elementor-top-section\" data-element_type=\"section\" style=\"margin-bottom:30px\">\n\t<div class=\"elementor-container elementor-column-gap-default\">\n\t\t<div class=\"elementor-row\">\n\t\t\t<div class=\"elementor-element elementor-column elementor-col-100 elementor-top-column >\n\t\t\t\t<div class=\"elementor-column-wrap  elementor-element-populated\">\n\t\t\t\t\t<div class=\"elementor-widget-wrap\">\n\t\t\t\t\t\t<div class=\"elementor-element elementor-widget elementor-widget-breadcrumbs\" data-element_type=\"widget\" data-widget_type=\"breadcrumbs.default\">\n\t\t\t\t\t\t\t<div class=\"elementor-widget-container\">\n\t\t\t\t\t\t\t\t<span><span><a href=\"https:\/\/dals.com\/fr\/\">Accueil<\/a><\/span><\/span>\t\t\t\t\t\t\t<\/div>\n\t\t\t\t\t\t<\/div>\n\t\t\t\t\t<\/div>\n\t\t\t\t<\/div>\n\t\t\t<\/div>\n\t\t<\/div>\n\t<\/div>\n<\/section>\n\n<ul>\n<li>Transformateur \u00e0 voltage constant<\/li>\n<li>Intensit\u00e9 r\u00e9glable avec gradateur \u00e0 bas voltage ou Triac<\/li>\n<li>Protections contre les surcharges et les courts-circuits<\/li>\n<li>Bo\u00eete de jonction int\u00e9gr\u00e9e pour un branchement direct<\/li>\n<li>Enti\u00e8rement isol\u00e9 dans un bo\u00eetier \u00e9tallique<\/li>\n<li>Dissipation de la chaleur par convection d\u2019air<\/li>\n<li>Garantie de 5 ans<\/li>\n<li>Certification ETL<\/li>\n<li>Tension d\u2019entr\u00e9e : 100VAC-230VAC, 50\/60Hz<\/li>\n<li>Tension de sortie : 12V DC<\/li>\n<li>Pour une fonction optimale, une charge de 50 % ou plus est n\u00e9cessaire<\/li>\n<li>Temp\u00e9rature de fonctionnement : -30 \u00b0C \u00e0 45 \u00b0C<\/li>\n<\/ul>\n","protected":false},"excerpt":{"rendered":"<p>Alimentez votre \u00e9clairage DEL \u00e0 l&rsquo;aide de notre transformateur \u00e0 raccordement direct dimmable 12V de 48W. Con\u00e7ue en mode tension constante, cette alimentation compacte est id\u00e9ale pour les applications LED basse tension qui n\u00e9cessitent une gradation fluide et sans scintillement via des gradateurs TRIAC ou ELV.<\/p>\n","protected":false},"featured_media":15656,"template":"","meta":{"_acf_changed":false,"site-sidebar-layout":"default","site-content-layout":"default","ast-site-content-layout":"default","site-content-style":"default","site-sidebar-style":"default","ast-global-header-display":"","ast-banner-title-visibility":"","ast-main-header-display":"","ast-hfb-above-header-display":"","ast-hfb-below-header-display":"","ast-hfb-mobile-header-display":"","site-post-title":"","ast-breadcrumbs-content":"","ast-featured-img":"","footer-sml-layout":"","ast-disable-related-posts":"","theme-transparent-header-meta":"default","adv-header-id-meta":"","stick-header-meta":"default","header-above-stick-meta":"","header-main-stick-meta":"","header-below-stick-meta":"","astra-migrate-meta-layouts":"default","ast-page-background-enabled":"default","ast-page-background-meta":{"desktop":{"background-color":"","background-image":"","background-repeat":"repeat","background-position":"center center","background-size":"auto","background-attachment":"scroll","background-type":"","background-media":"","overlay-type":"","overlay-color":"","overlay-opacity":"","overlay-gradient":""},"tablet":{"background-color":"","background-image":"","background-repeat":"repeat","background-position":"center center","background-size":"auto","background-attachment":"scroll","background-type":"","background-media":"","overlay-type":"","overlay-color":"","overlay-opacity":"","overlay-gradient":""},"mobile":{"background-color":"","background-image":"","background-repeat":"repeat","background-position":"center center","background-size":"auto","background-attachment":"scroll","background-type":"","background-media":"","overlay-type":"","overlay-color":"","overlay-opacity":"","overlay-gradient":""}},"ast-content-background-meta":{"desktop":{"background-color":"var(--ast-global-color-5)","background-image":"","background-repeat":"repeat","background-position":"center center","background-size":"auto","background-attachment":"scroll","background-type":"","background-media":"","overlay-type":"","overlay-color":"","overlay-opacity":"","overlay-gradient":""},"tablet":{"background-color":"var(--ast-global-color-5)","background-image":"","background-repeat":"repeat","background-position":"center center","background-size":"auto","background-attachment":"scroll","background-type":"","background-media":"","overlay-type":"","overlay-color":"","overlay-opacity":"","overlay-gradient":""},"mobile":{"background-color":"var(--ast-global-color-5)","background-image":"","background-repeat":"repeat","background-position":"center center","background-size":"auto","background-attachment":"scroll","background-type":"","background-media":"","overlay-type":"","overlay-color":"","overlay-opacity":"","overlay-gradient":""}}},"product_brand":[],"product_cat":[1483,76,98],"product_tag":[],"class_list":{"0":"post-6858","1":"product","2":"type-product","3":"status-publish","4":"has-post-thumbnail","6":"product_cat-disponible","7":"product_cat-sous-cabinet","8":"product_cat-transformateurs-accessoires","9":"desktop-align-center","10":"tablet-align-center","11":"mobile-align-center","12":"ast-product-gallery-layout-horizontal-slider","13":"ast-product-tabs-layout-horizontal","15":"first","16":"instock","17":"taxable","18":"shipping-taxable","19":"purchasable","20":"product-type-simple"},"acf":[],"yoast_head":"<!-- This site is optimized with the Yoast SEO plugin v27.3 - https:\/\/yoast.com\/product\/yoast-seo-wordpress\/ -->\n<title>Transformateur 12V de 48W - Dals Lighting<\/title>\n<meta name=\"robots\" content=\"index, follow, max-snippet:-1, max-image-preview:large, max-video-preview:-1\" \/>\n<link rel=\"canonical\" href=\"https:\/\/dals.com\/fr\/produit\/transformateur-del-12v-cc-a-branchement-direct-graduable-de-48w\/\" \/>\n<meta property=\"og:locale\" content=\"fr_FR\" \/>\n<meta property=\"og:type\" content=\"article\" \/>\n<meta property=\"og:title\" content=\"Transformateur 12V de 48W - Dals Lighting\" \/>\n<meta property=\"og:description\" content=\"Alimentez votre \u00e9clairage DEL \u00e0 l&#039;aide de notre transformateur \u00e0 raccordement direct dimmable 12V de 48W. Con\u00e7ue en mode tension constante, cette alimentation compacte est id\u00e9ale pour les applications LED basse tension qui n\u00e9cessitent une gradation fluide et sans scintillement via des gradateurs TRIAC ou ELV.\" \/>\n<meta property=\"og:url\" content=\"https:\/\/dals.com\/fr\/produit\/transformateur-del-12v-cc-a-branchement-direct-graduable-de-48w\/\" \/>\n<meta property=\"og:site_name\" content=\"Dals Lighting\" \/>\n<meta property=\"article:modified_time\" content=\"2025-08-29T17:51:22+00:00\" \/>\n<meta property=\"og:image\" content=\"https:\/\/dals.com\/wp-content\/uploads\/2016\/05\/bt48dim-1.jpg\" \/>\n\t<meta property=\"og:image:width\" content=\"2000\" \/>\n\t<meta property=\"og:image:height\" content=\"2000\" \/>\n\t<meta property=\"og:image:type\" content=\"image\/jpeg\" \/>\n<meta name=\"twitter:card\" content=\"summary_large_image\" \/>\n<meta name=\"twitter:label1\" content=\"Dur\u00e9e de lecture estim\u00e9e\" \/>\n\t<meta name=\"twitter:data1\" content=\"1 minute\" \/>\n<script type=\"application\/ld+json\" class=\"yoast-schema-graph\">{\"@context\":\"https:\\\/\\\/schema.org\",\"@graph\":[{\"@type\":\"WebPage\",\"@id\":\"https:\\\/\\\/dals.com\\\/fr\\\/produit\\\/transformateur-del-12v-cc-a-branchement-direct-graduable-de-48w\\\/\",\"url\":\"https:\\\/\\\/dals.com\\\/fr\\\/produit\\\/transformateur-del-12v-cc-a-branchement-direct-graduable-de-48w\\\/\",\"name\":\"Transformateur 12V de 48W - Dals Lighting\",\"isPartOf\":{\"@id\":\"https:\\\/\\\/dalslit.tempurl.host\\\/#website\"},\"primaryImageOfPage\":{\"@id\":\"https:\\\/\\\/dals.com\\\/fr\\\/produit\\\/transformateur-del-12v-cc-a-branchement-direct-graduable-de-48w\\\/#primaryimage\"},\"image\":{\"@id\":\"https:\\\/\\\/dals.com\\\/fr\\\/produit\\\/transformateur-del-12v-cc-a-branchement-direct-graduable-de-48w\\\/#primaryimage\"},\"thumbnailUrl\":\"https:\\\/\\\/dals.com\\\/wp-content\\\/uploads\\\/2016\\\/05\\\/bt48dim-1.jpg\",\"datePublished\":\"2016-04-22T16:12:27+00:00\",\"dateModified\":\"2025-08-29T17:51:22+00:00\",\"breadcrumb\":{\"@id\":\"https:\\\/\\\/dals.com\\\/fr\\\/produit\\\/transformateur-del-12v-cc-a-branchement-direct-graduable-de-48w\\\/#breadcrumb\"},\"inLanguage\":\"fr-FR\",\"potentialAction\":[{\"@type\":\"ReadAction\",\"target\":[\"https:\\\/\\\/dals.com\\\/fr\\\/produit\\\/transformateur-del-12v-cc-a-branchement-direct-graduable-de-48w\\\/\"]}]},{\"@type\":\"ImageObject\",\"inLanguage\":\"fr-FR\",\"@id\":\"https:\\\/\\\/dals.com\\\/fr\\\/produit\\\/transformateur-del-12v-cc-a-branchement-direct-graduable-de-48w\\\/#primaryimage\",\"url\":\"https:\\\/\\\/dals.com\\\/wp-content\\\/uploads\\\/2016\\\/05\\\/bt48dim-1.jpg\",\"contentUrl\":\"https:\\\/\\\/dals.com\\\/wp-content\\\/uploads\\\/2016\\\/05\\\/bt48dim-1.jpg\",\"width\":2000,\"height\":2000},{\"@type\":\"BreadcrumbList\",\"@id\":\"https:\\\/\\\/dals.com\\\/fr\\\/produit\\\/transformateur-del-12v-cc-a-branchement-direct-graduable-de-48w\\\/#breadcrumb\",\"itemListElement\":[{\"@type\":\"ListItem\",\"position\":1,\"name\":\"Accueil\",\"item\":\"https:\\\/\\\/dals.com\\\/fr\\\/\"},{\"@type\":\"ListItem\",\"position\":2,\"name\":\"Produits\",\"item\":\"https:\\\/\\\/dalslit.tempurl.host\\\/fr\\\/?page_id=31878\"},{\"@type\":\"ListItem\",\"position\":3,\"name\":\"disponible\",\"item\":\"https:\\\/\\\/dals.com\\\/fr\\\/categorie-produit\\\/disponible\\\/\"},{\"@type\":\"ListItem\",\"position\":4,\"name\":\"Transformateur 12V de 48W\"}]},{\"@type\":\"WebSite\",\"@id\":\"https:\\\/\\\/dalslit.tempurl.host\\\/#website\",\"url\":\"https:\\\/\\\/dalslit.tempurl.host\\\/\",\"name\":\"Dals Lighting\",\"description\":\"Manufacturer of designer lighting products\",\"publisher\":{\"@id\":\"https:\\\/\\\/dalslit.tempurl.host\\\/#organization\"},\"potentialAction\":[{\"@type\":\"SearchAction\",\"target\":{\"@type\":\"EntryPoint\",\"urlTemplate\":\"https:\\\/\\\/dalslit.tempurl.host\\\/?s={search_term_string}\"},\"query-input\":{\"@type\":\"PropertyValueSpecification\",\"valueRequired\":true,\"valueName\":\"search_term_string\"}}],\"inLanguage\":\"fr-FR\"},{\"@type\":\"Organization\",\"@id\":\"https:\\\/\\\/dalslit.tempurl.host\\\/#organization\",\"name\":\"Dals Lighting\",\"url\":\"https:\\\/\\\/dalslit.tempurl.host\\\/\",\"logo\":{\"@type\":\"ImageObject\",\"inLanguage\":\"fr-FR\",\"@id\":\"https:\\\/\\\/dalslit.tempurl.host\\\/#\\\/schema\\\/logo\\\/image\\\/\",\"url\":\"https:\\\/\\\/dals.com\\\/wp-content\\\/uploads\\\/2020\\\/01\\\/cropped-logo-dals.png\",\"contentUrl\":\"https:\\\/\\\/dals.com\\\/wp-content\\\/uploads\\\/2020\\\/01\\\/cropped-logo-dals.png\",\"width\":\"300\",\"height\":\"125\",\"caption\":\"Dals Lighting\"},\"image\":{\"@id\":\"https:\\\/\\\/dalslit.tempurl.host\\\/#\\\/schema\\\/logo\\\/image\\\/\"}}]}<\/script>\n<!-- \/ Yoast SEO plugin. -->","yoast_head_json":{"title":"Transformateur 12V de 48W - Dals Lighting","robots":{"index":"index","follow":"follow","max-snippet":"max-snippet:-1","max-image-preview":"max-image-preview:large","max-video-preview":"max-video-preview:-1"},"canonical":"https:\/\/dals.com\/fr\/produit\/transformateur-del-12v-cc-a-branchement-direct-graduable-de-48w\/","og_locale":"fr_FR","og_type":"article","og_title":"Transformateur 12V de 48W - Dals Lighting","og_description":"Alimentez votre \u00e9clairage DEL \u00e0 l'aide de notre transformateur \u00e0 raccordement direct dimmable 12V de 48W. Con\u00e7ue en mode tension constante, cette alimentation compacte est id\u00e9ale pour les applications LED basse tension qui n\u00e9cessitent une gradation fluide et sans scintillement via des gradateurs TRIAC ou ELV.","og_url":"https:\/\/dals.com\/fr\/produit\/transformateur-del-12v-cc-a-branchement-direct-graduable-de-48w\/","og_site_name":"Dals Lighting","article_modified_time":"2025-08-29T17:51:22+00:00","og_image":[{"width":2000,"height":2000,"url":"https:\/\/dals.com\/wp-content\/uploads\/2016\/05\/bt48dim-1.jpg","type":"image\/jpeg"}],"twitter_card":"summary_large_image","twitter_misc":{"Dur\u00e9e de lecture estim\u00e9e":"1 minute"},"schema":{"@context":"https:\/\/schema.org","@graph":[{"@type":"WebPage","@id":"https:\/\/dals.com\/fr\/produit\/transformateur-del-12v-cc-a-branchement-direct-graduable-de-48w\/","url":"https:\/\/dals.com\/fr\/produit\/transformateur-del-12v-cc-a-branchement-direct-graduable-de-48w\/","name":"Transformateur 12V de 48W - Dals Lighting","isPartOf":{"@id":"https:\/\/dalslit.tempurl.host\/#website"},"primaryImageOfPage":{"@id":"https:\/\/dals.com\/fr\/produit\/transformateur-del-12v-cc-a-branchement-direct-graduable-de-48w\/#primaryimage"},"image":{"@id":"https:\/\/dals.com\/fr\/produit\/transformateur-del-12v-cc-a-branchement-direct-graduable-de-48w\/#primaryimage"},"thumbnailUrl":"https:\/\/dals.com\/wp-content\/uploads\/2016\/05\/bt48dim-1.jpg","datePublished":"2016-04-22T16:12:27+00:00","dateModified":"2025-08-29T17:51:22+00:00","breadcrumb":{"@id":"https:\/\/dals.com\/fr\/produit\/transformateur-del-12v-cc-a-branchement-direct-graduable-de-48w\/#breadcrumb"},"inLanguage":"fr-FR","potentialAction":[{"@type":"ReadAction","target":["https:\/\/dals.com\/fr\/produit\/transformateur-del-12v-cc-a-branchement-direct-graduable-de-48w\/"]}]},{"@type":"ImageObject","inLanguage":"fr-FR","@id":"https:\/\/dals.com\/fr\/produit\/transformateur-del-12v-cc-a-branchement-direct-graduable-de-48w\/#primaryimage","url":"https:\/\/dals.com\/wp-content\/uploads\/2016\/05\/bt48dim-1.jpg","contentUrl":"https:\/\/dals.com\/wp-content\/uploads\/2016\/05\/bt48dim-1.jpg","width":2000,"height":2000},{"@type":"BreadcrumbList","@id":"https:\/\/dals.com\/fr\/produit\/transformateur-del-12v-cc-a-branchement-direct-graduable-de-48w\/#breadcrumb","itemListElement":[{"@type":"ListItem","position":1,"name":"Accueil","item":"https:\/\/dals.com\/fr\/"},{"@type":"ListItem","position":2,"name":"Produits","item":"https:\/\/dalslit.tempurl.host\/fr\/?page_id=31878"},{"@type":"ListItem","position":3,"name":"disponible","item":"https:\/\/dals.com\/fr\/categorie-produit\/disponible\/"},{"@type":"ListItem","position":4,"name":"Transformateur 12V de 48W"}]},{"@type":"WebSite","@id":"https:\/\/dalslit.tempurl.host\/#website","url":"https:\/\/dalslit.tempurl.host\/","name":"Dals Lighting","description":"Manufacturer of designer lighting products","publisher":{"@id":"https:\/\/dalslit.tempurl.host\/#organization"},"potentialAction":[{"@type":"SearchAction","target":{"@type":"EntryPoint","urlTemplate":"https:\/\/dalslit.tempurl.host\/?s={search_term_string}"},"query-input":{"@type":"PropertyValueSpecification","valueRequired":true,"valueName":"search_term_string"}}],"inLanguage":"fr-FR"},{"@type":"Organization","@id":"https:\/\/dalslit.tempurl.host\/#organization","name":"Dals Lighting","url":"https:\/\/dalslit.tempurl.host\/","logo":{"@type":"ImageObject","inLanguage":"fr-FR","@id":"https:\/\/dalslit.tempurl.host\/#\/schema\/logo\/image\/","url":"https:\/\/dals.com\/wp-content\/uploads\/2020\/01\/cropped-logo-dals.png","contentUrl":"https:\/\/dals.com\/wp-content\/uploads\/2020\/01\/cropped-logo-dals.png","width":"300","height":"125","caption":"Dals Lighting"},"image":{"@id":"https:\/\/dalslit.tempurl.host\/#\/schema\/logo\/image\/"}}]}},"_links":{"self":[{"href":"https:\/\/dals.com\/fr\/wp-json\/wp\/v2\/product\/6858","targetHints":{"allow":["GET"]}}],"collection":[{"href":"https:\/\/dals.com\/fr\/wp-json\/wp\/v2\/product"}],"about":[{"href":"https:\/\/dals.com\/fr\/wp-json\/wp\/v2\/types\/product"}],"wp:featuredmedia":[{"embeddable":true,"href":"https:\/\/dals.com\/fr\/wp-json\/wp\/v2\/media\/15656"}],"wp:attachment":[{"href":"https:\/\/dals.com\/fr\/wp-json\/wp\/v2\/media?parent=6858"}],"wp:term":[{"taxonomy":"product_brand","embeddable":true,"href":"https:\/\/dals.com\/fr\/wp-json\/wp\/v2\/product_brand?post=6858"},{"taxonomy":"product_cat","embeddable":true,"href":"https:\/\/dals.com\/fr\/wp-json\/wp\/v2\/product_cat?post=6858"},{"taxonomy":"product_tag","embeddable":true,"href":"https:\/\/dals.com\/fr\/wp-json\/wp\/v2\/product_tag?post=6858"}],"curies":[{"name":"wp","href":"https:\/\/api.w.org\/{rel}","templated":true}]}}