{"id":6823,"date":"2018-01-05T12:13:29","date_gmt":"2018-01-05T17:13:29","guid":{"rendered":"https:\/\/dals.com\/product\/color-temperature-changing-18-round-flushmount\/"},"modified":"2025-12-10T11:23:18","modified_gmt":"2025-12-10T16:23:18","slug":"plafonnier-rond-de-18-a-changement-de-couleur","status":"publish","type":"product","link":"https:\/\/dals.com\/fr\/produit\/plafonnier-rond-de-18-a-changement-de-couleur\/","title":{"rendered":"Plafonnier rond de 18&Prime;"},"content":{"rendered":"\t\t<section class=\"elem-breadcrumbs elementor-element elementor-section-boxed elementor-section-height-default elementor-section-height-default elementor-section elementor-top-section\" data-element_type=\"section\" style=\"margin-bottom:30px\">\n\t<div class=\"elementor-container elementor-column-gap-default\">\n\t\t<div class=\"elementor-row\">\n\t\t\t<div class=\"elementor-element elementor-column elementor-col-100 elementor-top-column >\n\t\t\t\t<div class=\"elementor-column-wrap  elementor-element-populated\">\n\t\t\t\t\t<div class=\"elementor-widget-wrap\">\n\t\t\t\t\t\t<div class=\"elementor-element elementor-widget elementor-widget-breadcrumbs\" data-element_type=\"widget\" data-widget_type=\"breadcrumbs.default\">\n\t\t\t\t\t\t\t<div class=\"elementor-widget-container\">\n\t\t\t\t\t\t\t\t<span><span><a href=\"https:\/\/dals.com\/fr\/\">Accueil<\/a><\/span><\/span>\t\t\t\t\t\t\t<\/div>\n\t\t\t\t\t\t<\/div>\n\t\t\t\t\t<\/div>\n\t\t\t\t<\/div>\n\t\t\t<\/div>\n\t\t<\/div>\n\t<\/div>\n<\/section>\n\n<ul>\n<li>Transformateur graduable int\u00e9gr\u00e9<\/li>\n<li>Diffusion large et r\u00e9guli\u00e8re sur 360\u00b0<\/li>\n<li>Lentille givr\u00e9e<\/li>\n<li>Technologie Edge-lit<\/li>\n<li>Construction en aluminium<\/li>\n<li>Convient aux endroits ext\u00e9rieurs sur les plafonds couverts uniquement<\/li>\n<li>Garantie de 5 ans<\/li>\n<\/ul>\n","protected":false},"excerpt":{"rendered":"<p>Le Delta est une s\u00e9rie \u00e9l\u00e9gante \u00e0 montage encastr\u00e9 qui combine un design \u00e9pur\u00e9 avec des fonctionnalit\u00e9s quotidiennes. Offert en format rond de 6\u2033, 10\u2033, 14\u2033, 18\u2033 et 24\u2033, ainsi qu\u2019en formats carr\u00e9s de 6\u2033, 10\u2033 et 14\u2033, les luminaires Delta offrent des solutions polyvalentes pour un large \u00e9ventail d&rsquo;espaces. Avec des capacit\u00e9s 5CCT et multi-tension, ils s&rsquo;adaptent facilement aux installations r\u00e9sidentielles et commerciales. Les options de finition, y compris le noir, l&rsquo;or, le nickel satin\u00e9 et le blanc, ajoutent un attrait visuel pour compl\u00e9ter n&rsquo;importe quel int\u00e9rieur. Class\u00e9 pour les endroits humides et conforme aux normes T24\/JA8, le Delta offre l&rsquo;\u00e9quilibre parfait entre style et performance.<\/p>\n<p>* Option multi-tension disponible en noir et blanc uniquement *<\/p>\n","protected":false},"featured_media":3092,"template":"","meta":{"_acf_changed":false,"site-sidebar-layout":"default","site-content-layout":"default","ast-site-content-layout":"default","site-content-style":"default","site-sidebar-style":"default","ast-global-header-display":"","ast-banner-title-visibility":"","ast-main-header-display":"","ast-hfb-above-header-display":"","ast-hfb-below-header-display":"","ast-hfb-mobile-header-display":"","site-post-title":"","ast-breadcrumbs-content":"","ast-featured-img":"","footer-sml-layout":"","ast-disable-related-posts":"","theme-transparent-header-meta":"default","adv-header-id-meta":"","stick-header-meta":"default","header-above-stick-meta":"","header-main-stick-meta":"","header-below-stick-meta":"","astra-migrate-meta-layouts":"default","ast-page-background-enabled":"default","ast-page-background-meta":{"desktop":{"background-color":"","background-image":"","background-repeat":"repeat","background-position":"center center","background-size":"auto","background-attachment":"scroll","background-type":"","background-media":"","overlay-type":"","overlay-color":"","overlay-opacity":"","overlay-gradient":""},"tablet":{"background-color":"","background-image":"","background-repeat":"repeat","background-position":"center center","background-size":"auto","background-attachment":"scroll","background-type":"","background-media":"","overlay-type":"","overlay-color":"","overlay-opacity":"","overlay-gradient":""},"mobile":{"background-color":"","background-image":"","background-repeat":"repeat","background-position":"center center","background-size":"auto","background-attachment":"scroll","background-type":"","background-media":"","overlay-type":"","overlay-color":"","overlay-opacity":"","overlay-gradient":""}},"ast-content-background-meta":{"desktop":{"background-color":"var(--ast-global-color-5)","background-image":"","background-repeat":"repeat","background-position":"center center","background-size":"auto","background-attachment":"scroll","background-type":"","background-media":"","overlay-type":"","overlay-color":"","overlay-opacity":"","overlay-gradient":""},"tablet":{"background-color":"var(--ast-global-color-5)","background-image":"","background-repeat":"repeat","background-position":"center center","background-size":"auto","background-attachment":"scroll","background-type":"","background-media":"","overlay-type":"","overlay-color":"","overlay-opacity":"","overlay-gradient":""},"mobile":{"background-color":"var(--ast-global-color-5)","background-image":"","background-repeat":"repeat","background-position":"center center","background-size":"auto","background-attachment":"scroll","background-type":"","background-media":"","overlay-type":"","overlay-color":"","overlay-opacity":"","overlay-gradient":""}}},"product_brand":[],"product_cat":[2332,84,2048,2050,1390],"product_tag":[],"class_list":{"0":"post-6823","1":"product","2":"type-product","3":"status-publish","4":"has-post-thumbnail","6":"product_cat-delta-fr","7":"product_cat-exterieur","8":"product_cat-interieur","9":"product_cat-plafonniers-fr","10":"product_cat-flush-mounts-outdoor-fr","11":"pa_finish-blanc","12":"pa_finish-nickel-satine","13":"pa_finish-noir","14":"desktop-align-center","15":"tablet-align-center","16":"mobile-align-center","17":"ast-product-gallery-layout-horizontal-slider","18":"ast-product-single-variable","19":"ast-product-tabs-layout-horizontal","21":"first","22":"instock","23":"taxable","24":"shipping-taxable","25":"purchasable","26":"product-type-variable","27":"wvs-archive-product-wrapper"},"acf":[],"yoast_head":"<!-- This site is optimized with the Yoast SEO plugin v27.3 - https:\/\/yoast.com\/product\/yoast-seo-wordpress\/ -->\n<title>Plafonnier rond de 18&quot; - Dals Lighting<\/title>\n<meta name=\"robots\" content=\"index, follow, max-snippet:-1, max-image-preview:large, max-video-preview:-1\" \/>\n<link rel=\"canonical\" href=\"https:\/\/dals.com\/fr\/produit\/plafonnier-rond-de-18-a-changement-de-couleur\/\" \/>\n<meta property=\"og:locale\" content=\"fr_FR\" \/>\n<meta property=\"og:type\" content=\"article\" \/>\n<meta property=\"og:title\" content=\"Plafonnier rond de 18&quot; - Dals Lighting\" \/>\n<meta property=\"og:description\" content=\"Le Delta est une s\u00e9rie \u00e9l\u00e9gante \u00e0 montage encastr\u00e9 qui combine un design \u00e9pur\u00e9 avec des fonctionnalit\u00e9s quotidiennes. Offert en format rond de 6\u2033, 10\u2033, 14\u2033, 18\u2033 et 24\u2033, ainsi qu\u2019en formats carr\u00e9s de 6\u2033, 10\u2033 et 14\u2033, les luminaires Delta offrent des solutions polyvalentes pour un large \u00e9ventail d&#039;espaces. Avec des capacit\u00e9s 5CCT et multi-tension, ils s&#039;adaptent facilement aux installations r\u00e9sidentielles et commerciales. Les options de finition, y compris le noir, l&#039;or, le nickel satin\u00e9 et le blanc, ajoutent un attrait visuel pour compl\u00e9ter n&#039;importe quel int\u00e9rieur. Class\u00e9 pour les endroits humides et conforme aux normes T24\/JA8, le Delta offre l&#039;\u00e9quilibre parfait entre style et performance.  * Option multi-tension disponible en noir et blanc uniquement *\" \/>\n<meta property=\"og:url\" content=\"https:\/\/dals.com\/fr\/produit\/plafonnier-rond-de-18-a-changement-de-couleur\/\" \/>\n<meta property=\"og:site_name\" content=\"Dals Lighting\" \/>\n<meta property=\"article:modified_time\" content=\"2025-12-10T16:23:18+00:00\" \/>\n<meta property=\"og:image\" content=\"https:\/\/dals.com\/wp-content\/uploads\/2019\/12\/cfledr18-cc-bk.jpg\" \/>\n\t<meta property=\"og:image:width\" content=\"1920\" \/>\n\t<meta property=\"og:image:height\" content=\"1920\" \/>\n\t<meta property=\"og:image:type\" content=\"image\/jpeg\" \/>\n<meta name=\"twitter:card\" content=\"summary_large_image\" \/>\n<meta name=\"twitter:label1\" content=\"Dur\u00e9e de lecture estim\u00e9e\" \/>\n\t<meta name=\"twitter:data1\" content=\"1 minute\" \/>\n<script type=\"application\/ld+json\" class=\"yoast-schema-graph\">{\"@context\":\"https:\\\/\\\/schema.org\",\"@graph\":[{\"@type\":\"WebPage\",\"@id\":\"https:\\\/\\\/dals.com\\\/fr\\\/produit\\\/plafonnier-rond-de-18-a-changement-de-couleur\\\/\",\"url\":\"https:\\\/\\\/dals.com\\\/fr\\\/produit\\\/plafonnier-rond-de-18-a-changement-de-couleur\\\/\",\"name\":\"Plafonnier rond de 18\\\" - Dals Lighting\",\"isPartOf\":{\"@id\":\"https:\\\/\\\/dalslit.tempurl.host\\\/#website\"},\"primaryImageOfPage\":{\"@id\":\"https:\\\/\\\/dals.com\\\/fr\\\/produit\\\/plafonnier-rond-de-18-a-changement-de-couleur\\\/#primaryimage\"},\"image\":{\"@id\":\"https:\\\/\\\/dals.com\\\/fr\\\/produit\\\/plafonnier-rond-de-18-a-changement-de-couleur\\\/#primaryimage\"},\"thumbnailUrl\":\"https:\\\/\\\/dals.com\\\/wp-content\\\/uploads\\\/2019\\\/12\\\/cfledr18-cc-bk.jpg\",\"datePublished\":\"2018-01-05T17:13:29+00:00\",\"dateModified\":\"2025-12-10T16:23:18+00:00\",\"breadcrumb\":{\"@id\":\"https:\\\/\\\/dals.com\\\/fr\\\/produit\\\/plafonnier-rond-de-18-a-changement-de-couleur\\\/#breadcrumb\"},\"inLanguage\":\"fr-FR\",\"potentialAction\":[{\"@type\":\"ReadAction\",\"target\":[\"https:\\\/\\\/dals.com\\\/fr\\\/produit\\\/plafonnier-rond-de-18-a-changement-de-couleur\\\/\"]}]},{\"@type\":\"ImageObject\",\"inLanguage\":\"fr-FR\",\"@id\":\"https:\\\/\\\/dals.com\\\/fr\\\/produit\\\/plafonnier-rond-de-18-a-changement-de-couleur\\\/#primaryimage\",\"url\":\"https:\\\/\\\/dals.com\\\/wp-content\\\/uploads\\\/2019\\\/12\\\/cfledr18-cc-bk.jpg\",\"contentUrl\":\"https:\\\/\\\/dals.com\\\/wp-content\\\/uploads\\\/2019\\\/12\\\/cfledr18-cc-bk.jpg\",\"width\":1920,\"height\":1920},{\"@type\":\"BreadcrumbList\",\"@id\":\"https:\\\/\\\/dals.com\\\/fr\\\/produit\\\/plafonnier-rond-de-18-a-changement-de-couleur\\\/#breadcrumb\",\"itemListElement\":[{\"@type\":\"ListItem\",\"position\":1,\"name\":\"Accueil\",\"item\":\"https:\\\/\\\/dals.com\\\/fr\\\/\"},{\"@type\":\"ListItem\",\"position\":2,\"name\":\"Produits\",\"item\":\"https:\\\/\\\/dalslit.tempurl.host\\\/fr\\\/?page_id=31878\"},{\"@type\":\"ListItem\",\"position\":3,\"name\":\"Int\u00e9rieur\",\"item\":\"https:\\\/\\\/dals.com\\\/fr\\\/categorie-produit\\\/interieur\\\/\"},{\"@type\":\"ListItem\",\"position\":4,\"name\":\"Plafonnier rond de 18&#8243;\"}]},{\"@type\":\"WebSite\",\"@id\":\"https:\\\/\\\/dalslit.tempurl.host\\\/#website\",\"url\":\"https:\\\/\\\/dalslit.tempurl.host\\\/\",\"name\":\"Dals Lighting\",\"description\":\"Manufacturer of designer lighting products\",\"publisher\":{\"@id\":\"https:\\\/\\\/dalslit.tempurl.host\\\/#organization\"},\"potentialAction\":[{\"@type\":\"SearchAction\",\"target\":{\"@type\":\"EntryPoint\",\"urlTemplate\":\"https:\\\/\\\/dalslit.tempurl.host\\\/?s={search_term_string}\"},\"query-input\":{\"@type\":\"PropertyValueSpecification\",\"valueRequired\":true,\"valueName\":\"search_term_string\"}}],\"inLanguage\":\"fr-FR\"},{\"@type\":\"Organization\",\"@id\":\"https:\\\/\\\/dalslit.tempurl.host\\\/#organization\",\"name\":\"Dals Lighting\",\"url\":\"https:\\\/\\\/dalslit.tempurl.host\\\/\",\"logo\":{\"@type\":\"ImageObject\",\"inLanguage\":\"fr-FR\",\"@id\":\"https:\\\/\\\/dalslit.tempurl.host\\\/#\\\/schema\\\/logo\\\/image\\\/\",\"url\":\"https:\\\/\\\/dals.com\\\/wp-content\\\/uploads\\\/2020\\\/01\\\/cropped-logo-dals.png\",\"contentUrl\":\"https:\\\/\\\/dals.com\\\/wp-content\\\/uploads\\\/2020\\\/01\\\/cropped-logo-dals.png\",\"width\":\"300\",\"height\":\"125\",\"caption\":\"Dals Lighting\"},\"image\":{\"@id\":\"https:\\\/\\\/dalslit.tempurl.host\\\/#\\\/schema\\\/logo\\\/image\\\/\"}}]}<\/script>\n<!-- \/ Yoast SEO plugin. -->","yoast_head_json":{"title":"Plafonnier rond de 18\" - Dals Lighting","robots":{"index":"index","follow":"follow","max-snippet":"max-snippet:-1","max-image-preview":"max-image-preview:large","max-video-preview":"max-video-preview:-1"},"canonical":"https:\/\/dals.com\/fr\/produit\/plafonnier-rond-de-18-a-changement-de-couleur\/","og_locale":"fr_FR","og_type":"article","og_title":"Plafonnier rond de 18\" - Dals Lighting","og_description":"Le Delta est une s\u00e9rie \u00e9l\u00e9gante \u00e0 montage encastr\u00e9 qui combine un design \u00e9pur\u00e9 avec des fonctionnalit\u00e9s quotidiennes. Offert en format rond de 6\u2033, 10\u2033, 14\u2033, 18\u2033 et 24\u2033, ainsi qu\u2019en formats carr\u00e9s de 6\u2033, 10\u2033 et 14\u2033, les luminaires Delta offrent des solutions polyvalentes pour un large \u00e9ventail d'espaces. Avec des capacit\u00e9s 5CCT et multi-tension, ils s'adaptent facilement aux installations r\u00e9sidentielles et commerciales. Les options de finition, y compris le noir, l'or, le nickel satin\u00e9 et le blanc, ajoutent un attrait visuel pour compl\u00e9ter n'importe quel int\u00e9rieur. Class\u00e9 pour les endroits humides et conforme aux normes T24\/JA8, le Delta offre l'\u00e9quilibre parfait entre style et performance.  * Option multi-tension disponible en noir et blanc uniquement *","og_url":"https:\/\/dals.com\/fr\/produit\/plafonnier-rond-de-18-a-changement-de-couleur\/","og_site_name":"Dals Lighting","article_modified_time":"2025-12-10T16:23:18+00:00","og_image":[{"width":1920,"height":1920,"url":"https:\/\/dals.com\/wp-content\/uploads\/2019\/12\/cfledr18-cc-bk.jpg","type":"image\/jpeg"}],"twitter_card":"summary_large_image","twitter_misc":{"Dur\u00e9e de lecture estim\u00e9e":"1 minute"},"schema":{"@context":"https:\/\/schema.org","@graph":[{"@type":"WebPage","@id":"https:\/\/dals.com\/fr\/produit\/plafonnier-rond-de-18-a-changement-de-couleur\/","url":"https:\/\/dals.com\/fr\/produit\/plafonnier-rond-de-18-a-changement-de-couleur\/","name":"Plafonnier rond de 18\" - Dals Lighting","isPartOf":{"@id":"https:\/\/dalslit.tempurl.host\/#website"},"primaryImageOfPage":{"@id":"https:\/\/dals.com\/fr\/produit\/plafonnier-rond-de-18-a-changement-de-couleur\/#primaryimage"},"image":{"@id":"https:\/\/dals.com\/fr\/produit\/plafonnier-rond-de-18-a-changement-de-couleur\/#primaryimage"},"thumbnailUrl":"https:\/\/dals.com\/wp-content\/uploads\/2019\/12\/cfledr18-cc-bk.jpg","datePublished":"2018-01-05T17:13:29+00:00","dateModified":"2025-12-10T16:23:18+00:00","breadcrumb":{"@id":"https:\/\/dals.com\/fr\/produit\/plafonnier-rond-de-18-a-changement-de-couleur\/#breadcrumb"},"inLanguage":"fr-FR","potentialAction":[{"@type":"ReadAction","target":["https:\/\/dals.com\/fr\/produit\/plafonnier-rond-de-18-a-changement-de-couleur\/"]}]},{"@type":"ImageObject","inLanguage":"fr-FR","@id":"https:\/\/dals.com\/fr\/produit\/plafonnier-rond-de-18-a-changement-de-couleur\/#primaryimage","url":"https:\/\/dals.com\/wp-content\/uploads\/2019\/12\/cfledr18-cc-bk.jpg","contentUrl":"https:\/\/dals.com\/wp-content\/uploads\/2019\/12\/cfledr18-cc-bk.jpg","width":1920,"height":1920},{"@type":"BreadcrumbList","@id":"https:\/\/dals.com\/fr\/produit\/plafonnier-rond-de-18-a-changement-de-couleur\/#breadcrumb","itemListElement":[{"@type":"ListItem","position":1,"name":"Accueil","item":"https:\/\/dals.com\/fr\/"},{"@type":"ListItem","position":2,"name":"Produits","item":"https:\/\/dalslit.tempurl.host\/fr\/?page_id=31878"},{"@type":"ListItem","position":3,"name":"Int\u00e9rieur","item":"https:\/\/dals.com\/fr\/categorie-produit\/interieur\/"},{"@type":"ListItem","position":4,"name":"Plafonnier rond de 18&#8243;"}]},{"@type":"WebSite","@id":"https:\/\/dalslit.tempurl.host\/#website","url":"https:\/\/dalslit.tempurl.host\/","name":"Dals Lighting","description":"Manufacturer of designer lighting products","publisher":{"@id":"https:\/\/dalslit.tempurl.host\/#organization"},"potentialAction":[{"@type":"SearchAction","target":{"@type":"EntryPoint","urlTemplate":"https:\/\/dalslit.tempurl.host\/?s={search_term_string}"},"query-input":{"@type":"PropertyValueSpecification","valueRequired":true,"valueName":"search_term_string"}}],"inLanguage":"fr-FR"},{"@type":"Organization","@id":"https:\/\/dalslit.tempurl.host\/#organization","name":"Dals Lighting","url":"https:\/\/dalslit.tempurl.host\/","logo":{"@type":"ImageObject","inLanguage":"fr-FR","@id":"https:\/\/dalslit.tempurl.host\/#\/schema\/logo\/image\/","url":"https:\/\/dals.com\/wp-content\/uploads\/2020\/01\/cropped-logo-dals.png","contentUrl":"https:\/\/dals.com\/wp-content\/uploads\/2020\/01\/cropped-logo-dals.png","width":"300","height":"125","caption":"Dals Lighting"},"image":{"@id":"https:\/\/dalslit.tempurl.host\/#\/schema\/logo\/image\/"}}]}},"_links":{"self":[{"href":"https:\/\/dals.com\/fr\/wp-json\/wp\/v2\/product\/6823","targetHints":{"allow":["GET"]}}],"collection":[{"href":"https:\/\/dals.com\/fr\/wp-json\/wp\/v2\/product"}],"about":[{"href":"https:\/\/dals.com\/fr\/wp-json\/wp\/v2\/types\/product"}],"wp:featuredmedia":[{"embeddable":true,"href":"https:\/\/dals.com\/fr\/wp-json\/wp\/v2\/media\/3092"}],"wp:attachment":[{"href":"https:\/\/dals.com\/fr\/wp-json\/wp\/v2\/media?parent=6823"}],"wp:term":[{"taxonomy":"product_brand","embeddable":true,"href":"https:\/\/dals.com\/fr\/wp-json\/wp\/v2\/product_brand?post=6823"},{"taxonomy":"product_cat","embeddable":true,"href":"https:\/\/dals.com\/fr\/wp-json\/wp\/v2\/product_cat?post=6823"},{"taxonomy":"product_tag","embeddable":true,"href":"https:\/\/dals.com\/fr\/wp-json\/wp\/v2\/product_tag?post=6823"}],"curies":[{"name":"wp","href":"https:\/\/api.w.org\/{rel}","templated":true}]}}