{"id":67640,"date":"2024-02-07T18:19:11","date_gmt":"2024-02-07T23:19:11","guid":{"rendered":"https:\/\/dals.com\/?post_type=product&#038;p=67640"},"modified":"2025-06-04T18:07:42","modified_gmt":"2025-06-04T22:07:42","slug":"rec-3k-ext8ft","status":"publish","type":"product","link":"https:\/\/dals.com\/fr\/produit\/rec-3k-ext8ft\/","title":{"rendered":"Rallonge de 8&prime;"},"content":{"rendered":"\t\t<section class=\"elem-breadcrumbs elementor-element elementor-section-boxed elementor-section-height-default elementor-section-height-default elementor-section elementor-top-section\" data-element_type=\"section\" style=\"margin-bottom:30px\">\n\t<div class=\"elementor-container elementor-column-gap-default\">\n\t\t<div class=\"elementor-row\">\n\t\t\t<div class=\"elementor-element elementor-column elementor-col-100 elementor-top-column >\n\t\t\t\t<div class=\"elementor-column-wrap  elementor-element-populated\">\n\t\t\t\t\t<div class=\"elementor-widget-wrap\">\n\t\t\t\t\t\t<div class=\"elementor-element elementor-widget elementor-widget-breadcrumbs\" data-element_type=\"widget\" data-widget_type=\"breadcrumbs.default\">\n\t\t\t\t\t\t\t<div class=\"elementor-widget-container\">\n\t\t\t\t\t\t\t\t<span><span><a href=\"https:\/\/dals.com\/fr\/\">Accueil<\/a><\/span><\/span>\t\t\t\t\t\t\t<\/div>\n\t\t\t\t\t\t<\/div>\n\t\t\t\t\t<\/div>\n\t\t\t\t<\/div>\n\t\t\t<\/div>\n\t\t<\/div>\n\t<\/div>\n<\/section>\n\n<ul>\n<li>Connecteur m\u00e2le\/femelle pour une installation \u00e0 connexion rapide.<\/li>\n<li>Se connectent ensemble pour une longueur totale allant jusqu&rsquo;\u00e0 40 pieds.<\/li>\n<\/ul>\n","protected":false},"excerpt":{"rendered":"<p>\u00c9tendez la port\u00e9e de votre installation d&rsquo;\u00e9clairage encastr\u00e9 avec notre rallonge de 8 pieds, con\u00e7ue sp\u00e9cifiquement pour les luminaires encastr\u00e9s \u00e0 2 broches. Que vous espaciez les lumi\u00e8res sur une plus grande surface ou que vous contourniez les obstacles lors de l&rsquo;installation, cette rallonge offre la longueur et la flexibilit\u00e9 dont vous avez besoin pour une configuration propre et professionnelle.<\/p>\n<p> Con\u00e7u pour \u00eatre compatible et facile \u00e0 utiliser, le cordon est dot\u00e9 de connecteurs s\u00e9curis\u00e9s \u00e0 2 broches qui s&rsquo;int\u00e8grent parfaitement aux produits d&rsquo;\u00e9clairage encastr\u00e9 DALS.<\/p>\n<p> Compatible avec tous nos produits intelligents, <a href=\"https:\/\/dals.com\/product\/4-flat-gimbal-recessed\/ \u00bb target=\"_blank \u00bb rel=\"noopener\">FGM4-3K<\/a>, <a href=\"https:\/\/dals.com\/product\/4-indirect-recessed-light\/ \u00bb target=\"_blank \u00bb rel=\"noopener\">IND4-DW<\/a>, et <a href=\"https:\/\/dals.com\/product\/6-indirect-recessed-light\/ \u00bb target=\"_blank \u00bb rel=\"noopener\">IND6-DW<\/a>.<\/p>\n","protected":false},"featured_media":67642,"template":"","meta":{"_acf_changed":false,"site-sidebar-layout":"default","site-content-layout":"default","ast-site-content-layout":"default","site-content-style":"default","site-sidebar-style":"default","ast-global-header-display":"","ast-banner-title-visibility":"","ast-main-header-display":"","ast-hfb-above-header-display":"","ast-hfb-below-header-display":"","ast-hfb-mobile-header-display":"","site-post-title":"","ast-breadcrumbs-content":"","ast-featured-img":"","footer-sml-layout":"","ast-disable-related-posts":"","theme-transparent-header-meta":"default","adv-header-id-meta":"","stick-header-meta":"default","header-above-stick-meta":"","header-main-stick-meta":"","header-below-stick-meta":"","astra-migrate-meta-layouts":"set","ast-page-background-enabled":"default","ast-page-background-meta":{"desktop":{"background-color":"","background-image":"","background-repeat":"repeat","background-position":"center center","background-size":"auto","background-attachment":"scroll","background-type":"","background-media":"","overlay-type":"","overlay-color":"","overlay-opacity":"","overlay-gradient":""},"tablet":{"background-color":"","background-image":"","background-repeat":"repeat","background-position":"center center","background-size":"auto","background-attachment":"scroll","background-type":"","background-media":"","overlay-type":"","overlay-color":"","overlay-opacity":"","overlay-gradient":""},"mobile":{"background-color":"","background-image":"","background-repeat":"repeat","background-position":"center center","background-size":"auto","background-attachment":"scroll","background-type":"","background-media":"","overlay-type":"","overlay-color":"","overlay-opacity":"","overlay-gradient":""}},"ast-content-background-meta":{"desktop":{"background-color":"var(--ast-global-color-5)","background-image":"","background-repeat":"repeat","background-position":"center center","background-size":"auto","background-attachment":"scroll","background-type":"","background-media":"","overlay-type":"","overlay-color":"","overlay-opacity":"","overlay-gradient":""},"tablet":{"background-color":"var(--ast-global-color-5)","background-image":"","background-repeat":"repeat","background-position":"center center","background-size":"auto","background-attachment":"scroll","background-type":"","background-media":"","overlay-type":"","overlay-color":"","overlay-opacity":"","overlay-gradient":""},"mobile":{"background-color":"var(--ast-global-color-5)","background-image":"","background-repeat":"repeat","background-position":"center center","background-size":"auto","background-attachment":"scroll","background-type":"","background-media":"","overlay-type":"","overlay-color":"","overlay-opacity":"","overlay-gradient":""}}},"product_brand":[],"product_cat":[537,18],"product_tag":[],"class_list":{"0":"post-67640","1":"product","2":"type-product","3":"status-publish","4":"has-post-thumbnail","6":"product_cat-encastres-accessoires","7":"product_cat-encastres","8":"desktop-align-center","9":"tablet-align-center","10":"mobile-align-center","11":"ast-product-gallery-layout-horizontal-slider","12":"ast-product-gallery-with-no-image","13":"ast-product-tabs-layout-horizontal","15":"first","16":"instock","17":"taxable","18":"shipping-taxable","19":"purchasable","20":"product-type-simple"},"acf":[],"yoast_head":"<!-- This site is optimized with the Yoast SEO plugin v27.4 - https:\/\/yoast.com\/product\/yoast-seo-wordpress\/ -->\n<title>Rallonge de 8&#039; - Dals Lighting<\/title>\n<meta name=\"robots\" content=\"index, follow, max-snippet:-1, max-image-preview:large, max-video-preview:-1\" \/>\n<link rel=\"canonical\" href=\"https:\/\/dals.com\/fr\/produit\/rec-3k-ext8ft\/\" \/>\n<meta property=\"og:locale\" content=\"fr_FR\" \/>\n<meta property=\"og:type\" content=\"article\" \/>\n<meta property=\"og:title\" content=\"Rallonge de 8&#039; - Dals Lighting\" \/>\n<meta property=\"og:description\" content=\"\u00c9tendez la port\u00e9e de votre installation d&#039;\u00e9clairage encastr\u00e9 avec notre rallonge de 8 pieds, con\u00e7ue sp\u00e9cifiquement pour les luminaires encastr\u00e9s \u00e0 2 broches. Que vous espaciez les lumi\u00e8res sur une plus grande surface ou que vous contourniez les obstacles lors de l&#039;installation, cette rallonge offre la longueur et la flexibilit\u00e9 dont vous avez besoin pour une configuration propre et professionnelle.  Con\u00e7u pour \u00eatre compatible et facile \u00e0 utiliser, le cordon est dot\u00e9 de connecteurs s\u00e9curis\u00e9s \u00e0 2 broches qui s&#039;int\u00e8grent parfaitement aux produits d&#039;\u00e9clairage encastr\u00e9 DALS.  Compatible avec tous nos produits intelligents, FGM4-3K, IND4-DW, et IND6-DW.\" \/>\n<meta property=\"og:url\" content=\"https:\/\/dals.com\/fr\/produit\/rec-3k-ext8ft\/\" \/>\n<meta property=\"og:site_name\" content=\"Dals Lighting\" \/>\n<meta property=\"article:modified_time\" content=\"2025-06-04T22:07:42+00:00\" \/>\n<meta property=\"og:image\" content=\"https:\/\/dalslit.tempurl.host\/wp-content\/uploads\/2024\/02\/rec-3k-ext8ft.jpg\" \/>\n\t<meta property=\"og:image:width\" content=\"2000\" \/>\n\t<meta property=\"og:image:height\" content=\"2000\" \/>\n\t<meta property=\"og:image:type\" content=\"image\/jpeg\" \/>\n<meta name=\"twitter:card\" content=\"summary_large_image\" \/>\n<meta name=\"twitter:label1\" content=\"Dur\u00e9e de lecture estim\u00e9e\" \/>\n\t<meta name=\"twitter:data1\" content=\"1 minute\" \/>\n<script type=\"application\/ld+json\" class=\"yoast-schema-graph\">{\"@context\":\"https:\\\/\\\/schema.org\",\"@graph\":[{\"@type\":\"WebPage\",\"@id\":\"https:\\\/\\\/dals.com\\\/fr\\\/produit\\\/rec-3k-ext8ft\\\/\",\"url\":\"https:\\\/\\\/dals.com\\\/fr\\\/produit\\\/rec-3k-ext8ft\\\/\",\"name\":\"Rallonge de 8' - Dals Lighting\",\"isPartOf\":{\"@id\":\"https:\\\/\\\/dalslit.tempurl.host\\\/#website\"},\"primaryImageOfPage\":{\"@id\":\"https:\\\/\\\/dals.com\\\/fr\\\/produit\\\/rec-3k-ext8ft\\\/#primaryimage\"},\"image\":{\"@id\":\"https:\\\/\\\/dals.com\\\/fr\\\/produit\\\/rec-3k-ext8ft\\\/#primaryimage\"},\"thumbnailUrl\":\"https:\\\/\\\/dals.com\\\/wp-content\\\/uploads\\\/2024\\\/02\\\/rec-3k-ext8ft.jpg\",\"datePublished\":\"2024-02-07T23:19:11+00:00\",\"dateModified\":\"2025-06-04T22:07:42+00:00\",\"breadcrumb\":{\"@id\":\"https:\\\/\\\/dals.com\\\/fr\\\/produit\\\/rec-3k-ext8ft\\\/#breadcrumb\"},\"inLanguage\":\"fr-FR\",\"potentialAction\":[{\"@type\":\"ReadAction\",\"target\":[\"https:\\\/\\\/dals.com\\\/fr\\\/produit\\\/rec-3k-ext8ft\\\/\"]}]},{\"@type\":\"ImageObject\",\"inLanguage\":\"fr-FR\",\"@id\":\"https:\\\/\\\/dals.com\\\/fr\\\/produit\\\/rec-3k-ext8ft\\\/#primaryimage\",\"url\":\"https:\\\/\\\/dals.com\\\/wp-content\\\/uploads\\\/2024\\\/02\\\/rec-3k-ext8ft.jpg\",\"contentUrl\":\"https:\\\/\\\/dals.com\\\/wp-content\\\/uploads\\\/2024\\\/02\\\/rec-3k-ext8ft.jpg\",\"width\":2000,\"height\":2000},{\"@type\":\"BreadcrumbList\",\"@id\":\"https:\\\/\\\/dals.com\\\/fr\\\/produit\\\/rec-3k-ext8ft\\\/#breadcrumb\",\"itemListElement\":[{\"@type\":\"ListItem\",\"position\":1,\"name\":\"Accueil\",\"item\":\"https:\\\/\\\/dals.com\\\/fr\\\/\"},{\"@type\":\"ListItem\",\"position\":2,\"name\":\"Produits\",\"item\":\"https:\\\/\\\/dalslit.tempurl.host\\\/fr\\\/?page_id=31878\"},{\"@type\":\"ListItem\",\"position\":3,\"name\":\"Encastr\u00e9s\",\"item\":\"https:\\\/\\\/dals.com\\\/fr\\\/categorie-produit\\\/encastres\\\/\"},{\"@type\":\"ListItem\",\"position\":4,\"name\":\"REC-3K-EXT8FT &#8211; Cordon d\u2019interconnexion de 8&#8242; pour les luminaires encastr\u00e9s \u00e0 2 broches\"}]},{\"@type\":\"WebSite\",\"@id\":\"https:\\\/\\\/dalslit.tempurl.host\\\/#website\",\"url\":\"https:\\\/\\\/dalslit.tempurl.host\\\/\",\"name\":\"Dals Lighting\",\"description\":\"Manufacturer of designer lighting products\",\"publisher\":{\"@id\":\"https:\\\/\\\/dalslit.tempurl.host\\\/#organization\"},\"potentialAction\":[{\"@type\":\"SearchAction\",\"target\":{\"@type\":\"EntryPoint\",\"urlTemplate\":\"https:\\\/\\\/dalslit.tempurl.host\\\/?s={search_term_string}\"},\"query-input\":{\"@type\":\"PropertyValueSpecification\",\"valueRequired\":true,\"valueName\":\"search_term_string\"}}],\"inLanguage\":\"fr-FR\"},{\"@type\":\"Organization\",\"@id\":\"https:\\\/\\\/dalslit.tempurl.host\\\/#organization\",\"name\":\"Dals Lighting\",\"url\":\"https:\\\/\\\/dalslit.tempurl.host\\\/\",\"logo\":{\"@type\":\"ImageObject\",\"inLanguage\":\"fr-FR\",\"@id\":\"https:\\\/\\\/dalslit.tempurl.host\\\/#\\\/schema\\\/logo\\\/image\\\/\",\"url\":\"https:\\\/\\\/dals.com\\\/wp-content\\\/uploads\\\/2020\\\/01\\\/cropped-logo-dals.png\",\"contentUrl\":\"https:\\\/\\\/dals.com\\\/wp-content\\\/uploads\\\/2020\\\/01\\\/cropped-logo-dals.png\",\"width\":\"300\",\"height\":\"125\",\"caption\":\"Dals Lighting\"},\"image\":{\"@id\":\"https:\\\/\\\/dalslit.tempurl.host\\\/#\\\/schema\\\/logo\\\/image\\\/\"}}]}<\/script>\n<!-- \/ Yoast SEO plugin. -->","yoast_head_json":{"title":"Rallonge de 8' - Dals Lighting","robots":{"index":"index","follow":"follow","max-snippet":"max-snippet:-1","max-image-preview":"max-image-preview:large","max-video-preview":"max-video-preview:-1"},"canonical":"https:\/\/dals.com\/fr\/produit\/rec-3k-ext8ft\/","og_locale":"fr_FR","og_type":"article","og_title":"Rallonge de 8' - Dals Lighting","og_description":"\u00c9tendez la port\u00e9e de votre installation d'\u00e9clairage encastr\u00e9 avec notre rallonge de 8 pieds, con\u00e7ue sp\u00e9cifiquement pour les luminaires encastr\u00e9s \u00e0 2 broches. Que vous espaciez les lumi\u00e8res sur une plus grande surface ou que vous contourniez les obstacles lors de l'installation, cette rallonge offre la longueur et la flexibilit\u00e9 dont vous avez besoin pour une configuration propre et professionnelle.  Con\u00e7u pour \u00eatre compatible et facile \u00e0 utiliser, le cordon est dot\u00e9 de connecteurs s\u00e9curis\u00e9s \u00e0 2 broches qui s'int\u00e8grent parfaitement aux produits d'\u00e9clairage encastr\u00e9 DALS.  Compatible avec tous nos produits intelligents, FGM4-3K, IND4-DW, et IND6-DW.","og_url":"https:\/\/dals.com\/fr\/produit\/rec-3k-ext8ft\/","og_site_name":"Dals Lighting","article_modified_time":"2025-06-04T22:07:42+00:00","og_image":[{"width":2000,"height":2000,"url":"https:\/\/dalslit.tempurl.host\/wp-content\/uploads\/2024\/02\/rec-3k-ext8ft.jpg","type":"image\/jpeg"}],"twitter_card":"summary_large_image","twitter_misc":{"Dur\u00e9e de lecture estim\u00e9e":"1 minute"},"schema":{"@context":"https:\/\/schema.org","@graph":[{"@type":"WebPage","@id":"https:\/\/dals.com\/fr\/produit\/rec-3k-ext8ft\/","url":"https:\/\/dals.com\/fr\/produit\/rec-3k-ext8ft\/","name":"Rallonge de 8' - Dals Lighting","isPartOf":{"@id":"https:\/\/dalslit.tempurl.host\/#website"},"primaryImageOfPage":{"@id":"https:\/\/dals.com\/fr\/produit\/rec-3k-ext8ft\/#primaryimage"},"image":{"@id":"https:\/\/dals.com\/fr\/produit\/rec-3k-ext8ft\/#primaryimage"},"thumbnailUrl":"https:\/\/dals.com\/wp-content\/uploads\/2024\/02\/rec-3k-ext8ft.jpg","datePublished":"2024-02-07T23:19:11+00:00","dateModified":"2025-06-04T22:07:42+00:00","breadcrumb":{"@id":"https:\/\/dals.com\/fr\/produit\/rec-3k-ext8ft\/#breadcrumb"},"inLanguage":"fr-FR","potentialAction":[{"@type":"ReadAction","target":["https:\/\/dals.com\/fr\/produit\/rec-3k-ext8ft\/"]}]},{"@type":"ImageObject","inLanguage":"fr-FR","@id":"https:\/\/dals.com\/fr\/produit\/rec-3k-ext8ft\/#primaryimage","url":"https:\/\/dals.com\/wp-content\/uploads\/2024\/02\/rec-3k-ext8ft.jpg","contentUrl":"https:\/\/dals.com\/wp-content\/uploads\/2024\/02\/rec-3k-ext8ft.jpg","width":2000,"height":2000},{"@type":"BreadcrumbList","@id":"https:\/\/dals.com\/fr\/produit\/rec-3k-ext8ft\/#breadcrumb","itemListElement":[{"@type":"ListItem","position":1,"name":"Accueil","item":"https:\/\/dals.com\/fr\/"},{"@type":"ListItem","position":2,"name":"Produits","item":"https:\/\/dalslit.tempurl.host\/fr\/?page_id=31878"},{"@type":"ListItem","position":3,"name":"Encastr\u00e9s","item":"https:\/\/dals.com\/fr\/categorie-produit\/encastres\/"},{"@type":"ListItem","position":4,"name":"REC-3K-EXT8FT &#8211; Cordon d\u2019interconnexion de 8&#8242; pour les luminaires encastr\u00e9s \u00e0 2 broches"}]},{"@type":"WebSite","@id":"https:\/\/dalslit.tempurl.host\/#website","url":"https:\/\/dalslit.tempurl.host\/","name":"Dals Lighting","description":"Manufacturer of designer lighting products","publisher":{"@id":"https:\/\/dalslit.tempurl.host\/#organization"},"potentialAction":[{"@type":"SearchAction","target":{"@type":"EntryPoint","urlTemplate":"https:\/\/dalslit.tempurl.host\/?s={search_term_string}"},"query-input":{"@type":"PropertyValueSpecification","valueRequired":true,"valueName":"search_term_string"}}],"inLanguage":"fr-FR"},{"@type":"Organization","@id":"https:\/\/dalslit.tempurl.host\/#organization","name":"Dals Lighting","url":"https:\/\/dalslit.tempurl.host\/","logo":{"@type":"ImageObject","inLanguage":"fr-FR","@id":"https:\/\/dalslit.tempurl.host\/#\/schema\/logo\/image\/","url":"https:\/\/dals.com\/wp-content\/uploads\/2020\/01\/cropped-logo-dals.png","contentUrl":"https:\/\/dals.com\/wp-content\/uploads\/2020\/01\/cropped-logo-dals.png","width":"300","height":"125","caption":"Dals Lighting"},"image":{"@id":"https:\/\/dalslit.tempurl.host\/#\/schema\/logo\/image\/"}}]}},"_links":{"self":[{"href":"https:\/\/dals.com\/fr\/wp-json\/wp\/v2\/product\/67640","targetHints":{"allow":["GET"]}}],"collection":[{"href":"https:\/\/dals.com\/fr\/wp-json\/wp\/v2\/product"}],"about":[{"href":"https:\/\/dals.com\/fr\/wp-json\/wp\/v2\/types\/product"}],"wp:featuredmedia":[{"embeddable":true,"href":"https:\/\/dals.com\/fr\/wp-json\/wp\/v2\/media\/67642"}],"wp:attachment":[{"href":"https:\/\/dals.com\/fr\/wp-json\/wp\/v2\/media?parent=67640"}],"wp:term":[{"taxonomy":"product_brand","embeddable":true,"href":"https:\/\/dals.com\/fr\/wp-json\/wp\/v2\/product_brand?post=67640"},{"taxonomy":"product_cat","embeddable":true,"href":"https:\/\/dals.com\/fr\/wp-json\/wp\/v2\/product_cat?post=67640"},{"taxonomy":"product_tag","embeddable":true,"href":"https:\/\/dals.com\/fr\/wp-json\/wp\/v2\/product_tag?post=67640"}],"curies":[{"name":"wp","href":"https:\/\/api.w.org\/{rel}","templated":true}]}}