{"id":6752,"date":"2016-04-10T12:15:35","date_gmt":"2019-12-11T17:15:35","guid":{"rendered":"https:\/\/dals.com\/product\/6-directions-interconnection-harness\/"},"modified":"2025-06-04T18:02:16","modified_gmt":"2025-06-04T22:02:16","slug":"harnais-dinterconnexion-6-directions","status":"publish","type":"product","link":"https:\/\/dals.com\/fr\/produit\/harnais-dinterconnexion-6-directions\/","title":{"rendered":"Harnais d&rsquo;interconnexion \u00e0 6 directions"},"content":{"rendered":"\t\t<section class=\"elem-breadcrumbs elementor-element elementor-section-boxed elementor-section-height-default elementor-section-height-default elementor-section elementor-top-section\" data-element_type=\"section\" style=\"margin-bottom:30px\">\n\t<div class=\"elementor-container elementor-column-gap-default\">\n\t\t<div class=\"elementor-row\">\n\t\t\t<div class=\"elementor-element elementor-column elementor-col-100 elementor-top-column >\n\t\t\t\t<div class=\"elementor-column-wrap  elementor-element-populated\">\n\t\t\t\t\t<div class=\"elementor-widget-wrap\">\n\t\t\t\t\t\t<div class=\"elementor-element elementor-widget elementor-widget-breadcrumbs\" data-element_type=\"widget\" data-widget_type=\"breadcrumbs.default\">\n\t\t\t\t\t\t\t<div class=\"elementor-widget-container\">\n\t\t\t\t\t\t\t\t<span><span><a href=\"https:\/\/dals.com\/fr\/\">Accueil<\/a><\/span><\/span>\t\t\t\t\t\t\t<\/div>\n\t\t\t\t\t\t<\/div>\n\t\t\t\t\t<\/div>\n\t\t\t\t<\/div>\n\t\t\t<\/div>\n\t\t<\/div>\n\t<\/div>\n<\/section>\n\n<ul class=\"a-unordered-list a-vertical a-spacing-none\">\n<li>Harnais d\u2019interconnexion de 24&Prime; pour syst\u00e8mes DEL 12V<\/li>\n<li>24&Prime; (61cm) de long<\/li>\n<\/ul>\n","protected":false},"excerpt":{"rendered":"<p>Simplifiez et rationalisez l&rsquo;installation de vos rondelles lumineuses avec le harnais d&rsquo;interconnexion \u00e0 6 directions DALS. Con\u00e7u pour connecter plusieurs rondelles lumineuses \u00e0 DEL dans diff\u00e9rentes directions \u00e0 partir d&rsquo;un seul moyeu, ce harnais offre une flexibilit\u00e9 in\u00e9gal\u00e9e pour des dispositions d&rsquo;\u00e9clairage personnalis\u00e9es, que ce soit dans les cuisines ou les espaces de travail. Chez DALS, nous comprenons les avantages d&rsquo;offrir un syst\u00e8me et une solution d&rsquo;\u00e9clairage complets. C&rsquo;est pourquoi ce harnais d&rsquo;interconnexion est enti\u00e8rement compatible avec nos rondelles lumineuses, assurant une int\u00e9gration transparente et une installation simplifi\u00e9e du d\u00e9but \u00e0 la fin.<\/p>\n","protected":false},"featured_media":3316,"template":"","meta":{"_acf_changed":false,"site-sidebar-layout":"default","site-content-layout":"default","ast-site-content-layout":"default","site-content-style":"default","site-sidebar-style":"default","ast-global-header-display":"","ast-banner-title-visibility":"","ast-main-header-display":"","ast-hfb-above-header-display":"","ast-hfb-below-header-display":"","ast-hfb-mobile-header-display":"","site-post-title":"","ast-breadcrumbs-content":"","ast-featured-img":"","footer-sml-layout":"","ast-disable-related-posts":"","theme-transparent-header-meta":"default","adv-header-id-meta":"","stick-header-meta":"default","header-above-stick-meta":"","header-main-stick-meta":"","header-below-stick-meta":"","astra-migrate-meta-layouts":"default","ast-page-background-enabled":"default","ast-page-background-meta":{"desktop":{"background-color":"","background-image":"","background-repeat":"repeat","background-position":"center center","background-size":"auto","background-attachment":"scroll","background-type":"","background-media":"","overlay-type":"","overlay-color":"","overlay-opacity":"","overlay-gradient":""},"tablet":{"background-color":"","background-image":"","background-repeat":"repeat","background-position":"center center","background-size":"auto","background-attachment":"scroll","background-type":"","background-media":"","overlay-type":"","overlay-color":"","overlay-opacity":"","overlay-gradient":""},"mobile":{"background-color":"","background-image":"","background-repeat":"repeat","background-position":"center center","background-size":"auto","background-attachment":"scroll","background-type":"","background-media":"","overlay-type":"","overlay-color":"","overlay-opacity":"","overlay-gradient":""}},"ast-content-background-meta":{"desktop":{"background-color":"var(--ast-global-color-5)","background-image":"","background-repeat":"repeat","background-position":"center center","background-size":"auto","background-attachment":"scroll","background-type":"","background-media":"","overlay-type":"","overlay-color":"","overlay-opacity":"","overlay-gradient":""},"tablet":{"background-color":"var(--ast-global-color-5)","background-image":"","background-repeat":"repeat","background-position":"center center","background-size":"auto","background-attachment":"scroll","background-type":"","background-media":"","overlay-type":"","overlay-color":"","overlay-opacity":"","overlay-gradient":""},"mobile":{"background-color":"var(--ast-global-color-5)","background-image":"","background-repeat":"repeat","background-position":"center center","background-size":"auto","background-attachment":"scroll","background-type":"","background-media":"","overlay-type":"","overlay-color":"","overlay-opacity":"","overlay-gradient":""}}},"product_brand":[],"product_cat":[1483,76,98],"product_tag":[],"class_list":{"0":"post-6752","1":"product","2":"type-product","3":"status-publish","4":"has-post-thumbnail","6":"product_cat-disponible","7":"product_cat-sous-cabinet","8":"product_cat-transformateurs-accessoires","9":"desktop-align-center","10":"tablet-align-center","11":"mobile-align-center","12":"ast-product-gallery-layout-horizontal-slider","13":"ast-product-gallery-with-no-image","14":"ast-product-tabs-layout-horizontal","16":"first","17":"instock","18":"taxable","19":"shipping-taxable","20":"purchasable","21":"product-type-simple"},"acf":[],"yoast_head":"<!-- This site is optimized with the Yoast SEO plugin v27.4 - https:\/\/yoast.com\/product\/yoast-seo-wordpress\/ -->\n<title>Harnais d&#039;interconnexion \u00e0 6 directions - Dals Lighting<\/title>\n<meta name=\"robots\" content=\"index, follow, max-snippet:-1, max-image-preview:large, max-video-preview:-1\" \/>\n<link rel=\"canonical\" href=\"https:\/\/dals.com\/fr\/produit\/harnais-dinterconnexion-6-directions\/\" \/>\n<meta property=\"og:locale\" content=\"fr_FR\" \/>\n<meta property=\"og:type\" content=\"article\" \/>\n<meta property=\"og:title\" content=\"Harnais d&#039;interconnexion \u00e0 6 directions - Dals Lighting\" \/>\n<meta property=\"og:description\" content=\"Simplifiez et rationalisez l&#039;installation de vos rondelles lumineuses avec le harnais d&#039;interconnexion \u00e0 6 directions DALS. Con\u00e7u pour connecter plusieurs rondelles lumineuses \u00e0 DEL dans diff\u00e9rentes directions \u00e0 partir d&#039;un seul moyeu, ce harnais offre une flexibilit\u00e9 in\u00e9gal\u00e9e pour des dispositions d&#039;\u00e9clairage personnalis\u00e9es, que ce soit dans les cuisines ou les espaces de travail. Chez DALS, nous comprenons les avantages d&#039;offrir un syst\u00e8me et une solution d&#039;\u00e9clairage complets. C&#039;est pourquoi ce harnais d&#039;interconnexion est enti\u00e8rement compatible avec nos rondelles lumineuses, assurant une int\u00e9gration transparente et une installation simplifi\u00e9e du d\u00e9but \u00e0 la fin.\" \/>\n<meta property=\"og:url\" content=\"https:\/\/dals.com\/fr\/produit\/harnais-dinterconnexion-6-directions\/\" \/>\n<meta property=\"og:site_name\" content=\"Dals Lighting\" \/>\n<meta property=\"article:modified_time\" content=\"2025-06-04T22:02:16+00:00\" \/>\n<meta property=\"og:image\" content=\"https:\/\/dalslit.tempurl.host\/wp-content\/uploads\/2019\/12\/ledhrns-6.jpg\" \/>\n\t<meta property=\"og:image:width\" content=\"1920\" \/>\n\t<meta property=\"og:image:height\" content=\"1920\" \/>\n\t<meta property=\"og:image:type\" content=\"image\/jpeg\" \/>\n<meta name=\"twitter:card\" content=\"summary_large_image\" \/>\n<script type=\"application\/ld+json\" class=\"yoast-schema-graph\">{\"@context\":\"https:\\\/\\\/schema.org\",\"@graph\":[{\"@type\":\"WebPage\",\"@id\":\"https:\\\/\\\/dals.com\\\/fr\\\/produit\\\/harnais-dinterconnexion-6-directions\\\/\",\"url\":\"https:\\\/\\\/dals.com\\\/fr\\\/produit\\\/harnais-dinterconnexion-6-directions\\\/\",\"name\":\"Harnais d'interconnexion \u00e0 6 directions - Dals Lighting\",\"isPartOf\":{\"@id\":\"https:\\\/\\\/dalslit.tempurl.host\\\/#website\"},\"primaryImageOfPage\":{\"@id\":\"https:\\\/\\\/dals.com\\\/fr\\\/produit\\\/harnais-dinterconnexion-6-directions\\\/#primaryimage\"},\"image\":{\"@id\":\"https:\\\/\\\/dals.com\\\/fr\\\/produit\\\/harnais-dinterconnexion-6-directions\\\/#primaryimage\"},\"thumbnailUrl\":\"https:\\\/\\\/dals.com\\\/wp-content\\\/uploads\\\/2019\\\/12\\\/ledhrns-6.jpg\",\"datePublished\":\"2019-12-11T17:15:35+00:00\",\"dateModified\":\"2025-06-04T22:02:16+00:00\",\"breadcrumb\":{\"@id\":\"https:\\\/\\\/dals.com\\\/fr\\\/produit\\\/harnais-dinterconnexion-6-directions\\\/#breadcrumb\"},\"inLanguage\":\"fr-FR\",\"potentialAction\":[{\"@type\":\"ReadAction\",\"target\":[\"https:\\\/\\\/dals.com\\\/fr\\\/produit\\\/harnais-dinterconnexion-6-directions\\\/\"]}]},{\"@type\":\"ImageObject\",\"inLanguage\":\"fr-FR\",\"@id\":\"https:\\\/\\\/dals.com\\\/fr\\\/produit\\\/harnais-dinterconnexion-6-directions\\\/#primaryimage\",\"url\":\"https:\\\/\\\/dals.com\\\/wp-content\\\/uploads\\\/2019\\\/12\\\/ledhrns-6.jpg\",\"contentUrl\":\"https:\\\/\\\/dals.com\\\/wp-content\\\/uploads\\\/2019\\\/12\\\/ledhrns-6.jpg\",\"width\":1920,\"height\":1920},{\"@type\":\"BreadcrumbList\",\"@id\":\"https:\\\/\\\/dals.com\\\/fr\\\/produit\\\/harnais-dinterconnexion-6-directions\\\/#breadcrumb\",\"itemListElement\":[{\"@type\":\"ListItem\",\"position\":1,\"name\":\"Accueil\",\"item\":\"https:\\\/\\\/dals.com\\\/fr\\\/\"},{\"@type\":\"ListItem\",\"position\":2,\"name\":\"Produits\",\"item\":\"https:\\\/\\\/dalslit.tempurl.host\\\/fr\\\/?page_id=31878\"},{\"@type\":\"ListItem\",\"position\":3,\"name\":\"disponible\",\"item\":\"https:\\\/\\\/dals.com\\\/fr\\\/categorie-produit\\\/disponible\\\/\"},{\"@type\":\"ListItem\",\"position\":4,\"name\":\"LEDHRNS-6 &#8211; Harnais d\u2019interconnexion \u00e0 6 directions\"}]},{\"@type\":\"WebSite\",\"@id\":\"https:\\\/\\\/dalslit.tempurl.host\\\/#website\",\"url\":\"https:\\\/\\\/dalslit.tempurl.host\\\/\",\"name\":\"Dals Lighting\",\"description\":\"Manufacturer of designer lighting products\",\"publisher\":{\"@id\":\"https:\\\/\\\/dalslit.tempurl.host\\\/#organization\"},\"potentialAction\":[{\"@type\":\"SearchAction\",\"target\":{\"@type\":\"EntryPoint\",\"urlTemplate\":\"https:\\\/\\\/dalslit.tempurl.host\\\/?s={search_term_string}\"},\"query-input\":{\"@type\":\"PropertyValueSpecification\",\"valueRequired\":true,\"valueName\":\"search_term_string\"}}],\"inLanguage\":\"fr-FR\"},{\"@type\":\"Organization\",\"@id\":\"https:\\\/\\\/dalslit.tempurl.host\\\/#organization\",\"name\":\"Dals Lighting\",\"url\":\"https:\\\/\\\/dalslit.tempurl.host\\\/\",\"logo\":{\"@type\":\"ImageObject\",\"inLanguage\":\"fr-FR\",\"@id\":\"https:\\\/\\\/dalslit.tempurl.host\\\/#\\\/schema\\\/logo\\\/image\\\/\",\"url\":\"https:\\\/\\\/dals.com\\\/wp-content\\\/uploads\\\/2020\\\/01\\\/cropped-logo-dals.png\",\"contentUrl\":\"https:\\\/\\\/dals.com\\\/wp-content\\\/uploads\\\/2020\\\/01\\\/cropped-logo-dals.png\",\"width\":\"300\",\"height\":\"125\",\"caption\":\"Dals Lighting\"},\"image\":{\"@id\":\"https:\\\/\\\/dalslit.tempurl.host\\\/#\\\/schema\\\/logo\\\/image\\\/\"}}]}<\/script>\n<!-- \/ Yoast SEO plugin. -->","yoast_head_json":{"title":"Harnais d'interconnexion \u00e0 6 directions - Dals Lighting","robots":{"index":"index","follow":"follow","max-snippet":"max-snippet:-1","max-image-preview":"max-image-preview:large","max-video-preview":"max-video-preview:-1"},"canonical":"https:\/\/dals.com\/fr\/produit\/harnais-dinterconnexion-6-directions\/","og_locale":"fr_FR","og_type":"article","og_title":"Harnais d'interconnexion \u00e0 6 directions - Dals Lighting","og_description":"Simplifiez et rationalisez l'installation de vos rondelles lumineuses avec le harnais d'interconnexion \u00e0 6 directions DALS. Con\u00e7u pour connecter plusieurs rondelles lumineuses \u00e0 DEL dans diff\u00e9rentes directions \u00e0 partir d'un seul moyeu, ce harnais offre une flexibilit\u00e9 in\u00e9gal\u00e9e pour des dispositions d'\u00e9clairage personnalis\u00e9es, que ce soit dans les cuisines ou les espaces de travail. Chez DALS, nous comprenons les avantages d'offrir un syst\u00e8me et une solution d'\u00e9clairage complets. C'est pourquoi ce harnais d'interconnexion est enti\u00e8rement compatible avec nos rondelles lumineuses, assurant une int\u00e9gration transparente et une installation simplifi\u00e9e du d\u00e9but \u00e0 la fin.","og_url":"https:\/\/dals.com\/fr\/produit\/harnais-dinterconnexion-6-directions\/","og_site_name":"Dals Lighting","article_modified_time":"2025-06-04T22:02:16+00:00","og_image":[{"width":1920,"height":1920,"url":"https:\/\/dalslit.tempurl.host\/wp-content\/uploads\/2019\/12\/ledhrns-6.jpg","type":"image\/jpeg"}],"twitter_card":"summary_large_image","schema":{"@context":"https:\/\/schema.org","@graph":[{"@type":"WebPage","@id":"https:\/\/dals.com\/fr\/produit\/harnais-dinterconnexion-6-directions\/","url":"https:\/\/dals.com\/fr\/produit\/harnais-dinterconnexion-6-directions\/","name":"Harnais d'interconnexion \u00e0 6 directions - Dals Lighting","isPartOf":{"@id":"https:\/\/dalslit.tempurl.host\/#website"},"primaryImageOfPage":{"@id":"https:\/\/dals.com\/fr\/produit\/harnais-dinterconnexion-6-directions\/#primaryimage"},"image":{"@id":"https:\/\/dals.com\/fr\/produit\/harnais-dinterconnexion-6-directions\/#primaryimage"},"thumbnailUrl":"https:\/\/dals.com\/wp-content\/uploads\/2019\/12\/ledhrns-6.jpg","datePublished":"2019-12-11T17:15:35+00:00","dateModified":"2025-06-04T22:02:16+00:00","breadcrumb":{"@id":"https:\/\/dals.com\/fr\/produit\/harnais-dinterconnexion-6-directions\/#breadcrumb"},"inLanguage":"fr-FR","potentialAction":[{"@type":"ReadAction","target":["https:\/\/dals.com\/fr\/produit\/harnais-dinterconnexion-6-directions\/"]}]},{"@type":"ImageObject","inLanguage":"fr-FR","@id":"https:\/\/dals.com\/fr\/produit\/harnais-dinterconnexion-6-directions\/#primaryimage","url":"https:\/\/dals.com\/wp-content\/uploads\/2019\/12\/ledhrns-6.jpg","contentUrl":"https:\/\/dals.com\/wp-content\/uploads\/2019\/12\/ledhrns-6.jpg","width":1920,"height":1920},{"@type":"BreadcrumbList","@id":"https:\/\/dals.com\/fr\/produit\/harnais-dinterconnexion-6-directions\/#breadcrumb","itemListElement":[{"@type":"ListItem","position":1,"name":"Accueil","item":"https:\/\/dals.com\/fr\/"},{"@type":"ListItem","position":2,"name":"Produits","item":"https:\/\/dalslit.tempurl.host\/fr\/?page_id=31878"},{"@type":"ListItem","position":3,"name":"disponible","item":"https:\/\/dals.com\/fr\/categorie-produit\/disponible\/"},{"@type":"ListItem","position":4,"name":"LEDHRNS-6 &#8211; Harnais d\u2019interconnexion \u00e0 6 directions"}]},{"@type":"WebSite","@id":"https:\/\/dalslit.tempurl.host\/#website","url":"https:\/\/dalslit.tempurl.host\/","name":"Dals Lighting","description":"Manufacturer of designer lighting products","publisher":{"@id":"https:\/\/dalslit.tempurl.host\/#organization"},"potentialAction":[{"@type":"SearchAction","target":{"@type":"EntryPoint","urlTemplate":"https:\/\/dalslit.tempurl.host\/?s={search_term_string}"},"query-input":{"@type":"PropertyValueSpecification","valueRequired":true,"valueName":"search_term_string"}}],"inLanguage":"fr-FR"},{"@type":"Organization","@id":"https:\/\/dalslit.tempurl.host\/#organization","name":"Dals Lighting","url":"https:\/\/dalslit.tempurl.host\/","logo":{"@type":"ImageObject","inLanguage":"fr-FR","@id":"https:\/\/dalslit.tempurl.host\/#\/schema\/logo\/image\/","url":"https:\/\/dals.com\/wp-content\/uploads\/2020\/01\/cropped-logo-dals.png","contentUrl":"https:\/\/dals.com\/wp-content\/uploads\/2020\/01\/cropped-logo-dals.png","width":"300","height":"125","caption":"Dals Lighting"},"image":{"@id":"https:\/\/dalslit.tempurl.host\/#\/schema\/logo\/image\/"}}]}},"_links":{"self":[{"href":"https:\/\/dals.com\/fr\/wp-json\/wp\/v2\/product\/6752","targetHints":{"allow":["GET"]}}],"collection":[{"href":"https:\/\/dals.com\/fr\/wp-json\/wp\/v2\/product"}],"about":[{"href":"https:\/\/dals.com\/fr\/wp-json\/wp\/v2\/types\/product"}],"wp:featuredmedia":[{"embeddable":true,"href":"https:\/\/dals.com\/fr\/wp-json\/wp\/v2\/media\/3316"}],"wp:attachment":[{"href":"https:\/\/dals.com\/fr\/wp-json\/wp\/v2\/media?parent=6752"}],"wp:term":[{"taxonomy":"product_brand","embeddable":true,"href":"https:\/\/dals.com\/fr\/wp-json\/wp\/v2\/product_brand?post=6752"},{"taxonomy":"product_cat","embeddable":true,"href":"https:\/\/dals.com\/fr\/wp-json\/wp\/v2\/product_cat?post=6752"},{"taxonomy":"product_tag","embeddable":true,"href":"https:\/\/dals.com\/fr\/wp-json\/wp\/v2\/product_tag?post=6752"}],"curies":[{"name":"wp","href":"https:\/\/api.w.org\/{rel}","templated":true}]}}