{"id":6557,"date":"2017-02-25T12:21:20","date_gmt":"2017-02-25T17:21:20","guid":{"rendered":"https:\/\/dals.com\/product\/drilling-template-for-msl2\/"},"modified":"2025-06-04T18:01:31","modified_gmt":"2025-06-04T22:01:31","slug":"gabarit-de-percage-pour-msl2","status":"publish","type":"product","link":"https:\/\/dals.com\/fr\/produit\/gabarit-de-percage-pour-msl2\/","title":{"rendered":"Plaque pr\u00e9mont\u00e9e"},"content":{"rendered":"\t\t<section class=\"elem-breadcrumbs elementor-element elementor-section-boxed elementor-section-height-default elementor-section-height-default elementor-section elementor-top-section\" data-element_type=\"section\" style=\"margin-bottom:30px\">\n\t<div class=\"elementor-container elementor-column-gap-default\">\n\t\t<div class=\"elementor-row\">\n\t\t\t<div class=\"elementor-element elementor-column elementor-col-100 elementor-top-column >\n\t\t\t\t<div class=\"elementor-column-wrap  elementor-element-populated\">\n\t\t\t\t\t<div class=\"elementor-widget-wrap\">\n\t\t\t\t\t\t<div class=\"elementor-element elementor-widget elementor-widget-breadcrumbs\" data-element_type=\"widget\" data-widget_type=\"breadcrumbs.default\">\n\t\t\t\t\t\t\t<div class=\"elementor-widget-container\">\n\t\t\t\t\t\t\t\t<span><span><a href=\"https:\/\/dals.com\/fr\/\">Accueil<\/a><\/span><\/span>\t\t\t\t\t\t\t<\/div>\n\t\t\t\t\t\t<\/div>\n\t\t\t\t\t<\/div>\n\t\t\t\t<\/div>\n\t\t\t<\/div>\n\t\t<\/div>\n\t<\/div>\n<\/section>\n\n<ul>\n<li>Finition en acier galvanis\u00e9<\/li>\n<li>Ajoute un support suppl\u00e9mentaire et permet une installation facile et rapide<\/li>\n<li>Veuillez vous r\u00e9f\u00e9rer \u00e0 la taille de d\u00e9coupe du produit<\/li>\n<\/ul>\n","protected":false},"excerpt":{"rendered":"<p>Assurez une pr\u00e9cision parfaite \u00e0 chaque fois gr\u00e2ce \u00e0 la plaque pr\u00e9mont\u00e9e sp\u00e9cialement con\u00e7ue pour nos produits d&rsquo;\u00e9clairage encastr\u00e9. Ce gabarit robuste sert d&rsquo;outil essentiel pour d\u00e9couper des ouvertures pr\u00e9cises, vous aidant \u00e0 obtenir une finition propre et professionnelle lors de l&rsquo;installation. Con\u00e7ue pour simplifier votre flux de travail, la plaque de per\u00e7age guide vos outils pour des tailles de trou constantes, r\u00e9duisant ainsi les erreurs et \u00e9conomisant du temps sur chaque projet.<\/p>\n","protected":false},"featured_media":14325,"template":"","meta":{"_acf_changed":false,"site-sidebar-layout":"default","site-content-layout":"default","ast-site-content-layout":"default","site-content-style":"default","site-sidebar-style":"default","ast-global-header-display":"","ast-banner-title-visibility":"","ast-main-header-display":"","ast-hfb-above-header-display":"","ast-hfb-below-header-display":"","ast-hfb-mobile-header-display":"","site-post-title":"","ast-breadcrumbs-content":"","ast-featured-img":"","footer-sml-layout":"","ast-disable-related-posts":"","theme-transparent-header-meta":"default","adv-header-id-meta":"","stick-header-meta":"default","header-above-stick-meta":"","header-main-stick-meta":"","header-below-stick-meta":"","astra-migrate-meta-layouts":"default","ast-page-background-enabled":"default","ast-page-background-meta":{"desktop":{"background-color":"","background-image":"","background-repeat":"repeat","background-position":"center center","background-size":"auto","background-attachment":"scroll","background-type":"","background-media":"","overlay-type":"","overlay-color":"","overlay-opacity":"","overlay-gradient":""},"tablet":{"background-color":"","background-image":"","background-repeat":"repeat","background-position":"center center","background-size":"auto","background-attachment":"scroll","background-type":"","background-media":"","overlay-type":"","overlay-color":"","overlay-opacity":"","overlay-gradient":""},"mobile":{"background-color":"","background-image":"","background-repeat":"repeat","background-position":"center center","background-size":"auto","background-attachment":"scroll","background-type":"","background-media":"","overlay-type":"","overlay-color":"","overlay-opacity":"","overlay-gradient":""}},"ast-content-background-meta":{"desktop":{"background-color":"var(--ast-global-color-5)","background-image":"","background-repeat":"repeat","background-position":"center center","background-size":"auto","background-attachment":"scroll","background-type":"","background-media":"","overlay-type":"","overlay-color":"","overlay-opacity":"","overlay-gradient":""},"tablet":{"background-color":"var(--ast-global-color-5)","background-image":"","background-repeat":"repeat","background-position":"center center","background-size":"auto","background-attachment":"scroll","background-type":"","background-media":"","overlay-type":"","overlay-color":"","overlay-opacity":"","overlay-gradient":""},"mobile":{"background-color":"var(--ast-global-color-5)","background-image":"","background-repeat":"repeat","background-position":"center center","background-size":"auto","background-attachment":"scroll","background-type":"","background-media":"","overlay-type":"","overlay-color":"","overlay-opacity":"","overlay-gradient":""}}},"product_brand":[],"product_cat":[537,1483,18],"product_tag":[],"class_list":{"0":"post-6557","1":"product","2":"type-product","3":"status-publish","4":"has-post-thumbnail","6":"product_cat-encastres-accessoires","7":"product_cat-disponible","8":"product_cat-encastres","9":"desktop-align-center","10":"tablet-align-center","11":"mobile-align-center","12":"ast-product-gallery-layout-horizontal-slider","13":"ast-product-tabs-layout-horizontal","15":"first","16":"instock","17":"taxable","18":"shipping-taxable","19":"purchasable","20":"product-type-simple"},"acf":[],"yoast_head":"<!-- This site is optimized with the Yoast SEO plugin v27.2 - https:\/\/yoast.com\/product\/yoast-seo-wordpress\/ -->\n<title>Plaque pr\u00e9mont\u00e9e - Dals Lighting<\/title>\n<meta name=\"robots\" content=\"index, follow, max-snippet:-1, max-image-preview:large, max-video-preview:-1\" \/>\n<link rel=\"canonical\" href=\"https:\/\/dals.com\/fr\/produit\/gabarit-de-percage-pour-msl2\/\" \/>\n<meta property=\"og:locale\" content=\"fr_FR\" \/>\n<meta property=\"og:type\" content=\"article\" \/>\n<meta property=\"og:title\" content=\"Plaque pr\u00e9mont\u00e9e - Dals Lighting\" \/>\n<meta property=\"og:description\" content=\"Assurez une pr\u00e9cision parfaite \u00e0 chaque fois gr\u00e2ce \u00e0 la plaque pr\u00e9mont\u00e9e sp\u00e9cialement con\u00e7ue pour nos produits d&#039;\u00e9clairage encastr\u00e9. Ce gabarit robuste sert d&#039;outil essentiel pour d\u00e9couper des ouvertures pr\u00e9cises, vous aidant \u00e0 obtenir une finition propre et professionnelle lors de l&#039;installation. Con\u00e7ue pour simplifier votre flux de travail, la plaque de per\u00e7age guide vos outils pour des tailles de trou constantes, r\u00e9duisant ainsi les erreurs et \u00e9conomisant du temps sur chaque projet.\" \/>\n<meta property=\"og:url\" content=\"https:\/\/dals.com\/fr\/produit\/gabarit-de-percage-pour-msl2\/\" \/>\n<meta property=\"og:site_name\" content=\"Dals Lighting\" \/>\n<meta property=\"article:modified_time\" content=\"2025-06-04T22:01:31+00:00\" \/>\n<meta property=\"og:image\" content=\"https:\/\/dalslit.tempurl.host\/wp-content\/uploads\/2017\/02\/rfp-msl2.jpg\" \/>\n\t<meta property=\"og:image:width\" content=\"2000\" \/>\n\t<meta property=\"og:image:height\" content=\"2000\" \/>\n\t<meta property=\"og:image:type\" content=\"image\/jpeg\" \/>\n<meta name=\"twitter:card\" content=\"summary_large_image\" \/>\n<script type=\"application\/ld+json\" class=\"yoast-schema-graph\">{\"@context\":\"https:\/\/schema.org\",\"@graph\":[{\"@type\":\"WebPage\",\"@id\":\"https:\/\/dals.com\/fr\/produit\/gabarit-de-percage-pour-msl2\/\",\"url\":\"https:\/\/dals.com\/fr\/produit\/gabarit-de-percage-pour-msl2\/\",\"name\":\"Plaque pr\u00e9mont\u00e9e - Dals Lighting\",\"isPartOf\":{\"@id\":\"https:\/\/dalslit.tempurl.host\/#website\"},\"primaryImageOfPage\":{\"@id\":\"https:\/\/dals.com\/fr\/produit\/gabarit-de-percage-pour-msl2\/#primaryimage\"},\"image\":{\"@id\":\"https:\/\/dals.com\/fr\/produit\/gabarit-de-percage-pour-msl2\/#primaryimage\"},\"thumbnailUrl\":\"https:\/\/dals.com\/wp-content\/uploads\/2017\/02\/rfp-msl2.jpg\",\"datePublished\":\"2017-02-25T17:21:20+00:00\",\"dateModified\":\"2025-06-04T22:01:31+00:00\",\"breadcrumb\":{\"@id\":\"https:\/\/dals.com\/fr\/produit\/gabarit-de-percage-pour-msl2\/#breadcrumb\"},\"inLanguage\":\"fr-FR\",\"potentialAction\":[{\"@type\":\"ReadAction\",\"target\":[\"https:\/\/dals.com\/fr\/produit\/gabarit-de-percage-pour-msl2\/\"]}]},{\"@type\":\"ImageObject\",\"inLanguage\":\"fr-FR\",\"@id\":\"https:\/\/dals.com\/fr\/produit\/gabarit-de-percage-pour-msl2\/#primaryimage\",\"url\":\"https:\/\/dals.com\/wp-content\/uploads\/2017\/02\/rfp-msl2.jpg\",\"contentUrl\":\"https:\/\/dals.com\/wp-content\/uploads\/2017\/02\/rfp-msl2.jpg\",\"width\":2000,\"height\":2000},{\"@type\":\"BreadcrumbList\",\"@id\":\"https:\/\/dals.com\/fr\/produit\/gabarit-de-percage-pour-msl2\/#breadcrumb\",\"itemListElement\":[{\"@type\":\"ListItem\",\"position\":1,\"name\":\"Accueil\",\"item\":\"https:\/\/dals.com\/fr\/\"},{\"@type\":\"ListItem\",\"position\":2,\"name\":\"Produits\",\"item\":\"https:\/\/dalslit.tempurl.host\/fr\/?page_id=31878\"},{\"@type\":\"ListItem\",\"position\":3,\"name\":\"disponible\",\"item\":\"https:\/\/dals.com\/fr\/categorie-produit\/disponible\/\"},{\"@type\":\"ListItem\",\"position\":4,\"name\":\"RFP-MSL2 &#8211; Gabarit de per\u00e7age pour MSL2\"}]},{\"@type\":\"WebSite\",\"@id\":\"https:\/\/dalslit.tempurl.host\/#website\",\"url\":\"https:\/\/dalslit.tempurl.host\/\",\"name\":\"Dals Lighting\",\"description\":\"Manufacturer of designer lighting products\",\"publisher\":{\"@id\":\"https:\/\/dalslit.tempurl.host\/#organization\"},\"potentialAction\":[{\"@type\":\"SearchAction\",\"target\":{\"@type\":\"EntryPoint\",\"urlTemplate\":\"https:\/\/dalslit.tempurl.host\/?s={search_term_string}\"},\"query-input\":{\"@type\":\"PropertyValueSpecification\",\"valueRequired\":true,\"valueName\":\"search_term_string\"}}],\"inLanguage\":\"fr-FR\"},{\"@type\":\"Organization\",\"@id\":\"https:\/\/dalslit.tempurl.host\/#organization\",\"name\":\"Dals Lighting\",\"url\":\"https:\/\/dalslit.tempurl.host\/\",\"logo\":{\"@type\":\"ImageObject\",\"inLanguage\":\"fr-FR\",\"@id\":\"https:\/\/dalslit.tempurl.host\/#\/schema\/logo\/image\/\",\"url\":\"https:\/\/dals.com\/wp-content\/uploads\/2020\/01\/cropped-logo-dals.png\",\"contentUrl\":\"https:\/\/dals.com\/wp-content\/uploads\/2020\/01\/cropped-logo-dals.png\",\"width\":\"300\",\"height\":\"125\",\"caption\":\"Dals Lighting\"},\"image\":{\"@id\":\"https:\/\/dalslit.tempurl.host\/#\/schema\/logo\/image\/\"}}]}<\/script>\n<!-- \/ Yoast SEO plugin. -->","yoast_head_json":{"title":"Plaque pr\u00e9mont\u00e9e - Dals Lighting","robots":{"index":"index","follow":"follow","max-snippet":"max-snippet:-1","max-image-preview":"max-image-preview:large","max-video-preview":"max-video-preview:-1"},"canonical":"https:\/\/dals.com\/fr\/produit\/gabarit-de-percage-pour-msl2\/","og_locale":"fr_FR","og_type":"article","og_title":"Plaque pr\u00e9mont\u00e9e - Dals Lighting","og_description":"Assurez une pr\u00e9cision parfaite \u00e0 chaque fois gr\u00e2ce \u00e0 la plaque pr\u00e9mont\u00e9e sp\u00e9cialement con\u00e7ue pour nos produits d'\u00e9clairage encastr\u00e9. Ce gabarit robuste sert d'outil essentiel pour d\u00e9couper des ouvertures pr\u00e9cises, vous aidant \u00e0 obtenir une finition propre et professionnelle lors de l'installation. Con\u00e7ue pour simplifier votre flux de travail, la plaque de per\u00e7age guide vos outils pour des tailles de trou constantes, r\u00e9duisant ainsi les erreurs et \u00e9conomisant du temps sur chaque projet.","og_url":"https:\/\/dals.com\/fr\/produit\/gabarit-de-percage-pour-msl2\/","og_site_name":"Dals Lighting","article_modified_time":"2025-06-04T22:01:31+00:00","og_image":[{"width":2000,"height":2000,"url":"https:\/\/dalslit.tempurl.host\/wp-content\/uploads\/2017\/02\/rfp-msl2.jpg","type":"image\/jpeg"}],"twitter_card":"summary_large_image","schema":{"@context":"https:\/\/schema.org","@graph":[{"@type":"WebPage","@id":"https:\/\/dals.com\/fr\/produit\/gabarit-de-percage-pour-msl2\/","url":"https:\/\/dals.com\/fr\/produit\/gabarit-de-percage-pour-msl2\/","name":"Plaque pr\u00e9mont\u00e9e - Dals Lighting","isPartOf":{"@id":"https:\/\/dalslit.tempurl.host\/#website"},"primaryImageOfPage":{"@id":"https:\/\/dals.com\/fr\/produit\/gabarit-de-percage-pour-msl2\/#primaryimage"},"image":{"@id":"https:\/\/dals.com\/fr\/produit\/gabarit-de-percage-pour-msl2\/#primaryimage"},"thumbnailUrl":"https:\/\/dals.com\/wp-content\/uploads\/2017\/02\/rfp-msl2.jpg","datePublished":"2017-02-25T17:21:20+00:00","dateModified":"2025-06-04T22:01:31+00:00","breadcrumb":{"@id":"https:\/\/dals.com\/fr\/produit\/gabarit-de-percage-pour-msl2\/#breadcrumb"},"inLanguage":"fr-FR","potentialAction":[{"@type":"ReadAction","target":["https:\/\/dals.com\/fr\/produit\/gabarit-de-percage-pour-msl2\/"]}]},{"@type":"ImageObject","inLanguage":"fr-FR","@id":"https:\/\/dals.com\/fr\/produit\/gabarit-de-percage-pour-msl2\/#primaryimage","url":"https:\/\/dals.com\/wp-content\/uploads\/2017\/02\/rfp-msl2.jpg","contentUrl":"https:\/\/dals.com\/wp-content\/uploads\/2017\/02\/rfp-msl2.jpg","width":2000,"height":2000},{"@type":"BreadcrumbList","@id":"https:\/\/dals.com\/fr\/produit\/gabarit-de-percage-pour-msl2\/#breadcrumb","itemListElement":[{"@type":"ListItem","position":1,"name":"Accueil","item":"https:\/\/dals.com\/fr\/"},{"@type":"ListItem","position":2,"name":"Produits","item":"https:\/\/dalslit.tempurl.host\/fr\/?page_id=31878"},{"@type":"ListItem","position":3,"name":"disponible","item":"https:\/\/dals.com\/fr\/categorie-produit\/disponible\/"},{"@type":"ListItem","position":4,"name":"RFP-MSL2 &#8211; Gabarit de per\u00e7age pour MSL2"}]},{"@type":"WebSite","@id":"https:\/\/dalslit.tempurl.host\/#website","url":"https:\/\/dalslit.tempurl.host\/","name":"Dals Lighting","description":"Manufacturer of designer lighting products","publisher":{"@id":"https:\/\/dalslit.tempurl.host\/#organization"},"potentialAction":[{"@type":"SearchAction","target":{"@type":"EntryPoint","urlTemplate":"https:\/\/dalslit.tempurl.host\/?s={search_term_string}"},"query-input":{"@type":"PropertyValueSpecification","valueRequired":true,"valueName":"search_term_string"}}],"inLanguage":"fr-FR"},{"@type":"Organization","@id":"https:\/\/dalslit.tempurl.host\/#organization","name":"Dals Lighting","url":"https:\/\/dalslit.tempurl.host\/","logo":{"@type":"ImageObject","inLanguage":"fr-FR","@id":"https:\/\/dalslit.tempurl.host\/#\/schema\/logo\/image\/","url":"https:\/\/dals.com\/wp-content\/uploads\/2020\/01\/cropped-logo-dals.png","contentUrl":"https:\/\/dals.com\/wp-content\/uploads\/2020\/01\/cropped-logo-dals.png","width":"300","height":"125","caption":"Dals Lighting"},"image":{"@id":"https:\/\/dalslit.tempurl.host\/#\/schema\/logo\/image\/"}}]}},"_links":{"self":[{"href":"https:\/\/dals.com\/fr\/wp-json\/wp\/v2\/product\/6557","targetHints":{"allow":["GET"]}}],"collection":[{"href":"https:\/\/dals.com\/fr\/wp-json\/wp\/v2\/product"}],"about":[{"href":"https:\/\/dals.com\/fr\/wp-json\/wp\/v2\/types\/product"}],"wp:featuredmedia":[{"embeddable":true,"href":"https:\/\/dals.com\/fr\/wp-json\/wp\/v2\/media\/14325"}],"wp:attachment":[{"href":"https:\/\/dals.com\/fr\/wp-json\/wp\/v2\/media?parent=6557"}],"wp:term":[{"taxonomy":"product_brand","embeddable":true,"href":"https:\/\/dals.com\/fr\/wp-json\/wp\/v2\/product_brand?post=6557"},{"taxonomy":"product_cat","embeddable":true,"href":"https:\/\/dals.com\/fr\/wp-json\/wp\/v2\/product_cat?post=6557"},{"taxonomy":"product_tag","embeddable":true,"href":"https:\/\/dals.com\/fr\/wp-json\/wp\/v2\/product_tag?post=6557"}],"curies":[{"name":"wp","href":"https:\/\/api.w.org\/{rel}","templated":true}]}}