{"id":6493,"date":"2018-05-01T12:22:56","date_gmt":"2019-12-11T17:22:56","guid":{"rendered":"https:\/\/dals.com\/product\/8-smart-rgbcct-flush-mount\/"},"modified":"2025-06-04T18:01:22","modified_gmt":"2025-06-04T22:01:22","slug":"plafonnier-intelligent-rgbcct-de-8","status":"publish","type":"product","link":"https:\/\/dals.com\/fr\/produit\/plafonnier-intelligent-rgbcct-de-8\/","title":{"rendered":"Plafonnier intelligent rond de 8&Prime;"},"content":{"rendered":"\t\t<section class=\"elem-breadcrumbs elementor-element elementor-section-boxed elementor-section-height-default elementor-section-height-default elementor-section elementor-top-section\" data-element_type=\"section\" style=\"margin-bottom:30px\">\n\t<div class=\"elementor-container elementor-column-gap-default\">\n\t\t<div class=\"elementor-row\">\n\t\t\t<div class=\"elementor-element elementor-column elementor-col-100 elementor-top-column >\n\t\t\t\t<div class=\"elementor-column-wrap  elementor-element-populated\">\n\t\t\t\t\t<div class=\"elementor-widget-wrap\">\n\t\t\t\t\t\t<div class=\"elementor-element elementor-widget elementor-widget-breadcrumbs\" data-element_type=\"widget\" data-widget_type=\"breadcrumbs.default\">\n\t\t\t\t\t\t\t<div class=\"elementor-widget-container\">\n\t\t\t\t\t\t\t\t<span><span><a href=\"https:\/\/dals.com\/fr\/\">Accueil<\/a><\/span><\/span>\t\t\t\t\t\t\t<\/div>\n\t\t\t\t\t\t<\/div>\n\t\t\t\t\t<\/div>\n\t\t\t\t<\/div>\n\t\t\t<\/div>\n\t\t<\/div>\n\t<\/div>\n<\/section>\n\n<ul>\n<li>Excellent rendu des couleurs<\/li>\n<li>Spectre de couleurs complet<\/li>\n<li>2700K &#8211; 6500K en blancs purs<\/li>\n<li>Performance et dur\u00e9e de vie\u00a0sup\u00e9rieures des DEL<\/li>\n<li>\u00c9mission de chaleur minimale<\/li>\n<li>Intensit\u00e9 r\u00e9glable via l\u2019appli Dals Connect<\/li>\n<li>Plus de 50 000 heures de dur\u00e9e de vie<\/li>\n<li>Convient aux endroits secs<\/li>\n<li>Garantie de 5 ans<\/li>\n<li>WiFi &#8211; pas de hub n\u00e9cessaire<\/li>\n<li>Cr\u00e9er des groupes<\/li>\n<li>Programmation<\/li>\n<li>Acc\u00e8s \u00e0 distance<\/li>\n<li>Compatible avec Google Assistant\u00a0et Amazon Alexa<\/li>\n<\/ul>\n","protected":false},"excerpt":{"rendered":"<p>Le design ultra-mince de notre plafonnier intelligent est la pierre angulaire de la technologie d&rsquo;\u00e9clairage LED. Ce plafonnier \u00e9met une lumi\u00e8re uniforme et vraie, cr\u00e9ant l&rsquo;atmosph\u00e8re ambiante que vous d\u00e9sirez en appuyant simplement sur un bouton.<\/p>\n<p> Le nombre maximum de lumi\u00e8res intelligentes par installation varie en fonction des sp\u00e9cifications de votre r\u00e9seau. <span style=\"text-decoration : underline ; \u00bb ><a href=\"https:\/\/dals.com\/resources-old\/faq\/\"><span class=\"s1\">Consultez notre FAQ pour plus de d\u00e9tails.<\/span><\/a><\/span><\/p>\n<p> <strong>Remarque :<\/strong>Ne doit pas \u00eatre utilis\u00e9 avec un gradateur ou une minuterie. Ces fonctionnalit\u00e9s doivent \u00eatre r\u00e9alis\u00e9es via l&rsquo;application Dals Connect. Pour une utilisation \u00e0 l&rsquo;int\u00e9rieur uniquement, ce produit n&rsquo;est pas destin\u00e9 aux applications ext\u00e9rieures, y compris les soffites.<\/p>\n<p> <a href=\"https:\/\/www.youtube.com\/watch?v=49KFo959Xn8&#038;t=10s\"><img decoding=\"async\" class=\"alignnone wp-image-19546 \u00bb src=\"https:\/\/dals.com\/wp-content\/uploads\/2021\/01\/watchvideo-300x99.png \u00bb alt= \u00bb width=\"212 \u00bb height=\"70 \u00bb \/><\/a><\/p>\n","protected":false},"featured_media":12596,"template":"","meta":{"_acf_changed":false,"site-sidebar-layout":"default","site-content-layout":"default","ast-site-content-layout":"default","site-content-style":"default","site-sidebar-style":"default","ast-global-header-display":"","ast-banner-title-visibility":"","ast-main-header-display":"","ast-hfb-above-header-display":"","ast-hfb-below-header-display":"","ast-hfb-mobile-header-display":"","site-post-title":"","ast-breadcrumbs-content":"","ast-featured-img":"","footer-sml-layout":"","ast-disable-related-posts":"","theme-transparent-header-meta":"default","adv-header-id-meta":"","stick-header-meta":"default","header-above-stick-meta":"","header-main-stick-meta":"","header-below-stick-meta":"","astra-migrate-meta-layouts":"set","ast-page-background-enabled":"default","ast-page-background-meta":{"desktop":{"background-color":"","background-image":"","background-repeat":"repeat","background-position":"center center","background-size":"auto","background-attachment":"scroll","background-type":"","background-media":"","overlay-type":"","overlay-color":"","overlay-opacity":"","overlay-gradient":""},"tablet":{"background-color":"","background-image":"","background-repeat":"repeat","background-position":"center center","background-size":"auto","background-attachment":"scroll","background-type":"","background-media":"","overlay-type":"","overlay-color":"","overlay-opacity":"","overlay-gradient":""},"mobile":{"background-color":"","background-image":"","background-repeat":"repeat","background-position":"center center","background-size":"auto","background-attachment":"scroll","background-type":"","background-media":"","overlay-type":"","overlay-color":"","overlay-opacity":"","overlay-gradient":""}},"ast-content-background-meta":{"desktop":{"background-color":"var(--ast-global-color-5)","background-image":"","background-repeat":"repeat","background-position":"center center","background-size":"auto","background-attachment":"scroll","background-type":"","background-media":"","overlay-type":"","overlay-color":"","overlay-opacity":"","overlay-gradient":""},"tablet":{"background-color":"var(--ast-global-color-5)","background-image":"","background-repeat":"repeat","background-position":"center center","background-size":"auto","background-attachment":"scroll","background-type":"","background-media":"","overlay-type":"","overlay-color":"","overlay-opacity":"","overlay-gradient":""},"mobile":{"background-color":"var(--ast-global-color-5)","background-image":"","background-repeat":"repeat","background-position":"center center","background-size":"auto","background-attachment":"scroll","background-type":"","background-media":"","overlay-type":"","overlay-color":"","overlay-opacity":"","overlay-gradient":""}}},"product_brand":[],"product_cat":[2070,2048,75,2050],"product_tag":[],"class_list":{"0":"post-6493","1":"product","2":"type-product","3":"status-publish","4":"has-post-thumbnail","6":"product_cat-decoratif-smart-home","7":"product_cat-interieur","8":"product_cat-maison-intelligente","9":"product_cat-plafonniers-fr","10":"pa_finish-blanc","11":"desktop-align-center","12":"tablet-align-center","13":"mobile-align-center","14":"ast-product-gallery-layout-horizontal-slider","15":"ast-product-single-variable","16":"ast-product-tabs-layout-horizontal","18":"first","19":"instock","20":"taxable","21":"shipping-taxable","22":"purchasable","23":"product-type-variable","24":"wvs-archive-product-wrapper"},"acf":[],"yoast_head":"<!-- This site is optimized with the Yoast SEO plugin v27.4 - https:\/\/yoast.com\/product\/yoast-seo-wordpress\/ -->\n<title>Plafonnier intelligent rond de 8&quot; - Dals Lighting<\/title>\n<meta name=\"robots\" content=\"index, follow, max-snippet:-1, max-image-preview:large, max-video-preview:-1\" \/>\n<link rel=\"canonical\" href=\"https:\/\/dals.com\/fr\/produit\/plafonnier-intelligent-rgbcct-de-8\/\" \/>\n<meta property=\"og:locale\" content=\"fr_FR\" \/>\n<meta property=\"og:type\" content=\"article\" \/>\n<meta property=\"og:title\" content=\"Plafonnier intelligent rond de 8&quot; - Dals Lighting\" \/>\n<meta property=\"og:description\" content=\"Le design ultra-mince de notre plafonnier intelligent est la pierre angulaire de la technologie d&#039;\u00e9clairage LED. Ce plafonnier \u00e9met une lumi\u00e8re uniforme et vraie, cr\u00e9ant l&#039;atmosph\u00e8re ambiante que vous d\u00e9sirez en appuyant simplement sur un bouton.  Le nombre maximum de lumi\u00e8res intelligentes par installation varie en fonction des sp\u00e9cifications de votre r\u00e9seau.\" \/>\n<meta property=\"og:url\" content=\"https:\/\/dals.com\/fr\/produit\/plafonnier-intelligent-rgbcct-de-8\/\" \/>\n<meta property=\"og:site_name\" content=\"Dals Lighting\" \/>\n<meta property=\"article:modified_time\" content=\"2025-06-04T22:01:22+00:00\" \/>\n<meta property=\"og:image\" content=\"https:\/\/dals.com\/wp-content\/uploads\/2019\/12\/sm-fm08wh-noglow.jpg\" \/>\n\t<meta property=\"og:image:width\" content=\"2000\" \/>\n\t<meta property=\"og:image:height\" content=\"2000\" \/>\n\t<meta property=\"og:image:type\" content=\"image\/jpeg\" \/>\n<meta name=\"twitter:card\" content=\"summary_large_image\" \/>\n<meta name=\"twitter:label1\" content=\"Dur\u00e9e de lecture estim\u00e9e\" \/>\n\t<meta name=\"twitter:data1\" content=\"1 minute\" \/>\n<script type=\"application\/ld+json\" class=\"yoast-schema-graph\">{\"@context\":\"https:\\\/\\\/schema.org\",\"@graph\":[{\"@type\":\"WebPage\",\"@id\":\"https:\\\/\\\/dals.com\\\/fr\\\/produit\\\/plafonnier-intelligent-rgbcct-de-8\\\/\",\"url\":\"https:\\\/\\\/dals.com\\\/fr\\\/produit\\\/plafonnier-intelligent-rgbcct-de-8\\\/\",\"name\":\"Plafonnier intelligent rond de 8\\\" - Dals Lighting\",\"isPartOf\":{\"@id\":\"https:\\\/\\\/dalslit.tempurl.host\\\/#website\"},\"primaryImageOfPage\":{\"@id\":\"https:\\\/\\\/dals.com\\\/fr\\\/produit\\\/plafonnier-intelligent-rgbcct-de-8\\\/#primaryimage\"},\"image\":{\"@id\":\"https:\\\/\\\/dals.com\\\/fr\\\/produit\\\/plafonnier-intelligent-rgbcct-de-8\\\/#primaryimage\"},\"thumbnailUrl\":\"https:\\\/\\\/dals.com\\\/wp-content\\\/uploads\\\/2019\\\/12\\\/sm-fm08wh-noglow.jpg\",\"datePublished\":\"2019-12-11T17:22:56+00:00\",\"dateModified\":\"2025-06-04T22:01:22+00:00\",\"breadcrumb\":{\"@id\":\"https:\\\/\\\/dals.com\\\/fr\\\/produit\\\/plafonnier-intelligent-rgbcct-de-8\\\/#breadcrumb\"},\"inLanguage\":\"fr-FR\",\"potentialAction\":[{\"@type\":\"ReadAction\",\"target\":[\"https:\\\/\\\/dals.com\\\/fr\\\/produit\\\/plafonnier-intelligent-rgbcct-de-8\\\/\"]}]},{\"@type\":\"ImageObject\",\"inLanguage\":\"fr-FR\",\"@id\":\"https:\\\/\\\/dals.com\\\/fr\\\/produit\\\/plafonnier-intelligent-rgbcct-de-8\\\/#primaryimage\",\"url\":\"https:\\\/\\\/dals.com\\\/wp-content\\\/uploads\\\/2019\\\/12\\\/sm-fm08wh-noglow.jpg\",\"contentUrl\":\"https:\\\/\\\/dals.com\\\/wp-content\\\/uploads\\\/2019\\\/12\\\/sm-fm08wh-noglow.jpg\",\"width\":2000,\"height\":2000},{\"@type\":\"BreadcrumbList\",\"@id\":\"https:\\\/\\\/dals.com\\\/fr\\\/produit\\\/plafonnier-intelligent-rgbcct-de-8\\\/#breadcrumb\",\"itemListElement\":[{\"@type\":\"ListItem\",\"position\":1,\"name\":\"Accueil\",\"item\":\"https:\\\/\\\/dals.com\\\/fr\\\/\"},{\"@type\":\"ListItem\",\"position\":2,\"name\":\"Produits\",\"item\":\"https:\\\/\\\/dalslit.tempurl.host\\\/fr\\\/?page_id=31878\"},{\"@type\":\"ListItem\",\"position\":3,\"name\":\"Maison intelligente\",\"item\":\"https:\\\/\\\/dals.com\\\/fr\\\/categorie-produit\\\/maison-intelligente\\\/\"},{\"@type\":\"ListItem\",\"position\":4,\"name\":\"SM-FM08WH &#8211; Plafonnier intelligent RGB+CCT de 8&#8243;\"}]},{\"@type\":\"WebSite\",\"@id\":\"https:\\\/\\\/dalslit.tempurl.host\\\/#website\",\"url\":\"https:\\\/\\\/dalslit.tempurl.host\\\/\",\"name\":\"Dals Lighting\",\"description\":\"Manufacturer of designer lighting products\",\"publisher\":{\"@id\":\"https:\\\/\\\/dalslit.tempurl.host\\\/#organization\"},\"potentialAction\":[{\"@type\":\"SearchAction\",\"target\":{\"@type\":\"EntryPoint\",\"urlTemplate\":\"https:\\\/\\\/dalslit.tempurl.host\\\/?s={search_term_string}\"},\"query-input\":{\"@type\":\"PropertyValueSpecification\",\"valueRequired\":true,\"valueName\":\"search_term_string\"}}],\"inLanguage\":\"fr-FR\"},{\"@type\":\"Organization\",\"@id\":\"https:\\\/\\\/dalslit.tempurl.host\\\/#organization\",\"name\":\"Dals Lighting\",\"url\":\"https:\\\/\\\/dalslit.tempurl.host\\\/\",\"logo\":{\"@type\":\"ImageObject\",\"inLanguage\":\"fr-FR\",\"@id\":\"https:\\\/\\\/dalslit.tempurl.host\\\/#\\\/schema\\\/logo\\\/image\\\/\",\"url\":\"https:\\\/\\\/dals.com\\\/wp-content\\\/uploads\\\/2020\\\/01\\\/cropped-logo-dals.png\",\"contentUrl\":\"https:\\\/\\\/dals.com\\\/wp-content\\\/uploads\\\/2020\\\/01\\\/cropped-logo-dals.png\",\"width\":\"300\",\"height\":\"125\",\"caption\":\"Dals Lighting\"},\"image\":{\"@id\":\"https:\\\/\\\/dalslit.tempurl.host\\\/#\\\/schema\\\/logo\\\/image\\\/\"}}]}<\/script>\n<!-- \/ Yoast SEO plugin. -->","yoast_head_json":{"title":"Plafonnier intelligent rond de 8\" - Dals Lighting","robots":{"index":"index","follow":"follow","max-snippet":"max-snippet:-1","max-image-preview":"max-image-preview:large","max-video-preview":"max-video-preview:-1"},"canonical":"https:\/\/dals.com\/fr\/produit\/plafonnier-intelligent-rgbcct-de-8\/","og_locale":"fr_FR","og_type":"article","og_title":"Plafonnier intelligent rond de 8\" - Dals Lighting","og_description":"Le design ultra-mince de notre plafonnier intelligent est la pierre angulaire de la technologie d'\u00e9clairage LED. Ce plafonnier \u00e9met une lumi\u00e8re uniforme et vraie, cr\u00e9ant l'atmosph\u00e8re ambiante que vous d\u00e9sirez en appuyant simplement sur un bouton.  Le nombre maximum de lumi\u00e8res intelligentes par installation varie en fonction des sp\u00e9cifications de votre r\u00e9seau.","og_url":"https:\/\/dals.com\/fr\/produit\/plafonnier-intelligent-rgbcct-de-8\/","og_site_name":"Dals Lighting","article_modified_time":"2025-06-04T22:01:22+00:00","og_image":[{"width":2000,"height":2000,"url":"https:\/\/dals.com\/wp-content\/uploads\/2019\/12\/sm-fm08wh-noglow.jpg","type":"image\/jpeg"}],"twitter_card":"summary_large_image","twitter_misc":{"Dur\u00e9e de lecture estim\u00e9e":"1 minute"},"schema":{"@context":"https:\/\/schema.org","@graph":[{"@type":"WebPage","@id":"https:\/\/dals.com\/fr\/produit\/plafonnier-intelligent-rgbcct-de-8\/","url":"https:\/\/dals.com\/fr\/produit\/plafonnier-intelligent-rgbcct-de-8\/","name":"Plafonnier intelligent rond de 8\" - Dals Lighting","isPartOf":{"@id":"https:\/\/dalslit.tempurl.host\/#website"},"primaryImageOfPage":{"@id":"https:\/\/dals.com\/fr\/produit\/plafonnier-intelligent-rgbcct-de-8\/#primaryimage"},"image":{"@id":"https:\/\/dals.com\/fr\/produit\/plafonnier-intelligent-rgbcct-de-8\/#primaryimage"},"thumbnailUrl":"https:\/\/dals.com\/wp-content\/uploads\/2019\/12\/sm-fm08wh-noglow.jpg","datePublished":"2019-12-11T17:22:56+00:00","dateModified":"2025-06-04T22:01:22+00:00","breadcrumb":{"@id":"https:\/\/dals.com\/fr\/produit\/plafonnier-intelligent-rgbcct-de-8\/#breadcrumb"},"inLanguage":"fr-FR","potentialAction":[{"@type":"ReadAction","target":["https:\/\/dals.com\/fr\/produit\/plafonnier-intelligent-rgbcct-de-8\/"]}]},{"@type":"ImageObject","inLanguage":"fr-FR","@id":"https:\/\/dals.com\/fr\/produit\/plafonnier-intelligent-rgbcct-de-8\/#primaryimage","url":"https:\/\/dals.com\/wp-content\/uploads\/2019\/12\/sm-fm08wh-noglow.jpg","contentUrl":"https:\/\/dals.com\/wp-content\/uploads\/2019\/12\/sm-fm08wh-noglow.jpg","width":2000,"height":2000},{"@type":"BreadcrumbList","@id":"https:\/\/dals.com\/fr\/produit\/plafonnier-intelligent-rgbcct-de-8\/#breadcrumb","itemListElement":[{"@type":"ListItem","position":1,"name":"Accueil","item":"https:\/\/dals.com\/fr\/"},{"@type":"ListItem","position":2,"name":"Produits","item":"https:\/\/dalslit.tempurl.host\/fr\/?page_id=31878"},{"@type":"ListItem","position":3,"name":"Maison intelligente","item":"https:\/\/dals.com\/fr\/categorie-produit\/maison-intelligente\/"},{"@type":"ListItem","position":4,"name":"SM-FM08WH &#8211; Plafonnier intelligent RGB+CCT de 8&#8243;"}]},{"@type":"WebSite","@id":"https:\/\/dalslit.tempurl.host\/#website","url":"https:\/\/dalslit.tempurl.host\/","name":"Dals Lighting","description":"Manufacturer of designer lighting products","publisher":{"@id":"https:\/\/dalslit.tempurl.host\/#organization"},"potentialAction":[{"@type":"SearchAction","target":{"@type":"EntryPoint","urlTemplate":"https:\/\/dalslit.tempurl.host\/?s={search_term_string}"},"query-input":{"@type":"PropertyValueSpecification","valueRequired":true,"valueName":"search_term_string"}}],"inLanguage":"fr-FR"},{"@type":"Organization","@id":"https:\/\/dalslit.tempurl.host\/#organization","name":"Dals Lighting","url":"https:\/\/dalslit.tempurl.host\/","logo":{"@type":"ImageObject","inLanguage":"fr-FR","@id":"https:\/\/dalslit.tempurl.host\/#\/schema\/logo\/image\/","url":"https:\/\/dals.com\/wp-content\/uploads\/2020\/01\/cropped-logo-dals.png","contentUrl":"https:\/\/dals.com\/wp-content\/uploads\/2020\/01\/cropped-logo-dals.png","width":"300","height":"125","caption":"Dals Lighting"},"image":{"@id":"https:\/\/dalslit.tempurl.host\/#\/schema\/logo\/image\/"}}]}},"_links":{"self":[{"href":"https:\/\/dals.com\/fr\/wp-json\/wp\/v2\/product\/6493","targetHints":{"allow":["GET"]}}],"collection":[{"href":"https:\/\/dals.com\/fr\/wp-json\/wp\/v2\/product"}],"about":[{"href":"https:\/\/dals.com\/fr\/wp-json\/wp\/v2\/types\/product"}],"wp:featuredmedia":[{"embeddable":true,"href":"https:\/\/dals.com\/fr\/wp-json\/wp\/v2\/media\/12596"}],"wp:attachment":[{"href":"https:\/\/dals.com\/fr\/wp-json\/wp\/v2\/media?parent=6493"}],"wp:term":[{"taxonomy":"product_brand","embeddable":true,"href":"https:\/\/dals.com\/fr\/wp-json\/wp\/v2\/product_brand?post=6493"},{"taxonomy":"product_cat","embeddable":true,"href":"https:\/\/dals.com\/fr\/wp-json\/wp\/v2\/product_cat?post=6493"},{"taxonomy":"product_tag","embeddable":true,"href":"https:\/\/dals.com\/fr\/wp-json\/wp\/v2\/product_tag?post=6493"}],"curies":[{"name":"wp","href":"https:\/\/api.w.org\/{rel}","templated":true}]}}