{"id":6492,"date":"2016-09-01T12:22:56","date_gmt":"2019-12-11T17:22:56","guid":{"rendered":"https:\/\/dals.com\/product\/smart-gu10-rgbcct-light-bulb\/"},"modified":"2025-06-04T18:01:21","modified_gmt":"2025-06-04T22:01:21","slug":"ampoule-gu10-intelligente-rgbcct","status":"publish","type":"product","link":"https:\/\/dals.com\/fr\/produit\/ampoule-gu10-intelligente-rgbcct\/","title":{"rendered":"Ampoule intelligente GU10"},"content":{"rendered":"\t\t<section class=\"elem-breadcrumbs elementor-element elementor-section-boxed elementor-section-height-default elementor-section-height-default elementor-section elementor-top-section\" data-element_type=\"section\" style=\"margin-bottom:30px\">\n\t<div class=\"elementor-container elementor-column-gap-default\">\n\t\t<div class=\"elementor-row\">\n\t\t\t<div class=\"elementor-element elementor-column elementor-col-100 elementor-top-column >\n\t\t\t\t<div class=\"elementor-column-wrap  elementor-element-populated\">\n\t\t\t\t\t<div class=\"elementor-widget-wrap\">\n\t\t\t\t\t\t<div class=\"elementor-element elementor-widget elementor-widget-breadcrumbs\" data-element_type=\"widget\" data-widget_type=\"breadcrumbs.default\">\n\t\t\t\t\t\t\t<div class=\"elementor-widget-container\">\n\t\t\t\t\t\t\t\t<span><span><a href=\"https:\/\/dals.com\/fr\/\">Accueil<\/a><\/span><\/span>\t\t\t\t\t\t\t<\/div>\n\t\t\t\t\t\t<\/div>\n\t\t\t\t\t<\/div>\n\t\t\t\t<\/div>\n\t\t\t<\/div>\n\t\t<\/div>\n\t<\/div>\n<\/section>\n\n<ul>\n<li>Excellent rendu des couleurs<\/li>\n<li>Spectre de couleurs complet<\/li>\n<li>2700K &#8211; 6500K en blancs purs<\/li>\n<li>Angle de faisceau de 40\u00b0<\/li>\n<li>Performance et dur\u00e9e de vie\u00a0sup\u00e9rieures des DEL<\/li>\n<li>\u00c9mission de chaleur minimale<\/li>\n<li>Intensit\u00e9 r\u00e9glable via l\u2019appli Dals Connect<\/li>\n<li>Plus de 50 000 heures de dur\u00e9e de vie<\/li>\n<li>Convient aux endroits secs<\/li>\n<li>Garantie de 5 ans<\/li>\n<li>WiFi &#8211; pas de hub n\u00e9cessaire<\/li>\n<li>Cr\u00e9er des groupes<\/li>\n<li>Programmation<\/li>\n<li>Acc\u00e8s \u00e0 distance<\/li>\n<li>Compatible avec Google Assistant\u00a0et Amazon Alexa<\/li>\n<\/ul>\n","protected":false},"excerpt":{"rendered":"<p>Entrez dans le monde de l&rsquo;\u00e9clairage intelligent avec notre large gamme d&rsquo;ampoules LED dimmables contr\u00f4l\u00e9es par Wi-Fi. Avec un spectre complet de couleurs vives et de blancs purs r\u00e9glables allant de 2700 \u00e0 6500 K, vous pouvez laisser libre cours \u00e0 votre imagination. Pour la tranquillit\u00e9 et la tranquillit\u00e9 d&rsquo;esprit, contr\u00f4lez et g\u00e9rez facilement votre \u00e9clairage \u00e0 distance avec la nouvelle application\u2122 DALS Connect \u00e0 l&rsquo;aide de votre appareil mobile ou de l&rsquo;assistant domestique IA de votre choix.<\/p>\n<p> Le nombre maximum de lumi\u00e8res intelligentes par installation varie en fonction des sp\u00e9cifications de votre r\u00e9seau. <span style=\"text-decoration : underline ; \u00bb ><a href=\"https:\/\/dals.com\/resources-old\/faq\/\"><span class=\"s1\">Consultez notre FAQ pour plus de d\u00e9tails.<\/span><\/a><\/span><\/p>\n<p> <strong>Remarque :<\/strong>Ne doit pas \u00eatre utilis\u00e9 avec un gradateur ou une minuterie. Ces fonctionnalit\u00e9s doivent \u00eatre r\u00e9alis\u00e9es via l&rsquo;application Dals Connect. Pour une utilisation \u00e0 l&rsquo;int\u00e9rieur uniquement, ce produit n&rsquo;est pas destin\u00e9 aux applications ext\u00e9rieures, y compris les soffites.<\/p>\n","protected":false},"featured_media":12656,"template":"","meta":{"_acf_changed":false,"site-sidebar-layout":"default","site-content-layout":"default","ast-site-content-layout":"default","site-content-style":"default","site-sidebar-style":"default","ast-global-header-display":"","ast-banner-title-visibility":"","ast-main-header-display":"","ast-hfb-above-header-display":"","ast-hfb-below-header-display":"","ast-hfb-mobile-header-display":"","site-post-title":"","ast-breadcrumbs-content":"","ast-featured-img":"","footer-sml-layout":"","ast-disable-related-posts":"","theme-transparent-header-meta":"default","adv-header-id-meta":"","stick-header-meta":"default","header-above-stick-meta":"","header-main-stick-meta":"","header-below-stick-meta":"","astra-migrate-meta-layouts":"set","ast-page-background-enabled":"default","ast-page-background-meta":{"desktop":{"background-color":"","background-image":"","background-repeat":"repeat","background-position":"center center","background-size":"auto","background-attachment":"scroll","background-type":"","background-media":"","overlay-type":"","overlay-color":"","overlay-opacity":"","overlay-gradient":""},"tablet":{"background-color":"","background-image":"","background-repeat":"repeat","background-position":"center center","background-size":"auto","background-attachment":"scroll","background-type":"","background-media":"","overlay-type":"","overlay-color":"","overlay-opacity":"","overlay-gradient":""},"mobile":{"background-color":"","background-image":"","background-repeat":"repeat","background-position":"center center","background-size":"auto","background-attachment":"scroll","background-type":"","background-media":"","overlay-type":"","overlay-color":"","overlay-opacity":"","overlay-gradient":""}},"ast-content-background-meta":{"desktop":{"background-color":"var(--ast-global-color-5)","background-image":"","background-repeat":"repeat","background-position":"center center","background-size":"auto","background-attachment":"scroll","background-type":"","background-media":"","overlay-type":"","overlay-color":"","overlay-opacity":"","overlay-gradient":""},"tablet":{"background-color":"var(--ast-global-color-5)","background-image":"","background-repeat":"repeat","background-position":"center center","background-size":"auto","background-attachment":"scroll","background-type":"","background-media":"","overlay-type":"","overlay-color":"","overlay-opacity":"","overlay-gradient":""},"mobile":{"background-color":"var(--ast-global-color-5)","background-image":"","background-repeat":"repeat","background-position":"center center","background-size":"auto","background-attachment":"scroll","background-type":"","background-media":"","overlay-type":"","overlay-color":"","overlay-opacity":"","overlay-gradient":""}}},"product_brand":[],"product_cat":[105,75],"product_tag":[],"class_list":{"0":"post-6492","1":"product","2":"type-product","3":"status-publish","4":"has-post-thumbnail","6":"product_cat-ampoules","7":"product_cat-maison-intelligente","8":"pa_finish-blanc","9":"desktop-align-center","10":"tablet-align-center","11":"mobile-align-center","12":"ast-product-gallery-layout-horizontal-slider","13":"ast-product-tabs-layout-horizontal","15":"first","16":"instock","17":"taxable","18":"shipping-taxable","19":"product-type-simple"},"acf":[],"yoast_head":"<!-- This site is optimized with the Yoast SEO plugin v27.3 - https:\/\/yoast.com\/product\/yoast-seo-wordpress\/ -->\n<title>Ampoule intelligente GU10 - Dals Lighting<\/title>\n<meta name=\"robots\" content=\"index, follow, max-snippet:-1, max-image-preview:large, max-video-preview:-1\" \/>\n<link rel=\"canonical\" href=\"https:\/\/dals.com\/fr\/produit\/ampoule-gu10-intelligente-rgbcct\/\" \/>\n<meta property=\"og:locale\" content=\"fr_FR\" \/>\n<meta property=\"og:type\" content=\"article\" \/>\n<meta property=\"og:title\" content=\"Ampoule intelligente GU10 - Dals Lighting\" \/>\n<meta property=\"og:description\" content=\"Entrez dans le monde de l&#039;\u00e9clairage intelligent avec notre large gamme d&#039;ampoules LED dimmables contr\u00f4l\u00e9es par Wi-Fi. Avec un spectre complet de couleurs vives et de blancs purs r\u00e9glables allant de 2700 \u00e0 6500 K, vous pouvez laisser libre cours \u00e0 votre imagination. Pour la tranquillit\u00e9 et la tranquillit\u00e9 d&#039;esprit, contr\u00f4lez et g\u00e9rez facilement votre \u00e9clairage \u00e0 distance avec la nouvelle application\u2122 DALS Connect \u00e0 l&#039;aide de votre appareil mobile ou de l&#039;assistant domestique IA de votre choix.  Le nombre maximum de lumi\u00e8res intelligentes par installation varie en fonction des sp\u00e9cifications de votre r\u00e9seau.\" \/>\n<meta property=\"og:url\" content=\"https:\/\/dals.com\/fr\/produit\/ampoule-gu10-intelligente-rgbcct\/\" \/>\n<meta property=\"og:site_name\" content=\"Dals Lighting\" \/>\n<meta property=\"article:modified_time\" content=\"2025-06-04T22:01:21+00:00\" \/>\n<meta property=\"og:image\" content=\"https:\/\/dals.com\/wp-content\/uploads\/2019\/12\/sm-blbgu10-1.jpg\" \/>\n\t<meta property=\"og:image:width\" content=\"2000\" \/>\n\t<meta property=\"og:image:height\" content=\"2000\" \/>\n\t<meta property=\"og:image:type\" content=\"image\/jpeg\" \/>\n<meta name=\"twitter:card\" content=\"summary_large_image\" \/>\n<meta name=\"twitter:label1\" content=\"Dur\u00e9e de lecture estim\u00e9e\" \/>\n\t<meta name=\"twitter:data1\" content=\"1 minute\" \/>\n<script type=\"application\/ld+json\" class=\"yoast-schema-graph\">{\"@context\":\"https:\\\/\\\/schema.org\",\"@graph\":[{\"@type\":\"WebPage\",\"@id\":\"https:\\\/\\\/dals.com\\\/fr\\\/produit\\\/ampoule-gu10-intelligente-rgbcct\\\/\",\"url\":\"https:\\\/\\\/dals.com\\\/fr\\\/produit\\\/ampoule-gu10-intelligente-rgbcct\\\/\",\"name\":\"Ampoule intelligente GU10 - Dals Lighting\",\"isPartOf\":{\"@id\":\"https:\\\/\\\/dalslit.tempurl.host\\\/#website\"},\"primaryImageOfPage\":{\"@id\":\"https:\\\/\\\/dals.com\\\/fr\\\/produit\\\/ampoule-gu10-intelligente-rgbcct\\\/#primaryimage\"},\"image\":{\"@id\":\"https:\\\/\\\/dals.com\\\/fr\\\/produit\\\/ampoule-gu10-intelligente-rgbcct\\\/#primaryimage\"},\"thumbnailUrl\":\"https:\\\/\\\/dals.com\\\/wp-content\\\/uploads\\\/2019\\\/12\\\/sm-blbgu10-1.jpg\",\"datePublished\":\"2019-12-11T17:22:56+00:00\",\"dateModified\":\"2025-06-04T22:01:21+00:00\",\"breadcrumb\":{\"@id\":\"https:\\\/\\\/dals.com\\\/fr\\\/produit\\\/ampoule-gu10-intelligente-rgbcct\\\/#breadcrumb\"},\"inLanguage\":\"fr-FR\",\"potentialAction\":[{\"@type\":\"ReadAction\",\"target\":[\"https:\\\/\\\/dals.com\\\/fr\\\/produit\\\/ampoule-gu10-intelligente-rgbcct\\\/\"]}]},{\"@type\":\"ImageObject\",\"inLanguage\":\"fr-FR\",\"@id\":\"https:\\\/\\\/dals.com\\\/fr\\\/produit\\\/ampoule-gu10-intelligente-rgbcct\\\/#primaryimage\",\"url\":\"https:\\\/\\\/dals.com\\\/wp-content\\\/uploads\\\/2019\\\/12\\\/sm-blbgu10-1.jpg\",\"contentUrl\":\"https:\\\/\\\/dals.com\\\/wp-content\\\/uploads\\\/2019\\\/12\\\/sm-blbgu10-1.jpg\",\"width\":2000,\"height\":2000},{\"@type\":\"BreadcrumbList\",\"@id\":\"https:\\\/\\\/dals.com\\\/fr\\\/produit\\\/ampoule-gu10-intelligente-rgbcct\\\/#breadcrumb\",\"itemListElement\":[{\"@type\":\"ListItem\",\"position\":1,\"name\":\"Accueil\",\"item\":\"https:\\\/\\\/dals.com\\\/fr\\\/\"},{\"@type\":\"ListItem\",\"position\":2,\"name\":\"Produits\",\"item\":\"https:\\\/\\\/dalslit.tempurl.host\\\/fr\\\/?page_id=31878\"},{\"@type\":\"ListItem\",\"position\":3,\"name\":\"Maison intelligente\",\"item\":\"https:\\\/\\\/dals.com\\\/fr\\\/categorie-produit\\\/maison-intelligente\\\/\"},{\"@type\":\"ListItem\",\"position\":4,\"name\":\"SM-BLBGU10 &#8211; Ampoule GU10 intelligente RGB+CCT\"}]},{\"@type\":\"WebSite\",\"@id\":\"https:\\\/\\\/dalslit.tempurl.host\\\/#website\",\"url\":\"https:\\\/\\\/dalslit.tempurl.host\\\/\",\"name\":\"Dals Lighting\",\"description\":\"Manufacturer of designer lighting products\",\"publisher\":{\"@id\":\"https:\\\/\\\/dalslit.tempurl.host\\\/#organization\"},\"potentialAction\":[{\"@type\":\"SearchAction\",\"target\":{\"@type\":\"EntryPoint\",\"urlTemplate\":\"https:\\\/\\\/dalslit.tempurl.host\\\/?s={search_term_string}\"},\"query-input\":{\"@type\":\"PropertyValueSpecification\",\"valueRequired\":true,\"valueName\":\"search_term_string\"}}],\"inLanguage\":\"fr-FR\"},{\"@type\":\"Organization\",\"@id\":\"https:\\\/\\\/dalslit.tempurl.host\\\/#organization\",\"name\":\"Dals Lighting\",\"url\":\"https:\\\/\\\/dalslit.tempurl.host\\\/\",\"logo\":{\"@type\":\"ImageObject\",\"inLanguage\":\"fr-FR\",\"@id\":\"https:\\\/\\\/dalslit.tempurl.host\\\/#\\\/schema\\\/logo\\\/image\\\/\",\"url\":\"https:\\\/\\\/dals.com\\\/wp-content\\\/uploads\\\/2020\\\/01\\\/cropped-logo-dals.png\",\"contentUrl\":\"https:\\\/\\\/dals.com\\\/wp-content\\\/uploads\\\/2020\\\/01\\\/cropped-logo-dals.png\",\"width\":\"300\",\"height\":\"125\",\"caption\":\"Dals Lighting\"},\"image\":{\"@id\":\"https:\\\/\\\/dalslit.tempurl.host\\\/#\\\/schema\\\/logo\\\/image\\\/\"}}]}<\/script>\n<!-- \/ Yoast SEO plugin. -->","yoast_head_json":{"title":"Ampoule intelligente GU10 - Dals Lighting","robots":{"index":"index","follow":"follow","max-snippet":"max-snippet:-1","max-image-preview":"max-image-preview:large","max-video-preview":"max-video-preview:-1"},"canonical":"https:\/\/dals.com\/fr\/produit\/ampoule-gu10-intelligente-rgbcct\/","og_locale":"fr_FR","og_type":"article","og_title":"Ampoule intelligente GU10 - Dals Lighting","og_description":"Entrez dans le monde de l'\u00e9clairage intelligent avec notre large gamme d'ampoules LED dimmables contr\u00f4l\u00e9es par Wi-Fi. Avec un spectre complet de couleurs vives et de blancs purs r\u00e9glables allant de 2700 \u00e0 6500 K, vous pouvez laisser libre cours \u00e0 votre imagination. Pour la tranquillit\u00e9 et la tranquillit\u00e9 d'esprit, contr\u00f4lez et g\u00e9rez facilement votre \u00e9clairage \u00e0 distance avec la nouvelle application\u2122 DALS Connect \u00e0 l'aide de votre appareil mobile ou de l'assistant domestique IA de votre choix.  Le nombre maximum de lumi\u00e8res intelligentes par installation varie en fonction des sp\u00e9cifications de votre r\u00e9seau.","og_url":"https:\/\/dals.com\/fr\/produit\/ampoule-gu10-intelligente-rgbcct\/","og_site_name":"Dals Lighting","article_modified_time":"2025-06-04T22:01:21+00:00","og_image":[{"width":2000,"height":2000,"url":"https:\/\/dals.com\/wp-content\/uploads\/2019\/12\/sm-blbgu10-1.jpg","type":"image\/jpeg"}],"twitter_card":"summary_large_image","twitter_misc":{"Dur\u00e9e de lecture estim\u00e9e":"1 minute"},"schema":{"@context":"https:\/\/schema.org","@graph":[{"@type":"WebPage","@id":"https:\/\/dals.com\/fr\/produit\/ampoule-gu10-intelligente-rgbcct\/","url":"https:\/\/dals.com\/fr\/produit\/ampoule-gu10-intelligente-rgbcct\/","name":"Ampoule intelligente GU10 - Dals Lighting","isPartOf":{"@id":"https:\/\/dalslit.tempurl.host\/#website"},"primaryImageOfPage":{"@id":"https:\/\/dals.com\/fr\/produit\/ampoule-gu10-intelligente-rgbcct\/#primaryimage"},"image":{"@id":"https:\/\/dals.com\/fr\/produit\/ampoule-gu10-intelligente-rgbcct\/#primaryimage"},"thumbnailUrl":"https:\/\/dals.com\/wp-content\/uploads\/2019\/12\/sm-blbgu10-1.jpg","datePublished":"2019-12-11T17:22:56+00:00","dateModified":"2025-06-04T22:01:21+00:00","breadcrumb":{"@id":"https:\/\/dals.com\/fr\/produit\/ampoule-gu10-intelligente-rgbcct\/#breadcrumb"},"inLanguage":"fr-FR","potentialAction":[{"@type":"ReadAction","target":["https:\/\/dals.com\/fr\/produit\/ampoule-gu10-intelligente-rgbcct\/"]}]},{"@type":"ImageObject","inLanguage":"fr-FR","@id":"https:\/\/dals.com\/fr\/produit\/ampoule-gu10-intelligente-rgbcct\/#primaryimage","url":"https:\/\/dals.com\/wp-content\/uploads\/2019\/12\/sm-blbgu10-1.jpg","contentUrl":"https:\/\/dals.com\/wp-content\/uploads\/2019\/12\/sm-blbgu10-1.jpg","width":2000,"height":2000},{"@type":"BreadcrumbList","@id":"https:\/\/dals.com\/fr\/produit\/ampoule-gu10-intelligente-rgbcct\/#breadcrumb","itemListElement":[{"@type":"ListItem","position":1,"name":"Accueil","item":"https:\/\/dals.com\/fr\/"},{"@type":"ListItem","position":2,"name":"Produits","item":"https:\/\/dalslit.tempurl.host\/fr\/?page_id=31878"},{"@type":"ListItem","position":3,"name":"Maison intelligente","item":"https:\/\/dals.com\/fr\/categorie-produit\/maison-intelligente\/"},{"@type":"ListItem","position":4,"name":"SM-BLBGU10 &#8211; Ampoule GU10 intelligente RGB+CCT"}]},{"@type":"WebSite","@id":"https:\/\/dalslit.tempurl.host\/#website","url":"https:\/\/dalslit.tempurl.host\/","name":"Dals Lighting","description":"Manufacturer of designer lighting products","publisher":{"@id":"https:\/\/dalslit.tempurl.host\/#organization"},"potentialAction":[{"@type":"SearchAction","target":{"@type":"EntryPoint","urlTemplate":"https:\/\/dalslit.tempurl.host\/?s={search_term_string}"},"query-input":{"@type":"PropertyValueSpecification","valueRequired":true,"valueName":"search_term_string"}}],"inLanguage":"fr-FR"},{"@type":"Organization","@id":"https:\/\/dalslit.tempurl.host\/#organization","name":"Dals Lighting","url":"https:\/\/dalslit.tempurl.host\/","logo":{"@type":"ImageObject","inLanguage":"fr-FR","@id":"https:\/\/dalslit.tempurl.host\/#\/schema\/logo\/image\/","url":"https:\/\/dals.com\/wp-content\/uploads\/2020\/01\/cropped-logo-dals.png","contentUrl":"https:\/\/dals.com\/wp-content\/uploads\/2020\/01\/cropped-logo-dals.png","width":"300","height":"125","caption":"Dals Lighting"},"image":{"@id":"https:\/\/dalslit.tempurl.host\/#\/schema\/logo\/image\/"}}]}},"_links":{"self":[{"href":"https:\/\/dals.com\/fr\/wp-json\/wp\/v2\/product\/6492","targetHints":{"allow":["GET"]}}],"collection":[{"href":"https:\/\/dals.com\/fr\/wp-json\/wp\/v2\/product"}],"about":[{"href":"https:\/\/dals.com\/fr\/wp-json\/wp\/v2\/types\/product"}],"wp:featuredmedia":[{"embeddable":true,"href":"https:\/\/dals.com\/fr\/wp-json\/wp\/v2\/media\/12656"}],"wp:attachment":[{"href":"https:\/\/dals.com\/fr\/wp-json\/wp\/v2\/media?parent=6492"}],"wp:term":[{"taxonomy":"product_brand","embeddable":true,"href":"https:\/\/dals.com\/fr\/wp-json\/wp\/v2\/product_brand?post=6492"},{"taxonomy":"product_cat","embeddable":true,"href":"https:\/\/dals.com\/fr\/wp-json\/wp\/v2\/product_cat?post=6492"},{"taxonomy":"product_tag","embeddable":true,"href":"https:\/\/dals.com\/fr\/wp-json\/wp\/v2\/product_tag?post=6492"}],"curies":[{"name":"wp","href":"https:\/\/api.w.org\/{rel}","templated":true}]}}