{"id":63586,"date":"2023-05-28T20:43:40","date_gmt":"2023-05-29T00:43:40","guid":{"rendered":"https:\/\/dals.com\/?post_type=product&#038;p=63586"},"modified":"2026-02-25T15:37:20","modified_gmt":"2026-02-25T20:37:20","slug":"swivledcc-ext36-cordon-dinterconnexion-de-36","status":"publish","type":"product","link":"https:\/\/dals.com\/fr\/produit\/swivledcc-ext36-cordon-dinterconnexion-de-36\/","title":{"rendered":"Rallonge de 36&Prime;"},"content":{"rendered":"\t\t<section class=\"elem-breadcrumbs elementor-element elementor-section-boxed elementor-section-height-default elementor-section-height-default elementor-section elementor-top-section\" data-element_type=\"section\" style=\"margin-bottom:30px\">\n\t<div class=\"elementor-container elementor-column-gap-default\">\n\t\t<div class=\"elementor-row\">\n\t\t\t<div class=\"elementor-element elementor-column elementor-col-100 elementor-top-column >\n\t\t\t\t<div class=\"elementor-column-wrap  elementor-element-populated\">\n\t\t\t\t\t<div class=\"elementor-widget-wrap\">\n\t\t\t\t\t\t<div class=\"elementor-element elementor-widget elementor-widget-breadcrumbs\" data-element_type=\"widget\" data-widget_type=\"breadcrumbs.default\">\n\t\t\t\t\t\t\t<div class=\"elementor-widget-container\">\n\t\t\t\t\t\t\t\t<span><span><a href=\"https:\/\/dals.com\/fr\/\">Accueil<\/a><\/span><\/span>\t\t\t\t\t\t\t<\/div>\n\t\t\t\t\t\t<\/div>\n\t\t\t\t\t<\/div>\n\t\t\t\t<\/div>\n\t\t\t<\/div>\n\t\t<\/div>\n\t<\/div>\n<\/section>\n\n<ul>\n<li>Cordon d\u2019interconnexion de\u00a036&Prime; pour les mod\u00e8les SWIVLED-CC.<\/li>\n<\/ul>\n","protected":false},"excerpt":{"rendered":"<p>Chez DALS, nous comprenons les avantages d&rsquo;offrir un syst\u00e8me et une solution d&rsquo;\u00e9clairage complets. \u00c9tendez la port\u00e9e de votre installation d&rsquo;\u00e9clairage avec notre rallonge de 36 po sous l&rsquo;armoire, con\u00e7ue pour connecter facilement les luminaires \u00e0 DEL dans votre syst\u00e8me basse tension. Qu&rsquo;il s&rsquo;agisse de combler l&rsquo;espace entre les armoires ou de cr\u00e9er une installation plus propre et plus flexible, cette rallonge offre \u00e0 la fois commodit\u00e9 et performance. Ce produit est enti\u00e8rement compatible avec la famille lin\u00e9aire Swivled, assurant une int\u00e9gration transparente et une installation simplifi\u00e9e du d\u00e9but \u00e0 la fin.<\/p>\n","protected":false},"featured_media":16493,"template":"","meta":{"_acf_changed":false,"site-sidebar-layout":"default","site-content-layout":"default","ast-site-content-layout":"default","site-content-style":"default","site-sidebar-style":"default","ast-global-header-display":"","ast-banner-title-visibility":"","ast-main-header-display":"","ast-hfb-above-header-display":"","ast-hfb-below-header-display":"","ast-hfb-mobile-header-display":"","site-post-title":"","ast-breadcrumbs-content":"","ast-featured-img":"","footer-sml-layout":"","ast-disable-related-posts":"","theme-transparent-header-meta":"default","adv-header-id-meta":"","stick-header-meta":"default","header-above-stick-meta":"","header-main-stick-meta":"","header-below-stick-meta":"","astra-migrate-meta-layouts":"set","ast-page-background-enabled":"default","ast-page-background-meta":{"desktop":{"background-color":"","background-image":"","background-repeat":"repeat","background-position":"center center","background-size":"auto","background-attachment":"scroll","background-type":"","background-media":"","overlay-type":"","overlay-color":"","overlay-opacity":"","overlay-gradient":""},"tablet":{"background-color":"","background-image":"","background-repeat":"repeat","background-position":"center center","background-size":"auto","background-attachment":"scroll","background-type":"","background-media":"","overlay-type":"","overlay-color":"","overlay-opacity":"","overlay-gradient":""},"mobile":{"background-color":"","background-image":"","background-repeat":"repeat","background-position":"center center","background-size":"auto","background-attachment":"scroll","background-type":"","background-media":"","overlay-type":"","overlay-color":"","overlay-opacity":"","overlay-gradient":""}},"ast-content-background-meta":{"desktop":{"background-color":"var(--ast-global-color-5)","background-image":"","background-repeat":"repeat","background-position":"center center","background-size":"auto","background-attachment":"scroll","background-type":"","background-media":"","overlay-type":"","overlay-color":"","overlay-opacity":"","overlay-gradient":""},"tablet":{"background-color":"var(--ast-global-color-5)","background-image":"","background-repeat":"repeat","background-position":"center center","background-size":"auto","background-attachment":"scroll","background-type":"","background-media":"","overlay-type":"","overlay-color":"","overlay-opacity":"","overlay-gradient":""},"mobile":{"background-color":"var(--ast-global-color-5)","background-image":"","background-repeat":"repeat","background-position":"center center","background-size":"auto","background-attachment":"scroll","background-type":"","background-media":"","overlay-type":"","overlay-color":"","overlay-opacity":"","overlay-gradient":""}}},"product_brand":[],"product_cat":[1483,76,98],"product_tag":[],"class_list":{"0":"post-63586","1":"product","2":"type-product","3":"status-publish","4":"has-post-thumbnail","6":"product_cat-disponible","7":"product_cat-sous-cabinet","8":"product_cat-transformateurs-accessoires","9":"desktop-align-center","10":"tablet-align-center","11":"mobile-align-center","12":"ast-product-gallery-layout-horizontal-slider","13":"ast-product-gallery-with-no-image","14":"ast-product-tabs-layout-horizontal","16":"first","17":"instock","18":"taxable","19":"shipping-taxable","20":"purchasable","21":"product-type-simple"},"acf":[],"yoast_head":"<!-- This site is optimized with the Yoast SEO plugin v27.3 - https:\/\/yoast.com\/product\/yoast-seo-wordpress\/ -->\n<title>Rallonge de 36&quot; - Dals Lighting<\/title>\n<meta name=\"robots\" content=\"index, follow, max-snippet:-1, max-image-preview:large, max-video-preview:-1\" \/>\n<link rel=\"canonical\" href=\"https:\/\/dals.com\/fr\/produit\/swivledcc-ext36-cordon-dinterconnexion-de-36\/\" \/>\n<meta property=\"og:locale\" content=\"fr_FR\" \/>\n<meta property=\"og:type\" content=\"article\" \/>\n<meta property=\"og:title\" content=\"Rallonge de 36&quot; - Dals Lighting\" \/>\n<meta property=\"og:description\" content=\"Chez DALS, nous comprenons les avantages d&#039;offrir un syst\u00e8me et une solution d&#039;\u00e9clairage complets. \u00c9tendez la port\u00e9e de votre installation d&#039;\u00e9clairage avec notre rallonge de 36 po sous l&#039;armoire, con\u00e7ue pour connecter facilement les luminaires \u00e0 DEL dans votre syst\u00e8me basse tension. Qu&#039;il s&#039;agisse de combler l&#039;espace entre les armoires ou de cr\u00e9er une installation plus propre et plus flexible, cette rallonge offre \u00e0 la fois commodit\u00e9 et performance. Ce produit est enti\u00e8rement compatible avec la famille lin\u00e9aire Swivled, assurant une int\u00e9gration transparente et une installation simplifi\u00e9e du d\u00e9but \u00e0 la fin.\" \/>\n<meta property=\"og:url\" content=\"https:\/\/dals.com\/fr\/produit\/swivledcc-ext36-cordon-dinterconnexion-de-36\/\" \/>\n<meta property=\"og:site_name\" content=\"Dals Lighting\" \/>\n<meta property=\"article:modified_time\" content=\"2026-02-25T20:37:20+00:00\" \/>\n<meta property=\"og:image\" content=\"https:\/\/dals.com\/wp-content\/uploads\/2016\/01\/swivled-ext36.jpg\" \/>\n\t<meta property=\"og:image:width\" content=\"1000\" \/>\n\t<meta property=\"og:image:height\" content=\"1000\" \/>\n\t<meta property=\"og:image:type\" content=\"image\/jpeg\" \/>\n<meta name=\"twitter:card\" content=\"summary_large_image\" \/>\n<meta name=\"twitter:label1\" content=\"Dur\u00e9e de lecture estim\u00e9e\" \/>\n\t<meta name=\"twitter:data1\" content=\"1 minute\" \/>\n<script type=\"application\/ld+json\" class=\"yoast-schema-graph\">{\"@context\":\"https:\\\/\\\/schema.org\",\"@graph\":[{\"@type\":\"WebPage\",\"@id\":\"https:\\\/\\\/dals.com\\\/fr\\\/produit\\\/swivledcc-ext36-cordon-dinterconnexion-de-36\\\/\",\"url\":\"https:\\\/\\\/dals.com\\\/fr\\\/produit\\\/swivledcc-ext36-cordon-dinterconnexion-de-36\\\/\",\"name\":\"Rallonge de 36\\\" - Dals Lighting\",\"isPartOf\":{\"@id\":\"https:\\\/\\\/dalslit.tempurl.host\\\/#website\"},\"primaryImageOfPage\":{\"@id\":\"https:\\\/\\\/dals.com\\\/fr\\\/produit\\\/swivledcc-ext36-cordon-dinterconnexion-de-36\\\/#primaryimage\"},\"image\":{\"@id\":\"https:\\\/\\\/dals.com\\\/fr\\\/produit\\\/swivledcc-ext36-cordon-dinterconnexion-de-36\\\/#primaryimage\"},\"thumbnailUrl\":\"https:\\\/\\\/dals.com\\\/wp-content\\\/uploads\\\/2016\\\/01\\\/swivled-ext36.jpg\",\"datePublished\":\"2023-05-29T00:43:40+00:00\",\"dateModified\":\"2026-02-25T20:37:20+00:00\",\"breadcrumb\":{\"@id\":\"https:\\\/\\\/dals.com\\\/fr\\\/produit\\\/swivledcc-ext36-cordon-dinterconnexion-de-36\\\/#breadcrumb\"},\"inLanguage\":\"fr-FR\",\"potentialAction\":[{\"@type\":\"ReadAction\",\"target\":[\"https:\\\/\\\/dals.com\\\/fr\\\/produit\\\/swivledcc-ext36-cordon-dinterconnexion-de-36\\\/\"]}]},{\"@type\":\"ImageObject\",\"inLanguage\":\"fr-FR\",\"@id\":\"https:\\\/\\\/dals.com\\\/fr\\\/produit\\\/swivledcc-ext36-cordon-dinterconnexion-de-36\\\/#primaryimage\",\"url\":\"https:\\\/\\\/dals.com\\\/wp-content\\\/uploads\\\/2016\\\/01\\\/swivled-ext36.jpg\",\"contentUrl\":\"https:\\\/\\\/dals.com\\\/wp-content\\\/uploads\\\/2016\\\/01\\\/swivled-ext36.jpg\",\"width\":1000,\"height\":1000},{\"@type\":\"BreadcrumbList\",\"@id\":\"https:\\\/\\\/dals.com\\\/fr\\\/produit\\\/swivledcc-ext36-cordon-dinterconnexion-de-36\\\/#breadcrumb\",\"itemListElement\":[{\"@type\":\"ListItem\",\"position\":1,\"name\":\"Accueil\",\"item\":\"https:\\\/\\\/dals.com\\\/fr\\\/\"},{\"@type\":\"ListItem\",\"position\":2,\"name\":\"Produits\",\"item\":\"https:\\\/\\\/dalslit.tempurl.host\\\/fr\\\/?page_id=31878\"},{\"@type\":\"ListItem\",\"position\":3,\"name\":\"Sous-cabinet\",\"item\":\"https:\\\/\\\/dals.com\\\/fr\\\/categorie-produit\\\/sous-cabinet\\\/\"},{\"@type\":\"ListItem\",\"position\":4,\"name\":\"Rallonge de 36&#8243;\"}]},{\"@type\":\"WebSite\",\"@id\":\"https:\\\/\\\/dalslit.tempurl.host\\\/#website\",\"url\":\"https:\\\/\\\/dalslit.tempurl.host\\\/\",\"name\":\"Dals Lighting\",\"description\":\"Manufacturer of designer lighting products\",\"publisher\":{\"@id\":\"https:\\\/\\\/dalslit.tempurl.host\\\/#organization\"},\"potentialAction\":[{\"@type\":\"SearchAction\",\"target\":{\"@type\":\"EntryPoint\",\"urlTemplate\":\"https:\\\/\\\/dalslit.tempurl.host\\\/?s={search_term_string}\"},\"query-input\":{\"@type\":\"PropertyValueSpecification\",\"valueRequired\":true,\"valueName\":\"search_term_string\"}}],\"inLanguage\":\"fr-FR\"},{\"@type\":\"Organization\",\"@id\":\"https:\\\/\\\/dalslit.tempurl.host\\\/#organization\",\"name\":\"Dals Lighting\",\"url\":\"https:\\\/\\\/dalslit.tempurl.host\\\/\",\"logo\":{\"@type\":\"ImageObject\",\"inLanguage\":\"fr-FR\",\"@id\":\"https:\\\/\\\/dalslit.tempurl.host\\\/#\\\/schema\\\/logo\\\/image\\\/\",\"url\":\"https:\\\/\\\/dals.com\\\/wp-content\\\/uploads\\\/2020\\\/01\\\/cropped-logo-dals.png\",\"contentUrl\":\"https:\\\/\\\/dals.com\\\/wp-content\\\/uploads\\\/2020\\\/01\\\/cropped-logo-dals.png\",\"width\":\"300\",\"height\":\"125\",\"caption\":\"Dals Lighting\"},\"image\":{\"@id\":\"https:\\\/\\\/dalslit.tempurl.host\\\/#\\\/schema\\\/logo\\\/image\\\/\"}}]}<\/script>\n<!-- \/ Yoast SEO plugin. -->","yoast_head_json":{"title":"Rallonge de 36\" - Dals Lighting","robots":{"index":"index","follow":"follow","max-snippet":"max-snippet:-1","max-image-preview":"max-image-preview:large","max-video-preview":"max-video-preview:-1"},"canonical":"https:\/\/dals.com\/fr\/produit\/swivledcc-ext36-cordon-dinterconnexion-de-36\/","og_locale":"fr_FR","og_type":"article","og_title":"Rallonge de 36\" - Dals Lighting","og_description":"Chez DALS, nous comprenons les avantages d'offrir un syst\u00e8me et une solution d'\u00e9clairage complets. \u00c9tendez la port\u00e9e de votre installation d'\u00e9clairage avec notre rallonge de 36 po sous l'armoire, con\u00e7ue pour connecter facilement les luminaires \u00e0 DEL dans votre syst\u00e8me basse tension. Qu'il s'agisse de combler l'espace entre les armoires ou de cr\u00e9er une installation plus propre et plus flexible, cette rallonge offre \u00e0 la fois commodit\u00e9 et performance. Ce produit est enti\u00e8rement compatible avec la famille lin\u00e9aire Swivled, assurant une int\u00e9gration transparente et une installation simplifi\u00e9e du d\u00e9but \u00e0 la fin.","og_url":"https:\/\/dals.com\/fr\/produit\/swivledcc-ext36-cordon-dinterconnexion-de-36\/","og_site_name":"Dals Lighting","article_modified_time":"2026-02-25T20:37:20+00:00","og_image":[{"width":1000,"height":1000,"url":"https:\/\/dals.com\/wp-content\/uploads\/2016\/01\/swivled-ext36.jpg","type":"image\/jpeg"}],"twitter_card":"summary_large_image","twitter_misc":{"Dur\u00e9e de lecture estim\u00e9e":"1 minute"},"schema":{"@context":"https:\/\/schema.org","@graph":[{"@type":"WebPage","@id":"https:\/\/dals.com\/fr\/produit\/swivledcc-ext36-cordon-dinterconnexion-de-36\/","url":"https:\/\/dals.com\/fr\/produit\/swivledcc-ext36-cordon-dinterconnexion-de-36\/","name":"Rallonge de 36\" - Dals Lighting","isPartOf":{"@id":"https:\/\/dalslit.tempurl.host\/#website"},"primaryImageOfPage":{"@id":"https:\/\/dals.com\/fr\/produit\/swivledcc-ext36-cordon-dinterconnexion-de-36\/#primaryimage"},"image":{"@id":"https:\/\/dals.com\/fr\/produit\/swivledcc-ext36-cordon-dinterconnexion-de-36\/#primaryimage"},"thumbnailUrl":"https:\/\/dals.com\/wp-content\/uploads\/2016\/01\/swivled-ext36.jpg","datePublished":"2023-05-29T00:43:40+00:00","dateModified":"2026-02-25T20:37:20+00:00","breadcrumb":{"@id":"https:\/\/dals.com\/fr\/produit\/swivledcc-ext36-cordon-dinterconnexion-de-36\/#breadcrumb"},"inLanguage":"fr-FR","potentialAction":[{"@type":"ReadAction","target":["https:\/\/dals.com\/fr\/produit\/swivledcc-ext36-cordon-dinterconnexion-de-36\/"]}]},{"@type":"ImageObject","inLanguage":"fr-FR","@id":"https:\/\/dals.com\/fr\/produit\/swivledcc-ext36-cordon-dinterconnexion-de-36\/#primaryimage","url":"https:\/\/dals.com\/wp-content\/uploads\/2016\/01\/swivled-ext36.jpg","contentUrl":"https:\/\/dals.com\/wp-content\/uploads\/2016\/01\/swivled-ext36.jpg","width":1000,"height":1000},{"@type":"BreadcrumbList","@id":"https:\/\/dals.com\/fr\/produit\/swivledcc-ext36-cordon-dinterconnexion-de-36\/#breadcrumb","itemListElement":[{"@type":"ListItem","position":1,"name":"Accueil","item":"https:\/\/dals.com\/fr\/"},{"@type":"ListItem","position":2,"name":"Produits","item":"https:\/\/dalslit.tempurl.host\/fr\/?page_id=31878"},{"@type":"ListItem","position":3,"name":"Sous-cabinet","item":"https:\/\/dals.com\/fr\/categorie-produit\/sous-cabinet\/"},{"@type":"ListItem","position":4,"name":"Rallonge de 36&#8243;"}]},{"@type":"WebSite","@id":"https:\/\/dalslit.tempurl.host\/#website","url":"https:\/\/dalslit.tempurl.host\/","name":"Dals Lighting","description":"Manufacturer of designer lighting products","publisher":{"@id":"https:\/\/dalslit.tempurl.host\/#organization"},"potentialAction":[{"@type":"SearchAction","target":{"@type":"EntryPoint","urlTemplate":"https:\/\/dalslit.tempurl.host\/?s={search_term_string}"},"query-input":{"@type":"PropertyValueSpecification","valueRequired":true,"valueName":"search_term_string"}}],"inLanguage":"fr-FR"},{"@type":"Organization","@id":"https:\/\/dalslit.tempurl.host\/#organization","name":"Dals Lighting","url":"https:\/\/dalslit.tempurl.host\/","logo":{"@type":"ImageObject","inLanguage":"fr-FR","@id":"https:\/\/dalslit.tempurl.host\/#\/schema\/logo\/image\/","url":"https:\/\/dals.com\/wp-content\/uploads\/2020\/01\/cropped-logo-dals.png","contentUrl":"https:\/\/dals.com\/wp-content\/uploads\/2020\/01\/cropped-logo-dals.png","width":"300","height":"125","caption":"Dals Lighting"},"image":{"@id":"https:\/\/dalslit.tempurl.host\/#\/schema\/logo\/image\/"}}]}},"_links":{"self":[{"href":"https:\/\/dals.com\/fr\/wp-json\/wp\/v2\/product\/63586","targetHints":{"allow":["GET"]}}],"collection":[{"href":"https:\/\/dals.com\/fr\/wp-json\/wp\/v2\/product"}],"about":[{"href":"https:\/\/dals.com\/fr\/wp-json\/wp\/v2\/types\/product"}],"wp:featuredmedia":[{"embeddable":true,"href":"https:\/\/dals.com\/fr\/wp-json\/wp\/v2\/media\/16493"}],"wp:attachment":[{"href":"https:\/\/dals.com\/fr\/wp-json\/wp\/v2\/media?parent=63586"}],"wp:term":[{"taxonomy":"product_brand","embeddable":true,"href":"https:\/\/dals.com\/fr\/wp-json\/wp\/v2\/product_brand?post=63586"},{"taxonomy":"product_cat","embeddable":true,"href":"https:\/\/dals.com\/fr\/wp-json\/wp\/v2\/product_cat?post=63586"},{"taxonomy":"product_tag","embeddable":true,"href":"https:\/\/dals.com\/fr\/wp-json\/wp\/v2\/product_tag?post=63586"}],"curies":[{"name":"wp","href":"https:\/\/api.w.org\/{rel}","templated":true}]}}