{"id":62389,"date":"2023-04-25T16:14:31","date_gmt":"2023-04-25T20:14:31","guid":{"rendered":"https:\/\/dals.com\/?post_type=product&#038;p=62389"},"modified":"2025-06-04T18:06:37","modified_gmt":"2025-06-04T22:06:37","slug":"4005-cc-rondelle-2-en-1-a-changement-de-couleur","status":"publish","type":"product","link":"https:\/\/dals.com\/fr\/produit\/4005-cc-rondelle-2-en-1-a-changement-de-couleur\/","title":{"rendered":"Rondelle 2-en-1 de 3&Prime;"},"content":{"rendered":"\t\t<section class=\"elem-breadcrumbs elementor-element elementor-section-boxed elementor-section-height-default elementor-section-height-default elementor-section elementor-top-section\" data-element_type=\"section\" style=\"margin-bottom:30px\">\n\t<div class=\"elementor-container elementor-column-gap-default\">\n\t\t<div class=\"elementor-row\">\n\t\t\t<div class=\"elementor-element elementor-column elementor-col-100 elementor-top-column >\n\t\t\t\t<div class=\"elementor-column-wrap  elementor-element-populated\">\n\t\t\t\t\t<div class=\"elementor-widget-wrap\">\n\t\t\t\t\t\t<div class=\"elementor-element elementor-widget elementor-widget-breadcrumbs\" data-element_type=\"widget\" data-widget_type=\"breadcrumbs.default\">\n\t\t\t\t\t\t\t<div class=\"elementor-widget-container\">\n\t\t\t\t\t\t\t\t<span><span><a href=\"https:\/\/dals.com\/fr\/\">Accueil<\/a><\/span><\/span>\t\t\t\t\t\t\t<\/div>\n\t\t\t\t\t\t<\/div>\n\t\t\t\t\t<\/div>\n\t\t\t\t<\/div>\n\t\t\t<\/div>\n\t\t<\/div>\n\t<\/div>\n<\/section>\n\n<ul>\n<li>12V DC Transformateur DEL requis<\/li>\n<li>CCT s\u00e9lectionnables \u00e0 l\u2019aide d\u2019un commutateur : 2700K\/3000 K\/3500 K\/4000 K\/5000 K<\/li>\n<li>Plus de 50 000 heures de dur\u00e9e de vie<\/li>\n<li>Fil d\u2019entr\u00e9e de 12\u201d avec raccord rapide<\/li>\n<li>Harnais d\u2019interconnexion 24\u201d inclus<span class=\"Apple-converted-space\">\u00a0<\/span><\/li>\n<li>Peut \u00eatre encastr\u00e9 ou mont\u00e9 en surface<\/li>\n<li>Lumi\u00e8re blanche chaleureuse<\/li>\n<li>Excellent rendu des couleurs<\/li>\n<li>Performance et dur\u00e9e de vie\u00a0sup\u00e9rieures des DEL<\/li>\n<li>Distribution large et uniforme sur 360\u00b0<\/li>\n<li>\u00c9mission de chaleur n\u00e9gligeable<\/li>\n<li>Plus lumineux que la majorit\u00e9 des rondelles halog\u00e8ne 20W<\/li>\n<li>Construction d\u2019acier et d\u2019aluminium<\/li>\n<li>Lentille de verre givr\u00e9e<\/li>\n<li>Garantie de 5 ans<\/li>\n<li>Ensembles disponibles<\/li>\n<\/ul>\n<p><b>Note:\u00a0<\/b>Transformateur enfichable, ou \u00e0 branchement direct est requis pour l\u2019installation. Vendu s\u00e9par\u00e9ment.<\/p>\n","protected":false},"excerpt":{"rendered":"<p>Ces rondelles LED robustes sont dot\u00e9es d&rsquo;une lentille givr\u00e9e qui fournit des coups de lumi\u00e8re tr\u00e8s efficaces, ce qui les rend bien adapt\u00e9es \u00e0 une vari\u00e9t\u00e9 d&rsquo;applications, y compris l&rsquo;\u00e9clairage sous les armoires. Que vous pr\u00e9f\u00e9riez une ambiance chaleureuse et accueillante ou une lueur froide et vibrante, cette rondelle lumineuse offre des options de temp\u00e9rature de couleur s\u00e9lectionnables de 2700K \u00e0 5000K.<\/p>\n","protected":false},"featured_media":65075,"template":"","meta":{"_acf_changed":false,"site-sidebar-layout":"default","site-content-layout":"default","ast-site-content-layout":"default","site-content-style":"default","site-sidebar-style":"default","ast-global-header-display":"","ast-banner-title-visibility":"","ast-main-header-display":"","ast-hfb-above-header-display":"","ast-hfb-below-header-display":"","ast-hfb-mobile-header-display":"","site-post-title":"","ast-breadcrumbs-content":"","ast-featured-img":"","footer-sml-layout":"","ast-disable-related-posts":"","theme-transparent-header-meta":"default","adv-header-id-meta":"","stick-header-meta":"default","header-above-stick-meta":"","header-main-stick-meta":"","header-below-stick-meta":"","astra-migrate-meta-layouts":"set","ast-page-background-enabled":"default","ast-page-background-meta":{"desktop":{"background-color":"","background-image":"","background-repeat":"repeat","background-position":"center center","background-size":"auto","background-attachment":"scroll","background-type":"","background-media":"","overlay-type":"","overlay-color":"","overlay-opacity":"","overlay-gradient":""},"tablet":{"background-color":"","background-image":"","background-repeat":"repeat","background-position":"center center","background-size":"auto","background-attachment":"scroll","background-type":"","background-media":"","overlay-type":"","overlay-color":"","overlay-opacity":"","overlay-gradient":""},"mobile":{"background-color":"","background-image":"","background-repeat":"repeat","background-position":"center center","background-size":"auto","background-attachment":"scroll","background-type":"","background-media":"","overlay-type":"","overlay-color":"","overlay-opacity":"","overlay-gradient":""}},"ast-content-background-meta":{"desktop":{"background-color":"var(--ast-global-color-5)","background-image":"","background-repeat":"repeat","background-position":"center center","background-size":"auto","background-attachment":"scroll","background-type":"","background-media":"","overlay-type":"","overlay-color":"","overlay-opacity":"","overlay-gradient":""},"tablet":{"background-color":"var(--ast-global-color-5)","background-image":"","background-repeat":"repeat","background-position":"center center","background-size":"auto","background-attachment":"scroll","background-type":"","background-media":"","overlay-type":"","overlay-color":"","overlay-opacity":"","overlay-gradient":""},"mobile":{"background-color":"var(--ast-global-color-5)","background-image":"","background-repeat":"repeat","background-position":"center center","background-size":"auto","background-attachment":"scroll","background-type":"","background-media":"","overlay-type":"","overlay-color":"","overlay-opacity":"","overlay-gradient":""}}},"product_brand":[],"product_cat":[95,76],"product_tag":[],"class_list":{"0":"post-62389","1":"product","2":"type-product","3":"status-publish","4":"has-post-thumbnail","6":"product_cat-rondelles","7":"product_cat-sous-cabinet","8":"pa_finish-blanc","9":"pa_finish-nickel-satine","10":"pa_finish-noir","11":"desktop-align-center","12":"tablet-align-center","13":"mobile-align-center","14":"ast-product-gallery-layout-horizontal-slider","15":"ast-product-single-variable","16":"ast-product-tabs-layout-horizontal","18":"first","19":"instock","20":"taxable","21":"shipping-taxable","22":"purchasable","23":"product-type-variable","24":"wvs-archive-product-wrapper"},"acf":[],"yoast_head":"<!-- This site is optimized with the Yoast SEO plugin v27.4 - https:\/\/yoast.com\/product\/yoast-seo-wordpress\/ -->\n<title>Rondelle 2-en-1 de 3&quot; - Dals Lighting<\/title>\n<meta name=\"robots\" content=\"index, follow, max-snippet:-1, max-image-preview:large, max-video-preview:-1\" \/>\n<link rel=\"canonical\" href=\"https:\/\/dals.com\/fr\/produit\/4005-cc-rondelle-2-en-1-a-changement-de-couleur\/\" \/>\n<meta property=\"og:locale\" content=\"fr_FR\" \/>\n<meta property=\"og:type\" content=\"article\" \/>\n<meta property=\"og:title\" content=\"Rondelle 2-en-1 de 3&quot; - Dals Lighting\" \/>\n<meta property=\"og:description\" content=\"Ces rondelles LED robustes sont dot\u00e9es d&#039;une lentille givr\u00e9e qui fournit des coups de lumi\u00e8re tr\u00e8s efficaces, ce qui les rend bien adapt\u00e9es \u00e0 une vari\u00e9t\u00e9 d&#039;applications, y compris l&#039;\u00e9clairage sous les armoires. Que vous pr\u00e9f\u00e9riez une ambiance chaleureuse et accueillante ou une lueur froide et vibrante, cette rondelle lumineuse offre des options de temp\u00e9rature de couleur s\u00e9lectionnables de 2700K \u00e0 5000K.\" \/>\n<meta property=\"og:url\" content=\"https:\/\/dals.com\/fr\/produit\/4005-cc-rondelle-2-en-1-a-changement-de-couleur\/\" \/>\n<meta property=\"og:site_name\" content=\"Dals Lighting\" \/>\n<meta property=\"article:modified_time\" content=\"2025-06-04T22:06:37+00:00\" \/>\n<meta property=\"og:image\" content=\"https:\/\/dals.com\/wp-content\/uploads\/2023\/04\/4005-cc-bk-3.jpg\" \/>\n\t<meta property=\"og:image:width\" content=\"2000\" \/>\n\t<meta property=\"og:image:height\" content=\"2000\" \/>\n\t<meta property=\"og:image:type\" content=\"image\/jpeg\" \/>\n<meta name=\"twitter:card\" content=\"summary_large_image\" \/>\n<meta name=\"twitter:label1\" content=\"Dur\u00e9e de lecture estim\u00e9e\" \/>\n\t<meta name=\"twitter:data1\" content=\"1 minute\" \/>\n<script type=\"application\/ld+json\" class=\"yoast-schema-graph\">{\"@context\":\"https:\\\/\\\/schema.org\",\"@graph\":[{\"@type\":\"WebPage\",\"@id\":\"https:\\\/\\\/dals.com\\\/fr\\\/produit\\\/4005-cc-rondelle-2-en-1-a-changement-de-couleur\\\/\",\"url\":\"https:\\\/\\\/dals.com\\\/fr\\\/produit\\\/4005-cc-rondelle-2-en-1-a-changement-de-couleur\\\/\",\"name\":\"Rondelle 2-en-1 de 3\\\" - Dals Lighting\",\"isPartOf\":{\"@id\":\"https:\\\/\\\/dalslit.tempurl.host\\\/#website\"},\"primaryImageOfPage\":{\"@id\":\"https:\\\/\\\/dals.com\\\/fr\\\/produit\\\/4005-cc-rondelle-2-en-1-a-changement-de-couleur\\\/#primaryimage\"},\"image\":{\"@id\":\"https:\\\/\\\/dals.com\\\/fr\\\/produit\\\/4005-cc-rondelle-2-en-1-a-changement-de-couleur\\\/#primaryimage\"},\"thumbnailUrl\":\"https:\\\/\\\/dals.com\\\/wp-content\\\/uploads\\\/2023\\\/04\\\/4005-cc-bk-3.jpg\",\"datePublished\":\"2023-04-25T20:14:31+00:00\",\"dateModified\":\"2025-06-04T22:06:37+00:00\",\"breadcrumb\":{\"@id\":\"https:\\\/\\\/dals.com\\\/fr\\\/produit\\\/4005-cc-rondelle-2-en-1-a-changement-de-couleur\\\/#breadcrumb\"},\"inLanguage\":\"fr-FR\",\"potentialAction\":[{\"@type\":\"ReadAction\",\"target\":[\"https:\\\/\\\/dals.com\\\/fr\\\/produit\\\/4005-cc-rondelle-2-en-1-a-changement-de-couleur\\\/\"]}]},{\"@type\":\"ImageObject\",\"inLanguage\":\"fr-FR\",\"@id\":\"https:\\\/\\\/dals.com\\\/fr\\\/produit\\\/4005-cc-rondelle-2-en-1-a-changement-de-couleur\\\/#primaryimage\",\"url\":\"https:\\\/\\\/dals.com\\\/wp-content\\\/uploads\\\/2023\\\/04\\\/4005-cc-bk-3.jpg\",\"contentUrl\":\"https:\\\/\\\/dals.com\\\/wp-content\\\/uploads\\\/2023\\\/04\\\/4005-cc-bk-3.jpg\",\"width\":2000,\"height\":2000},{\"@type\":\"BreadcrumbList\",\"@id\":\"https:\\\/\\\/dals.com\\\/fr\\\/produit\\\/4005-cc-rondelle-2-en-1-a-changement-de-couleur\\\/#breadcrumb\",\"itemListElement\":[{\"@type\":\"ListItem\",\"position\":1,\"name\":\"Accueil\",\"item\":\"https:\\\/\\\/dals.com\\\/fr\\\/\"},{\"@type\":\"ListItem\",\"position\":2,\"name\":\"Produits\",\"item\":\"https:\\\/\\\/dalslit.tempurl.host\\\/fr\\\/?page_id=31878\"},{\"@type\":\"ListItem\",\"position\":3,\"name\":\"Sous-cabinet\",\"item\":\"https:\\\/\\\/dals.com\\\/fr\\\/categorie-produit\\\/sous-cabinet\\\/\"},{\"@type\":\"ListItem\",\"position\":4,\"name\":\"Rondelles\",\"item\":\"https:\\\/\\\/dals.com\\\/fr\\\/categorie-produit\\\/sous-cabinet\\\/rondelles\\\/\"},{\"@type\":\"ListItem\",\"position\":5,\"name\":\"4005-CC &#8211; Rondelle 2 en 1 \u00c0 Changement De Couleur\"}]},{\"@type\":\"WebSite\",\"@id\":\"https:\\\/\\\/dalslit.tempurl.host\\\/#website\",\"url\":\"https:\\\/\\\/dalslit.tempurl.host\\\/\",\"name\":\"Dals Lighting\",\"description\":\"Manufacturer of designer lighting products\",\"publisher\":{\"@id\":\"https:\\\/\\\/dalslit.tempurl.host\\\/#organization\"},\"potentialAction\":[{\"@type\":\"SearchAction\",\"target\":{\"@type\":\"EntryPoint\",\"urlTemplate\":\"https:\\\/\\\/dalslit.tempurl.host\\\/?s={search_term_string}\"},\"query-input\":{\"@type\":\"PropertyValueSpecification\",\"valueRequired\":true,\"valueName\":\"search_term_string\"}}],\"inLanguage\":\"fr-FR\"},{\"@type\":\"Organization\",\"@id\":\"https:\\\/\\\/dalslit.tempurl.host\\\/#organization\",\"name\":\"Dals Lighting\",\"url\":\"https:\\\/\\\/dalslit.tempurl.host\\\/\",\"logo\":{\"@type\":\"ImageObject\",\"inLanguage\":\"fr-FR\",\"@id\":\"https:\\\/\\\/dalslit.tempurl.host\\\/#\\\/schema\\\/logo\\\/image\\\/\",\"url\":\"https:\\\/\\\/dals.com\\\/wp-content\\\/uploads\\\/2020\\\/01\\\/cropped-logo-dals.png\",\"contentUrl\":\"https:\\\/\\\/dals.com\\\/wp-content\\\/uploads\\\/2020\\\/01\\\/cropped-logo-dals.png\",\"width\":\"300\",\"height\":\"125\",\"caption\":\"Dals Lighting\"},\"image\":{\"@id\":\"https:\\\/\\\/dalslit.tempurl.host\\\/#\\\/schema\\\/logo\\\/image\\\/\"}}]}<\/script>\n<!-- \/ Yoast SEO plugin. -->","yoast_head_json":{"title":"Rondelle 2-en-1 de 3\" - Dals Lighting","robots":{"index":"index","follow":"follow","max-snippet":"max-snippet:-1","max-image-preview":"max-image-preview:large","max-video-preview":"max-video-preview:-1"},"canonical":"https:\/\/dals.com\/fr\/produit\/4005-cc-rondelle-2-en-1-a-changement-de-couleur\/","og_locale":"fr_FR","og_type":"article","og_title":"Rondelle 2-en-1 de 3\" - Dals Lighting","og_description":"Ces rondelles LED robustes sont dot\u00e9es d'une lentille givr\u00e9e qui fournit des coups de lumi\u00e8re tr\u00e8s efficaces, ce qui les rend bien adapt\u00e9es \u00e0 une vari\u00e9t\u00e9 d'applications, y compris l'\u00e9clairage sous les armoires. Que vous pr\u00e9f\u00e9riez une ambiance chaleureuse et accueillante ou une lueur froide et vibrante, cette rondelle lumineuse offre des options de temp\u00e9rature de couleur s\u00e9lectionnables de 2700K \u00e0 5000K.","og_url":"https:\/\/dals.com\/fr\/produit\/4005-cc-rondelle-2-en-1-a-changement-de-couleur\/","og_site_name":"Dals Lighting","article_modified_time":"2025-06-04T22:06:37+00:00","og_image":[{"width":2000,"height":2000,"url":"https:\/\/dals.com\/wp-content\/uploads\/2023\/04\/4005-cc-bk-3.jpg","type":"image\/jpeg"}],"twitter_card":"summary_large_image","twitter_misc":{"Dur\u00e9e de lecture estim\u00e9e":"1 minute"},"schema":{"@context":"https:\/\/schema.org","@graph":[{"@type":"WebPage","@id":"https:\/\/dals.com\/fr\/produit\/4005-cc-rondelle-2-en-1-a-changement-de-couleur\/","url":"https:\/\/dals.com\/fr\/produit\/4005-cc-rondelle-2-en-1-a-changement-de-couleur\/","name":"Rondelle 2-en-1 de 3\" - Dals Lighting","isPartOf":{"@id":"https:\/\/dalslit.tempurl.host\/#website"},"primaryImageOfPage":{"@id":"https:\/\/dals.com\/fr\/produit\/4005-cc-rondelle-2-en-1-a-changement-de-couleur\/#primaryimage"},"image":{"@id":"https:\/\/dals.com\/fr\/produit\/4005-cc-rondelle-2-en-1-a-changement-de-couleur\/#primaryimage"},"thumbnailUrl":"https:\/\/dals.com\/wp-content\/uploads\/2023\/04\/4005-cc-bk-3.jpg","datePublished":"2023-04-25T20:14:31+00:00","dateModified":"2025-06-04T22:06:37+00:00","breadcrumb":{"@id":"https:\/\/dals.com\/fr\/produit\/4005-cc-rondelle-2-en-1-a-changement-de-couleur\/#breadcrumb"},"inLanguage":"fr-FR","potentialAction":[{"@type":"ReadAction","target":["https:\/\/dals.com\/fr\/produit\/4005-cc-rondelle-2-en-1-a-changement-de-couleur\/"]}]},{"@type":"ImageObject","inLanguage":"fr-FR","@id":"https:\/\/dals.com\/fr\/produit\/4005-cc-rondelle-2-en-1-a-changement-de-couleur\/#primaryimage","url":"https:\/\/dals.com\/wp-content\/uploads\/2023\/04\/4005-cc-bk-3.jpg","contentUrl":"https:\/\/dals.com\/wp-content\/uploads\/2023\/04\/4005-cc-bk-3.jpg","width":2000,"height":2000},{"@type":"BreadcrumbList","@id":"https:\/\/dals.com\/fr\/produit\/4005-cc-rondelle-2-en-1-a-changement-de-couleur\/#breadcrumb","itemListElement":[{"@type":"ListItem","position":1,"name":"Accueil","item":"https:\/\/dals.com\/fr\/"},{"@type":"ListItem","position":2,"name":"Produits","item":"https:\/\/dalslit.tempurl.host\/fr\/?page_id=31878"},{"@type":"ListItem","position":3,"name":"Sous-cabinet","item":"https:\/\/dals.com\/fr\/categorie-produit\/sous-cabinet\/"},{"@type":"ListItem","position":4,"name":"Rondelles","item":"https:\/\/dals.com\/fr\/categorie-produit\/sous-cabinet\/rondelles\/"},{"@type":"ListItem","position":5,"name":"4005-CC &#8211; Rondelle 2 en 1 \u00c0 Changement De Couleur"}]},{"@type":"WebSite","@id":"https:\/\/dalslit.tempurl.host\/#website","url":"https:\/\/dalslit.tempurl.host\/","name":"Dals Lighting","description":"Manufacturer of designer lighting products","publisher":{"@id":"https:\/\/dalslit.tempurl.host\/#organization"},"potentialAction":[{"@type":"SearchAction","target":{"@type":"EntryPoint","urlTemplate":"https:\/\/dalslit.tempurl.host\/?s={search_term_string}"},"query-input":{"@type":"PropertyValueSpecification","valueRequired":true,"valueName":"search_term_string"}}],"inLanguage":"fr-FR"},{"@type":"Organization","@id":"https:\/\/dalslit.tempurl.host\/#organization","name":"Dals Lighting","url":"https:\/\/dalslit.tempurl.host\/","logo":{"@type":"ImageObject","inLanguage":"fr-FR","@id":"https:\/\/dalslit.tempurl.host\/#\/schema\/logo\/image\/","url":"https:\/\/dals.com\/wp-content\/uploads\/2020\/01\/cropped-logo-dals.png","contentUrl":"https:\/\/dals.com\/wp-content\/uploads\/2020\/01\/cropped-logo-dals.png","width":"300","height":"125","caption":"Dals Lighting"},"image":{"@id":"https:\/\/dalslit.tempurl.host\/#\/schema\/logo\/image\/"}}]}},"_links":{"self":[{"href":"https:\/\/dals.com\/fr\/wp-json\/wp\/v2\/product\/62389","targetHints":{"allow":["GET"]}}],"collection":[{"href":"https:\/\/dals.com\/fr\/wp-json\/wp\/v2\/product"}],"about":[{"href":"https:\/\/dals.com\/fr\/wp-json\/wp\/v2\/types\/product"}],"wp:featuredmedia":[{"embeddable":true,"href":"https:\/\/dals.com\/fr\/wp-json\/wp\/v2\/media\/65075"}],"wp:attachment":[{"href":"https:\/\/dals.com\/fr\/wp-json\/wp\/v2\/media?parent=62389"}],"wp:term":[{"taxonomy":"product_brand","embeddable":true,"href":"https:\/\/dals.com\/fr\/wp-json\/wp\/v2\/product_brand?post=62389"},{"taxonomy":"product_cat","embeddable":true,"href":"https:\/\/dals.com\/fr\/wp-json\/wp\/v2\/product_cat?post=62389"},{"taxonomy":"product_tag","embeddable":true,"href":"https:\/\/dals.com\/fr\/wp-json\/wp\/v2\/product_tag?post=62389"}],"curies":[{"name":"wp","href":"https:\/\/api.w.org\/{rel}","templated":true}]}}