{"id":60763,"date":"2023-03-20T19:59:26","date_gmt":"2023-03-20T23:59:26","guid":{"rendered":"https:\/\/dals.com\/?post_type=product&#038;p=60763"},"modified":"2025-06-04T18:06:19","modified_gmt":"2025-06-04T22:06:19","slug":"4001-cc-rondelle-superpuck-12v-a-changement-de-couleur","status":"publish","type":"product","link":"https:\/\/dals.com\/fr\/produit\/4001-cc-rondelle-superpuck-12v-a-changement-de-couleur\/","title":{"rendered":"Rondelle 3&Prime; 12V"},"content":{"rendered":"\t\t<section class=\"elem-breadcrumbs elementor-element elementor-section-boxed elementor-section-height-default elementor-section-height-default elementor-section elementor-top-section\" data-element_type=\"section\" style=\"margin-bottom:30px\">\n\t<div class=\"elementor-container elementor-column-gap-default\">\n\t\t<div class=\"elementor-row\">\n\t\t\t<div class=\"elementor-element elementor-column elementor-col-100 elementor-top-column >\n\t\t\t\t<div class=\"elementor-column-wrap  elementor-element-populated\">\n\t\t\t\t\t<div class=\"elementor-widget-wrap\">\n\t\t\t\t\t\t<div class=\"elementor-element elementor-widget elementor-widget-breadcrumbs\" data-element_type=\"widget\" data-widget_type=\"breadcrumbs.default\">\n\t\t\t\t\t\t\t<div class=\"elementor-widget-container\">\n\t\t\t\t\t\t\t\t<span><span><a href=\"https:\/\/dals.com\/fr\/\">Accueil<\/a><\/span><\/span>\t\t\t\t\t\t\t<\/div>\n\t\t\t\t\t\t<\/div>\n\t\t\t\t\t<\/div>\n\t\t\t\t<\/div>\n\t\t\t<\/div>\n\t\t<\/div>\n\t<\/div>\n<\/section>\n\n<ul>\n<li>12V DC Transformateur DEL requis<\/li>\n<li>Plus de 50 000 heures de dur\u00e9e de vie<\/li>\n<li>Fil d\u2019entr\u00e9e de 12\u201d avec raccord rapide<\/li>\n<li>Harnais d\u2019interconnexion 24\u201d inclus<\/li>\n<li>Performance et dur\u00e9e de vie sup\u00e9rieures des DEL<\/li>\n<li>Distribution large et uniforme sur 360\u00b0<\/li>\n<li>\u00c9mission de chaleur n\u00e9gligeable<\/li>\n<li>Dissipateur de chaleur et protection thermique<\/li>\n<li>Construction d\u2019acier et d\u2019aluminium<\/li>\n<li>CCT s\u00e9lectionnables \u00e0 l\u2019aide d\u2019un commutateur : 2700K\/3000 K\/3500 K\/4000 K\/5000 K<b> <\/b><\/li>\n<li>Lentille de verre givr\u00e9e<\/li>\n<li>Garantie de 5 ans<\/li>\n<\/ul>\n<p><b>Note:\u00a0<\/b>Transformateur enfichable, ou \u00e0 branchement direct est requis pour l\u2019installation. Vendu s\u00e9par\u00e9ment.<\/p>\n","protected":false},"excerpt":{"rendered":"<p>Profitez d&rsquo;une lumi\u00e8re blanche \u00e0 faible consommation d&rsquo;\u00e9nergie dans une vari\u00e9t\u00e9 de finitions attrayantes. Ces rondelles LED sont bien adapt\u00e9es \u00e0 l&rsquo;\u00e9clairage d&rsquo;accentuation et \u00e0 l&rsquo;\u00e9clairage de travail sous les armoires et dans d&rsquo;autres zones.<\/p>\n","protected":false},"featured_media":60958,"template":"","meta":{"_acf_changed":false,"site-sidebar-layout":"default","site-content-layout":"default","ast-site-content-layout":"default","site-content-style":"default","site-sidebar-style":"default","ast-global-header-display":"","ast-banner-title-visibility":"","ast-main-header-display":"","ast-hfb-above-header-display":"","ast-hfb-below-header-display":"","ast-hfb-mobile-header-display":"","site-post-title":"","ast-breadcrumbs-content":"","ast-featured-img":"","footer-sml-layout":"","ast-disable-related-posts":"","theme-transparent-header-meta":"default","adv-header-id-meta":"","stick-header-meta":"default","header-above-stick-meta":"","header-main-stick-meta":"","header-below-stick-meta":"","astra-migrate-meta-layouts":"set","ast-page-background-enabled":"default","ast-page-background-meta":{"desktop":{"background-color":"","background-image":"","background-repeat":"repeat","background-position":"center center","background-size":"auto","background-attachment":"scroll","background-type":"","background-media":"","overlay-type":"","overlay-color":"","overlay-opacity":"","overlay-gradient":""},"tablet":{"background-color":"","background-image":"","background-repeat":"repeat","background-position":"center center","background-size":"auto","background-attachment":"scroll","background-type":"","background-media":"","overlay-type":"","overlay-color":"","overlay-opacity":"","overlay-gradient":""},"mobile":{"background-color":"","background-image":"","background-repeat":"repeat","background-position":"center center","background-size":"auto","background-attachment":"scroll","background-type":"","background-media":"","overlay-type":"","overlay-color":"","overlay-opacity":"","overlay-gradient":""}},"ast-content-background-meta":{"desktop":{"background-color":"var(--ast-global-color-5)","background-image":"","background-repeat":"repeat","background-position":"center center","background-size":"auto","background-attachment":"scroll","background-type":"","background-media":"","overlay-type":"","overlay-color":"","overlay-opacity":"","overlay-gradient":""},"tablet":{"background-color":"var(--ast-global-color-5)","background-image":"","background-repeat":"repeat","background-position":"center center","background-size":"auto","background-attachment":"scroll","background-type":"","background-media":"","overlay-type":"","overlay-color":"","overlay-opacity":"","overlay-gradient":""},"mobile":{"background-color":"var(--ast-global-color-5)","background-image":"","background-repeat":"repeat","background-position":"center center","background-size":"auto","background-attachment":"scroll","background-type":"","background-media":"","overlay-type":"","overlay-color":"","overlay-opacity":"","overlay-gradient":""}}},"product_brand":[],"product_cat":[95,76],"product_tag":[],"class_list":{"0":"post-60763","1":"product","2":"type-product","3":"status-publish","4":"has-post-thumbnail","6":"product_cat-rondelles","7":"product_cat-sous-cabinet","8":"pa_finish-blanc","9":"pa_finish-nickel-satine","10":"pa_finish-noir","11":"pa_finish-gold-fr","12":"desktop-align-center","13":"tablet-align-center","14":"mobile-align-center","15":"ast-product-gallery-layout-horizontal-slider","16":"ast-product-single-variable","17":"ast-product-tabs-layout-horizontal","19":"first","20":"instock","21":"taxable","22":"shipping-taxable","23":"purchasable","24":"product-type-variable","25":"wvs-archive-product-wrapper"},"acf":[],"yoast_head":"<!-- This site is optimized with the Yoast SEO plugin v27.4 - https:\/\/yoast.com\/product\/yoast-seo-wordpress\/ -->\n<title>Rondelle 3&quot; 12V - Dals Lighting<\/title>\n<meta name=\"robots\" content=\"index, follow, max-snippet:-1, max-image-preview:large, max-video-preview:-1\" \/>\n<link rel=\"canonical\" href=\"https:\/\/dals.com\/fr\/produit\/4001-cc-rondelle-superpuck-12v-a-changement-de-couleur\/\" \/>\n<meta property=\"og:locale\" content=\"fr_FR\" \/>\n<meta property=\"og:type\" content=\"article\" \/>\n<meta property=\"og:title\" content=\"Rondelle 3&quot; 12V - Dals Lighting\" \/>\n<meta property=\"og:description\" content=\"Profitez d&#039;une lumi\u00e8re blanche \u00e0 faible consommation d&#039;\u00e9nergie dans une vari\u00e9t\u00e9 de finitions attrayantes. Ces rondelles LED sont bien adapt\u00e9es \u00e0 l&#039;\u00e9clairage d&#039;accentuation et \u00e0 l&#039;\u00e9clairage de travail sous les armoires et dans d&#039;autres zones.\" \/>\n<meta property=\"og:url\" content=\"https:\/\/dals.com\/fr\/produit\/4001-cc-rondelle-superpuck-12v-a-changement-de-couleur\/\" \/>\n<meta property=\"og:site_name\" content=\"Dals Lighting\" \/>\n<meta property=\"article:modified_time\" content=\"2025-06-04T22:06:19+00:00\" \/>\n<meta property=\"og:image\" content=\"https:\/\/dals.com\/wp-content\/uploads\/2023\/03\/4001-cc-wh.jpg\" \/>\n\t<meta property=\"og:image:width\" content=\"2000\" \/>\n\t<meta property=\"og:image:height\" content=\"2000\" \/>\n\t<meta property=\"og:image:type\" content=\"image\/jpeg\" \/>\n<meta name=\"twitter:card\" content=\"summary_large_image\" \/>\n<meta name=\"twitter:label1\" content=\"Dur\u00e9e de lecture estim\u00e9e\" \/>\n\t<meta name=\"twitter:data1\" content=\"1 minute\" \/>\n<script type=\"application\/ld+json\" class=\"yoast-schema-graph\">{\"@context\":\"https:\\\/\\\/schema.org\",\"@graph\":[{\"@type\":\"WebPage\",\"@id\":\"https:\\\/\\\/dals.com\\\/fr\\\/produit\\\/4001-cc-rondelle-superpuck-12v-a-changement-de-couleur\\\/\",\"url\":\"https:\\\/\\\/dals.com\\\/fr\\\/produit\\\/4001-cc-rondelle-superpuck-12v-a-changement-de-couleur\\\/\",\"name\":\"Rondelle 3\\\" 12V - Dals Lighting\",\"isPartOf\":{\"@id\":\"https:\\\/\\\/dalslit.tempurl.host\\\/#website\"},\"primaryImageOfPage\":{\"@id\":\"https:\\\/\\\/dals.com\\\/fr\\\/produit\\\/4001-cc-rondelle-superpuck-12v-a-changement-de-couleur\\\/#primaryimage\"},\"image\":{\"@id\":\"https:\\\/\\\/dals.com\\\/fr\\\/produit\\\/4001-cc-rondelle-superpuck-12v-a-changement-de-couleur\\\/#primaryimage\"},\"thumbnailUrl\":\"https:\\\/\\\/dals.com\\\/wp-content\\\/uploads\\\/2023\\\/03\\\/4001-cc-wh.jpg\",\"datePublished\":\"2023-03-20T23:59:26+00:00\",\"dateModified\":\"2025-06-04T22:06:19+00:00\",\"breadcrumb\":{\"@id\":\"https:\\\/\\\/dals.com\\\/fr\\\/produit\\\/4001-cc-rondelle-superpuck-12v-a-changement-de-couleur\\\/#breadcrumb\"},\"inLanguage\":\"fr-FR\",\"potentialAction\":[{\"@type\":\"ReadAction\",\"target\":[\"https:\\\/\\\/dals.com\\\/fr\\\/produit\\\/4001-cc-rondelle-superpuck-12v-a-changement-de-couleur\\\/\"]}]},{\"@type\":\"ImageObject\",\"inLanguage\":\"fr-FR\",\"@id\":\"https:\\\/\\\/dals.com\\\/fr\\\/produit\\\/4001-cc-rondelle-superpuck-12v-a-changement-de-couleur\\\/#primaryimage\",\"url\":\"https:\\\/\\\/dals.com\\\/wp-content\\\/uploads\\\/2023\\\/03\\\/4001-cc-wh.jpg\",\"contentUrl\":\"https:\\\/\\\/dals.com\\\/wp-content\\\/uploads\\\/2023\\\/03\\\/4001-cc-wh.jpg\",\"width\":2000,\"height\":2000},{\"@type\":\"BreadcrumbList\",\"@id\":\"https:\\\/\\\/dals.com\\\/fr\\\/produit\\\/4001-cc-rondelle-superpuck-12v-a-changement-de-couleur\\\/#breadcrumb\",\"itemListElement\":[{\"@type\":\"ListItem\",\"position\":1,\"name\":\"Accueil\",\"item\":\"https:\\\/\\\/dals.com\\\/fr\\\/\"},{\"@type\":\"ListItem\",\"position\":2,\"name\":\"Produits\",\"item\":\"https:\\\/\\\/dalslit.tempurl.host\\\/fr\\\/?page_id=31878\"},{\"@type\":\"ListItem\",\"position\":3,\"name\":\"Sous-cabinet\",\"item\":\"https:\\\/\\\/dals.com\\\/fr\\\/categorie-produit\\\/sous-cabinet\\\/\"},{\"@type\":\"ListItem\",\"position\":4,\"name\":\"Rondelles\",\"item\":\"https:\\\/\\\/dals.com\\\/fr\\\/categorie-produit\\\/sous-cabinet\\\/rondelles\\\/\"},{\"@type\":\"ListItem\",\"position\":5,\"name\":\"4001-CC &#8211; Rondelle &#8220;Superpuck&#8221; 12V \u00c0 Changement De Couleur\"}]},{\"@type\":\"WebSite\",\"@id\":\"https:\\\/\\\/dalslit.tempurl.host\\\/#website\",\"url\":\"https:\\\/\\\/dalslit.tempurl.host\\\/\",\"name\":\"Dals Lighting\",\"description\":\"Manufacturer of designer lighting products\",\"publisher\":{\"@id\":\"https:\\\/\\\/dalslit.tempurl.host\\\/#organization\"},\"potentialAction\":[{\"@type\":\"SearchAction\",\"target\":{\"@type\":\"EntryPoint\",\"urlTemplate\":\"https:\\\/\\\/dalslit.tempurl.host\\\/?s={search_term_string}\"},\"query-input\":{\"@type\":\"PropertyValueSpecification\",\"valueRequired\":true,\"valueName\":\"search_term_string\"}}],\"inLanguage\":\"fr-FR\"},{\"@type\":\"Organization\",\"@id\":\"https:\\\/\\\/dalslit.tempurl.host\\\/#organization\",\"name\":\"Dals Lighting\",\"url\":\"https:\\\/\\\/dalslit.tempurl.host\\\/\",\"logo\":{\"@type\":\"ImageObject\",\"inLanguage\":\"fr-FR\",\"@id\":\"https:\\\/\\\/dalslit.tempurl.host\\\/#\\\/schema\\\/logo\\\/image\\\/\",\"url\":\"https:\\\/\\\/dals.com\\\/wp-content\\\/uploads\\\/2020\\\/01\\\/cropped-logo-dals.png\",\"contentUrl\":\"https:\\\/\\\/dals.com\\\/wp-content\\\/uploads\\\/2020\\\/01\\\/cropped-logo-dals.png\",\"width\":\"300\",\"height\":\"125\",\"caption\":\"Dals Lighting\"},\"image\":{\"@id\":\"https:\\\/\\\/dalslit.tempurl.host\\\/#\\\/schema\\\/logo\\\/image\\\/\"}}]}<\/script>\n<!-- \/ Yoast SEO plugin. -->","yoast_head_json":{"title":"Rondelle 3\" 12V - Dals Lighting","robots":{"index":"index","follow":"follow","max-snippet":"max-snippet:-1","max-image-preview":"max-image-preview:large","max-video-preview":"max-video-preview:-1"},"canonical":"https:\/\/dals.com\/fr\/produit\/4001-cc-rondelle-superpuck-12v-a-changement-de-couleur\/","og_locale":"fr_FR","og_type":"article","og_title":"Rondelle 3\" 12V - Dals Lighting","og_description":"Profitez d'une lumi\u00e8re blanche \u00e0 faible consommation d'\u00e9nergie dans une vari\u00e9t\u00e9 de finitions attrayantes. Ces rondelles LED sont bien adapt\u00e9es \u00e0 l'\u00e9clairage d'accentuation et \u00e0 l'\u00e9clairage de travail sous les armoires et dans d'autres zones.","og_url":"https:\/\/dals.com\/fr\/produit\/4001-cc-rondelle-superpuck-12v-a-changement-de-couleur\/","og_site_name":"Dals Lighting","article_modified_time":"2025-06-04T22:06:19+00:00","og_image":[{"width":2000,"height":2000,"url":"https:\/\/dals.com\/wp-content\/uploads\/2023\/03\/4001-cc-wh.jpg","type":"image\/jpeg"}],"twitter_card":"summary_large_image","twitter_misc":{"Dur\u00e9e de lecture estim\u00e9e":"1 minute"},"schema":{"@context":"https:\/\/schema.org","@graph":[{"@type":"WebPage","@id":"https:\/\/dals.com\/fr\/produit\/4001-cc-rondelle-superpuck-12v-a-changement-de-couleur\/","url":"https:\/\/dals.com\/fr\/produit\/4001-cc-rondelle-superpuck-12v-a-changement-de-couleur\/","name":"Rondelle 3\" 12V - Dals Lighting","isPartOf":{"@id":"https:\/\/dalslit.tempurl.host\/#website"},"primaryImageOfPage":{"@id":"https:\/\/dals.com\/fr\/produit\/4001-cc-rondelle-superpuck-12v-a-changement-de-couleur\/#primaryimage"},"image":{"@id":"https:\/\/dals.com\/fr\/produit\/4001-cc-rondelle-superpuck-12v-a-changement-de-couleur\/#primaryimage"},"thumbnailUrl":"https:\/\/dals.com\/wp-content\/uploads\/2023\/03\/4001-cc-wh.jpg","datePublished":"2023-03-20T23:59:26+00:00","dateModified":"2025-06-04T22:06:19+00:00","breadcrumb":{"@id":"https:\/\/dals.com\/fr\/produit\/4001-cc-rondelle-superpuck-12v-a-changement-de-couleur\/#breadcrumb"},"inLanguage":"fr-FR","potentialAction":[{"@type":"ReadAction","target":["https:\/\/dals.com\/fr\/produit\/4001-cc-rondelle-superpuck-12v-a-changement-de-couleur\/"]}]},{"@type":"ImageObject","inLanguage":"fr-FR","@id":"https:\/\/dals.com\/fr\/produit\/4001-cc-rondelle-superpuck-12v-a-changement-de-couleur\/#primaryimage","url":"https:\/\/dals.com\/wp-content\/uploads\/2023\/03\/4001-cc-wh.jpg","contentUrl":"https:\/\/dals.com\/wp-content\/uploads\/2023\/03\/4001-cc-wh.jpg","width":2000,"height":2000},{"@type":"BreadcrumbList","@id":"https:\/\/dals.com\/fr\/produit\/4001-cc-rondelle-superpuck-12v-a-changement-de-couleur\/#breadcrumb","itemListElement":[{"@type":"ListItem","position":1,"name":"Accueil","item":"https:\/\/dals.com\/fr\/"},{"@type":"ListItem","position":2,"name":"Produits","item":"https:\/\/dalslit.tempurl.host\/fr\/?page_id=31878"},{"@type":"ListItem","position":3,"name":"Sous-cabinet","item":"https:\/\/dals.com\/fr\/categorie-produit\/sous-cabinet\/"},{"@type":"ListItem","position":4,"name":"Rondelles","item":"https:\/\/dals.com\/fr\/categorie-produit\/sous-cabinet\/rondelles\/"},{"@type":"ListItem","position":5,"name":"4001-CC &#8211; Rondelle &#8220;Superpuck&#8221; 12V \u00c0 Changement De Couleur"}]},{"@type":"WebSite","@id":"https:\/\/dalslit.tempurl.host\/#website","url":"https:\/\/dalslit.tempurl.host\/","name":"Dals Lighting","description":"Manufacturer of designer lighting products","publisher":{"@id":"https:\/\/dalslit.tempurl.host\/#organization"},"potentialAction":[{"@type":"SearchAction","target":{"@type":"EntryPoint","urlTemplate":"https:\/\/dalslit.tempurl.host\/?s={search_term_string}"},"query-input":{"@type":"PropertyValueSpecification","valueRequired":true,"valueName":"search_term_string"}}],"inLanguage":"fr-FR"},{"@type":"Organization","@id":"https:\/\/dalslit.tempurl.host\/#organization","name":"Dals Lighting","url":"https:\/\/dalslit.tempurl.host\/","logo":{"@type":"ImageObject","inLanguage":"fr-FR","@id":"https:\/\/dalslit.tempurl.host\/#\/schema\/logo\/image\/","url":"https:\/\/dals.com\/wp-content\/uploads\/2020\/01\/cropped-logo-dals.png","contentUrl":"https:\/\/dals.com\/wp-content\/uploads\/2020\/01\/cropped-logo-dals.png","width":"300","height":"125","caption":"Dals Lighting"},"image":{"@id":"https:\/\/dalslit.tempurl.host\/#\/schema\/logo\/image\/"}}]}},"_links":{"self":[{"href":"https:\/\/dals.com\/fr\/wp-json\/wp\/v2\/product\/60763","targetHints":{"allow":["GET"]}}],"collection":[{"href":"https:\/\/dals.com\/fr\/wp-json\/wp\/v2\/product"}],"about":[{"href":"https:\/\/dals.com\/fr\/wp-json\/wp\/v2\/types\/product"}],"wp:featuredmedia":[{"embeddable":true,"href":"https:\/\/dals.com\/fr\/wp-json\/wp\/v2\/media\/60958"}],"wp:attachment":[{"href":"https:\/\/dals.com\/fr\/wp-json\/wp\/v2\/media?parent=60763"}],"wp:term":[{"taxonomy":"product_brand","embeddable":true,"href":"https:\/\/dals.com\/fr\/wp-json\/wp\/v2\/product_brand?post=60763"},{"taxonomy":"product_cat","embeddable":true,"href":"https:\/\/dals.com\/fr\/wp-json\/wp\/v2\/product_cat?post=60763"},{"taxonomy":"product_tag","embeddable":true,"href":"https:\/\/dals.com\/fr\/wp-json\/wp\/v2\/product_tag?post=60763"}],"curies":[{"name":"wp","href":"https:\/\/api.w.org\/{rel}","templated":true}]}}