{"id":59726,"date":"2022-12-27T15:17:37","date_gmt":"2022-12-27T20:17:37","guid":{"rendered":"https:\/\/dals.com\/product\/dcp-brk12-rgbcct-brick-light-pro\/"},"modified":"2026-01-05T15:53:57","modified_gmt":"2026-01-05T20:53:57","slug":"dcp-brk12-luminaire-brique-pro-rgbcct","status":"publish","type":"product","link":"https:\/\/dals.com\/fr\/produit\/dcp-brk12-luminaire-brique-pro-rgbcct\/","title":{"rendered":"Applique murale en brique intelligente de 12&Prime;"},"content":{"rendered":"\t\t<section class=\"elem-breadcrumbs elementor-element elementor-section-boxed elementor-section-height-default elementor-section-height-default elementor-section elementor-top-section\" data-element_type=\"section\" style=\"margin-bottom:30px\">\n\t<div class=\"elementor-container elementor-column-gap-default\">\n\t\t<div class=\"elementor-row\">\n\t\t\t<div class=\"elementor-element elementor-column elementor-col-100 elementor-top-column >\n\t\t\t\t<div class=\"elementor-column-wrap  elementor-element-populated\">\n\t\t\t\t\t<div class=\"elementor-widget-wrap\">\n\t\t\t\t\t\t<div class=\"elementor-element elementor-widget elementor-widget-breadcrumbs\" data-element_type=\"widget\" data-widget_type=\"breadcrumbs.default\">\n\t\t\t\t\t\t\t<div class=\"elementor-widget-container\">\n\t\t\t\t\t\t\t\t<span><span><a href=\"https:\/\/dals.com\/fr\/\">Accueil<\/a><\/span><\/span>\t\t\t\t\t\t\t<\/div>\n\t\t\t\t\t\t<\/div>\n\t\t\t\t\t<\/div>\n\t\t\t\t<\/div>\n\t\t\t<\/div>\n\t\t<\/div>\n\t<\/div>\n<\/section>\n\n<ul>\n<li class=\"p1\">Excellent rendu des couleurs<\/li>\n<li>Spectre de couleurs complet 2200K \u2013 4000K en blanc pur<\/li>\n<li>Performances et dur\u00e9e de vie sup\u00e9rieure<\/li>\n<li class=\"p1\">Peut \u00eatre encastr\u00e9 ou mont\u00e9 en surface<\/li>\n<li>Utilise la technologie Bluetooth interconnect\u00e9 (Mesh)<\/li>\n<li class=\"p1\">Angle de faisceau de 40\u00b0<\/li>\n<li>Intensit\u00e9 r\u00e9glable via l\u2019application Dals Connect\u00a0et avec le contr\u00f4leur mural Clicc (<a href=\"https:\/\/dals.com\/fr\/produit\/dcp-rmct\/\" target=\"_blank\" rel=\"noopener\">DCP-RMCT<\/a>)<\/li>\n<li class=\"p1\">Plus de 50 000 heures de dur\u00e9e de vie<\/li>\n<li>Convient aux endroits mouill\u00e9s<\/li>\n<li>Garantie de 5 ans<\/li>\n<\/ul>\n","protected":false},"excerpt":{"rendered":"<p>Avec sa forme minimaliste, son bo\u00eetier simple et son apparence subtile, Mason s&rsquo;int\u00e8gre parfaitement \u00e0 l&rsquo;architecture de n&rsquo;importe quelle maison.<\/p>\n","protected":false},"featured_media":59242,"template":"","meta":{"_acf_changed":false,"site-sidebar-layout":"default","site-content-layout":"default","ast-site-content-layout":"default","site-content-style":"default","site-sidebar-style":"default","ast-global-header-display":"","ast-banner-title-visibility":"","ast-main-header-display":"","ast-hfb-above-header-display":"","ast-hfb-below-header-display":"","ast-hfb-mobile-header-display":"","site-post-title":"","ast-breadcrumbs-content":"","ast-featured-img":"","footer-sml-layout":"","ast-disable-related-posts":"","theme-transparent-header-meta":"default","adv-header-id-meta":"","stick-header-meta":"default","header-above-stick-meta":"","header-main-stick-meta":"","header-below-stick-meta":"","astra-migrate-meta-layouts":"set","ast-page-background-enabled":"default","ast-page-background-meta":{"desktop":{"background-color":"","background-image":"","background-repeat":"repeat","background-position":"center center","background-size":"auto","background-attachment":"scroll","background-type":"","background-media":"","overlay-type":"","overlay-color":"","overlay-opacity":"","overlay-gradient":""},"tablet":{"background-color":"","background-image":"","background-repeat":"repeat","background-position":"center center","background-size":"auto","background-attachment":"scroll","background-type":"","background-media":"","overlay-type":"","overlay-color":"","overlay-opacity":"","overlay-gradient":""},"mobile":{"background-color":"","background-image":"","background-repeat":"repeat","background-position":"center center","background-size":"auto","background-attachment":"scroll","background-type":"","background-media":"","overlay-type":"","overlay-color":"","overlay-opacity":"","overlay-gradient":""}},"ast-content-background-meta":{"desktop":{"background-color":"var(--ast-global-color-5)","background-image":"","background-repeat":"repeat","background-position":"center center","background-size":"auto","background-attachment":"scroll","background-type":"","background-media":"","overlay-type":"","overlay-color":"","overlay-opacity":"","overlay-gradient":""},"tablet":{"background-color":"var(--ast-global-color-5)","background-image":"","background-repeat":"repeat","background-position":"center center","background-size":"auto","background-attachment":"scroll","background-type":"","background-media":"","overlay-type":"","overlay-color":"","overlay-opacity":"","overlay-gradient":""},"mobile":{"background-color":"var(--ast-global-color-5)","background-image":"","background-repeat":"repeat","background-position":"center center","background-size":"auto","background-attachment":"scroll","background-type":"","background-media":"","overlay-type":"","overlay-color":"","overlay-opacity":"","overlay-gradient":""}}},"product_brand":[],"product_cat":[2149,2071,84,1851,2058,2063,75,1384,2055,1788],"product_tag":[],"class_list":{"0":"post-59726","1":"product","2":"type-product","3":"status-publish","4":"has-post-thumbnail","6":"product_cat-encastres-outdoor","7":"product_cat-exterieur-smart-home","8":"product_cat-exterieur","9":"product_cat-smart-outdoor-fr","10":"product_cat-intelligent","11":"product_cat-luminaires-muraux","12":"product_cat-maison-intelligente","13":"product_cat-murales","14":"product_cat-paysager-fr","15":"product_cat-paysager","16":"pa_finish-noir","17":"desktop-align-center","18":"tablet-align-center","19":"mobile-align-center","20":"ast-product-gallery-layout-horizontal-slider","21":"ast-product-tabs-layout-horizontal","23":"first","24":"instock","25":"taxable","26":"shipping-taxable","27":"product-type-simple"},"acf":[],"yoast_head":"<!-- This site is optimized with the Yoast SEO plugin v27.3 - https:\/\/yoast.com\/product\/yoast-seo-wordpress\/ -->\n<title>Applique murale en brique intelligente de 12&quot; - Dals Lighting<\/title>\n<meta name=\"robots\" content=\"index, follow, max-snippet:-1, max-image-preview:large, max-video-preview:-1\" \/>\n<link rel=\"canonical\" href=\"https:\/\/dals.com\/fr\/produit\/dcp-brk12-luminaire-brique-pro-rgbcct\/\" \/>\n<meta property=\"og:locale\" content=\"fr_FR\" \/>\n<meta property=\"og:type\" content=\"article\" \/>\n<meta property=\"og:title\" content=\"Applique murale en brique intelligente de 12&quot; - Dals Lighting\" \/>\n<meta property=\"og:description\" content=\"Avec sa forme minimaliste, son bo\u00eetier simple et son apparence subtile, Mason s&#039;int\u00e8gre parfaitement \u00e0 l&#039;architecture de n&#039;importe quelle maison.\" \/>\n<meta property=\"og:url\" content=\"https:\/\/dals.com\/fr\/produit\/dcp-brk12-luminaire-brique-pro-rgbcct\/\" \/>\n<meta property=\"og:site_name\" content=\"Dals Lighting\" \/>\n<meta property=\"article:modified_time\" content=\"2026-01-05T20:53:57+00:00\" \/>\n<meta property=\"og:image\" content=\"https:\/\/dals.com\/wp-content\/uploads\/2022\/12\/sl-brk81.jpg\" \/>\n\t<meta property=\"og:image:width\" content=\"2000\" \/>\n\t<meta property=\"og:image:height\" content=\"2000\" \/>\n\t<meta property=\"og:image:type\" content=\"image\/jpeg\" \/>\n<meta name=\"twitter:card\" content=\"summary_large_image\" \/>\n<meta name=\"twitter:label1\" content=\"Dur\u00e9e de lecture estim\u00e9e\" \/>\n\t<meta name=\"twitter:data1\" content=\"1 minute\" \/>\n<script type=\"application\/ld+json\" class=\"yoast-schema-graph\">{\"@context\":\"https:\\\/\\\/schema.org\",\"@graph\":[{\"@type\":\"WebPage\",\"@id\":\"https:\\\/\\\/dals.com\\\/fr\\\/produit\\\/dcp-brk12-luminaire-brique-pro-rgbcct\\\/\",\"url\":\"https:\\\/\\\/dals.com\\\/fr\\\/produit\\\/dcp-brk12-luminaire-brique-pro-rgbcct\\\/\",\"name\":\"Applique murale en brique intelligente de 12\\\" - Dals Lighting\",\"isPartOf\":{\"@id\":\"https:\\\/\\\/dalslit.tempurl.host\\\/#website\"},\"primaryImageOfPage\":{\"@id\":\"https:\\\/\\\/dals.com\\\/fr\\\/produit\\\/dcp-brk12-luminaire-brique-pro-rgbcct\\\/#primaryimage\"},\"image\":{\"@id\":\"https:\\\/\\\/dals.com\\\/fr\\\/produit\\\/dcp-brk12-luminaire-brique-pro-rgbcct\\\/#primaryimage\"},\"thumbnailUrl\":\"https:\\\/\\\/dals.com\\\/wp-content\\\/uploads\\\/2022\\\/12\\\/sl-brk81.jpg\",\"datePublished\":\"2022-12-27T20:17:37+00:00\",\"dateModified\":\"2026-01-05T20:53:57+00:00\",\"breadcrumb\":{\"@id\":\"https:\\\/\\\/dals.com\\\/fr\\\/produit\\\/dcp-brk12-luminaire-brique-pro-rgbcct\\\/#breadcrumb\"},\"inLanguage\":\"fr-FR\",\"potentialAction\":[{\"@type\":\"ReadAction\",\"target\":[\"https:\\\/\\\/dals.com\\\/fr\\\/produit\\\/dcp-brk12-luminaire-brique-pro-rgbcct\\\/\"]}]},{\"@type\":\"ImageObject\",\"inLanguage\":\"fr-FR\",\"@id\":\"https:\\\/\\\/dals.com\\\/fr\\\/produit\\\/dcp-brk12-luminaire-brique-pro-rgbcct\\\/#primaryimage\",\"url\":\"https:\\\/\\\/dals.com\\\/wp-content\\\/uploads\\\/2022\\\/12\\\/sl-brk81.jpg\",\"contentUrl\":\"https:\\\/\\\/dals.com\\\/wp-content\\\/uploads\\\/2022\\\/12\\\/sl-brk81.jpg\",\"width\":2000,\"height\":2000},{\"@type\":\"BreadcrumbList\",\"@id\":\"https:\\\/\\\/dals.com\\\/fr\\\/produit\\\/dcp-brk12-luminaire-brique-pro-rgbcct\\\/#breadcrumb\",\"itemListElement\":[{\"@type\":\"ListItem\",\"position\":1,\"name\":\"Accueil\",\"item\":\"https:\\\/\\\/dals.com\\\/fr\\\/\"},{\"@type\":\"ListItem\",\"position\":2,\"name\":\"Produits\",\"item\":\"https:\\\/\\\/dalslit.tempurl.host\\\/fr\\\/?page_id=31878\"},{\"@type\":\"ListItem\",\"position\":3,\"name\":\"Ext\u00e9rieur\",\"item\":\"https:\\\/\\\/dals.com\\\/fr\\\/categorie-produit\\\/exterieur\\\/\"},{\"@type\":\"ListItem\",\"position\":4,\"name\":\"Paysager\",\"item\":\"https:\\\/\\\/dals.com\\\/fr\\\/categorie-produit\\\/exterieur\\\/paysager\\\/\"},{\"@type\":\"ListItem\",\"position\":5,\"name\":\"Applique murale en brique intelligente de 12&#8243;\"}]},{\"@type\":\"WebSite\",\"@id\":\"https:\\\/\\\/dalslit.tempurl.host\\\/#website\",\"url\":\"https:\\\/\\\/dalslit.tempurl.host\\\/\",\"name\":\"Dals Lighting\",\"description\":\"Manufacturer of designer lighting products\",\"publisher\":{\"@id\":\"https:\\\/\\\/dalslit.tempurl.host\\\/#organization\"},\"potentialAction\":[{\"@type\":\"SearchAction\",\"target\":{\"@type\":\"EntryPoint\",\"urlTemplate\":\"https:\\\/\\\/dalslit.tempurl.host\\\/?s={search_term_string}\"},\"query-input\":{\"@type\":\"PropertyValueSpecification\",\"valueRequired\":true,\"valueName\":\"search_term_string\"}}],\"inLanguage\":\"fr-FR\"},{\"@type\":\"Organization\",\"@id\":\"https:\\\/\\\/dalslit.tempurl.host\\\/#organization\",\"name\":\"Dals Lighting\",\"url\":\"https:\\\/\\\/dalslit.tempurl.host\\\/\",\"logo\":{\"@type\":\"ImageObject\",\"inLanguage\":\"fr-FR\",\"@id\":\"https:\\\/\\\/dalslit.tempurl.host\\\/#\\\/schema\\\/logo\\\/image\\\/\",\"url\":\"https:\\\/\\\/dals.com\\\/wp-content\\\/uploads\\\/2020\\\/01\\\/cropped-logo-dals.png\",\"contentUrl\":\"https:\\\/\\\/dals.com\\\/wp-content\\\/uploads\\\/2020\\\/01\\\/cropped-logo-dals.png\",\"width\":\"300\",\"height\":\"125\",\"caption\":\"Dals Lighting\"},\"image\":{\"@id\":\"https:\\\/\\\/dalslit.tempurl.host\\\/#\\\/schema\\\/logo\\\/image\\\/\"}}]}<\/script>\n<!-- \/ Yoast SEO plugin. -->","yoast_head_json":{"title":"Applique murale en brique intelligente de 12\" - Dals Lighting","robots":{"index":"index","follow":"follow","max-snippet":"max-snippet:-1","max-image-preview":"max-image-preview:large","max-video-preview":"max-video-preview:-1"},"canonical":"https:\/\/dals.com\/fr\/produit\/dcp-brk12-luminaire-brique-pro-rgbcct\/","og_locale":"fr_FR","og_type":"article","og_title":"Applique murale en brique intelligente de 12\" - Dals Lighting","og_description":"Avec sa forme minimaliste, son bo\u00eetier simple et son apparence subtile, Mason s'int\u00e8gre parfaitement \u00e0 l'architecture de n'importe quelle maison.","og_url":"https:\/\/dals.com\/fr\/produit\/dcp-brk12-luminaire-brique-pro-rgbcct\/","og_site_name":"Dals Lighting","article_modified_time":"2026-01-05T20:53:57+00:00","og_image":[{"width":2000,"height":2000,"url":"https:\/\/dals.com\/wp-content\/uploads\/2022\/12\/sl-brk81.jpg","type":"image\/jpeg"}],"twitter_card":"summary_large_image","twitter_misc":{"Dur\u00e9e de lecture estim\u00e9e":"1 minute"},"schema":{"@context":"https:\/\/schema.org","@graph":[{"@type":"WebPage","@id":"https:\/\/dals.com\/fr\/produit\/dcp-brk12-luminaire-brique-pro-rgbcct\/","url":"https:\/\/dals.com\/fr\/produit\/dcp-brk12-luminaire-brique-pro-rgbcct\/","name":"Applique murale en brique intelligente de 12\" - Dals Lighting","isPartOf":{"@id":"https:\/\/dalslit.tempurl.host\/#website"},"primaryImageOfPage":{"@id":"https:\/\/dals.com\/fr\/produit\/dcp-brk12-luminaire-brique-pro-rgbcct\/#primaryimage"},"image":{"@id":"https:\/\/dals.com\/fr\/produit\/dcp-brk12-luminaire-brique-pro-rgbcct\/#primaryimage"},"thumbnailUrl":"https:\/\/dals.com\/wp-content\/uploads\/2022\/12\/sl-brk81.jpg","datePublished":"2022-12-27T20:17:37+00:00","dateModified":"2026-01-05T20:53:57+00:00","breadcrumb":{"@id":"https:\/\/dals.com\/fr\/produit\/dcp-brk12-luminaire-brique-pro-rgbcct\/#breadcrumb"},"inLanguage":"fr-FR","potentialAction":[{"@type":"ReadAction","target":["https:\/\/dals.com\/fr\/produit\/dcp-brk12-luminaire-brique-pro-rgbcct\/"]}]},{"@type":"ImageObject","inLanguage":"fr-FR","@id":"https:\/\/dals.com\/fr\/produit\/dcp-brk12-luminaire-brique-pro-rgbcct\/#primaryimage","url":"https:\/\/dals.com\/wp-content\/uploads\/2022\/12\/sl-brk81.jpg","contentUrl":"https:\/\/dals.com\/wp-content\/uploads\/2022\/12\/sl-brk81.jpg","width":2000,"height":2000},{"@type":"BreadcrumbList","@id":"https:\/\/dals.com\/fr\/produit\/dcp-brk12-luminaire-brique-pro-rgbcct\/#breadcrumb","itemListElement":[{"@type":"ListItem","position":1,"name":"Accueil","item":"https:\/\/dals.com\/fr\/"},{"@type":"ListItem","position":2,"name":"Produits","item":"https:\/\/dalslit.tempurl.host\/fr\/?page_id=31878"},{"@type":"ListItem","position":3,"name":"Ext\u00e9rieur","item":"https:\/\/dals.com\/fr\/categorie-produit\/exterieur\/"},{"@type":"ListItem","position":4,"name":"Paysager","item":"https:\/\/dals.com\/fr\/categorie-produit\/exterieur\/paysager\/"},{"@type":"ListItem","position":5,"name":"Applique murale en brique intelligente de 12&#8243;"}]},{"@type":"WebSite","@id":"https:\/\/dalslit.tempurl.host\/#website","url":"https:\/\/dalslit.tempurl.host\/","name":"Dals Lighting","description":"Manufacturer of designer lighting products","publisher":{"@id":"https:\/\/dalslit.tempurl.host\/#organization"},"potentialAction":[{"@type":"SearchAction","target":{"@type":"EntryPoint","urlTemplate":"https:\/\/dalslit.tempurl.host\/?s={search_term_string}"},"query-input":{"@type":"PropertyValueSpecification","valueRequired":true,"valueName":"search_term_string"}}],"inLanguage":"fr-FR"},{"@type":"Organization","@id":"https:\/\/dalslit.tempurl.host\/#organization","name":"Dals Lighting","url":"https:\/\/dalslit.tempurl.host\/","logo":{"@type":"ImageObject","inLanguage":"fr-FR","@id":"https:\/\/dalslit.tempurl.host\/#\/schema\/logo\/image\/","url":"https:\/\/dals.com\/wp-content\/uploads\/2020\/01\/cropped-logo-dals.png","contentUrl":"https:\/\/dals.com\/wp-content\/uploads\/2020\/01\/cropped-logo-dals.png","width":"300","height":"125","caption":"Dals Lighting"},"image":{"@id":"https:\/\/dalslit.tempurl.host\/#\/schema\/logo\/image\/"}}]}},"_links":{"self":[{"href":"https:\/\/dals.com\/fr\/wp-json\/wp\/v2\/product\/59726","targetHints":{"allow":["GET"]}}],"collection":[{"href":"https:\/\/dals.com\/fr\/wp-json\/wp\/v2\/product"}],"about":[{"href":"https:\/\/dals.com\/fr\/wp-json\/wp\/v2\/types\/product"}],"wp:featuredmedia":[{"embeddable":true,"href":"https:\/\/dals.com\/fr\/wp-json\/wp\/v2\/media\/59242"}],"wp:attachment":[{"href":"https:\/\/dals.com\/fr\/wp-json\/wp\/v2\/media?parent=59726"}],"wp:term":[{"taxonomy":"product_brand","embeddable":true,"href":"https:\/\/dals.com\/fr\/wp-json\/wp\/v2\/product_brand?post=59726"},{"taxonomy":"product_cat","embeddable":true,"href":"https:\/\/dals.com\/fr\/wp-json\/wp\/v2\/product_cat?post=59726"},{"taxonomy":"product_tag","embeddable":true,"href":"https:\/\/dals.com\/fr\/wp-json\/wp\/v2\/product_tag?post=59726"}],"curies":[{"name":"wp","href":"https:\/\/api.w.org\/{rel}","templated":true}]}}