{"id":59683,"date":"2022-12-27T15:21:23","date_gmt":"2022-12-27T20:21:23","guid":{"rendered":"https:\/\/dals.com\/?post_type=product&#038;p=59683"},"modified":"2025-12-01T15:47:23","modified_gmt":"2025-12-01T20:47:23","slug":"ltrp-60-bk-transformateur-basse-tension-60w-copy-copy","status":"publish","type":"product","link":"https:\/\/dals.com\/fr\/produit\/ltrp-60-bk-transformateur-basse-tension-60w-copy-copy\/","title":{"rendered":"Transformateur intelligent basse tension 200W"},"content":{"rendered":"\t\t<section class=\"elem-breadcrumbs elementor-element elementor-section-boxed elementor-section-height-default elementor-section-height-default elementor-section elementor-top-section\" data-element_type=\"section\" style=\"margin-bottom:30px\">\n\t<div class=\"elementor-container elementor-column-gap-default\">\n\t\t<div class=\"elementor-row\">\n\t\t\t<div class=\"elementor-element elementor-column elementor-col-100 elementor-top-column >\n\t\t\t\t<div class=\"elementor-column-wrap  elementor-element-populated\">\n\t\t\t\t\t<div class=\"elementor-widget-wrap\">\n\t\t\t\t\t\t<div class=\"elementor-element elementor-widget elementor-widget-breadcrumbs\" data-element_type=\"widget\" data-widget_type=\"breadcrumbs.default\">\n\t\t\t\t\t\t\t<div class=\"elementor-widget-container\">\n\t\t\t\t\t\t\t\t<span><span><a href=\"https:\/\/dals.com\/fr\/\">Accueil<\/a><\/span><\/span>\t\t\t\t\t\t\t<\/div>\n\t\t\t\t\t\t<\/div>\n\t\t\t\t\t<\/div>\n\t\t\t\t<\/div>\n\t\t\t<\/div>\n\t\t<\/div>\n\t<\/div>\n<\/section>\n\n<ul>\n<li>Alimentation en mode tension constante<\/li>\n<li>Protection : court-circuit \/ surtension<\/li>\n<li>Tension d&rsquo;entr\u00e9e : 120VAC 60Hz<\/li>\n<li>Tension de sortie : 24V DC<\/li>\n<li>Puissance de sortie : 2 sorties de 100W<\/li>\n<li>Charge maximale recommand\u00e9e : 80%<\/li>\n<li>Temp\u00e9rature de fonctionnement : -30\u00b0C \u00e0 45\u00b0C<\/li>\n<li>Contr\u00f4le avec l&rsquo;application Dals Connect<\/li>\n<li>Hub int\u00e9gr\u00e9<\/li>\n<li>Nombre d&rsquo;appareils intelligents pris en charge par hub : 128<\/li>\n<li>Peut \u00eatre contr\u00f4l\u00e9 localement (sans internet)<\/li>\n<li>Fonctionne avec les appareils Dals Connect PRO<\/li>\n<li>Connexion s\u00e9curis\u00e9e<\/li>\n<li>Peut \u00eatre utilis\u00e9 avec un assistant \u00e0 commande vocale<\/li>\n<li>Prend en charge les protocoles Wi-Fi et BLE Mesh<\/li>\n<li>Le transformateur intelligent ne peut pas \u00eatre allum\u00e9 ou \u00e9teint \u00e0 distance; il sert uniquement \u00e0 transmettre le signal aux luminaires intelligents.<\/li>\n<li>Garantie de 5 ans<\/li>\n<\/ul>\n","protected":false},"excerpt":{"rendered":"<p>Le c\u0153ur de votre syst\u00e8me paysager connect\u00e9. En ajoutant le Core, vous lib\u00e9rez tout le potentiel de l&rsquo;\u00e9clairage intelligent.<\/p>\n<p><em>Veuillez noter que le transformateur intelligent agit uniquement comme une passerelle pour contr\u00f4ler les luminaires Smart Bluetooth Mesh; le transformateur lui-m\u00eame n\u2019est pas contr\u00f4lable \u00e0 distance, seuls les luminaires le sont.<\/em><\/p>\n","protected":false},"featured_media":59676,"template":"","meta":{"_acf_changed":false,"site-sidebar-layout":"default","site-content-layout":"default","ast-site-content-layout":"default","site-content-style":"default","site-sidebar-style":"default","ast-global-header-display":"","ast-banner-title-visibility":"","ast-main-header-display":"","ast-hfb-above-header-display":"","ast-hfb-below-header-display":"","ast-hfb-mobile-header-display":"","site-post-title":"","ast-breadcrumbs-content":"","ast-featured-img":"","footer-sml-layout":"","ast-disable-related-posts":"","theme-transparent-header-meta":"default","adv-header-id-meta":"","stick-header-meta":"default","header-above-stick-meta":"","header-main-stick-meta":"","header-below-stick-meta":"","astra-migrate-meta-layouts":"set","ast-page-background-enabled":"default","ast-page-background-meta":{"desktop":{"background-color":"","background-image":"","background-repeat":"repeat","background-position":"center center","background-size":"auto","background-attachment":"scroll","background-type":"","background-media":"","overlay-type":"","overlay-color":"","overlay-opacity":"","overlay-gradient":""},"tablet":{"background-color":"","background-image":"","background-repeat":"repeat","background-position":"center center","background-size":"auto","background-attachment":"scroll","background-type":"","background-media":"","overlay-type":"","overlay-color":"","overlay-opacity":"","overlay-gradient":""},"mobile":{"background-color":"","background-image":"","background-repeat":"repeat","background-position":"center center","background-size":"auto","background-attachment":"scroll","background-type":"","background-media":"","overlay-type":"","overlay-color":"","overlay-opacity":"","overlay-gradient":""}},"ast-content-background-meta":{"desktop":{"background-color":"var(--ast-global-color-5)","background-image":"","background-repeat":"repeat","background-position":"center center","background-size":"auto","background-attachment":"scroll","background-type":"","background-media":"","overlay-type":"","overlay-color":"","overlay-opacity":"","overlay-gradient":""},"tablet":{"background-color":"var(--ast-global-color-5)","background-image":"","background-repeat":"repeat","background-position":"center center","background-size":"auto","background-attachment":"scroll","background-type":"","background-media":"","overlay-type":"","overlay-color":"","overlay-opacity":"","overlay-gradient":""},"mobile":{"background-color":"var(--ast-global-color-5)","background-image":"","background-repeat":"repeat","background-position":"center center","background-size":"auto","background-attachment":"scroll","background-type":"","background-media":"","overlay-type":"","overlay-color":"","overlay-opacity":"","overlay-gradient":""}}},"product_brand":[],"product_cat":[1514,2071,84,1851,2058,75,1788,2055,2056],"product_tag":[],"class_list":{"0":"post-59683","1":"product","2":"type-product","3":"status-publish","4":"has-post-thumbnail","6":"product_cat-accessories-smart_fr","7":"product_cat-exterieur-smart-home","8":"product_cat-exterieur","9":"product_cat-smart-outdoor-fr","10":"product_cat-intelligent","11":"product_cat-maison-intelligente","12":"product_cat-paysager","13":"product_cat-paysager-fr","14":"product_cat-transformateurs-accessoires-fr","15":"pa_finish-noir","16":"desktop-align-center","17":"tablet-align-center","18":"mobile-align-center","19":"ast-product-gallery-layout-horizontal-slider","20":"ast-product-tabs-layout-horizontal","22":"first","23":"instock","24":"taxable","25":"shipping-taxable","26":"product-type-simple"},"acf":[],"yoast_head":"<!-- This site is optimized with the Yoast SEO plugin v27.3 - https:\/\/yoast.com\/product\/yoast-seo-wordpress\/ -->\n<title>Transformateur intelligent basse tension 200W - Dals Lighting<\/title>\n<meta name=\"robots\" content=\"index, follow, max-snippet:-1, max-image-preview:large, max-video-preview:-1\" \/>\n<link rel=\"canonical\" href=\"https:\/\/dals.com\/fr\/produit\/ltrp-60-bk-transformateur-basse-tension-60w-copy-copy\/\" \/>\n<meta property=\"og:locale\" content=\"fr_FR\" \/>\n<meta property=\"og:type\" content=\"article\" \/>\n<meta property=\"og:title\" content=\"Transformateur intelligent basse tension 200W - Dals Lighting\" \/>\n<meta property=\"og:description\" content=\"Le c\u0153ur de votre syst\u00e8me paysager connect\u00e9. En ajoutant le Core, vous lib\u00e9rez tout le potentiel de l&#039;\u00e9clairage intelligent.  Veuillez noter que le transformateur intelligent agit uniquement comme une passerelle pour contr\u00f4ler les luminaires Smart Bluetooth Mesh; le transformateur lui-m\u00eame n\u2019est pas contr\u00f4lable \u00e0 distance, seuls les luminaires le sont.\" \/>\n<meta property=\"og:url\" content=\"https:\/\/dals.com\/fr\/produit\/ltrp-60-bk-transformateur-basse-tension-60w-copy-copy\/\" \/>\n<meta property=\"og:site_name\" content=\"Dals Lighting\" \/>\n<meta property=\"article:modified_time\" content=\"2025-12-01T20:47:23+00:00\" \/>\n<meta property=\"og:image\" content=\"https:\/\/dals.com\/wp-content\/uploads\/2023\/01\/dcp-tr200.jpg\" \/>\n\t<meta property=\"og:image:width\" content=\"2000\" \/>\n\t<meta property=\"og:image:height\" content=\"2000\" \/>\n\t<meta property=\"og:image:type\" content=\"image\/jpeg\" \/>\n<meta name=\"twitter:card\" content=\"summary_large_image\" \/>\n<meta name=\"twitter:label1\" content=\"Dur\u00e9e de lecture estim\u00e9e\" \/>\n\t<meta name=\"twitter:data1\" content=\"1 minute\" \/>\n<script type=\"application\/ld+json\" class=\"yoast-schema-graph\">{\"@context\":\"https:\\\/\\\/schema.org\",\"@graph\":[{\"@type\":\"WebPage\",\"@id\":\"https:\\\/\\\/dals.com\\\/fr\\\/produit\\\/ltrp-60-bk-transformateur-basse-tension-60w-copy-copy\\\/\",\"url\":\"https:\\\/\\\/dals.com\\\/fr\\\/produit\\\/ltrp-60-bk-transformateur-basse-tension-60w-copy-copy\\\/\",\"name\":\"Transformateur intelligent basse tension 200W - Dals Lighting\",\"isPartOf\":{\"@id\":\"https:\\\/\\\/dalslit.tempurl.host\\\/#website\"},\"primaryImageOfPage\":{\"@id\":\"https:\\\/\\\/dals.com\\\/fr\\\/produit\\\/ltrp-60-bk-transformateur-basse-tension-60w-copy-copy\\\/#primaryimage\"},\"image\":{\"@id\":\"https:\\\/\\\/dals.com\\\/fr\\\/produit\\\/ltrp-60-bk-transformateur-basse-tension-60w-copy-copy\\\/#primaryimage\"},\"thumbnailUrl\":\"https:\\\/\\\/dals.com\\\/wp-content\\\/uploads\\\/2023\\\/01\\\/dcp-tr200.jpg\",\"datePublished\":\"2022-12-27T20:21:23+00:00\",\"dateModified\":\"2025-12-01T20:47:23+00:00\",\"breadcrumb\":{\"@id\":\"https:\\\/\\\/dals.com\\\/fr\\\/produit\\\/ltrp-60-bk-transformateur-basse-tension-60w-copy-copy\\\/#breadcrumb\"},\"inLanguage\":\"fr-FR\",\"potentialAction\":[{\"@type\":\"ReadAction\",\"target\":[\"https:\\\/\\\/dals.com\\\/fr\\\/produit\\\/ltrp-60-bk-transformateur-basse-tension-60w-copy-copy\\\/\"]}]},{\"@type\":\"ImageObject\",\"inLanguage\":\"fr-FR\",\"@id\":\"https:\\\/\\\/dals.com\\\/fr\\\/produit\\\/ltrp-60-bk-transformateur-basse-tension-60w-copy-copy\\\/#primaryimage\",\"url\":\"https:\\\/\\\/dals.com\\\/wp-content\\\/uploads\\\/2023\\\/01\\\/dcp-tr200.jpg\",\"contentUrl\":\"https:\\\/\\\/dals.com\\\/wp-content\\\/uploads\\\/2023\\\/01\\\/dcp-tr200.jpg\",\"width\":2000,\"height\":2000},{\"@type\":\"BreadcrumbList\",\"@id\":\"https:\\\/\\\/dals.com\\\/fr\\\/produit\\\/ltrp-60-bk-transformateur-basse-tension-60w-copy-copy\\\/#breadcrumb\",\"itemListElement\":[{\"@type\":\"ListItem\",\"position\":1,\"name\":\"Accueil\",\"item\":\"https:\\\/\\\/dals.com\\\/fr\\\/\"},{\"@type\":\"ListItem\",\"position\":2,\"name\":\"Produits\",\"item\":\"https:\\\/\\\/dalslit.tempurl.host\\\/fr\\\/?page_id=31878\"},{\"@type\":\"ListItem\",\"position\":3,\"name\":\"Ext\u00e9rieur\",\"item\":\"https:\\\/\\\/dals.com\\\/fr\\\/categorie-produit\\\/exterieur\\\/\"},{\"@type\":\"ListItem\",\"position\":4,\"name\":\"Paysager\",\"item\":\"https:\\\/\\\/dals.com\\\/fr\\\/categorie-produit\\\/exterieur\\\/paysager\\\/\"},{\"@type\":\"ListItem\",\"position\":5,\"name\":\"Transformateur intelligent basse tension 200W\"}]},{\"@type\":\"WebSite\",\"@id\":\"https:\\\/\\\/dalslit.tempurl.host\\\/#website\",\"url\":\"https:\\\/\\\/dalslit.tempurl.host\\\/\",\"name\":\"Dals Lighting\",\"description\":\"Manufacturer of designer lighting products\",\"publisher\":{\"@id\":\"https:\\\/\\\/dalslit.tempurl.host\\\/#organization\"},\"potentialAction\":[{\"@type\":\"SearchAction\",\"target\":{\"@type\":\"EntryPoint\",\"urlTemplate\":\"https:\\\/\\\/dalslit.tempurl.host\\\/?s={search_term_string}\"},\"query-input\":{\"@type\":\"PropertyValueSpecification\",\"valueRequired\":true,\"valueName\":\"search_term_string\"}}],\"inLanguage\":\"fr-FR\"},{\"@type\":\"Organization\",\"@id\":\"https:\\\/\\\/dalslit.tempurl.host\\\/#organization\",\"name\":\"Dals Lighting\",\"url\":\"https:\\\/\\\/dalslit.tempurl.host\\\/\",\"logo\":{\"@type\":\"ImageObject\",\"inLanguage\":\"fr-FR\",\"@id\":\"https:\\\/\\\/dalslit.tempurl.host\\\/#\\\/schema\\\/logo\\\/image\\\/\",\"url\":\"https:\\\/\\\/dals.com\\\/wp-content\\\/uploads\\\/2020\\\/01\\\/cropped-logo-dals.png\",\"contentUrl\":\"https:\\\/\\\/dals.com\\\/wp-content\\\/uploads\\\/2020\\\/01\\\/cropped-logo-dals.png\",\"width\":\"300\",\"height\":\"125\",\"caption\":\"Dals Lighting\"},\"image\":{\"@id\":\"https:\\\/\\\/dalslit.tempurl.host\\\/#\\\/schema\\\/logo\\\/image\\\/\"}}]}<\/script>\n<!-- \/ Yoast SEO plugin. -->","yoast_head_json":{"title":"Transformateur intelligent basse tension 200W - Dals Lighting","robots":{"index":"index","follow":"follow","max-snippet":"max-snippet:-1","max-image-preview":"max-image-preview:large","max-video-preview":"max-video-preview:-1"},"canonical":"https:\/\/dals.com\/fr\/produit\/ltrp-60-bk-transformateur-basse-tension-60w-copy-copy\/","og_locale":"fr_FR","og_type":"article","og_title":"Transformateur intelligent basse tension 200W - Dals Lighting","og_description":"Le c\u0153ur de votre syst\u00e8me paysager connect\u00e9. En ajoutant le Core, vous lib\u00e9rez tout le potentiel de l'\u00e9clairage intelligent.  Veuillez noter que le transformateur intelligent agit uniquement comme une passerelle pour contr\u00f4ler les luminaires Smart Bluetooth Mesh; le transformateur lui-m\u00eame n\u2019est pas contr\u00f4lable \u00e0 distance, seuls les luminaires le sont.","og_url":"https:\/\/dals.com\/fr\/produit\/ltrp-60-bk-transformateur-basse-tension-60w-copy-copy\/","og_site_name":"Dals Lighting","article_modified_time":"2025-12-01T20:47:23+00:00","og_image":[{"width":2000,"height":2000,"url":"https:\/\/dals.com\/wp-content\/uploads\/2023\/01\/dcp-tr200.jpg","type":"image\/jpeg"}],"twitter_card":"summary_large_image","twitter_misc":{"Dur\u00e9e de lecture estim\u00e9e":"1 minute"},"schema":{"@context":"https:\/\/schema.org","@graph":[{"@type":"WebPage","@id":"https:\/\/dals.com\/fr\/produit\/ltrp-60-bk-transformateur-basse-tension-60w-copy-copy\/","url":"https:\/\/dals.com\/fr\/produit\/ltrp-60-bk-transformateur-basse-tension-60w-copy-copy\/","name":"Transformateur intelligent basse tension 200W - Dals Lighting","isPartOf":{"@id":"https:\/\/dalslit.tempurl.host\/#website"},"primaryImageOfPage":{"@id":"https:\/\/dals.com\/fr\/produit\/ltrp-60-bk-transformateur-basse-tension-60w-copy-copy\/#primaryimage"},"image":{"@id":"https:\/\/dals.com\/fr\/produit\/ltrp-60-bk-transformateur-basse-tension-60w-copy-copy\/#primaryimage"},"thumbnailUrl":"https:\/\/dals.com\/wp-content\/uploads\/2023\/01\/dcp-tr200.jpg","datePublished":"2022-12-27T20:21:23+00:00","dateModified":"2025-12-01T20:47:23+00:00","breadcrumb":{"@id":"https:\/\/dals.com\/fr\/produit\/ltrp-60-bk-transformateur-basse-tension-60w-copy-copy\/#breadcrumb"},"inLanguage":"fr-FR","potentialAction":[{"@type":"ReadAction","target":["https:\/\/dals.com\/fr\/produit\/ltrp-60-bk-transformateur-basse-tension-60w-copy-copy\/"]}]},{"@type":"ImageObject","inLanguage":"fr-FR","@id":"https:\/\/dals.com\/fr\/produit\/ltrp-60-bk-transformateur-basse-tension-60w-copy-copy\/#primaryimage","url":"https:\/\/dals.com\/wp-content\/uploads\/2023\/01\/dcp-tr200.jpg","contentUrl":"https:\/\/dals.com\/wp-content\/uploads\/2023\/01\/dcp-tr200.jpg","width":2000,"height":2000},{"@type":"BreadcrumbList","@id":"https:\/\/dals.com\/fr\/produit\/ltrp-60-bk-transformateur-basse-tension-60w-copy-copy\/#breadcrumb","itemListElement":[{"@type":"ListItem","position":1,"name":"Accueil","item":"https:\/\/dals.com\/fr\/"},{"@type":"ListItem","position":2,"name":"Produits","item":"https:\/\/dalslit.tempurl.host\/fr\/?page_id=31878"},{"@type":"ListItem","position":3,"name":"Ext\u00e9rieur","item":"https:\/\/dals.com\/fr\/categorie-produit\/exterieur\/"},{"@type":"ListItem","position":4,"name":"Paysager","item":"https:\/\/dals.com\/fr\/categorie-produit\/exterieur\/paysager\/"},{"@type":"ListItem","position":5,"name":"Transformateur intelligent basse tension 200W"}]},{"@type":"WebSite","@id":"https:\/\/dalslit.tempurl.host\/#website","url":"https:\/\/dalslit.tempurl.host\/","name":"Dals Lighting","description":"Manufacturer of designer lighting products","publisher":{"@id":"https:\/\/dalslit.tempurl.host\/#organization"},"potentialAction":[{"@type":"SearchAction","target":{"@type":"EntryPoint","urlTemplate":"https:\/\/dalslit.tempurl.host\/?s={search_term_string}"},"query-input":{"@type":"PropertyValueSpecification","valueRequired":true,"valueName":"search_term_string"}}],"inLanguage":"fr-FR"},{"@type":"Organization","@id":"https:\/\/dalslit.tempurl.host\/#organization","name":"Dals Lighting","url":"https:\/\/dalslit.tempurl.host\/","logo":{"@type":"ImageObject","inLanguage":"fr-FR","@id":"https:\/\/dalslit.tempurl.host\/#\/schema\/logo\/image\/","url":"https:\/\/dals.com\/wp-content\/uploads\/2020\/01\/cropped-logo-dals.png","contentUrl":"https:\/\/dals.com\/wp-content\/uploads\/2020\/01\/cropped-logo-dals.png","width":"300","height":"125","caption":"Dals Lighting"},"image":{"@id":"https:\/\/dalslit.tempurl.host\/#\/schema\/logo\/image\/"}}]}},"_links":{"self":[{"href":"https:\/\/dals.com\/fr\/wp-json\/wp\/v2\/product\/59683","targetHints":{"allow":["GET"]}}],"collection":[{"href":"https:\/\/dals.com\/fr\/wp-json\/wp\/v2\/product"}],"about":[{"href":"https:\/\/dals.com\/fr\/wp-json\/wp\/v2\/types\/product"}],"wp:featuredmedia":[{"embeddable":true,"href":"https:\/\/dals.com\/fr\/wp-json\/wp\/v2\/media\/59676"}],"wp:attachment":[{"href":"https:\/\/dals.com\/fr\/wp-json\/wp\/v2\/media?parent=59683"}],"wp:term":[{"taxonomy":"product_brand","embeddable":true,"href":"https:\/\/dals.com\/fr\/wp-json\/wp\/v2\/product_brand?post=59683"},{"taxonomy":"product_cat","embeddable":true,"href":"https:\/\/dals.com\/fr\/wp-json\/wp\/v2\/product_cat?post=59683"},{"taxonomy":"product_tag","embeddable":true,"href":"https:\/\/dals.com\/fr\/wp-json\/wp\/v2\/product_tag?post=59683"}],"curies":[{"name":"wp","href":"https:\/\/api.w.org\/{rel}","templated":true}]}}