{"id":59587,"date":"2023-01-06T16:16:35","date_gmt":"2023-01-06T21:16:35","guid":{"rendered":"https:\/\/dals.com\/?post_type=product&#038;p=59587"},"modified":"2025-06-04T18:05:32","modified_gmt":"2025-06-04T22:05:32","slug":"sm-sttl20-lampe-de-table-numerique-intelligente-rgbic-cct","status":"publish","type":"product","link":"https:\/\/dals.com\/fr\/produit\/sm-sttl20-lampe-de-table-numerique-intelligente-rgbic-cct\/","title":{"rendered":"Lampe num\u00e9rique intelligente de 20&Prime;"},"content":{"rendered":"\t\t<section class=\"elem-breadcrumbs elementor-element elementor-section-boxed elementor-section-height-default elementor-section-height-default elementor-section elementor-top-section\" data-element_type=\"section\" style=\"margin-bottom:30px\">\n\t<div class=\"elementor-container elementor-column-gap-default\">\n\t\t<div class=\"elementor-row\">\n\t\t\t<div class=\"elementor-element elementor-column elementor-col-100 elementor-top-column >\n\t\t\t\t<div class=\"elementor-column-wrap  elementor-element-populated\">\n\t\t\t\t\t<div class=\"elementor-widget-wrap\">\n\t\t\t\t\t\t<div class=\"elementor-element elementor-widget elementor-widget-breadcrumbs\" data-element_type=\"widget\" data-widget_type=\"breadcrumbs.default\">\n\t\t\t\t\t\t\t<div class=\"elementor-widget-container\">\n\t\t\t\t\t\t\t\t<span><span><a href=\"https:\/\/dals.com\/fr\/\">Accueil<\/a><\/span><\/span>\t\t\t\t\t\t\t<\/div>\n\t\t\t\t\t\t<\/div>\n\t\t\t\t\t<\/div>\n\t\t\t\t<\/div>\n\t\t\t<\/div>\n\t\t<\/div>\n\t<\/div>\n<\/section>\n\n<ul>\n<li class=\"p1\">Excellent rendu des couleurs<\/li>\n<li class=\"p1\">Spectre de couleurs complet 2700K &#8211; 6500K en blancs purs<\/li>\n<li>D\u00e9grader les couleurs<\/li>\n<li>Animations pr\u00e9d\u00e9finies<\/li>\n<li class=\"p1\">Performance et dur\u00e9e de vie sup\u00e9rieure des DEL<\/li>\n<li>Construction en aluminium<\/li>\n<li class=\"p1\">\u00c9mission de chaleur minimale<\/li>\n<li class=\"p1\">Intensit\u00e9 r\u00e9glable via l\u2019application Dals Connect<\/li>\n<li class=\"p1\">Plus de 50 000 heures de dur\u00e9e de vie<\/li>\n<li class=\"p1\">Convient aux endroits secs<\/li>\n<li class=\"p1\">Garantie de 5 ans<\/li>\n<\/ul>\n","protected":false},"excerpt":{"rendered":"<p>Entrez dans le monde de l&rsquo;\u00e9clairage intelligent num\u00e9rique avec nos appareils LED contr\u00f4l\u00e9s par Wi-Fi \u00e0 intensit\u00e9 variable qui \u00e9mettent un spectre complet de couleurs vives ou de blancs purs r\u00e9glables allant de 2700 \u00e0 6500 K. Amusez-vous \u00e0 r\u00e9gler la bande lumineuse \u00e0 votre guise en contr\u00f4lant des segments individuels pour cr\u00e9er l&rsquo;\u00e9clairage exact que vous souhaitez, ou choisissez dans une liste d&rsquo;animations fluides pour cr\u00e9er l&rsquo;ambiance. Pour la tranquillit\u00e9 et la tranquillit\u00e9 d&rsquo;esprit, contr\u00f4lez et g\u00e9rez facilement votre \u00e9clairage \u00e0 distance avec l&rsquo;application DALS Connect\u2122 connect\u00e9e \u00e0 votre appareil mobile ou via votre assistant domestique IA pr\u00e9f\u00e9r\u00e9. De plus, dans un souci de commodit\u00e9, un interrupteur sur cordon est inclus pour un contr\u00f4le suppl\u00e9mentaire.<\/p>\n<p> Le nombre maximum de lumi\u00e8res intelligentes par installation varie en fonction des sp\u00e9cifications de votre r\u00e9seau. <span style=\"text-decoration : underline ; \u00bb ><a href=\"https:\/\/dals.com\/resources-old\/faq\/\"><span class=\"s1\">Consultez notre FAQ pour plus de d\u00e9tails.<\/span><\/a><\/span><\/p>\n<p> <strong>Remarque :<\/strong>Ne doit pas \u00eatre utilis\u00e9 avec un gradateur ou une minuterie. Ces fonctionnalit\u00e9s doivent \u00eatre r\u00e9alis\u00e9es via l&rsquo;application Dals Connect. Pour une utilisation \u00e0 l&rsquo;int\u00e9rieur uniquement, ce produit n&rsquo;est pas destin\u00e9 aux applications ext\u00e9rieures, y compris les soffites.<\/p>\n","protected":false},"featured_media":60432,"template":"","meta":{"_acf_changed":false,"site-sidebar-layout":"default","site-content-layout":"default","ast-site-content-layout":"default","site-content-style":"default","site-sidebar-style":"default","ast-global-header-display":"","ast-banner-title-visibility":"","ast-main-header-display":"","ast-hfb-above-header-display":"","ast-hfb-below-header-display":"","ast-hfb-mobile-header-display":"","site-post-title":"","ast-breadcrumbs-content":"","ast-featured-img":"","footer-sml-layout":"","ast-disable-related-posts":"","theme-transparent-header-meta":"default","adv-header-id-meta":"","stick-header-meta":"default","header-above-stick-meta":"","header-main-stick-meta":"","header-below-stick-meta":"","astra-migrate-meta-layouts":"set","ast-page-background-enabled":"default","ast-page-background-meta":{"desktop":{"background-color":"","background-image":"","background-repeat":"repeat","background-position":"center center","background-size":"auto","background-attachment":"scroll","background-type":"","background-media":"","overlay-type":"","overlay-color":"","overlay-opacity":"","overlay-gradient":""},"tablet":{"background-color":"","background-image":"","background-repeat":"repeat","background-position":"center center","background-size":"auto","background-attachment":"scroll","background-type":"","background-media":"","overlay-type":"","overlay-color":"","overlay-opacity":"","overlay-gradient":""},"mobile":{"background-color":"","background-image":"","background-repeat":"repeat","background-position":"center center","background-size":"auto","background-attachment":"scroll","background-type":"","background-media":"","overlay-type":"","overlay-color":"","overlay-opacity":"","overlay-gradient":""}},"ast-content-background-meta":{"desktop":{"background-color":"var(--ast-global-color-5)","background-image":"","background-repeat":"repeat","background-position":"center center","background-size":"auto","background-attachment":"scroll","background-type":"","background-media":"","overlay-type":"","overlay-color":"","overlay-opacity":"","overlay-gradient":""},"tablet":{"background-color":"var(--ast-global-color-5)","background-image":"","background-repeat":"repeat","background-position":"center center","background-size":"auto","background-attachment":"scroll","background-type":"","background-media":"","overlay-type":"","overlay-color":"","overlay-opacity":"","overlay-gradient":""},"mobile":{"background-color":"var(--ast-global-color-5)","background-image":"","background-repeat":"repeat","background-position":"center center","background-size":"auto","background-attachment":"scroll","background-type":"","background-media":"","overlay-type":"","overlay-color":"","overlay-opacity":"","overlay-gradient":""}}},"product_brand":[],"product_cat":[2070,2048,75,2054],"product_tag":[],"class_list":{"0":"post-59587","1":"product","2":"type-product","3":"status-publish","4":"has-post-thumbnail","6":"product_cat-decoratif-smart-home","7":"product_cat-interieur","8":"product_cat-maison-intelligente","9":"product_cat-table-plancher","10":"pa_finish-noir","11":"desktop-align-center","12":"tablet-align-center","13":"mobile-align-center","14":"ast-product-gallery-layout-horizontal-slider","15":"ast-product-tabs-layout-horizontal","17":"first","18":"instock","19":"taxable","20":"shipping-taxable","21":"product-type-simple"},"acf":[],"yoast_head":"<!-- This site is optimized with the Yoast SEO plugin v27.4 - https:\/\/yoast.com\/product\/yoast-seo-wordpress\/ -->\n<title>Lampe num\u00e9rique intelligente de 20&quot; - Dals Lighting<\/title>\n<meta name=\"robots\" content=\"index, follow, max-snippet:-1, max-image-preview:large, max-video-preview:-1\" \/>\n<link rel=\"canonical\" href=\"https:\/\/dals.com\/fr\/produit\/sm-sttl20-lampe-de-table-numerique-intelligente-rgbic-cct\/\" \/>\n<meta property=\"og:locale\" content=\"fr_FR\" \/>\n<meta property=\"og:type\" content=\"article\" \/>\n<meta property=\"og:title\" content=\"Lampe num\u00e9rique intelligente de 20&quot; - Dals Lighting\" \/>\n<meta property=\"og:description\" content=\"Entrez dans le monde de l&#039;\u00e9clairage intelligent num\u00e9rique avec nos appareils LED contr\u00f4l\u00e9s par Wi-Fi \u00e0 intensit\u00e9 variable qui \u00e9mettent un spectre complet de couleurs vives ou de blancs purs r\u00e9glables allant de 2700 \u00e0 6500 K. Amusez-vous \u00e0 r\u00e9gler la bande lumineuse \u00e0 votre guise en contr\u00f4lant des segments individuels pour cr\u00e9er l&#039;\u00e9clairage exact que vous souhaitez, ou choisissez dans une liste d&#039;animations fluides pour cr\u00e9er l&#039;ambiance. Pour la tranquillit\u00e9 et la tranquillit\u00e9 d&#039;esprit, contr\u00f4lez et g\u00e9rez facilement votre \u00e9clairage \u00e0 distance avec l&#039;application DALS Connect\u2122 connect\u00e9e \u00e0 votre appareil mobile ou via votre assistant domestique IA pr\u00e9f\u00e9r\u00e9. De plus, dans un souci de commodit\u00e9, un interrupteur sur cordon est inclus pour un contr\u00f4le suppl\u00e9mentaire.  Le nombre maximum de lumi\u00e8res intelligentes par installation varie en fonction des sp\u00e9cifications de votre r\u00e9seau.\" \/>\n<meta property=\"og:url\" content=\"https:\/\/dals.com\/fr\/produit\/sm-sttl20-lampe-de-table-numerique-intelligente-rgbic-cct\/\" \/>\n<meta property=\"og:site_name\" content=\"Dals Lighting\" \/>\n<meta property=\"article:modified_time\" content=\"2025-06-04T22:05:32+00:00\" \/>\n<meta property=\"og:image\" content=\"https:\/\/dals.com\/wp-content\/uploads\/2023\/01\/sm-sttl201-2.jpg\" \/>\n\t<meta property=\"og:image:width\" content=\"2000\" \/>\n\t<meta property=\"og:image:height\" content=\"2000\" \/>\n\t<meta property=\"og:image:type\" content=\"image\/jpeg\" \/>\n<meta name=\"twitter:card\" content=\"summary_large_image\" \/>\n<meta name=\"twitter:label1\" content=\"Dur\u00e9e de lecture estim\u00e9e\" \/>\n\t<meta name=\"twitter:data1\" content=\"1 minute\" \/>\n<script type=\"application\/ld+json\" class=\"yoast-schema-graph\">{\"@context\":\"https:\\\/\\\/schema.org\",\"@graph\":[{\"@type\":\"WebPage\",\"@id\":\"https:\\\/\\\/dals.com\\\/fr\\\/produit\\\/sm-sttl20-lampe-de-table-numerique-intelligente-rgbic-cct\\\/\",\"url\":\"https:\\\/\\\/dals.com\\\/fr\\\/produit\\\/sm-sttl20-lampe-de-table-numerique-intelligente-rgbic-cct\\\/\",\"name\":\"Lampe num\u00e9rique intelligente de 20\\\" - Dals Lighting\",\"isPartOf\":{\"@id\":\"https:\\\/\\\/dalslit.tempurl.host\\\/#website\"},\"primaryImageOfPage\":{\"@id\":\"https:\\\/\\\/dals.com\\\/fr\\\/produit\\\/sm-sttl20-lampe-de-table-numerique-intelligente-rgbic-cct\\\/#primaryimage\"},\"image\":{\"@id\":\"https:\\\/\\\/dals.com\\\/fr\\\/produit\\\/sm-sttl20-lampe-de-table-numerique-intelligente-rgbic-cct\\\/#primaryimage\"},\"thumbnailUrl\":\"https:\\\/\\\/dals.com\\\/wp-content\\\/uploads\\\/2023\\\/01\\\/sm-sttl201-2.jpg\",\"datePublished\":\"2023-01-06T21:16:35+00:00\",\"dateModified\":\"2025-06-04T22:05:32+00:00\",\"breadcrumb\":{\"@id\":\"https:\\\/\\\/dals.com\\\/fr\\\/produit\\\/sm-sttl20-lampe-de-table-numerique-intelligente-rgbic-cct\\\/#breadcrumb\"},\"inLanguage\":\"fr-FR\",\"potentialAction\":[{\"@type\":\"ReadAction\",\"target\":[\"https:\\\/\\\/dals.com\\\/fr\\\/produit\\\/sm-sttl20-lampe-de-table-numerique-intelligente-rgbic-cct\\\/\"]}]},{\"@type\":\"ImageObject\",\"inLanguage\":\"fr-FR\",\"@id\":\"https:\\\/\\\/dals.com\\\/fr\\\/produit\\\/sm-sttl20-lampe-de-table-numerique-intelligente-rgbic-cct\\\/#primaryimage\",\"url\":\"https:\\\/\\\/dals.com\\\/wp-content\\\/uploads\\\/2023\\\/01\\\/sm-sttl201-2.jpg\",\"contentUrl\":\"https:\\\/\\\/dals.com\\\/wp-content\\\/uploads\\\/2023\\\/01\\\/sm-sttl201-2.jpg\",\"width\":2000,\"height\":2000},{\"@type\":\"BreadcrumbList\",\"@id\":\"https:\\\/\\\/dals.com\\\/fr\\\/produit\\\/sm-sttl20-lampe-de-table-numerique-intelligente-rgbic-cct\\\/#breadcrumb\",\"itemListElement\":[{\"@type\":\"ListItem\",\"position\":1,\"name\":\"Accueil\",\"item\":\"https:\\\/\\\/dals.com\\\/fr\\\/\"},{\"@type\":\"ListItem\",\"position\":2,\"name\":\"Produits\",\"item\":\"https:\\\/\\\/dalslit.tempurl.host\\\/fr\\\/?page_id=31878\"},{\"@type\":\"ListItem\",\"position\":3,\"name\":\"Maison intelligente\",\"item\":\"https:\\\/\\\/dals.com\\\/fr\\\/categorie-produit\\\/maison-intelligente\\\/\"},{\"@type\":\"ListItem\",\"position\":4,\"name\":\"SM-STTL20 &#8211; Lampe de table num\u00e9rique intelligente RGBIC + CCT\"}]},{\"@type\":\"WebSite\",\"@id\":\"https:\\\/\\\/dalslit.tempurl.host\\\/#website\",\"url\":\"https:\\\/\\\/dalslit.tempurl.host\\\/\",\"name\":\"Dals Lighting\",\"description\":\"Manufacturer of designer lighting products\",\"publisher\":{\"@id\":\"https:\\\/\\\/dalslit.tempurl.host\\\/#organization\"},\"potentialAction\":[{\"@type\":\"SearchAction\",\"target\":{\"@type\":\"EntryPoint\",\"urlTemplate\":\"https:\\\/\\\/dalslit.tempurl.host\\\/?s={search_term_string}\"},\"query-input\":{\"@type\":\"PropertyValueSpecification\",\"valueRequired\":true,\"valueName\":\"search_term_string\"}}],\"inLanguage\":\"fr-FR\"},{\"@type\":\"Organization\",\"@id\":\"https:\\\/\\\/dalslit.tempurl.host\\\/#organization\",\"name\":\"Dals Lighting\",\"url\":\"https:\\\/\\\/dalslit.tempurl.host\\\/\",\"logo\":{\"@type\":\"ImageObject\",\"inLanguage\":\"fr-FR\",\"@id\":\"https:\\\/\\\/dalslit.tempurl.host\\\/#\\\/schema\\\/logo\\\/image\\\/\",\"url\":\"https:\\\/\\\/dals.com\\\/wp-content\\\/uploads\\\/2020\\\/01\\\/cropped-logo-dals.png\",\"contentUrl\":\"https:\\\/\\\/dals.com\\\/wp-content\\\/uploads\\\/2020\\\/01\\\/cropped-logo-dals.png\",\"width\":\"300\",\"height\":\"125\",\"caption\":\"Dals Lighting\"},\"image\":{\"@id\":\"https:\\\/\\\/dalslit.tempurl.host\\\/#\\\/schema\\\/logo\\\/image\\\/\"}}]}<\/script>\n<!-- \/ Yoast SEO plugin. -->","yoast_head_json":{"title":"Lampe num\u00e9rique intelligente de 20\" - Dals Lighting","robots":{"index":"index","follow":"follow","max-snippet":"max-snippet:-1","max-image-preview":"max-image-preview:large","max-video-preview":"max-video-preview:-1"},"canonical":"https:\/\/dals.com\/fr\/produit\/sm-sttl20-lampe-de-table-numerique-intelligente-rgbic-cct\/","og_locale":"fr_FR","og_type":"article","og_title":"Lampe num\u00e9rique intelligente de 20\" - Dals Lighting","og_description":"Entrez dans le monde de l'\u00e9clairage intelligent num\u00e9rique avec nos appareils LED contr\u00f4l\u00e9s par Wi-Fi \u00e0 intensit\u00e9 variable qui \u00e9mettent un spectre complet de couleurs vives ou de blancs purs r\u00e9glables allant de 2700 \u00e0 6500 K. Amusez-vous \u00e0 r\u00e9gler la bande lumineuse \u00e0 votre guise en contr\u00f4lant des segments individuels pour cr\u00e9er l'\u00e9clairage exact que vous souhaitez, ou choisissez dans une liste d'animations fluides pour cr\u00e9er l'ambiance. Pour la tranquillit\u00e9 et la tranquillit\u00e9 d'esprit, contr\u00f4lez et g\u00e9rez facilement votre \u00e9clairage \u00e0 distance avec l'application DALS Connect\u2122 connect\u00e9e \u00e0 votre appareil mobile ou via votre assistant domestique IA pr\u00e9f\u00e9r\u00e9. De plus, dans un souci de commodit\u00e9, un interrupteur sur cordon est inclus pour un contr\u00f4le suppl\u00e9mentaire.  Le nombre maximum de lumi\u00e8res intelligentes par installation varie en fonction des sp\u00e9cifications de votre r\u00e9seau.","og_url":"https:\/\/dals.com\/fr\/produit\/sm-sttl20-lampe-de-table-numerique-intelligente-rgbic-cct\/","og_site_name":"Dals Lighting","article_modified_time":"2025-06-04T22:05:32+00:00","og_image":[{"width":2000,"height":2000,"url":"https:\/\/dals.com\/wp-content\/uploads\/2023\/01\/sm-sttl201-2.jpg","type":"image\/jpeg"}],"twitter_card":"summary_large_image","twitter_misc":{"Dur\u00e9e de lecture estim\u00e9e":"1 minute"},"schema":{"@context":"https:\/\/schema.org","@graph":[{"@type":"WebPage","@id":"https:\/\/dals.com\/fr\/produit\/sm-sttl20-lampe-de-table-numerique-intelligente-rgbic-cct\/","url":"https:\/\/dals.com\/fr\/produit\/sm-sttl20-lampe-de-table-numerique-intelligente-rgbic-cct\/","name":"Lampe num\u00e9rique intelligente de 20\" - Dals Lighting","isPartOf":{"@id":"https:\/\/dalslit.tempurl.host\/#website"},"primaryImageOfPage":{"@id":"https:\/\/dals.com\/fr\/produit\/sm-sttl20-lampe-de-table-numerique-intelligente-rgbic-cct\/#primaryimage"},"image":{"@id":"https:\/\/dals.com\/fr\/produit\/sm-sttl20-lampe-de-table-numerique-intelligente-rgbic-cct\/#primaryimage"},"thumbnailUrl":"https:\/\/dals.com\/wp-content\/uploads\/2023\/01\/sm-sttl201-2.jpg","datePublished":"2023-01-06T21:16:35+00:00","dateModified":"2025-06-04T22:05:32+00:00","breadcrumb":{"@id":"https:\/\/dals.com\/fr\/produit\/sm-sttl20-lampe-de-table-numerique-intelligente-rgbic-cct\/#breadcrumb"},"inLanguage":"fr-FR","potentialAction":[{"@type":"ReadAction","target":["https:\/\/dals.com\/fr\/produit\/sm-sttl20-lampe-de-table-numerique-intelligente-rgbic-cct\/"]}]},{"@type":"ImageObject","inLanguage":"fr-FR","@id":"https:\/\/dals.com\/fr\/produit\/sm-sttl20-lampe-de-table-numerique-intelligente-rgbic-cct\/#primaryimage","url":"https:\/\/dals.com\/wp-content\/uploads\/2023\/01\/sm-sttl201-2.jpg","contentUrl":"https:\/\/dals.com\/wp-content\/uploads\/2023\/01\/sm-sttl201-2.jpg","width":2000,"height":2000},{"@type":"BreadcrumbList","@id":"https:\/\/dals.com\/fr\/produit\/sm-sttl20-lampe-de-table-numerique-intelligente-rgbic-cct\/#breadcrumb","itemListElement":[{"@type":"ListItem","position":1,"name":"Accueil","item":"https:\/\/dals.com\/fr\/"},{"@type":"ListItem","position":2,"name":"Produits","item":"https:\/\/dalslit.tempurl.host\/fr\/?page_id=31878"},{"@type":"ListItem","position":3,"name":"Maison intelligente","item":"https:\/\/dals.com\/fr\/categorie-produit\/maison-intelligente\/"},{"@type":"ListItem","position":4,"name":"SM-STTL20 &#8211; Lampe de table num\u00e9rique intelligente RGBIC + CCT"}]},{"@type":"WebSite","@id":"https:\/\/dalslit.tempurl.host\/#website","url":"https:\/\/dalslit.tempurl.host\/","name":"Dals Lighting","description":"Manufacturer of designer lighting products","publisher":{"@id":"https:\/\/dalslit.tempurl.host\/#organization"},"potentialAction":[{"@type":"SearchAction","target":{"@type":"EntryPoint","urlTemplate":"https:\/\/dalslit.tempurl.host\/?s={search_term_string}"},"query-input":{"@type":"PropertyValueSpecification","valueRequired":true,"valueName":"search_term_string"}}],"inLanguage":"fr-FR"},{"@type":"Organization","@id":"https:\/\/dalslit.tempurl.host\/#organization","name":"Dals Lighting","url":"https:\/\/dalslit.tempurl.host\/","logo":{"@type":"ImageObject","inLanguage":"fr-FR","@id":"https:\/\/dalslit.tempurl.host\/#\/schema\/logo\/image\/","url":"https:\/\/dals.com\/wp-content\/uploads\/2020\/01\/cropped-logo-dals.png","contentUrl":"https:\/\/dals.com\/wp-content\/uploads\/2020\/01\/cropped-logo-dals.png","width":"300","height":"125","caption":"Dals Lighting"},"image":{"@id":"https:\/\/dalslit.tempurl.host\/#\/schema\/logo\/image\/"}}]}},"_links":{"self":[{"href":"https:\/\/dals.com\/fr\/wp-json\/wp\/v2\/product\/59587","targetHints":{"allow":["GET"]}}],"collection":[{"href":"https:\/\/dals.com\/fr\/wp-json\/wp\/v2\/product"}],"about":[{"href":"https:\/\/dals.com\/fr\/wp-json\/wp\/v2\/types\/product"}],"wp:featuredmedia":[{"embeddable":true,"href":"https:\/\/dals.com\/fr\/wp-json\/wp\/v2\/media\/60432"}],"wp:attachment":[{"href":"https:\/\/dals.com\/fr\/wp-json\/wp\/v2\/media?parent=59587"}],"wp:term":[{"taxonomy":"product_brand","embeddable":true,"href":"https:\/\/dals.com\/fr\/wp-json\/wp\/v2\/product_brand?post=59587"},{"taxonomy":"product_cat","embeddable":true,"href":"https:\/\/dals.com\/fr\/wp-json\/wp\/v2\/product_cat?post=59587"},{"taxonomy":"product_tag","embeddable":true,"href":"https:\/\/dals.com\/fr\/wp-json\/wp\/v2\/product_tag?post=59587"}],"curies":[{"name":"wp","href":"https:\/\/api.w.org\/{rel}","templated":true}]}}