{"id":59131,"date":"2022-12-20T11:12:39","date_gmt":"2022-12-20T16:12:39","guid":{"rendered":"https:\/\/dals.com\/?post_type=product&#038;p=59131"},"modified":"2025-06-04T18:05:27","modified_gmt":"2025-06-04T22:05:27","slug":"lpp20-cc-luminaire-de-sentier-de-20","status":"publish","type":"product","link":"https:\/\/dals.com\/fr\/produit\/lpp20-cc-luminaire-de-sentier-de-20\/","title":{"rendered":"\u00c9clairage de sentier de 20&Prime;"},"content":{"rendered":"\t\t<section class=\"elem-breadcrumbs elementor-element elementor-section-boxed elementor-section-height-default elementor-section-height-default elementor-section elementor-top-section\" data-element_type=\"section\" style=\"margin-bottom:30px\">\n\t<div class=\"elementor-container elementor-column-gap-default\">\n\t\t<div class=\"elementor-row\">\n\t\t\t<div class=\"elementor-element elementor-column elementor-col-100 elementor-top-column >\n\t\t\t\t<div class=\"elementor-column-wrap  elementor-element-populated\">\n\t\t\t\t\t<div class=\"elementor-widget-wrap\">\n\t\t\t\t\t\t<div class=\"elementor-element elementor-widget elementor-widget-breadcrumbs\" data-element_type=\"widget\" data-widget_type=\"breadcrumbs.default\">\n\t\t\t\t\t\t\t<div class=\"elementor-widget-container\">\n\t\t\t\t\t\t\t\t<span><span><a href=\"https:\/\/dals.com\/fr\/\">Accueil<\/a><\/span><\/span>\t\t\t\t\t\t\t<\/div>\n\t\t\t\t\t\t<\/div>\n\t\t\t\t\t<\/div>\n\t\t\t\t<\/div>\n\t\t\t<\/div>\n\t\t<\/div>\n\t<\/div>\n<\/section>\n\n<ul>\n<li class=\"p1\">Plus de 50 000 heures de dur\u00e9e de vie<\/li>\n<li class=\"p1\">Entr\u00e9e 12VAC<\/li>\n<li class=\"p1\">Piquet de terre inclus<\/li>\n<li class=\"p1\">Angle de faisceau de 93\u00b0<\/li>\n<li class=\"p1\">Lentille givr\u00e9e<\/li>\n<li class=\"p1\">Peut \u00eatre mont\u00e9 sur du bois ou du b\u00e9ton (vis non incluses)<\/li>\n<li class=\"p1\">Construction en aluminium<\/li>\n<li class=\"p1\">Convient aux endroits mouill\u00e9s<\/li>\n<li class=\"p1\">Garantie de 5 ans<\/li>\n<\/ul>\n","protected":false},"excerpt":{"rendered":"<p>Ajoutez un int\u00e9r\u00eat visuel \u00e0 votre jardin avec la lampe d&rsquo;all\u00e9e ext\u00e9rieure Flux. Une construction en fonte d&rsquo;aluminium diffus\u00e9e \u00e0 360 \u00b0 avec une finition enduite de poudre s&rsquo;adapte le mieux le long des all\u00e9es, des plates-bandes et des all\u00e9es.<\/p>\n","protected":false},"featured_media":25075,"template":"","meta":{"_acf_changed":false,"site-sidebar-layout":"default","site-content-layout":"default","ast-site-content-layout":"default","site-content-style":"default","site-sidebar-style":"default","ast-global-header-display":"","ast-banner-title-visibility":"","ast-main-header-display":"","ast-hfb-above-header-display":"","ast-hfb-below-header-display":"","ast-hfb-mobile-header-display":"","site-post-title":"","ast-breadcrumbs-content":"","ast-featured-img":"","footer-sml-layout":"","ast-disable-related-posts":"","theme-transparent-header-meta":"default","adv-header-id-meta":"","stick-header-meta":"default","header-above-stick-meta":"","header-main-stick-meta":"","header-below-stick-meta":"","astra-migrate-meta-layouts":"set","ast-page-background-enabled":"default","ast-page-background-meta":{"desktop":{"background-color":"","background-image":"","background-repeat":"repeat","background-position":"center center","background-size":"auto","background-attachment":"scroll","background-type":"","background-media":"","overlay-type":"","overlay-color":"","overlay-opacity":"","overlay-gradient":""},"tablet":{"background-color":"","background-image":"","background-repeat":"repeat","background-position":"center center","background-size":"auto","background-attachment":"scroll","background-type":"","background-media":"","overlay-type":"","overlay-color":"","overlay-opacity":"","overlay-gradient":""},"mobile":{"background-color":"","background-image":"","background-repeat":"repeat","background-position":"center center","background-size":"auto","background-attachment":"scroll","background-type":"","background-media":"","overlay-type":"","overlay-color":"","overlay-opacity":"","overlay-gradient":""}},"ast-content-background-meta":{"desktop":{"background-color":"var(--ast-global-color-5)","background-image":"","background-repeat":"repeat","background-position":"center center","background-size":"auto","background-attachment":"scroll","background-type":"","background-media":"","overlay-type":"","overlay-color":"","overlay-opacity":"","overlay-gradient":""},"tablet":{"background-color":"var(--ast-global-color-5)","background-image":"","background-repeat":"repeat","background-position":"center center","background-size":"auto","background-attachment":"scroll","background-type":"","background-media":"","overlay-type":"","overlay-color":"","overlay-opacity":"","overlay-gradient":""},"mobile":{"background-color":"var(--ast-global-color-5)","background-image":"","background-repeat":"repeat","background-position":"center center","background-size":"auto","background-attachment":"scroll","background-type":"","background-media":"","overlay-type":"","overlay-color":"","overlay-opacity":"","overlay-gradient":""}}},"product_brand":[],"product_cat":[84,2057,1788,2055],"product_tag":[],"class_list":{"0":"post-59131","1":"product","2":"type-product","3":"status-publish","4":"has-post-thumbnail","6":"product_cat-exterieur","7":"product_cat-luminaires-de-sentier-bollards","8":"product_cat-paysager","9":"product_cat-paysager-fr","10":"pa_finish-noir","11":"desktop-align-center","12":"tablet-align-center","13":"mobile-align-center","14":"ast-product-gallery-layout-horizontal-slider","15":"ast-product-tabs-layout-horizontal","17":"first","18":"instock","19":"taxable","20":"shipping-taxable","21":"product-type-simple"},"acf":[],"yoast_head":"<!-- This site is optimized with the Yoast SEO plugin v27.4 - https:\/\/yoast.com\/product\/yoast-seo-wordpress\/ -->\n<title>\u00c9clairage de sentier de 20&quot; - Dals Lighting<\/title>\n<meta name=\"robots\" content=\"index, follow, max-snippet:-1, max-image-preview:large, max-video-preview:-1\" \/>\n<link rel=\"canonical\" href=\"https:\/\/dals.com\/fr\/produit\/lpp20-cc-luminaire-de-sentier-de-20\/\" \/>\n<meta property=\"og:locale\" content=\"fr_FR\" \/>\n<meta property=\"og:type\" content=\"article\" \/>\n<meta property=\"og:title\" content=\"\u00c9clairage de sentier de 20&quot; - Dals Lighting\" \/>\n<meta property=\"og:description\" content=\"Ajoutez un int\u00e9r\u00eat visuel \u00e0 votre jardin avec la lampe d&#039;all\u00e9e ext\u00e9rieure Flux. Une construction en fonte d&#039;aluminium diffus\u00e9e \u00e0 360 \u00b0 avec une finition enduite de poudre s&#039;adapte le mieux le long des all\u00e9es, des plates-bandes et des all\u00e9es.\" \/>\n<meta property=\"og:url\" content=\"https:\/\/dals.com\/fr\/produit\/lpp20-cc-luminaire-de-sentier-de-20\/\" \/>\n<meta property=\"og:site_name\" content=\"Dals Lighting\" \/>\n<meta property=\"article:modified_time\" content=\"2025-06-04T22:05:27+00:00\" \/>\n<meta property=\"og:image\" content=\"https:\/\/dals.com\/wp-content\/uploads\/2021\/12\/lpp20-3k-bk.jpg\" \/>\n\t<meta property=\"og:image:width\" content=\"2000\" \/>\n\t<meta property=\"og:image:height\" content=\"2000\" \/>\n\t<meta property=\"og:image:type\" content=\"image\/jpeg\" \/>\n<meta name=\"twitter:card\" content=\"summary_large_image\" \/>\n<meta name=\"twitter:label1\" content=\"Dur\u00e9e de lecture estim\u00e9e\" \/>\n\t<meta name=\"twitter:data1\" content=\"1 minute\" \/>\n<script type=\"application\/ld+json\" class=\"yoast-schema-graph\">{\"@context\":\"https:\\\/\\\/schema.org\",\"@graph\":[{\"@type\":\"WebPage\",\"@id\":\"https:\\\/\\\/dals.com\\\/fr\\\/produit\\\/lpp20-cc-luminaire-de-sentier-de-20\\\/\",\"url\":\"https:\\\/\\\/dals.com\\\/fr\\\/produit\\\/lpp20-cc-luminaire-de-sentier-de-20\\\/\",\"name\":\"\u00c9clairage de sentier de 20\\\" - Dals Lighting\",\"isPartOf\":{\"@id\":\"https:\\\/\\\/dalslit.tempurl.host\\\/#website\"},\"primaryImageOfPage\":{\"@id\":\"https:\\\/\\\/dals.com\\\/fr\\\/produit\\\/lpp20-cc-luminaire-de-sentier-de-20\\\/#primaryimage\"},\"image\":{\"@id\":\"https:\\\/\\\/dals.com\\\/fr\\\/produit\\\/lpp20-cc-luminaire-de-sentier-de-20\\\/#primaryimage\"},\"thumbnailUrl\":\"https:\\\/\\\/dals.com\\\/wp-content\\\/uploads\\\/2021\\\/12\\\/lpp20-3k-bk.jpg\",\"datePublished\":\"2022-12-20T16:12:39+00:00\",\"dateModified\":\"2025-06-04T22:05:27+00:00\",\"breadcrumb\":{\"@id\":\"https:\\\/\\\/dals.com\\\/fr\\\/produit\\\/lpp20-cc-luminaire-de-sentier-de-20\\\/#breadcrumb\"},\"inLanguage\":\"fr-FR\",\"potentialAction\":[{\"@type\":\"ReadAction\",\"target\":[\"https:\\\/\\\/dals.com\\\/fr\\\/produit\\\/lpp20-cc-luminaire-de-sentier-de-20\\\/\"]}]},{\"@type\":\"ImageObject\",\"inLanguage\":\"fr-FR\",\"@id\":\"https:\\\/\\\/dals.com\\\/fr\\\/produit\\\/lpp20-cc-luminaire-de-sentier-de-20\\\/#primaryimage\",\"url\":\"https:\\\/\\\/dals.com\\\/wp-content\\\/uploads\\\/2021\\\/12\\\/lpp20-3k-bk.jpg\",\"contentUrl\":\"https:\\\/\\\/dals.com\\\/wp-content\\\/uploads\\\/2021\\\/12\\\/lpp20-3k-bk.jpg\",\"width\":2000,\"height\":2000},{\"@type\":\"BreadcrumbList\",\"@id\":\"https:\\\/\\\/dals.com\\\/fr\\\/produit\\\/lpp20-cc-luminaire-de-sentier-de-20\\\/#breadcrumb\",\"itemListElement\":[{\"@type\":\"ListItem\",\"position\":1,\"name\":\"Accueil\",\"item\":\"https:\\\/\\\/dals.com\\\/fr\\\/\"},{\"@type\":\"ListItem\",\"position\":2,\"name\":\"Produits\",\"item\":\"https:\\\/\\\/dalslit.tempurl.host\\\/fr\\\/?page_id=31878\"},{\"@type\":\"ListItem\",\"position\":3,\"name\":\"Ext\u00e9rieur\",\"item\":\"https:\\\/\\\/dals.com\\\/fr\\\/categorie-produit\\\/exterieur\\\/\"},{\"@type\":\"ListItem\",\"position\":4,\"name\":\"Paysager\",\"item\":\"https:\\\/\\\/dals.com\\\/fr\\\/categorie-produit\\\/exterieur\\\/paysager\\\/\"},{\"@type\":\"ListItem\",\"position\":5,\"name\":\"LPP20-CC &#8211; Luminaire de sentier de 20&#8243;\"}]},{\"@type\":\"WebSite\",\"@id\":\"https:\\\/\\\/dalslit.tempurl.host\\\/#website\",\"url\":\"https:\\\/\\\/dalslit.tempurl.host\\\/\",\"name\":\"Dals Lighting\",\"description\":\"Manufacturer of designer lighting products\",\"publisher\":{\"@id\":\"https:\\\/\\\/dalslit.tempurl.host\\\/#organization\"},\"potentialAction\":[{\"@type\":\"SearchAction\",\"target\":{\"@type\":\"EntryPoint\",\"urlTemplate\":\"https:\\\/\\\/dalslit.tempurl.host\\\/?s={search_term_string}\"},\"query-input\":{\"@type\":\"PropertyValueSpecification\",\"valueRequired\":true,\"valueName\":\"search_term_string\"}}],\"inLanguage\":\"fr-FR\"},{\"@type\":\"Organization\",\"@id\":\"https:\\\/\\\/dalslit.tempurl.host\\\/#organization\",\"name\":\"Dals Lighting\",\"url\":\"https:\\\/\\\/dalslit.tempurl.host\\\/\",\"logo\":{\"@type\":\"ImageObject\",\"inLanguage\":\"fr-FR\",\"@id\":\"https:\\\/\\\/dalslit.tempurl.host\\\/#\\\/schema\\\/logo\\\/image\\\/\",\"url\":\"https:\\\/\\\/dals.com\\\/wp-content\\\/uploads\\\/2020\\\/01\\\/cropped-logo-dals.png\",\"contentUrl\":\"https:\\\/\\\/dals.com\\\/wp-content\\\/uploads\\\/2020\\\/01\\\/cropped-logo-dals.png\",\"width\":\"300\",\"height\":\"125\",\"caption\":\"Dals Lighting\"},\"image\":{\"@id\":\"https:\\\/\\\/dalslit.tempurl.host\\\/#\\\/schema\\\/logo\\\/image\\\/\"}}]}<\/script>\n<!-- \/ Yoast SEO plugin. -->","yoast_head_json":{"title":"\u00c9clairage de sentier de 20\" - Dals Lighting","robots":{"index":"index","follow":"follow","max-snippet":"max-snippet:-1","max-image-preview":"max-image-preview:large","max-video-preview":"max-video-preview:-1"},"canonical":"https:\/\/dals.com\/fr\/produit\/lpp20-cc-luminaire-de-sentier-de-20\/","og_locale":"fr_FR","og_type":"article","og_title":"\u00c9clairage de sentier de 20\" - Dals Lighting","og_description":"Ajoutez un int\u00e9r\u00eat visuel \u00e0 votre jardin avec la lampe d'all\u00e9e ext\u00e9rieure Flux. Une construction en fonte d'aluminium diffus\u00e9e \u00e0 360 \u00b0 avec une finition enduite de poudre s'adapte le mieux le long des all\u00e9es, des plates-bandes et des all\u00e9es.","og_url":"https:\/\/dals.com\/fr\/produit\/lpp20-cc-luminaire-de-sentier-de-20\/","og_site_name":"Dals Lighting","article_modified_time":"2025-06-04T22:05:27+00:00","og_image":[{"width":2000,"height":2000,"url":"https:\/\/dals.com\/wp-content\/uploads\/2021\/12\/lpp20-3k-bk.jpg","type":"image\/jpeg"}],"twitter_card":"summary_large_image","twitter_misc":{"Dur\u00e9e de lecture estim\u00e9e":"1 minute"},"schema":{"@context":"https:\/\/schema.org","@graph":[{"@type":"WebPage","@id":"https:\/\/dals.com\/fr\/produit\/lpp20-cc-luminaire-de-sentier-de-20\/","url":"https:\/\/dals.com\/fr\/produit\/lpp20-cc-luminaire-de-sentier-de-20\/","name":"\u00c9clairage de sentier de 20\" - Dals Lighting","isPartOf":{"@id":"https:\/\/dalslit.tempurl.host\/#website"},"primaryImageOfPage":{"@id":"https:\/\/dals.com\/fr\/produit\/lpp20-cc-luminaire-de-sentier-de-20\/#primaryimage"},"image":{"@id":"https:\/\/dals.com\/fr\/produit\/lpp20-cc-luminaire-de-sentier-de-20\/#primaryimage"},"thumbnailUrl":"https:\/\/dals.com\/wp-content\/uploads\/2021\/12\/lpp20-3k-bk.jpg","datePublished":"2022-12-20T16:12:39+00:00","dateModified":"2025-06-04T22:05:27+00:00","breadcrumb":{"@id":"https:\/\/dals.com\/fr\/produit\/lpp20-cc-luminaire-de-sentier-de-20\/#breadcrumb"},"inLanguage":"fr-FR","potentialAction":[{"@type":"ReadAction","target":["https:\/\/dals.com\/fr\/produit\/lpp20-cc-luminaire-de-sentier-de-20\/"]}]},{"@type":"ImageObject","inLanguage":"fr-FR","@id":"https:\/\/dals.com\/fr\/produit\/lpp20-cc-luminaire-de-sentier-de-20\/#primaryimage","url":"https:\/\/dals.com\/wp-content\/uploads\/2021\/12\/lpp20-3k-bk.jpg","contentUrl":"https:\/\/dals.com\/wp-content\/uploads\/2021\/12\/lpp20-3k-bk.jpg","width":2000,"height":2000},{"@type":"BreadcrumbList","@id":"https:\/\/dals.com\/fr\/produit\/lpp20-cc-luminaire-de-sentier-de-20\/#breadcrumb","itemListElement":[{"@type":"ListItem","position":1,"name":"Accueil","item":"https:\/\/dals.com\/fr\/"},{"@type":"ListItem","position":2,"name":"Produits","item":"https:\/\/dalslit.tempurl.host\/fr\/?page_id=31878"},{"@type":"ListItem","position":3,"name":"Ext\u00e9rieur","item":"https:\/\/dals.com\/fr\/categorie-produit\/exterieur\/"},{"@type":"ListItem","position":4,"name":"Paysager","item":"https:\/\/dals.com\/fr\/categorie-produit\/exterieur\/paysager\/"},{"@type":"ListItem","position":5,"name":"LPP20-CC &#8211; Luminaire de sentier de 20&#8243;"}]},{"@type":"WebSite","@id":"https:\/\/dalslit.tempurl.host\/#website","url":"https:\/\/dalslit.tempurl.host\/","name":"Dals Lighting","description":"Manufacturer of designer lighting products","publisher":{"@id":"https:\/\/dalslit.tempurl.host\/#organization"},"potentialAction":[{"@type":"SearchAction","target":{"@type":"EntryPoint","urlTemplate":"https:\/\/dalslit.tempurl.host\/?s={search_term_string}"},"query-input":{"@type":"PropertyValueSpecification","valueRequired":true,"valueName":"search_term_string"}}],"inLanguage":"fr-FR"},{"@type":"Organization","@id":"https:\/\/dalslit.tempurl.host\/#organization","name":"Dals Lighting","url":"https:\/\/dalslit.tempurl.host\/","logo":{"@type":"ImageObject","inLanguage":"fr-FR","@id":"https:\/\/dalslit.tempurl.host\/#\/schema\/logo\/image\/","url":"https:\/\/dals.com\/wp-content\/uploads\/2020\/01\/cropped-logo-dals.png","contentUrl":"https:\/\/dals.com\/wp-content\/uploads\/2020\/01\/cropped-logo-dals.png","width":"300","height":"125","caption":"Dals Lighting"},"image":{"@id":"https:\/\/dalslit.tempurl.host\/#\/schema\/logo\/image\/"}}]}},"_links":{"self":[{"href":"https:\/\/dals.com\/fr\/wp-json\/wp\/v2\/product\/59131","targetHints":{"allow":["GET"]}}],"collection":[{"href":"https:\/\/dals.com\/fr\/wp-json\/wp\/v2\/product"}],"about":[{"href":"https:\/\/dals.com\/fr\/wp-json\/wp\/v2\/types\/product"}],"wp:featuredmedia":[{"embeddable":true,"href":"https:\/\/dals.com\/fr\/wp-json\/wp\/v2\/media\/25075"}],"wp:attachment":[{"href":"https:\/\/dals.com\/fr\/wp-json\/wp\/v2\/media?parent=59131"}],"wp:term":[{"taxonomy":"product_brand","embeddable":true,"href":"https:\/\/dals.com\/fr\/wp-json\/wp\/v2\/product_brand?post=59131"},{"taxonomy":"product_cat","embeddable":true,"href":"https:\/\/dals.com\/fr\/wp-json\/wp\/v2\/product_cat?post=59131"},{"taxonomy":"product_tag","embeddable":true,"href":"https:\/\/dals.com\/fr\/wp-json\/wp\/v2\/product_tag?post=59131"}],"curies":[{"name":"wp","href":"https:\/\/api.w.org\/{rel}","templated":true}]}}