{"id":58553,"date":"2022-10-20T14:41:51","date_gmt":"2022-10-20T18:41:51","guid":{"rendered":"https:\/\/dals.com\/?post_type=product&#038;p=58553"},"modified":"2026-03-10T12:07:43","modified_gmt":"2026-03-10T16:07:43","slug":"dcp-gbr35-encastre-regresse-ajustable-intelligent-pro-rgbcct","status":"publish","type":"product","link":"https:\/\/dals.com\/fr\/produit\/dcp-gbr35-encastre-regresse-ajustable-intelligent-pro-rgbcct\/","title":{"rendered":"Encastr\u00e9 rond directionnel r\u00e9gress\u00e9 intelligent de 3,5&Prime;"},"content":{"rendered":"\t\t<section class=\"elem-breadcrumbs elementor-element elementor-section-boxed elementor-section-height-default elementor-section-height-default elementor-section elementor-top-section\" data-element_type=\"section\" style=\"margin-bottom:30px\">\n\t<div class=\"elementor-container elementor-column-gap-default\">\n\t\t<div class=\"elementor-row\">\n\t\t\t<div class=\"elementor-element elementor-column elementor-col-100 elementor-top-column >\n\t\t\t\t<div class=\"elementor-column-wrap  elementor-element-populated\">\n\t\t\t\t\t<div class=\"elementor-widget-wrap\">\n\t\t\t\t\t\t<div class=\"elementor-element elementor-widget elementor-widget-breadcrumbs\" data-element_type=\"widget\" data-widget_type=\"breadcrumbs.default\">\n\t\t\t\t\t\t\t<div class=\"elementor-widget-container\">\n\t\t\t\t\t\t\t\t<span><span><a href=\"https:\/\/dals.com\/fr\/\">Accueil<\/a><\/span><\/span>\t\t\t\t\t\t\t<\/div>\n\t\t\t\t\t\t<\/div>\n\t\t\t\t\t<\/div>\n\t\t\t\t<\/div>\n\t\t\t<\/div>\n\t\t<\/div>\n\t<\/div>\n<\/section>\n\n<ul>\n<li>Comprend une bo\u00eete de jonction avec transformateur int\u00e9gr\u00e9<\/li>\n<li>Spectre de couleurs complet<\/li>\n<li>2700K \u2013 6500K en blanc pur<span class=\"Apple-converted-space\">\u00a0<\/span><\/li>\n<li>Angle de faisceau de 40\u00b0<\/li>\n<li>Inclinaison \u00e0 30\u00b0, rotation \u00e0 360\u00b0<\/li>\n<li>Intensit\u00e9 r\u00e9glable via l\u2019application Dals Connect et la t\u00e9l\u00e9commande intelligente<br \/>\nClicc (DCP-RMCT)<\/li>\n<li>Garantie de 5 ans<\/li>\n<\/ul>\n","protected":false},"excerpt":{"rendered":"<p class=\"p1\">Les luminaires encastr\u00e9s Dals Connect Pro seront un excellent ajout \u00e0 tout projet. Connectez + de 100 appareils via Bluetooth, cr\u00e9ez des groupes et choisissez parmi une large gamme de couleurs, tout cela est possible avec l&rsquo;application\u2122 DALS Connect.<\/p>\n<p><strong>Remarque :<\/strong>Ajoutez le DALS Connect Pro Hub pour encore plus de flexibilit\u00e9 : commande vocale, acc\u00e8s \u00e0 distance, horaires d\u00e9finis, r\u00e9seau maill\u00e9 \u00e9tendu, possibilit\u00e9 de connecter 128 appareils par Hub.<\/p>\n","protected":false},"featured_media":58557,"template":"","meta":{"_acf_changed":false,"site-sidebar-layout":"default","site-content-layout":"default","ast-site-content-layout":"default","site-content-style":"default","site-sidebar-style":"default","ast-global-header-display":"","ast-banner-title-visibility":"","ast-main-header-display":"","ast-hfb-above-header-display":"","ast-hfb-below-header-display":"","ast-hfb-mobile-header-display":"","site-post-title":"","ast-breadcrumbs-content":"","ast-featured-img":"","footer-sml-layout":"","ast-disable-related-posts":"","theme-transparent-header-meta":"default","adv-header-id-meta":"","stick-header-meta":"default","header-above-stick-meta":"","header-main-stick-meta":"","header-below-stick-meta":"","astra-migrate-meta-layouts":"set","ast-page-background-enabled":"default","ast-page-background-meta":{"desktop":{"background-color":"","background-image":"","background-repeat":"repeat","background-position":"center center","background-size":"auto","background-attachment":"scroll","background-type":"","background-media":"","overlay-type":"","overlay-color":"","overlay-opacity":"","overlay-gradient":""},"tablet":{"background-color":"","background-image":"","background-repeat":"repeat","background-position":"center center","background-size":"auto","background-attachment":"scroll","background-type":"","background-media":"","overlay-type":"","overlay-color":"","overlay-opacity":"","overlay-gradient":""},"mobile":{"background-color":"","background-image":"","background-repeat":"repeat","background-position":"center center","background-size":"auto","background-attachment":"scroll","background-type":"","background-media":"","overlay-type":"","overlay-color":"","overlay-opacity":"","overlay-gradient":""}},"ast-content-background-meta":{"desktop":{"background-color":"var(--ast-global-color-5)","background-image":"","background-repeat":"repeat","background-position":"center center","background-size":"auto","background-attachment":"scroll","background-type":"","background-media":"","overlay-type":"","overlay-color":"","overlay-opacity":"","overlay-gradient":""},"tablet":{"background-color":"var(--ast-global-color-5)","background-image":"","background-repeat":"repeat","background-position":"center center","background-size":"auto","background-attachment":"scroll","background-type":"","background-media":"","overlay-type":"","overlay-color":"","overlay-opacity":"","overlay-gradient":""},"mobile":{"background-color":"var(--ast-global-color-5)","background-image":"","background-repeat":"repeat","background-position":"center center","background-size":"auto","background-attachment":"scroll","background-type":"","background-media":"","overlay-type":"","overlay-color":"","overlay-opacity":"","overlay-gradient":""}}},"product_brand":[],"product_cat":[93,18,534,75,535,2342,2352],"product_tag":[],"class_list":{"0":"post-58553","1":"product","2":"type-product","3":"status-publish","4":"has-post-thumbnail","6":"product_cat-directionnels","7":"product_cat-encastres","8":"product_cat-encastres-smart-home","9":"product_cat-maison-intelligente","10":"product_cat-regresses","11":"product_cat-revolve-2-fr-directionnels","12":"product_cat-revolve-fr-regresses","13":"pa_finish-blanc","14":"pa_finish-noir","15":"desktop-align-center","16":"tablet-align-center","17":"mobile-align-center","18":"ast-product-gallery-layout-horizontal-slider","19":"ast-product-single-variable","20":"ast-product-tabs-layout-horizontal","22":"first","23":"instock","24":"taxable","25":"shipping-taxable","26":"purchasable","27":"product-type-variable","28":"wvs-archive-product-wrapper"},"acf":[],"yoast_head":"<!-- This site is optimized with the Yoast SEO plugin v27.4 - https:\/\/yoast.com\/product\/yoast-seo-wordpress\/ -->\n<title>Encastr\u00e9 rond directionnel r\u00e9gress\u00e9 intelligent de 3,5&quot; - Dals Lighting<\/title>\n<meta name=\"robots\" content=\"index, follow, max-snippet:-1, max-image-preview:large, max-video-preview:-1\" \/>\n<link rel=\"canonical\" href=\"https:\/\/dals.com\/fr\/produit\/dcp-gbr35-encastre-regresse-ajustable-intelligent-pro-rgbcct\/\" \/>\n<meta property=\"og:locale\" content=\"fr_FR\" \/>\n<meta property=\"og:type\" content=\"article\" \/>\n<meta property=\"og:title\" content=\"Encastr\u00e9 rond directionnel r\u00e9gress\u00e9 intelligent de 3,5&quot; - Dals Lighting\" \/>\n<meta property=\"og:description\" content=\"Les luminaires encastr\u00e9s Dals Connect Pro seront un excellent ajout \u00e0 tout projet. Connectez + de 100 appareils via Bluetooth, cr\u00e9ez des groupes et choisissez parmi une large gamme de couleurs, tout cela est possible avec l&#039;application\u2122 DALS Connect. Remarque :Ajoutez le DALS Connect Pro Hub pour encore plus de flexibilit\u00e9 : commande vocale, acc\u00e8s \u00e0 distance, horaires d\u00e9finis, r\u00e9seau maill\u00e9 \u00e9tendu, possibilit\u00e9 de connecter 128 appareils par Hub.\" \/>\n<meta property=\"og:url\" content=\"https:\/\/dals.com\/fr\/produit\/dcp-gbr35-encastre-regresse-ajustable-intelligent-pro-rgbcct\/\" \/>\n<meta property=\"og:site_name\" content=\"Dals Lighting\" \/>\n<meta property=\"article:modified_time\" content=\"2026-03-10T16:07:43+00:00\" \/>\n<meta property=\"og:image\" content=\"https:\/\/dals.com\/wp-content\/uploads\/2022\/10\/dcp-gbr35-wh.jpg\" \/>\n\t<meta property=\"og:image:width\" content=\"2000\" \/>\n\t<meta property=\"og:image:height\" content=\"2000\" \/>\n\t<meta property=\"og:image:type\" content=\"image\/jpeg\" \/>\n<meta name=\"twitter:card\" content=\"summary_large_image\" \/>\n<meta name=\"twitter:label1\" content=\"Dur\u00e9e de lecture estim\u00e9e\" \/>\n\t<meta name=\"twitter:data1\" content=\"1 minute\" \/>\n<script type=\"application\/ld+json\" class=\"yoast-schema-graph\">{\"@context\":\"https:\\\/\\\/schema.org\",\"@graph\":[{\"@type\":\"WebPage\",\"@id\":\"https:\\\/\\\/dals.com\\\/fr\\\/produit\\\/dcp-gbr35-encastre-regresse-ajustable-intelligent-pro-rgbcct\\\/\",\"url\":\"https:\\\/\\\/dals.com\\\/fr\\\/produit\\\/dcp-gbr35-encastre-regresse-ajustable-intelligent-pro-rgbcct\\\/\",\"name\":\"Encastr\u00e9 rond directionnel r\u00e9gress\u00e9 intelligent de 3,5\\\" - Dals Lighting\",\"isPartOf\":{\"@id\":\"https:\\\/\\\/dalslit.tempurl.host\\\/#website\"},\"primaryImageOfPage\":{\"@id\":\"https:\\\/\\\/dals.com\\\/fr\\\/produit\\\/dcp-gbr35-encastre-regresse-ajustable-intelligent-pro-rgbcct\\\/#primaryimage\"},\"image\":{\"@id\":\"https:\\\/\\\/dals.com\\\/fr\\\/produit\\\/dcp-gbr35-encastre-regresse-ajustable-intelligent-pro-rgbcct\\\/#primaryimage\"},\"thumbnailUrl\":\"https:\\\/\\\/dals.com\\\/wp-content\\\/uploads\\\/2022\\\/10\\\/dcp-gbr35-wh.jpg\",\"datePublished\":\"2022-10-20T18:41:51+00:00\",\"dateModified\":\"2026-03-10T16:07:43+00:00\",\"breadcrumb\":{\"@id\":\"https:\\\/\\\/dals.com\\\/fr\\\/produit\\\/dcp-gbr35-encastre-regresse-ajustable-intelligent-pro-rgbcct\\\/#breadcrumb\"},\"inLanguage\":\"fr-FR\",\"potentialAction\":[{\"@type\":\"ReadAction\",\"target\":[\"https:\\\/\\\/dals.com\\\/fr\\\/produit\\\/dcp-gbr35-encastre-regresse-ajustable-intelligent-pro-rgbcct\\\/\"]}]},{\"@type\":\"ImageObject\",\"inLanguage\":\"fr-FR\",\"@id\":\"https:\\\/\\\/dals.com\\\/fr\\\/produit\\\/dcp-gbr35-encastre-regresse-ajustable-intelligent-pro-rgbcct\\\/#primaryimage\",\"url\":\"https:\\\/\\\/dals.com\\\/wp-content\\\/uploads\\\/2022\\\/10\\\/dcp-gbr35-wh.jpg\",\"contentUrl\":\"https:\\\/\\\/dals.com\\\/wp-content\\\/uploads\\\/2022\\\/10\\\/dcp-gbr35-wh.jpg\",\"width\":2000,\"height\":2000},{\"@type\":\"BreadcrumbList\",\"@id\":\"https:\\\/\\\/dals.com\\\/fr\\\/produit\\\/dcp-gbr35-encastre-regresse-ajustable-intelligent-pro-rgbcct\\\/#breadcrumb\",\"itemListElement\":[{\"@type\":\"ListItem\",\"position\":1,\"name\":\"Accueil\",\"item\":\"https:\\\/\\\/dals.com\\\/fr\\\/\"},{\"@type\":\"ListItem\",\"position\":2,\"name\":\"Produits\",\"item\":\"https:\\\/\\\/dalslit.tempurl.host\\\/fr\\\/?page_id=31878\"},{\"@type\":\"ListItem\",\"position\":3,\"name\":\"Maison intelligente\",\"item\":\"https:\\\/\\\/dals.com\\\/fr\\\/categorie-produit\\\/maison-intelligente\\\/\"},{\"@type\":\"ListItem\",\"position\":4,\"name\":\"Encastr\u00e9 rond directionnel r\u00e9gress\u00e9 intelligent de 3,5&#8243;\"}]},{\"@type\":\"WebSite\",\"@id\":\"https:\\\/\\\/dalslit.tempurl.host\\\/#website\",\"url\":\"https:\\\/\\\/dalslit.tempurl.host\\\/\",\"name\":\"Dals Lighting\",\"description\":\"Manufacturer of designer lighting products\",\"publisher\":{\"@id\":\"https:\\\/\\\/dalslit.tempurl.host\\\/#organization\"},\"potentialAction\":[{\"@type\":\"SearchAction\",\"target\":{\"@type\":\"EntryPoint\",\"urlTemplate\":\"https:\\\/\\\/dalslit.tempurl.host\\\/?s={search_term_string}\"},\"query-input\":{\"@type\":\"PropertyValueSpecification\",\"valueRequired\":true,\"valueName\":\"search_term_string\"}}],\"inLanguage\":\"fr-FR\"},{\"@type\":\"Organization\",\"@id\":\"https:\\\/\\\/dalslit.tempurl.host\\\/#organization\",\"name\":\"Dals Lighting\",\"url\":\"https:\\\/\\\/dalslit.tempurl.host\\\/\",\"logo\":{\"@type\":\"ImageObject\",\"inLanguage\":\"fr-FR\",\"@id\":\"https:\\\/\\\/dalslit.tempurl.host\\\/#\\\/schema\\\/logo\\\/image\\\/\",\"url\":\"https:\\\/\\\/dals.com\\\/wp-content\\\/uploads\\\/2020\\\/01\\\/cropped-logo-dals.png\",\"contentUrl\":\"https:\\\/\\\/dals.com\\\/wp-content\\\/uploads\\\/2020\\\/01\\\/cropped-logo-dals.png\",\"width\":\"300\",\"height\":\"125\",\"caption\":\"Dals Lighting\"},\"image\":{\"@id\":\"https:\\\/\\\/dalslit.tempurl.host\\\/#\\\/schema\\\/logo\\\/image\\\/\"}}]}<\/script>\n<!-- \/ Yoast SEO plugin. -->","yoast_head_json":{"title":"Encastr\u00e9 rond directionnel r\u00e9gress\u00e9 intelligent de 3,5\" - Dals Lighting","robots":{"index":"index","follow":"follow","max-snippet":"max-snippet:-1","max-image-preview":"max-image-preview:large","max-video-preview":"max-video-preview:-1"},"canonical":"https:\/\/dals.com\/fr\/produit\/dcp-gbr35-encastre-regresse-ajustable-intelligent-pro-rgbcct\/","og_locale":"fr_FR","og_type":"article","og_title":"Encastr\u00e9 rond directionnel r\u00e9gress\u00e9 intelligent de 3,5\" - Dals Lighting","og_description":"Les luminaires encastr\u00e9s Dals Connect Pro seront un excellent ajout \u00e0 tout projet. Connectez + de 100 appareils via Bluetooth, cr\u00e9ez des groupes et choisissez parmi une large gamme de couleurs, tout cela est possible avec l'application\u2122 DALS Connect. Remarque :Ajoutez le DALS Connect Pro Hub pour encore plus de flexibilit\u00e9 : commande vocale, acc\u00e8s \u00e0 distance, horaires d\u00e9finis, r\u00e9seau maill\u00e9 \u00e9tendu, possibilit\u00e9 de connecter 128 appareils par Hub.","og_url":"https:\/\/dals.com\/fr\/produit\/dcp-gbr35-encastre-regresse-ajustable-intelligent-pro-rgbcct\/","og_site_name":"Dals Lighting","article_modified_time":"2026-03-10T16:07:43+00:00","og_image":[{"width":2000,"height":2000,"url":"https:\/\/dals.com\/wp-content\/uploads\/2022\/10\/dcp-gbr35-wh.jpg","type":"image\/jpeg"}],"twitter_card":"summary_large_image","twitter_misc":{"Dur\u00e9e de lecture estim\u00e9e":"1 minute"},"schema":{"@context":"https:\/\/schema.org","@graph":[{"@type":"WebPage","@id":"https:\/\/dals.com\/fr\/produit\/dcp-gbr35-encastre-regresse-ajustable-intelligent-pro-rgbcct\/","url":"https:\/\/dals.com\/fr\/produit\/dcp-gbr35-encastre-regresse-ajustable-intelligent-pro-rgbcct\/","name":"Encastr\u00e9 rond directionnel r\u00e9gress\u00e9 intelligent de 3,5\" - Dals Lighting","isPartOf":{"@id":"https:\/\/dalslit.tempurl.host\/#website"},"primaryImageOfPage":{"@id":"https:\/\/dals.com\/fr\/produit\/dcp-gbr35-encastre-regresse-ajustable-intelligent-pro-rgbcct\/#primaryimage"},"image":{"@id":"https:\/\/dals.com\/fr\/produit\/dcp-gbr35-encastre-regresse-ajustable-intelligent-pro-rgbcct\/#primaryimage"},"thumbnailUrl":"https:\/\/dals.com\/wp-content\/uploads\/2022\/10\/dcp-gbr35-wh.jpg","datePublished":"2022-10-20T18:41:51+00:00","dateModified":"2026-03-10T16:07:43+00:00","breadcrumb":{"@id":"https:\/\/dals.com\/fr\/produit\/dcp-gbr35-encastre-regresse-ajustable-intelligent-pro-rgbcct\/#breadcrumb"},"inLanguage":"fr-FR","potentialAction":[{"@type":"ReadAction","target":["https:\/\/dals.com\/fr\/produit\/dcp-gbr35-encastre-regresse-ajustable-intelligent-pro-rgbcct\/"]}]},{"@type":"ImageObject","inLanguage":"fr-FR","@id":"https:\/\/dals.com\/fr\/produit\/dcp-gbr35-encastre-regresse-ajustable-intelligent-pro-rgbcct\/#primaryimage","url":"https:\/\/dals.com\/wp-content\/uploads\/2022\/10\/dcp-gbr35-wh.jpg","contentUrl":"https:\/\/dals.com\/wp-content\/uploads\/2022\/10\/dcp-gbr35-wh.jpg","width":2000,"height":2000},{"@type":"BreadcrumbList","@id":"https:\/\/dals.com\/fr\/produit\/dcp-gbr35-encastre-regresse-ajustable-intelligent-pro-rgbcct\/#breadcrumb","itemListElement":[{"@type":"ListItem","position":1,"name":"Accueil","item":"https:\/\/dals.com\/fr\/"},{"@type":"ListItem","position":2,"name":"Produits","item":"https:\/\/dalslit.tempurl.host\/fr\/?page_id=31878"},{"@type":"ListItem","position":3,"name":"Maison intelligente","item":"https:\/\/dals.com\/fr\/categorie-produit\/maison-intelligente\/"},{"@type":"ListItem","position":4,"name":"Encastr\u00e9 rond directionnel r\u00e9gress\u00e9 intelligent de 3,5&#8243;"}]},{"@type":"WebSite","@id":"https:\/\/dalslit.tempurl.host\/#website","url":"https:\/\/dalslit.tempurl.host\/","name":"Dals Lighting","description":"Manufacturer of designer lighting products","publisher":{"@id":"https:\/\/dalslit.tempurl.host\/#organization"},"potentialAction":[{"@type":"SearchAction","target":{"@type":"EntryPoint","urlTemplate":"https:\/\/dalslit.tempurl.host\/?s={search_term_string}"},"query-input":{"@type":"PropertyValueSpecification","valueRequired":true,"valueName":"search_term_string"}}],"inLanguage":"fr-FR"},{"@type":"Organization","@id":"https:\/\/dalslit.tempurl.host\/#organization","name":"Dals Lighting","url":"https:\/\/dalslit.tempurl.host\/","logo":{"@type":"ImageObject","inLanguage":"fr-FR","@id":"https:\/\/dalslit.tempurl.host\/#\/schema\/logo\/image\/","url":"https:\/\/dals.com\/wp-content\/uploads\/2020\/01\/cropped-logo-dals.png","contentUrl":"https:\/\/dals.com\/wp-content\/uploads\/2020\/01\/cropped-logo-dals.png","width":"300","height":"125","caption":"Dals Lighting"},"image":{"@id":"https:\/\/dalslit.tempurl.host\/#\/schema\/logo\/image\/"}}]}},"_links":{"self":[{"href":"https:\/\/dals.com\/fr\/wp-json\/wp\/v2\/product\/58553","targetHints":{"allow":["GET"]}}],"collection":[{"href":"https:\/\/dals.com\/fr\/wp-json\/wp\/v2\/product"}],"about":[{"href":"https:\/\/dals.com\/fr\/wp-json\/wp\/v2\/types\/product"}],"wp:featuredmedia":[{"embeddable":true,"href":"https:\/\/dals.com\/fr\/wp-json\/wp\/v2\/media\/58557"}],"wp:attachment":[{"href":"https:\/\/dals.com\/fr\/wp-json\/wp\/v2\/media?parent=58553"}],"wp:term":[{"taxonomy":"product_brand","embeddable":true,"href":"https:\/\/dals.com\/fr\/wp-json\/wp\/v2\/product_brand?post=58553"},{"taxonomy":"product_cat","embeddable":true,"href":"https:\/\/dals.com\/fr\/wp-json\/wp\/v2\/product_cat?post=58553"},{"taxonomy":"product_tag","embeddable":true,"href":"https:\/\/dals.com\/fr\/wp-json\/wp\/v2\/product_tag?post=58553"}],"curies":[{"name":"wp","href":"https:\/\/api.w.org\/{rel}","templated":true}]}}