{"id":28203,"date":"2018-01-16T12:07:05","date_gmt":"2018-01-16T17:07:05","guid":{"rendered":"https:\/\/dals.com\/?post_type=product&#038;p=28203"},"modified":"2025-08-20T14:37:22","modified_gmt":"2025-08-20T18:37:22","slug":"lcbl-200-12-200-pieds-de-fil-basse-tension-de-calibre-12","status":"publish","type":"product","link":"https:\/\/dals.com\/fr\/produit\/lcbl-200-12-200-pieds-de-fil-basse-tension-de-calibre-12\/","title":{"rendered":"C\u00e2blage basse tension de calibre 12 de 200&prime;"},"content":{"rendered":"\t\t<section class=\"elem-breadcrumbs elementor-element elementor-section-boxed elementor-section-height-default elementor-section-height-default elementor-section elementor-top-section\" data-element_type=\"section\" style=\"margin-bottom:30px\">\n\t<div class=\"elementor-container elementor-column-gap-default\">\n\t\t<div class=\"elementor-row\">\n\t\t\t<div class=\"elementor-element elementor-column elementor-col-100 elementor-top-column >\n\t\t\t\t<div class=\"elementor-column-wrap  elementor-element-populated\">\n\t\t\t\t\t<div class=\"elementor-widget-wrap\">\n\t\t\t\t\t\t<div class=\"elementor-element elementor-widget elementor-widget-breadcrumbs\" data-element_type=\"widget\" data-widget_type=\"breadcrumbs.default\">\n\t\t\t\t\t\t\t<div class=\"elementor-widget-container\">\n\t\t\t\t\t\t\t\t<span><span><a href=\"https:\/\/dals.com\/fr\/\">Accueil<\/a><\/span><\/span>\t\t\t\t\t\t\t<\/div>\n\t\t\t\t\t\t<\/div>\n\t\t\t\t\t<\/div>\n\t\t\t\t<\/div>\n\t\t\t<\/div>\n\t\t<\/div>\n\t<\/div>\n<\/section>\n\n<ul>\n<li>Enterrement direct<\/li>\n<li>R\u00e9sistant aux rayons UV<\/li>\n<li>2 conducteurs en cuivre pur<\/li>\n<li>Robuste<\/li>\n<li>Certifi\u00e9 150V<\/li>\n<\/ul>\n","protected":false},"excerpt":{"rendered":"<p>Alimentez votre syst\u00e8me d&rsquo;\u00e9clairage ext\u00e9rieur en toute confiance \u00e0 l&rsquo;aide de notre bobine de 100 pieds de c\u00e2blage paysager basse tension de calibre 12. Con\u00e7u pour la durabilit\u00e9 et la performance, ce cordon robuste est dot\u00e9 de deux conducteurs en cuivre pur pour une conductivit\u00e9 optimale et une fiabilit\u00e9 \u00e0 long terme.<\/p>\n<p>Con\u00e7u pour l&rsquo;enfouissement direct, le cordon est r\u00e9sistant aux UV et peut supporter jusqu&rsquo;\u00e0 150 V, ce qui le rend id\u00e9al pour une large gamme d&rsquo;installations d&rsquo;\u00e9clairage paysager \u00e0 basse tension. Que vous \u00e9clairiez des all\u00e9es, des jardins ou des \u00e9l\u00e9ments architecturaux, ce cordon assure une connexion \u00e9lectrique s\u00fbre et fiable.<\/p>\n","protected":false},"featured_media":28188,"template":"","meta":{"_acf_changed":false,"site-sidebar-layout":"default","site-content-layout":"default","ast-site-content-layout":"default","site-content-style":"default","site-sidebar-style":"default","ast-global-header-display":"","ast-banner-title-visibility":"","ast-main-header-display":"","ast-hfb-above-header-display":"","ast-hfb-below-header-display":"","ast-hfb-mobile-header-display":"","site-post-title":"","ast-breadcrumbs-content":"","ast-featured-img":"","footer-sml-layout":"","ast-disable-related-posts":"","theme-transparent-header-meta":"default","adv-header-id-meta":"","stick-header-meta":"default","header-above-stick-meta":"","header-main-stick-meta":"","header-below-stick-meta":"","astra-migrate-meta-layouts":"set","ast-page-background-enabled":"default","ast-page-background-meta":{"desktop":{"background-color":"","background-image":"","background-repeat":"repeat","background-position":"center center","background-size":"auto","background-attachment":"scroll","background-type":"","background-media":"","overlay-type":"","overlay-color":"","overlay-opacity":"","overlay-gradient":""},"tablet":{"background-color":"","background-image":"","background-repeat":"repeat","background-position":"center center","background-size":"auto","background-attachment":"scroll","background-type":"","background-media":"","overlay-type":"","overlay-color":"","overlay-opacity":"","overlay-gradient":""},"mobile":{"background-color":"","background-image":"","background-repeat":"repeat","background-position":"center center","background-size":"auto","background-attachment":"scroll","background-type":"","background-media":"","overlay-type":"","overlay-color":"","overlay-opacity":"","overlay-gradient":""}},"ast-content-background-meta":{"desktop":{"background-color":"var(--ast-global-color-5)","background-image":"","background-repeat":"repeat","background-position":"center center","background-size":"auto","background-attachment":"scroll","background-type":"","background-media":"","overlay-type":"","overlay-color":"","overlay-opacity":"","overlay-gradient":""},"tablet":{"background-color":"var(--ast-global-color-5)","background-image":"","background-repeat":"repeat","background-position":"center center","background-size":"auto","background-attachment":"scroll","background-type":"","background-media":"","overlay-type":"","overlay-color":"","overlay-opacity":"","overlay-gradient":""},"mobile":{"background-color":"var(--ast-global-color-5)","background-image":"","background-repeat":"repeat","background-position":"center center","background-size":"auto","background-attachment":"scroll","background-type":"","background-media":"","overlay-type":"","overlay-color":"","overlay-opacity":"","overlay-gradient":""}}},"product_brand":[],"product_cat":[1483,2055,2056],"product_tag":[],"class_list":{"0":"post-28203","1":"product","2":"type-product","3":"status-publish","4":"has-post-thumbnail","6":"product_cat-disponible","7":"product_cat-paysager-fr","8":"product_cat-transformateurs-accessoires-fr","9":"desktop-align-center","10":"tablet-align-center","11":"mobile-align-center","12":"ast-product-gallery-layout-horizontal-slider","13":"ast-product-gallery-with-no-image","14":"ast-product-tabs-layout-horizontal","16":"first","17":"instock","18":"taxable","19":"shipping-taxable","20":"purchasable","21":"product-type-simple"},"acf":[],"yoast_head":"<!-- This site is optimized with the Yoast SEO plugin v27.3 - https:\/\/yoast.com\/product\/yoast-seo-wordpress\/ -->\n<title>C\u00e2blage basse tension de calibre 12 de 200&#039; - Dals Lighting<\/title>\n<meta name=\"robots\" content=\"index, follow, max-snippet:-1, max-image-preview:large, max-video-preview:-1\" \/>\n<link rel=\"canonical\" href=\"https:\/\/dals.com\/fr\/produit\/lcbl-200-12-200-pieds-de-fil-basse-tension-de-calibre-12\/\" \/>\n<meta property=\"og:locale\" content=\"fr_FR\" \/>\n<meta property=\"og:type\" content=\"article\" \/>\n<meta property=\"og:title\" content=\"C\u00e2blage basse tension de calibre 12 de 200&#039; - Dals Lighting\" \/>\n<meta property=\"og:description\" content=\"Alimentez votre syst\u00e8me d&#039;\u00e9clairage ext\u00e9rieur en toute confiance \u00e0 l&#039;aide de notre bobine de 100 pieds de c\u00e2blage paysager basse tension de calibre 12. Con\u00e7u pour la durabilit\u00e9 et la performance, ce cordon robuste est dot\u00e9 de deux conducteurs en cuivre pur pour une conductivit\u00e9 optimale et une fiabilit\u00e9 \u00e0 long terme.  Con\u00e7u pour l&#039;enfouissement direct, le cordon est r\u00e9sistant aux UV et peut supporter jusqu&#039;\u00e0 150 V, ce qui le rend id\u00e9al pour une large gamme d&#039;installations d&#039;\u00e9clairage paysager \u00e0 basse tension. Que vous \u00e9clairiez des all\u00e9es, des jardins ou des \u00e9l\u00e9ments architecturaux, ce cordon assure une connexion \u00e9lectrique s\u00fbre et fiable.\" \/>\n<meta property=\"og:url\" content=\"https:\/\/dals.com\/fr\/produit\/lcbl-200-12-200-pieds-de-fil-basse-tension-de-calibre-12\/\" \/>\n<meta property=\"og:site_name\" content=\"Dals Lighting\" \/>\n<meta property=\"article:modified_time\" content=\"2025-08-20T18:37:22+00:00\" \/>\n<meta property=\"og:image\" content=\"https:\/\/dals.com\/wp-content\/uploads\/2022\/02\/landscapewire.jpg\" \/>\n\t<meta property=\"og:image:width\" content=\"1000\" \/>\n\t<meta property=\"og:image:height\" content=\"1000\" \/>\n\t<meta property=\"og:image:type\" content=\"image\/jpeg\" \/>\n<meta name=\"twitter:card\" content=\"summary_large_image\" \/>\n<meta name=\"twitter:label1\" content=\"Dur\u00e9e de lecture estim\u00e9e\" \/>\n\t<meta name=\"twitter:data1\" content=\"1 minute\" \/>\n<script type=\"application\/ld+json\" class=\"yoast-schema-graph\">{\"@context\":\"https:\\\/\\\/schema.org\",\"@graph\":[{\"@type\":\"WebPage\",\"@id\":\"https:\\\/\\\/dals.com\\\/fr\\\/produit\\\/lcbl-200-12-200-pieds-de-fil-basse-tension-de-calibre-12\\\/\",\"url\":\"https:\\\/\\\/dals.com\\\/fr\\\/produit\\\/lcbl-200-12-200-pieds-de-fil-basse-tension-de-calibre-12\\\/\",\"name\":\"C\u00e2blage basse tension de calibre 12 de 200' - Dals Lighting\",\"isPartOf\":{\"@id\":\"https:\\\/\\\/dalslit.tempurl.host\\\/#website\"},\"primaryImageOfPage\":{\"@id\":\"https:\\\/\\\/dals.com\\\/fr\\\/produit\\\/lcbl-200-12-200-pieds-de-fil-basse-tension-de-calibre-12\\\/#primaryimage\"},\"image\":{\"@id\":\"https:\\\/\\\/dals.com\\\/fr\\\/produit\\\/lcbl-200-12-200-pieds-de-fil-basse-tension-de-calibre-12\\\/#primaryimage\"},\"thumbnailUrl\":\"https:\\\/\\\/dals.com\\\/wp-content\\\/uploads\\\/2022\\\/02\\\/landscapewire.jpg\",\"datePublished\":\"2018-01-16T17:07:05+00:00\",\"dateModified\":\"2025-08-20T18:37:22+00:00\",\"breadcrumb\":{\"@id\":\"https:\\\/\\\/dals.com\\\/fr\\\/produit\\\/lcbl-200-12-200-pieds-de-fil-basse-tension-de-calibre-12\\\/#breadcrumb\"},\"inLanguage\":\"fr-FR\",\"potentialAction\":[{\"@type\":\"ReadAction\",\"target\":[\"https:\\\/\\\/dals.com\\\/fr\\\/produit\\\/lcbl-200-12-200-pieds-de-fil-basse-tension-de-calibre-12\\\/\"]}]},{\"@type\":\"ImageObject\",\"inLanguage\":\"fr-FR\",\"@id\":\"https:\\\/\\\/dals.com\\\/fr\\\/produit\\\/lcbl-200-12-200-pieds-de-fil-basse-tension-de-calibre-12\\\/#primaryimage\",\"url\":\"https:\\\/\\\/dals.com\\\/wp-content\\\/uploads\\\/2022\\\/02\\\/landscapewire.jpg\",\"contentUrl\":\"https:\\\/\\\/dals.com\\\/wp-content\\\/uploads\\\/2022\\\/02\\\/landscapewire.jpg\",\"width\":1000,\"height\":1000},{\"@type\":\"BreadcrumbList\",\"@id\":\"https:\\\/\\\/dals.com\\\/fr\\\/produit\\\/lcbl-200-12-200-pieds-de-fil-basse-tension-de-calibre-12\\\/#breadcrumb\",\"itemListElement\":[{\"@type\":\"ListItem\",\"position\":1,\"name\":\"Accueil\",\"item\":\"https:\\\/\\\/dals.com\\\/fr\\\/\"},{\"@type\":\"ListItem\",\"position\":2,\"name\":\"Produits\",\"item\":\"https:\\\/\\\/dalslit.tempurl.host\\\/fr\\\/?page_id=31878\"},{\"@type\":\"ListItem\",\"position\":3,\"name\":\"disponible\",\"item\":\"https:\\\/\\\/dals.com\\\/fr\\\/categorie-produit\\\/disponible\\\/\"},{\"@type\":\"ListItem\",\"position\":4,\"name\":\"C\u00e2blage basse tension de calibre 12 de 200&#8242;\"}]},{\"@type\":\"WebSite\",\"@id\":\"https:\\\/\\\/dalslit.tempurl.host\\\/#website\",\"url\":\"https:\\\/\\\/dalslit.tempurl.host\\\/\",\"name\":\"Dals Lighting\",\"description\":\"Manufacturer of designer lighting products\",\"publisher\":{\"@id\":\"https:\\\/\\\/dalslit.tempurl.host\\\/#organization\"},\"potentialAction\":[{\"@type\":\"SearchAction\",\"target\":{\"@type\":\"EntryPoint\",\"urlTemplate\":\"https:\\\/\\\/dalslit.tempurl.host\\\/?s={search_term_string}\"},\"query-input\":{\"@type\":\"PropertyValueSpecification\",\"valueRequired\":true,\"valueName\":\"search_term_string\"}}],\"inLanguage\":\"fr-FR\"},{\"@type\":\"Organization\",\"@id\":\"https:\\\/\\\/dalslit.tempurl.host\\\/#organization\",\"name\":\"Dals Lighting\",\"url\":\"https:\\\/\\\/dalslit.tempurl.host\\\/\",\"logo\":{\"@type\":\"ImageObject\",\"inLanguage\":\"fr-FR\",\"@id\":\"https:\\\/\\\/dalslit.tempurl.host\\\/#\\\/schema\\\/logo\\\/image\\\/\",\"url\":\"https:\\\/\\\/dals.com\\\/wp-content\\\/uploads\\\/2020\\\/01\\\/cropped-logo-dals.png\",\"contentUrl\":\"https:\\\/\\\/dals.com\\\/wp-content\\\/uploads\\\/2020\\\/01\\\/cropped-logo-dals.png\",\"width\":\"300\",\"height\":\"125\",\"caption\":\"Dals Lighting\"},\"image\":{\"@id\":\"https:\\\/\\\/dalslit.tempurl.host\\\/#\\\/schema\\\/logo\\\/image\\\/\"}}]}<\/script>\n<!-- \/ Yoast SEO plugin. -->","yoast_head_json":{"title":"C\u00e2blage basse tension de calibre 12 de 200' - Dals Lighting","robots":{"index":"index","follow":"follow","max-snippet":"max-snippet:-1","max-image-preview":"max-image-preview:large","max-video-preview":"max-video-preview:-1"},"canonical":"https:\/\/dals.com\/fr\/produit\/lcbl-200-12-200-pieds-de-fil-basse-tension-de-calibre-12\/","og_locale":"fr_FR","og_type":"article","og_title":"C\u00e2blage basse tension de calibre 12 de 200' - Dals Lighting","og_description":"Alimentez votre syst\u00e8me d'\u00e9clairage ext\u00e9rieur en toute confiance \u00e0 l'aide de notre bobine de 100 pieds de c\u00e2blage paysager basse tension de calibre 12. Con\u00e7u pour la durabilit\u00e9 et la performance, ce cordon robuste est dot\u00e9 de deux conducteurs en cuivre pur pour une conductivit\u00e9 optimale et une fiabilit\u00e9 \u00e0 long terme.  Con\u00e7u pour l'enfouissement direct, le cordon est r\u00e9sistant aux UV et peut supporter jusqu'\u00e0 150 V, ce qui le rend id\u00e9al pour une large gamme d'installations d'\u00e9clairage paysager \u00e0 basse tension. Que vous \u00e9clairiez des all\u00e9es, des jardins ou des \u00e9l\u00e9ments architecturaux, ce cordon assure une connexion \u00e9lectrique s\u00fbre et fiable.","og_url":"https:\/\/dals.com\/fr\/produit\/lcbl-200-12-200-pieds-de-fil-basse-tension-de-calibre-12\/","og_site_name":"Dals Lighting","article_modified_time":"2025-08-20T18:37:22+00:00","og_image":[{"width":1000,"height":1000,"url":"https:\/\/dals.com\/wp-content\/uploads\/2022\/02\/landscapewire.jpg","type":"image\/jpeg"}],"twitter_card":"summary_large_image","twitter_misc":{"Dur\u00e9e de lecture estim\u00e9e":"1 minute"},"schema":{"@context":"https:\/\/schema.org","@graph":[{"@type":"WebPage","@id":"https:\/\/dals.com\/fr\/produit\/lcbl-200-12-200-pieds-de-fil-basse-tension-de-calibre-12\/","url":"https:\/\/dals.com\/fr\/produit\/lcbl-200-12-200-pieds-de-fil-basse-tension-de-calibre-12\/","name":"C\u00e2blage basse tension de calibre 12 de 200' - Dals Lighting","isPartOf":{"@id":"https:\/\/dalslit.tempurl.host\/#website"},"primaryImageOfPage":{"@id":"https:\/\/dals.com\/fr\/produit\/lcbl-200-12-200-pieds-de-fil-basse-tension-de-calibre-12\/#primaryimage"},"image":{"@id":"https:\/\/dals.com\/fr\/produit\/lcbl-200-12-200-pieds-de-fil-basse-tension-de-calibre-12\/#primaryimage"},"thumbnailUrl":"https:\/\/dals.com\/wp-content\/uploads\/2022\/02\/landscapewire.jpg","datePublished":"2018-01-16T17:07:05+00:00","dateModified":"2025-08-20T18:37:22+00:00","breadcrumb":{"@id":"https:\/\/dals.com\/fr\/produit\/lcbl-200-12-200-pieds-de-fil-basse-tension-de-calibre-12\/#breadcrumb"},"inLanguage":"fr-FR","potentialAction":[{"@type":"ReadAction","target":["https:\/\/dals.com\/fr\/produit\/lcbl-200-12-200-pieds-de-fil-basse-tension-de-calibre-12\/"]}]},{"@type":"ImageObject","inLanguage":"fr-FR","@id":"https:\/\/dals.com\/fr\/produit\/lcbl-200-12-200-pieds-de-fil-basse-tension-de-calibre-12\/#primaryimage","url":"https:\/\/dals.com\/wp-content\/uploads\/2022\/02\/landscapewire.jpg","contentUrl":"https:\/\/dals.com\/wp-content\/uploads\/2022\/02\/landscapewire.jpg","width":1000,"height":1000},{"@type":"BreadcrumbList","@id":"https:\/\/dals.com\/fr\/produit\/lcbl-200-12-200-pieds-de-fil-basse-tension-de-calibre-12\/#breadcrumb","itemListElement":[{"@type":"ListItem","position":1,"name":"Accueil","item":"https:\/\/dals.com\/fr\/"},{"@type":"ListItem","position":2,"name":"Produits","item":"https:\/\/dalslit.tempurl.host\/fr\/?page_id=31878"},{"@type":"ListItem","position":3,"name":"disponible","item":"https:\/\/dals.com\/fr\/categorie-produit\/disponible\/"},{"@type":"ListItem","position":4,"name":"C\u00e2blage basse tension de calibre 12 de 200&#8242;"}]},{"@type":"WebSite","@id":"https:\/\/dalslit.tempurl.host\/#website","url":"https:\/\/dalslit.tempurl.host\/","name":"Dals Lighting","description":"Manufacturer of designer lighting products","publisher":{"@id":"https:\/\/dalslit.tempurl.host\/#organization"},"potentialAction":[{"@type":"SearchAction","target":{"@type":"EntryPoint","urlTemplate":"https:\/\/dalslit.tempurl.host\/?s={search_term_string}"},"query-input":{"@type":"PropertyValueSpecification","valueRequired":true,"valueName":"search_term_string"}}],"inLanguage":"fr-FR"},{"@type":"Organization","@id":"https:\/\/dalslit.tempurl.host\/#organization","name":"Dals Lighting","url":"https:\/\/dalslit.tempurl.host\/","logo":{"@type":"ImageObject","inLanguage":"fr-FR","@id":"https:\/\/dalslit.tempurl.host\/#\/schema\/logo\/image\/","url":"https:\/\/dals.com\/wp-content\/uploads\/2020\/01\/cropped-logo-dals.png","contentUrl":"https:\/\/dals.com\/wp-content\/uploads\/2020\/01\/cropped-logo-dals.png","width":"300","height":"125","caption":"Dals Lighting"},"image":{"@id":"https:\/\/dalslit.tempurl.host\/#\/schema\/logo\/image\/"}}]}},"_links":{"self":[{"href":"https:\/\/dals.com\/fr\/wp-json\/wp\/v2\/product\/28203","targetHints":{"allow":["GET"]}}],"collection":[{"href":"https:\/\/dals.com\/fr\/wp-json\/wp\/v2\/product"}],"about":[{"href":"https:\/\/dals.com\/fr\/wp-json\/wp\/v2\/types\/product"}],"wp:featuredmedia":[{"embeddable":true,"href":"https:\/\/dals.com\/fr\/wp-json\/wp\/v2\/media\/28188"}],"wp:attachment":[{"href":"https:\/\/dals.com\/fr\/wp-json\/wp\/v2\/media?parent=28203"}],"wp:term":[{"taxonomy":"product_brand","embeddable":true,"href":"https:\/\/dals.com\/fr\/wp-json\/wp\/v2\/product_brand?post=28203"},{"taxonomy":"product_cat","embeddable":true,"href":"https:\/\/dals.com\/fr\/wp-json\/wp\/v2\/product_cat?post=28203"},{"taxonomy":"product_tag","embeddable":true,"href":"https:\/\/dals.com\/fr\/wp-json\/wp\/v2\/product_tag?post=28203"}],"curies":[{"name":"wp","href":"https:\/\/api.w.org\/{rel}","templated":true}]}}