{"id":25099,"date":"2022-01-03T12:10:02","date_gmt":"2022-01-04T15:11:15","guid":{"rendered":"https:\/\/dals.com\/?post_type=product&#038;p=25099"},"modified":"2025-06-04T18:04:21","modified_gmt":"2025-06-04T22:04:21","slug":"ltrp-60-bk-transformateur-basse-tension-60w","status":"publish","type":"product","link":"https:\/\/dals.com\/fr\/produit\/ltrp-60-bk-transformateur-basse-tension-60w\/","title":{"rendered":"Transformateur basse tension 60W"},"content":{"rendered":"\t\t<section class=\"elem-breadcrumbs elementor-element elementor-section-boxed elementor-section-height-default elementor-section-height-default elementor-section elementor-top-section\" data-element_type=\"section\" style=\"margin-bottom:30px\">\n\t<div class=\"elementor-container elementor-column-gap-default\">\n\t\t<div class=\"elementor-row\">\n\t\t\t<div class=\"elementor-element elementor-column elementor-col-100 elementor-top-column >\n\t\t\t\t<div class=\"elementor-column-wrap  elementor-element-populated\">\n\t\t\t\t\t<div class=\"elementor-widget-wrap\">\n\t\t\t\t\t\t<div class=\"elementor-element elementor-widget elementor-widget-breadcrumbs\" data-element_type=\"widget\" data-widget_type=\"breadcrumbs.default\">\n\t\t\t\t\t\t\t<div class=\"elementor-widget-container\">\n\t\t\t\t\t\t\t\t<span><span><a href=\"https:\/\/dals.com\/fr\/\">Accueil<\/a><\/span><\/span>\t\t\t\t\t\t\t<\/div>\n\t\t\t\t\t\t<\/div>\n\t\t\t\t\t<\/div>\n\t\t\t\t<\/div>\n\t\t\t<\/div>\n\t\t<\/div>\n\t<\/div>\n<\/section>\n\n<ul>\n<li>Alimentation en mode tension constante<\/li>\n<li>Protection : court-circuit\/surtension<\/li>\n<li>Tension d&rsquo;entr\u00e9e: 120VAC 60Hz<\/li>\n<li>Puissance de sortie : 60 W<\/li>\n<li>Tension de sortie: 12VAC<\/li>\n<li>Capteur de cellule photo\u00e9lectrique<\/li>\n<li>Longueur du c\u00e2ble d&rsquo;alimentation : 40 pouces<\/li>\n<li>Options de minuterie : cr\u00e9puscule \u00e0 l&rsquo;aube, cr\u00e9puscule+4h, cr\u00e9puscule+6h, cr\u00e9puscule+8h<\/li>\n<li>Temp\u00e9rature de fonctionnement : -20\u00b0C \u00e0 40\u00b0C<\/li>\n<li>Certification UL<\/li>\n<li>Garantie de 5 ans<\/li>\n<\/ul>\n","protected":false},"excerpt":{"rendered":"<p>Alimentez votre \u00e9clairage ext\u00e9rieur avec pr\u00e9cision et fiabilit\u00e9 \u00e0 l&rsquo;aide de notre transformateur basse tension ext\u00e9rieur de 60 W. Con\u00e7u pour les syst\u00e8mes d&rsquo;\u00e9clairage paysager, ce transformateur compact mais puissant convertit le 120 V CA standard en 12 V CA s\u00fbr, id\u00e9al pour les luminaires basse tension. Con\u00e7u pour \u00eatre pratique et efficace, il est dot\u00e9 d&rsquo;une minuterie int\u00e9gr\u00e9e et d&rsquo;un capteur photo\u00e9lectrique pour automatiser votre programme d&rsquo;\u00e9clairage. La minuterie permet des r\u00e9glages marche\/arr\u00eat personnalis\u00e9s, tandis que la cellule photo\u00e9lectrique d\u00e9tecte la lumi\u00e8re ambiante, allumant automatiquement les lumi\u00e8res au cr\u00e9puscule et les \u00e9teignant \u00e0 l&rsquo;aube, \u00e9conomisant ainsi de l&rsquo;\u00e9nergie et prolongeant la dur\u00e9e de vie de l&rsquo;ampoule. Log\u00e9 dans un bo\u00eetier r\u00e9sistant aux intemp\u00e9ries et durable, ce transformateur est con\u00e7u pour r\u00e9sister aux \u00e9l\u00e9ments, ce qui le rend parfait pour une utilisation en ext\u00e9rieur toute l&rsquo;ann\u00e9e. Que vous \u00e9clairiez des all\u00e9es, des jardins ou des \u00e9l\u00e9ments architecturaux, ce transformateur fiable fournit une alimentation constante et un contr\u00f4le intelligent.<\/p>\n","protected":false},"featured_media":26474,"template":"","meta":{"_acf_changed":false,"site-sidebar-layout":"default","site-content-layout":"default","ast-site-content-layout":"default","site-content-style":"default","site-sidebar-style":"default","ast-global-header-display":"","ast-banner-title-visibility":"","ast-main-header-display":"","ast-hfb-above-header-display":"","ast-hfb-below-header-display":"","ast-hfb-mobile-header-display":"","site-post-title":"","ast-breadcrumbs-content":"","ast-featured-img":"","footer-sml-layout":"","ast-disable-related-posts":"","theme-transparent-header-meta":"default","adv-header-id-meta":"","stick-header-meta":"default","header-above-stick-meta":"","header-main-stick-meta":"","header-below-stick-meta":"","astra-migrate-meta-layouts":"set","ast-page-background-enabled":"default","ast-page-background-meta":{"desktop":{"background-color":"","background-image":"","background-repeat":"repeat","background-position":"center center","background-size":"auto","background-attachment":"scroll","background-type":"","background-media":"","overlay-type":"","overlay-color":"","overlay-opacity":"","overlay-gradient":""},"tablet":{"background-color":"","background-image":"","background-repeat":"repeat","background-position":"center center","background-size":"auto","background-attachment":"scroll","background-type":"","background-media":"","overlay-type":"","overlay-color":"","overlay-opacity":"","overlay-gradient":""},"mobile":{"background-color":"","background-image":"","background-repeat":"repeat","background-position":"center center","background-size":"auto","background-attachment":"scroll","background-type":"","background-media":"","overlay-type":"","overlay-color":"","overlay-opacity":"","overlay-gradient":""}},"ast-content-background-meta":{"desktop":{"background-color":"var(--ast-global-color-5)","background-image":"","background-repeat":"repeat","background-position":"center center","background-size":"auto","background-attachment":"scroll","background-type":"","background-media":"","overlay-type":"","overlay-color":"","overlay-opacity":"","overlay-gradient":""},"tablet":{"background-color":"var(--ast-global-color-5)","background-image":"","background-repeat":"repeat","background-position":"center center","background-size":"auto","background-attachment":"scroll","background-type":"","background-media":"","overlay-type":"","overlay-color":"","overlay-opacity":"","overlay-gradient":""},"mobile":{"background-color":"var(--ast-global-color-5)","background-image":"","background-repeat":"repeat","background-position":"center center","background-size":"auto","background-attachment":"scroll","background-type":"","background-media":"","overlay-type":"","overlay-color":"","overlay-opacity":"","overlay-gradient":""}}},"product_brand":[],"product_cat":[84,1788,2055,2056],"product_tag":[],"class_list":{"0":"post-25099","1":"product","2":"type-product","3":"status-publish","4":"has-post-thumbnail","6":"product_cat-exterieur","7":"product_cat-paysager","8":"product_cat-paysager-fr","9":"product_cat-transformateurs-accessoires-fr","10":"pa_finish-noir","11":"desktop-align-center","12":"tablet-align-center","13":"mobile-align-center","14":"ast-product-gallery-layout-horizontal-slider","15":"ast-product-tabs-layout-horizontal","17":"first","18":"instock","19":"taxable","20":"shipping-taxable","21":"product-type-simple"},"acf":[],"yoast_head":"<!-- This site is optimized with the Yoast SEO plugin v27.4 - https:\/\/yoast.com\/product\/yoast-seo-wordpress\/ -->\n<title>Transformateur basse tension 60W - Dals Lighting<\/title>\n<meta name=\"robots\" content=\"index, follow, max-snippet:-1, max-image-preview:large, max-video-preview:-1\" \/>\n<link rel=\"canonical\" href=\"https:\/\/dals.com\/fr\/produit\/ltrp-60-bk-transformateur-basse-tension-60w\/\" \/>\n<meta property=\"og:locale\" content=\"fr_FR\" \/>\n<meta property=\"og:type\" content=\"article\" \/>\n<meta property=\"og:title\" content=\"Transformateur basse tension 60W - Dals Lighting\" \/>\n<meta property=\"og:description\" content=\"Alimentez votre \u00e9clairage ext\u00e9rieur avec pr\u00e9cision et fiabilit\u00e9 \u00e0 l&#039;aide de notre transformateur basse tension ext\u00e9rieur de 60 W. Con\u00e7u pour les syst\u00e8mes d&#039;\u00e9clairage paysager, ce transformateur compact mais puissant convertit le 120 V CA standard en 12 V CA s\u00fbr, id\u00e9al pour les luminaires basse tension. Con\u00e7u pour \u00eatre pratique et efficace, il est dot\u00e9 d&#039;une minuterie int\u00e9gr\u00e9e et d&#039;un capteur photo\u00e9lectrique pour automatiser votre programme d&#039;\u00e9clairage. La minuterie permet des r\u00e9glages marche\/arr\u00eat personnalis\u00e9s, tandis que la cellule photo\u00e9lectrique d\u00e9tecte la lumi\u00e8re ambiante, allumant automatiquement les lumi\u00e8res au cr\u00e9puscule et les \u00e9teignant \u00e0 l&#039;aube, \u00e9conomisant ainsi de l&#039;\u00e9nergie et prolongeant la dur\u00e9e de vie de l&#039;ampoule. Log\u00e9 dans un bo\u00eetier r\u00e9sistant aux intemp\u00e9ries et durable, ce transformateur est con\u00e7u pour r\u00e9sister aux \u00e9l\u00e9ments, ce qui le rend parfait pour une utilisation en ext\u00e9rieur toute l&#039;ann\u00e9e. Que vous \u00e9clairiez des all\u00e9es, des jardins ou des \u00e9l\u00e9ments architecturaux, ce transformateur fiable fournit une alimentation constante et un contr\u00f4le intelligent.\" \/>\n<meta property=\"og:url\" content=\"https:\/\/dals.com\/fr\/produit\/ltrp-60-bk-transformateur-basse-tension-60w\/\" \/>\n<meta property=\"og:site_name\" content=\"Dals Lighting\" \/>\n<meta property=\"article:modified_time\" content=\"2025-06-04T22:04:21+00:00\" \/>\n<meta property=\"og:image\" content=\"https:\/\/dals.com\/wp-content\/uploads\/2021\/12\/ltrp-60-bk.jpg\" \/>\n\t<meta property=\"og:image:width\" content=\"2000\" \/>\n\t<meta property=\"og:image:height\" content=\"2000\" \/>\n\t<meta property=\"og:image:type\" content=\"image\/jpeg\" \/>\n<meta name=\"twitter:card\" content=\"summary_large_image\" \/>\n<meta name=\"twitter:label1\" content=\"Dur\u00e9e de lecture estim\u00e9e\" \/>\n\t<meta name=\"twitter:data1\" content=\"1 minute\" \/>\n<script type=\"application\/ld+json\" class=\"yoast-schema-graph\">{\"@context\":\"https:\\\/\\\/schema.org\",\"@graph\":[{\"@type\":\"WebPage\",\"@id\":\"https:\\\/\\\/dals.com\\\/fr\\\/produit\\\/ltrp-60-bk-transformateur-basse-tension-60w\\\/\",\"url\":\"https:\\\/\\\/dals.com\\\/fr\\\/produit\\\/ltrp-60-bk-transformateur-basse-tension-60w\\\/\",\"name\":\"Transformateur basse tension 60W - Dals Lighting\",\"isPartOf\":{\"@id\":\"https:\\\/\\\/dalslit.tempurl.host\\\/#website\"},\"primaryImageOfPage\":{\"@id\":\"https:\\\/\\\/dals.com\\\/fr\\\/produit\\\/ltrp-60-bk-transformateur-basse-tension-60w\\\/#primaryimage\"},\"image\":{\"@id\":\"https:\\\/\\\/dals.com\\\/fr\\\/produit\\\/ltrp-60-bk-transformateur-basse-tension-60w\\\/#primaryimage\"},\"thumbnailUrl\":\"https:\\\/\\\/dals.com\\\/wp-content\\\/uploads\\\/2021\\\/12\\\/ltrp-60-bk.jpg\",\"datePublished\":\"2022-01-04T15:11:15+00:00\",\"dateModified\":\"2025-06-04T22:04:21+00:00\",\"breadcrumb\":{\"@id\":\"https:\\\/\\\/dals.com\\\/fr\\\/produit\\\/ltrp-60-bk-transformateur-basse-tension-60w\\\/#breadcrumb\"},\"inLanguage\":\"fr-FR\",\"potentialAction\":[{\"@type\":\"ReadAction\",\"target\":[\"https:\\\/\\\/dals.com\\\/fr\\\/produit\\\/ltrp-60-bk-transformateur-basse-tension-60w\\\/\"]}]},{\"@type\":\"ImageObject\",\"inLanguage\":\"fr-FR\",\"@id\":\"https:\\\/\\\/dals.com\\\/fr\\\/produit\\\/ltrp-60-bk-transformateur-basse-tension-60w\\\/#primaryimage\",\"url\":\"https:\\\/\\\/dals.com\\\/wp-content\\\/uploads\\\/2021\\\/12\\\/ltrp-60-bk.jpg\",\"contentUrl\":\"https:\\\/\\\/dals.com\\\/wp-content\\\/uploads\\\/2021\\\/12\\\/ltrp-60-bk.jpg\",\"width\":2000,\"height\":2000},{\"@type\":\"BreadcrumbList\",\"@id\":\"https:\\\/\\\/dals.com\\\/fr\\\/produit\\\/ltrp-60-bk-transformateur-basse-tension-60w\\\/#breadcrumb\",\"itemListElement\":[{\"@type\":\"ListItem\",\"position\":1,\"name\":\"Accueil\",\"item\":\"https:\\\/\\\/dals.com\\\/fr\\\/\"},{\"@type\":\"ListItem\",\"position\":2,\"name\":\"Produits\",\"item\":\"https:\\\/\\\/dalslit.tempurl.host\\\/fr\\\/?page_id=31878\"},{\"@type\":\"ListItem\",\"position\":3,\"name\":\"Paysager\",\"item\":\"https:\\\/\\\/dals.com\\\/fr\\\/categorie-produit\\\/paysager-fr\\\/\"},{\"@type\":\"ListItem\",\"position\":4,\"name\":\"Transformateurs &amp; Accessoires\",\"item\":\"https:\\\/\\\/dals.com\\\/fr\\\/categorie-produit\\\/paysager-fr\\\/transformateurs-accessoires-fr\\\/\"},{\"@type\":\"ListItem\",\"position\":5,\"name\":\"LTRP-60-BK &#8211; Transformateur basse tension 60W\"}]},{\"@type\":\"WebSite\",\"@id\":\"https:\\\/\\\/dalslit.tempurl.host\\\/#website\",\"url\":\"https:\\\/\\\/dalslit.tempurl.host\\\/\",\"name\":\"Dals Lighting\",\"description\":\"Manufacturer of designer lighting products\",\"publisher\":{\"@id\":\"https:\\\/\\\/dalslit.tempurl.host\\\/#organization\"},\"potentialAction\":[{\"@type\":\"SearchAction\",\"target\":{\"@type\":\"EntryPoint\",\"urlTemplate\":\"https:\\\/\\\/dalslit.tempurl.host\\\/?s={search_term_string}\"},\"query-input\":{\"@type\":\"PropertyValueSpecification\",\"valueRequired\":true,\"valueName\":\"search_term_string\"}}],\"inLanguage\":\"fr-FR\"},{\"@type\":\"Organization\",\"@id\":\"https:\\\/\\\/dalslit.tempurl.host\\\/#organization\",\"name\":\"Dals Lighting\",\"url\":\"https:\\\/\\\/dalslit.tempurl.host\\\/\",\"logo\":{\"@type\":\"ImageObject\",\"inLanguage\":\"fr-FR\",\"@id\":\"https:\\\/\\\/dalslit.tempurl.host\\\/#\\\/schema\\\/logo\\\/image\\\/\",\"url\":\"https:\\\/\\\/dals.com\\\/wp-content\\\/uploads\\\/2020\\\/01\\\/cropped-logo-dals.png\",\"contentUrl\":\"https:\\\/\\\/dals.com\\\/wp-content\\\/uploads\\\/2020\\\/01\\\/cropped-logo-dals.png\",\"width\":\"300\",\"height\":\"125\",\"caption\":\"Dals Lighting\"},\"image\":{\"@id\":\"https:\\\/\\\/dalslit.tempurl.host\\\/#\\\/schema\\\/logo\\\/image\\\/\"}}]}<\/script>\n<!-- \/ Yoast SEO plugin. -->","yoast_head_json":{"title":"Transformateur basse tension 60W - Dals Lighting","robots":{"index":"index","follow":"follow","max-snippet":"max-snippet:-1","max-image-preview":"max-image-preview:large","max-video-preview":"max-video-preview:-1"},"canonical":"https:\/\/dals.com\/fr\/produit\/ltrp-60-bk-transformateur-basse-tension-60w\/","og_locale":"fr_FR","og_type":"article","og_title":"Transformateur basse tension 60W - Dals Lighting","og_description":"Alimentez votre \u00e9clairage ext\u00e9rieur avec pr\u00e9cision et fiabilit\u00e9 \u00e0 l'aide de notre transformateur basse tension ext\u00e9rieur de 60 W. Con\u00e7u pour les syst\u00e8mes d'\u00e9clairage paysager, ce transformateur compact mais puissant convertit le 120 V CA standard en 12 V CA s\u00fbr, id\u00e9al pour les luminaires basse tension. Con\u00e7u pour \u00eatre pratique et efficace, il est dot\u00e9 d'une minuterie int\u00e9gr\u00e9e et d'un capteur photo\u00e9lectrique pour automatiser votre programme d'\u00e9clairage. La minuterie permet des r\u00e9glages marche\/arr\u00eat personnalis\u00e9s, tandis que la cellule photo\u00e9lectrique d\u00e9tecte la lumi\u00e8re ambiante, allumant automatiquement les lumi\u00e8res au cr\u00e9puscule et les \u00e9teignant \u00e0 l'aube, \u00e9conomisant ainsi de l'\u00e9nergie et prolongeant la dur\u00e9e de vie de l'ampoule. Log\u00e9 dans un bo\u00eetier r\u00e9sistant aux intemp\u00e9ries et durable, ce transformateur est con\u00e7u pour r\u00e9sister aux \u00e9l\u00e9ments, ce qui le rend parfait pour une utilisation en ext\u00e9rieur toute l'ann\u00e9e. Que vous \u00e9clairiez des all\u00e9es, des jardins ou des \u00e9l\u00e9ments architecturaux, ce transformateur fiable fournit une alimentation constante et un contr\u00f4le intelligent.","og_url":"https:\/\/dals.com\/fr\/produit\/ltrp-60-bk-transformateur-basse-tension-60w\/","og_site_name":"Dals Lighting","article_modified_time":"2025-06-04T22:04:21+00:00","og_image":[{"width":2000,"height":2000,"url":"https:\/\/dals.com\/wp-content\/uploads\/2021\/12\/ltrp-60-bk.jpg","type":"image\/jpeg"}],"twitter_card":"summary_large_image","twitter_misc":{"Dur\u00e9e de lecture estim\u00e9e":"1 minute"},"schema":{"@context":"https:\/\/schema.org","@graph":[{"@type":"WebPage","@id":"https:\/\/dals.com\/fr\/produit\/ltrp-60-bk-transformateur-basse-tension-60w\/","url":"https:\/\/dals.com\/fr\/produit\/ltrp-60-bk-transformateur-basse-tension-60w\/","name":"Transformateur basse tension 60W - Dals Lighting","isPartOf":{"@id":"https:\/\/dalslit.tempurl.host\/#website"},"primaryImageOfPage":{"@id":"https:\/\/dals.com\/fr\/produit\/ltrp-60-bk-transformateur-basse-tension-60w\/#primaryimage"},"image":{"@id":"https:\/\/dals.com\/fr\/produit\/ltrp-60-bk-transformateur-basse-tension-60w\/#primaryimage"},"thumbnailUrl":"https:\/\/dals.com\/wp-content\/uploads\/2021\/12\/ltrp-60-bk.jpg","datePublished":"2022-01-04T15:11:15+00:00","dateModified":"2025-06-04T22:04:21+00:00","breadcrumb":{"@id":"https:\/\/dals.com\/fr\/produit\/ltrp-60-bk-transformateur-basse-tension-60w\/#breadcrumb"},"inLanguage":"fr-FR","potentialAction":[{"@type":"ReadAction","target":["https:\/\/dals.com\/fr\/produit\/ltrp-60-bk-transformateur-basse-tension-60w\/"]}]},{"@type":"ImageObject","inLanguage":"fr-FR","@id":"https:\/\/dals.com\/fr\/produit\/ltrp-60-bk-transformateur-basse-tension-60w\/#primaryimage","url":"https:\/\/dals.com\/wp-content\/uploads\/2021\/12\/ltrp-60-bk.jpg","contentUrl":"https:\/\/dals.com\/wp-content\/uploads\/2021\/12\/ltrp-60-bk.jpg","width":2000,"height":2000},{"@type":"BreadcrumbList","@id":"https:\/\/dals.com\/fr\/produit\/ltrp-60-bk-transformateur-basse-tension-60w\/#breadcrumb","itemListElement":[{"@type":"ListItem","position":1,"name":"Accueil","item":"https:\/\/dals.com\/fr\/"},{"@type":"ListItem","position":2,"name":"Produits","item":"https:\/\/dalslit.tempurl.host\/fr\/?page_id=31878"},{"@type":"ListItem","position":3,"name":"Paysager","item":"https:\/\/dals.com\/fr\/categorie-produit\/paysager-fr\/"},{"@type":"ListItem","position":4,"name":"Transformateurs &amp; Accessoires","item":"https:\/\/dals.com\/fr\/categorie-produit\/paysager-fr\/transformateurs-accessoires-fr\/"},{"@type":"ListItem","position":5,"name":"LTRP-60-BK &#8211; Transformateur basse tension 60W"}]},{"@type":"WebSite","@id":"https:\/\/dalslit.tempurl.host\/#website","url":"https:\/\/dalslit.tempurl.host\/","name":"Dals Lighting","description":"Manufacturer of designer lighting products","publisher":{"@id":"https:\/\/dalslit.tempurl.host\/#organization"},"potentialAction":[{"@type":"SearchAction","target":{"@type":"EntryPoint","urlTemplate":"https:\/\/dalslit.tempurl.host\/?s={search_term_string}"},"query-input":{"@type":"PropertyValueSpecification","valueRequired":true,"valueName":"search_term_string"}}],"inLanguage":"fr-FR"},{"@type":"Organization","@id":"https:\/\/dalslit.tempurl.host\/#organization","name":"Dals Lighting","url":"https:\/\/dalslit.tempurl.host\/","logo":{"@type":"ImageObject","inLanguage":"fr-FR","@id":"https:\/\/dalslit.tempurl.host\/#\/schema\/logo\/image\/","url":"https:\/\/dals.com\/wp-content\/uploads\/2020\/01\/cropped-logo-dals.png","contentUrl":"https:\/\/dals.com\/wp-content\/uploads\/2020\/01\/cropped-logo-dals.png","width":"300","height":"125","caption":"Dals Lighting"},"image":{"@id":"https:\/\/dalslit.tempurl.host\/#\/schema\/logo\/image\/"}}]}},"_links":{"self":[{"href":"https:\/\/dals.com\/fr\/wp-json\/wp\/v2\/product\/25099","targetHints":{"allow":["GET"]}}],"collection":[{"href":"https:\/\/dals.com\/fr\/wp-json\/wp\/v2\/product"}],"about":[{"href":"https:\/\/dals.com\/fr\/wp-json\/wp\/v2\/types\/product"}],"wp:featuredmedia":[{"embeddable":true,"href":"https:\/\/dals.com\/fr\/wp-json\/wp\/v2\/media\/26474"}],"wp:attachment":[{"href":"https:\/\/dals.com\/fr\/wp-json\/wp\/v2\/media?parent=25099"}],"wp:term":[{"taxonomy":"product_brand","embeddable":true,"href":"https:\/\/dals.com\/fr\/wp-json\/wp\/v2\/product_brand?post=25099"},{"taxonomy":"product_cat","embeddable":true,"href":"https:\/\/dals.com\/fr\/wp-json\/wp\/v2\/product_cat?post=25099"},{"taxonomy":"product_tag","embeddable":true,"href":"https:\/\/dals.com\/fr\/wp-json\/wp\/v2\/product_tag?post=25099"}],"curies":[{"name":"wp","href":"https:\/\/api.w.org\/{rel}","templated":true}]}}