{"id":25071,"date":"2022-01-04T00:10:46","date_gmt":"2021-12-03T17:35:46","guid":{"rendered":"https:\/\/dals.com\/?post_type=product&#038;p=25071"},"modified":"2025-06-17T14:52:39","modified_gmt":"2025-06-17T18:52:39","slug":"lsp3-ccl-projecteur-paysager-de-3","status":"publish","type":"product","link":"https:\/\/dals.com\/fr\/produit\/lsp3-ccl-projecteur-paysager-de-3\/","title":{"rendered":"Spot paysage 3&Prime;"},"content":{"rendered":"\t\t<section class=\"elem-breadcrumbs elementor-element elementor-section-boxed elementor-section-height-default elementor-section-height-default elementor-section elementor-top-section\" data-element_type=\"section\" style=\"margin-bottom:30px\">\n\t<div class=\"elementor-container elementor-column-gap-default\">\n\t\t<div class=\"elementor-row\">\n\t\t\t<div class=\"elementor-element elementor-column elementor-col-100 elementor-top-column >\n\t\t\t\t<div class=\"elementor-column-wrap  elementor-element-populated\">\n\t\t\t\t\t<div class=\"elementor-widget-wrap\">\n\t\t\t\t\t\t<div class=\"elementor-element elementor-widget elementor-widget-breadcrumbs\" data-element_type=\"widget\" data-widget_type=\"breadcrumbs.default\">\n\t\t\t\t\t\t\t<div class=\"elementor-widget-container\">\n\t\t\t\t\t\t\t\t<span><span><a href=\"https:\/\/dals.com\/fr\/\">Accueil<\/a><\/span><\/span>\t\t\t\t\t\t\t<\/div>\n\t\t\t\t\t\t<\/div>\n\t\t\t\t\t<\/div>\n\t\t\t\t<\/div>\n\t\t\t<\/div>\n\t\t<\/div>\n\t<\/div>\n<\/section>\n\n<ul>\n<li class=\"p1\">Plus de 50 000 heures de dur\u00e9e de vie<\/li>\n<li class=\"p1\">Entr\u00e9e 12VAC<\/li>\n<li class=\"p1\">Piquet de terre inclus<\/li>\n<li class=\"p1\">Lentille d\u2019angle de faisceau interchangeable de 20\u00b0, 40\u00b0 et 90\u00b0<\/li>\n<li class=\"p1\">T\u00eate pivotante \u00e0 180\u00b0<\/li>\n<li class=\"p1\">Lentille givr\u00e9e<\/li>\n<li class=\"p1\">Construction en aluminium<\/li>\n<li class=\"p1\">CCT s\u00e9lectionnables \u00e0 l\u2019aide d\u2019un commutateur : 2200 K\/ 2700 K\/ 3000 K\/ 3500 K\/ 4000 K<\/li>\n<li class=\"p1\">Interrupteur CCT facile d&rsquo;acc\u00e8s \u00e0 l&rsquo;arri\u00e8re du projecteur<\/li>\n<li class=\"p1\">Convient aux endroits mouill\u00e9s<\/li>\n<li class=\"p1\">Garantie de 5 ans<\/li>\n<\/ul>\n","protected":false},"excerpt":{"rendered":"<p>Ce spot paysager LED 12V durable et enti\u00e8rement scell\u00e9 est fabriqu\u00e9 en aluminium solide. Il comprend un module LED int\u00e9gr\u00e9 qui \u00e9met une lumi\u00e8re blanche froide, naturelle ou chaude dans plusieurs faisceaux, tous s\u00e9lectionnables avec un commutateur 5CCT. Peut \u00eatre tourn\u00e9 \u00e0 180\u00b0 et \u00e9quip\u00e9 d&rsquo;un \u00e9cran anti-\u00e9blouissement pour une pr\u00e9cision extr\u00eame. Le projecteur paysager est id\u00e9al pour les jardins, l&rsquo;\u00e9clairage des arbres, l&rsquo;\u00e9clairage architectural, etc.<\/p>\n","protected":false},"featured_media":25079,"template":"","meta":{"_acf_changed":false,"site-sidebar-layout":"default","site-content-layout":"default","ast-site-content-layout":"default","site-content-style":"default","site-sidebar-style":"default","ast-global-header-display":"","ast-banner-title-visibility":"","ast-main-header-display":"","ast-hfb-above-header-display":"","ast-hfb-below-header-display":"","ast-hfb-mobile-header-display":"","site-post-title":"","ast-breadcrumbs-content":"","ast-featured-img":"","footer-sml-layout":"","ast-disable-related-posts":"","theme-transparent-header-meta":"default","adv-header-id-meta":"","stick-header-meta":"default","header-above-stick-meta":"","header-main-stick-meta":"","header-below-stick-meta":"","astra-migrate-meta-layouts":"set","ast-page-background-enabled":"default","ast-page-background-meta":{"desktop":{"background-color":"","background-image":"","background-repeat":"repeat","background-position":"center center","background-size":"auto","background-attachment":"scroll","background-type":"","background-media":"","overlay-type":"","overlay-color":"","overlay-opacity":"","overlay-gradient":""},"tablet":{"background-color":"","background-image":"","background-repeat":"repeat","background-position":"center center","background-size":"auto","background-attachment":"scroll","background-type":"","background-media":"","overlay-type":"","overlay-color":"","overlay-opacity":"","overlay-gradient":""},"mobile":{"background-color":"","background-image":"","background-repeat":"repeat","background-position":"center center","background-size":"auto","background-attachment":"scroll","background-type":"","background-media":"","overlay-type":"","overlay-color":"","overlay-opacity":"","overlay-gradient":""}},"ast-content-background-meta":{"desktop":{"background-color":"var(--ast-global-color-5)","background-image":"","background-repeat":"repeat","background-position":"center center","background-size":"auto","background-attachment":"scroll","background-type":"","background-media":"","overlay-type":"","overlay-color":"","overlay-opacity":"","overlay-gradient":""},"tablet":{"background-color":"var(--ast-global-color-5)","background-image":"","background-repeat":"repeat","background-position":"center center","background-size":"auto","background-attachment":"scroll","background-type":"","background-media":"","overlay-type":"","overlay-color":"","overlay-opacity":"","overlay-gradient":""},"mobile":{"background-color":"var(--ast-global-color-5)","background-image":"","background-repeat":"repeat","background-position":"center center","background-size":"auto","background-attachment":"scroll","background-type":"","background-media":"","overlay-type":"","overlay-color":"","overlay-opacity":"","overlay-gradient":""}}},"product_brand":[],"product_cat":[84,1788,2055,2059],"product_tag":[],"class_list":{"0":"post-25071","1":"product","2":"type-product","3":"status-publish","4":"has-post-thumbnail","6":"product_cat-exterieur","7":"product_cat-paysager","8":"product_cat-paysager-fr","9":"product_cat-projecteurs","10":"pa_finish-noir","11":"desktop-align-center","12":"tablet-align-center","13":"mobile-align-center","14":"ast-product-gallery-layout-horizontal-slider","15":"ast-product-tabs-layout-horizontal","17":"first","18":"instock","19":"taxable","20":"shipping-taxable","21":"product-type-simple"},"acf":[],"yoast_head":"<!-- This site is optimized with the Yoast SEO plugin v27.3 - https:\/\/yoast.com\/product\/yoast-seo-wordpress\/ -->\n<title>Spot paysage 3&quot; - Dals Lighting<\/title>\n<meta name=\"robots\" content=\"index, follow, max-snippet:-1, max-image-preview:large, max-video-preview:-1\" \/>\n<link rel=\"canonical\" href=\"https:\/\/dals.com\/fr\/produit\/lsp3-ccl-projecteur-paysager-de-3\/\" \/>\n<meta property=\"og:locale\" content=\"fr_FR\" \/>\n<meta property=\"og:type\" content=\"article\" \/>\n<meta property=\"og:title\" content=\"Spot paysage 3&quot; - Dals Lighting\" \/>\n<meta property=\"og:description\" content=\"Ce spot paysager LED 12V durable et enti\u00e8rement scell\u00e9 est fabriqu\u00e9 en aluminium solide. Il comprend un module LED int\u00e9gr\u00e9 qui \u00e9met une lumi\u00e8re blanche froide, naturelle ou chaude dans plusieurs faisceaux, tous s\u00e9lectionnables avec un commutateur 5CCT. Peut \u00eatre tourn\u00e9 \u00e0 180\u00b0 et \u00e9quip\u00e9 d&#039;un \u00e9cran anti-\u00e9blouissement pour une pr\u00e9cision extr\u00eame. Le projecteur paysager est id\u00e9al pour les jardins, l&#039;\u00e9clairage des arbres, l&#039;\u00e9clairage architectural, etc.\" \/>\n<meta property=\"og:url\" content=\"https:\/\/dals.com\/fr\/produit\/lsp3-ccl-projecteur-paysager-de-3\/\" \/>\n<meta property=\"og:site_name\" content=\"Dals Lighting\" \/>\n<meta property=\"article:modified_time\" content=\"2025-06-17T18:52:39+00:00\" \/>\n<meta property=\"og:image\" content=\"https:\/\/dals.com\/wp-content\/uploads\/2021\/12\/lsp3-cc-bk.jpg\" \/>\n\t<meta property=\"og:image:width\" content=\"2000\" \/>\n\t<meta property=\"og:image:height\" content=\"2000\" \/>\n\t<meta property=\"og:image:type\" content=\"image\/jpeg\" \/>\n<meta name=\"twitter:card\" content=\"summary_large_image\" \/>\n<meta name=\"twitter:label1\" content=\"Dur\u00e9e de lecture estim\u00e9e\" \/>\n\t<meta name=\"twitter:data1\" content=\"1 minute\" \/>\n<script type=\"application\/ld+json\" class=\"yoast-schema-graph\">{\"@context\":\"https:\\\/\\\/schema.org\",\"@graph\":[{\"@type\":\"WebPage\",\"@id\":\"https:\\\/\\\/dals.com\\\/fr\\\/produit\\\/lsp3-ccl-projecteur-paysager-de-3\\\/\",\"url\":\"https:\\\/\\\/dals.com\\\/fr\\\/produit\\\/lsp3-ccl-projecteur-paysager-de-3\\\/\",\"name\":\"Spot paysage 3\\\" - Dals Lighting\",\"isPartOf\":{\"@id\":\"https:\\\/\\\/dalslit.tempurl.host\\\/#website\"},\"primaryImageOfPage\":{\"@id\":\"https:\\\/\\\/dals.com\\\/fr\\\/produit\\\/lsp3-ccl-projecteur-paysager-de-3\\\/#primaryimage\"},\"image\":{\"@id\":\"https:\\\/\\\/dals.com\\\/fr\\\/produit\\\/lsp3-ccl-projecteur-paysager-de-3\\\/#primaryimage\"},\"thumbnailUrl\":\"https:\\\/\\\/dals.com\\\/wp-content\\\/uploads\\\/2021\\\/12\\\/lsp3-cc-bk.jpg\",\"datePublished\":\"2021-12-03T17:35:46+00:00\",\"dateModified\":\"2025-06-17T18:52:39+00:00\",\"breadcrumb\":{\"@id\":\"https:\\\/\\\/dals.com\\\/fr\\\/produit\\\/lsp3-ccl-projecteur-paysager-de-3\\\/#breadcrumb\"},\"inLanguage\":\"fr-FR\",\"potentialAction\":[{\"@type\":\"ReadAction\",\"target\":[\"https:\\\/\\\/dals.com\\\/fr\\\/produit\\\/lsp3-ccl-projecteur-paysager-de-3\\\/\"]}]},{\"@type\":\"ImageObject\",\"inLanguage\":\"fr-FR\",\"@id\":\"https:\\\/\\\/dals.com\\\/fr\\\/produit\\\/lsp3-ccl-projecteur-paysager-de-3\\\/#primaryimage\",\"url\":\"https:\\\/\\\/dals.com\\\/wp-content\\\/uploads\\\/2021\\\/12\\\/lsp3-cc-bk.jpg\",\"contentUrl\":\"https:\\\/\\\/dals.com\\\/wp-content\\\/uploads\\\/2021\\\/12\\\/lsp3-cc-bk.jpg\",\"width\":2000,\"height\":2000},{\"@type\":\"BreadcrumbList\",\"@id\":\"https:\\\/\\\/dals.com\\\/fr\\\/produit\\\/lsp3-ccl-projecteur-paysager-de-3\\\/#breadcrumb\",\"itemListElement\":[{\"@type\":\"ListItem\",\"position\":1,\"name\":\"Accueil\",\"item\":\"https:\\\/\\\/dals.com\\\/fr\\\/\"},{\"@type\":\"ListItem\",\"position\":2,\"name\":\"Produits\",\"item\":\"https:\\\/\\\/dalslit.tempurl.host\\\/fr\\\/?page_id=31878\"},{\"@type\":\"ListItem\",\"position\":3,\"name\":\"Paysager\",\"item\":\"https:\\\/\\\/dals.com\\\/fr\\\/categorie-produit\\\/paysager-fr\\\/\"},{\"@type\":\"ListItem\",\"position\":4,\"name\":\"Spot paysage 3&#8243;\"}]},{\"@type\":\"WebSite\",\"@id\":\"https:\\\/\\\/dalslit.tempurl.host\\\/#website\",\"url\":\"https:\\\/\\\/dalslit.tempurl.host\\\/\",\"name\":\"Dals Lighting\",\"description\":\"Manufacturer of designer lighting products\",\"publisher\":{\"@id\":\"https:\\\/\\\/dalslit.tempurl.host\\\/#organization\"},\"potentialAction\":[{\"@type\":\"SearchAction\",\"target\":{\"@type\":\"EntryPoint\",\"urlTemplate\":\"https:\\\/\\\/dalslit.tempurl.host\\\/?s={search_term_string}\"},\"query-input\":{\"@type\":\"PropertyValueSpecification\",\"valueRequired\":true,\"valueName\":\"search_term_string\"}}],\"inLanguage\":\"fr-FR\"},{\"@type\":\"Organization\",\"@id\":\"https:\\\/\\\/dalslit.tempurl.host\\\/#organization\",\"name\":\"Dals Lighting\",\"url\":\"https:\\\/\\\/dalslit.tempurl.host\\\/\",\"logo\":{\"@type\":\"ImageObject\",\"inLanguage\":\"fr-FR\",\"@id\":\"https:\\\/\\\/dalslit.tempurl.host\\\/#\\\/schema\\\/logo\\\/image\\\/\",\"url\":\"https:\\\/\\\/dals.com\\\/wp-content\\\/uploads\\\/2020\\\/01\\\/cropped-logo-dals.png\",\"contentUrl\":\"https:\\\/\\\/dals.com\\\/wp-content\\\/uploads\\\/2020\\\/01\\\/cropped-logo-dals.png\",\"width\":\"300\",\"height\":\"125\",\"caption\":\"Dals Lighting\"},\"image\":{\"@id\":\"https:\\\/\\\/dalslit.tempurl.host\\\/#\\\/schema\\\/logo\\\/image\\\/\"}}]}<\/script>\n<!-- \/ Yoast SEO plugin. -->","yoast_head_json":{"title":"Spot paysage 3\" - Dals Lighting","robots":{"index":"index","follow":"follow","max-snippet":"max-snippet:-1","max-image-preview":"max-image-preview:large","max-video-preview":"max-video-preview:-1"},"canonical":"https:\/\/dals.com\/fr\/produit\/lsp3-ccl-projecteur-paysager-de-3\/","og_locale":"fr_FR","og_type":"article","og_title":"Spot paysage 3\" - Dals Lighting","og_description":"Ce spot paysager LED 12V durable et enti\u00e8rement scell\u00e9 est fabriqu\u00e9 en aluminium solide. Il comprend un module LED int\u00e9gr\u00e9 qui \u00e9met une lumi\u00e8re blanche froide, naturelle ou chaude dans plusieurs faisceaux, tous s\u00e9lectionnables avec un commutateur 5CCT. Peut \u00eatre tourn\u00e9 \u00e0 180\u00b0 et \u00e9quip\u00e9 d'un \u00e9cran anti-\u00e9blouissement pour une pr\u00e9cision extr\u00eame. Le projecteur paysager est id\u00e9al pour les jardins, l'\u00e9clairage des arbres, l'\u00e9clairage architectural, etc.","og_url":"https:\/\/dals.com\/fr\/produit\/lsp3-ccl-projecteur-paysager-de-3\/","og_site_name":"Dals Lighting","article_modified_time":"2025-06-17T18:52:39+00:00","og_image":[{"width":2000,"height":2000,"url":"https:\/\/dals.com\/wp-content\/uploads\/2021\/12\/lsp3-cc-bk.jpg","type":"image\/jpeg"}],"twitter_card":"summary_large_image","twitter_misc":{"Dur\u00e9e de lecture estim\u00e9e":"1 minute"},"schema":{"@context":"https:\/\/schema.org","@graph":[{"@type":"WebPage","@id":"https:\/\/dals.com\/fr\/produit\/lsp3-ccl-projecteur-paysager-de-3\/","url":"https:\/\/dals.com\/fr\/produit\/lsp3-ccl-projecteur-paysager-de-3\/","name":"Spot paysage 3\" - Dals Lighting","isPartOf":{"@id":"https:\/\/dalslit.tempurl.host\/#website"},"primaryImageOfPage":{"@id":"https:\/\/dals.com\/fr\/produit\/lsp3-ccl-projecteur-paysager-de-3\/#primaryimage"},"image":{"@id":"https:\/\/dals.com\/fr\/produit\/lsp3-ccl-projecteur-paysager-de-3\/#primaryimage"},"thumbnailUrl":"https:\/\/dals.com\/wp-content\/uploads\/2021\/12\/lsp3-cc-bk.jpg","datePublished":"2021-12-03T17:35:46+00:00","dateModified":"2025-06-17T18:52:39+00:00","breadcrumb":{"@id":"https:\/\/dals.com\/fr\/produit\/lsp3-ccl-projecteur-paysager-de-3\/#breadcrumb"},"inLanguage":"fr-FR","potentialAction":[{"@type":"ReadAction","target":["https:\/\/dals.com\/fr\/produit\/lsp3-ccl-projecteur-paysager-de-3\/"]}]},{"@type":"ImageObject","inLanguage":"fr-FR","@id":"https:\/\/dals.com\/fr\/produit\/lsp3-ccl-projecteur-paysager-de-3\/#primaryimage","url":"https:\/\/dals.com\/wp-content\/uploads\/2021\/12\/lsp3-cc-bk.jpg","contentUrl":"https:\/\/dals.com\/wp-content\/uploads\/2021\/12\/lsp3-cc-bk.jpg","width":2000,"height":2000},{"@type":"BreadcrumbList","@id":"https:\/\/dals.com\/fr\/produit\/lsp3-ccl-projecteur-paysager-de-3\/#breadcrumb","itemListElement":[{"@type":"ListItem","position":1,"name":"Accueil","item":"https:\/\/dals.com\/fr\/"},{"@type":"ListItem","position":2,"name":"Produits","item":"https:\/\/dalslit.tempurl.host\/fr\/?page_id=31878"},{"@type":"ListItem","position":3,"name":"Paysager","item":"https:\/\/dals.com\/fr\/categorie-produit\/paysager-fr\/"},{"@type":"ListItem","position":4,"name":"Spot paysage 3&#8243;"}]},{"@type":"WebSite","@id":"https:\/\/dalslit.tempurl.host\/#website","url":"https:\/\/dalslit.tempurl.host\/","name":"Dals Lighting","description":"Manufacturer of designer lighting products","publisher":{"@id":"https:\/\/dalslit.tempurl.host\/#organization"},"potentialAction":[{"@type":"SearchAction","target":{"@type":"EntryPoint","urlTemplate":"https:\/\/dalslit.tempurl.host\/?s={search_term_string}"},"query-input":{"@type":"PropertyValueSpecification","valueRequired":true,"valueName":"search_term_string"}}],"inLanguage":"fr-FR"},{"@type":"Organization","@id":"https:\/\/dalslit.tempurl.host\/#organization","name":"Dals Lighting","url":"https:\/\/dalslit.tempurl.host\/","logo":{"@type":"ImageObject","inLanguage":"fr-FR","@id":"https:\/\/dalslit.tempurl.host\/#\/schema\/logo\/image\/","url":"https:\/\/dals.com\/wp-content\/uploads\/2020\/01\/cropped-logo-dals.png","contentUrl":"https:\/\/dals.com\/wp-content\/uploads\/2020\/01\/cropped-logo-dals.png","width":"300","height":"125","caption":"Dals Lighting"},"image":{"@id":"https:\/\/dalslit.tempurl.host\/#\/schema\/logo\/image\/"}}]}},"_links":{"self":[{"href":"https:\/\/dals.com\/fr\/wp-json\/wp\/v2\/product\/25071","targetHints":{"allow":["GET"]}}],"collection":[{"href":"https:\/\/dals.com\/fr\/wp-json\/wp\/v2\/product"}],"about":[{"href":"https:\/\/dals.com\/fr\/wp-json\/wp\/v2\/types\/product"}],"wp:featuredmedia":[{"embeddable":true,"href":"https:\/\/dals.com\/fr\/wp-json\/wp\/v2\/media\/25079"}],"wp:attachment":[{"href":"https:\/\/dals.com\/fr\/wp-json\/wp\/v2\/media?parent=25071"}],"wp:term":[{"taxonomy":"product_brand","embeddable":true,"href":"https:\/\/dals.com\/fr\/wp-json\/wp\/v2\/product_brand?post=25071"},{"taxonomy":"product_cat","embeddable":true,"href":"https:\/\/dals.com\/fr\/wp-json\/wp\/v2\/product_cat?post=25071"},{"taxonomy":"product_tag","embeddable":true,"href":"https:\/\/dals.com\/fr\/wp-json\/wp\/v2\/product_tag?post=25071"}],"curies":[{"name":"wp","href":"https:\/\/api.w.org\/{rel}","templated":true}]}}