{"id":24886,"date":"2021-12-02T23:21:37","date_gmt":"2021-12-03T04:21:37","guid":{"rendered":"https:\/\/dals.com\/?post_type=product&#038;p=24886"},"modified":"2026-01-23T08:15:43","modified_gmt":"2026-01-23T13:15:43","slug":"gbr06-cc-encastre-regresse-ajustable-de-6","status":"publish","type":"product","link":"https:\/\/dals.com\/fr\/produit\/gbr06-cc-encastre-regresse-ajustable-de-6\/","title":{"rendered":"Encastr\u00e9 rond directionnel r\u00e9gress\u00e9 de 6&Prime;"},"content":{"rendered":"\t\t<section class=\"elem-breadcrumbs elementor-element elementor-section-boxed elementor-section-height-default elementor-section-height-default elementor-section elementor-top-section\" data-element_type=\"section\" style=\"margin-bottom:30px\">\n\t<div class=\"elementor-container elementor-column-gap-default\">\n\t\t<div class=\"elementor-row\">\n\t\t\t<div class=\"elementor-element elementor-column elementor-col-100 elementor-top-column >\n\t\t\t\t<div class=\"elementor-column-wrap  elementor-element-populated\">\n\t\t\t\t\t<div class=\"elementor-widget-wrap\">\n\t\t\t\t\t\t<div class=\"elementor-element elementor-widget elementor-widget-breadcrumbs\" data-element_type=\"widget\" data-widget_type=\"breadcrumbs.default\">\n\t\t\t\t\t\t\t<div class=\"elementor-widget-container\">\n\t\t\t\t\t\t\t\t<span><span><a href=\"https:\/\/dals.com\/fr\/\">Accueil<\/a><\/span><\/span>\t\t\t\t\t\t\t<\/div>\n\t\t\t\t\t\t<\/div>\n\t\t\t\t\t<\/div>\n\t\t\t\t<\/div>\n\t\t\t<\/div>\n\t\t<\/div>\n\t<\/div>\n<\/section>\n\n<ul>\n<li>Chaque luminaire inclut une bo\u00eete de jonction avec transformateur gradable int\u00e9gr\u00e9<\/li>\n<li>Peut \u00eatre c\u00e2bl\u00e9 en s\u00e9rie<\/li>\n<li>Inclinaison \u00e0 30\u00b0, rotation \u00e0 360\u00b0<\/li>\n<li>Temp\u00e9rature de couleur s\u00e9lectionnable par interrupteur<\/li>\n<li>Angle de faisceau de 40\u00b0<\/li>\n<li>Inclinaison \u00e0 30\u00b0, rotation \u00e0 360\u00b0<\/li>\n<li>Garantie de 5 ans<\/li>\n<li><b>Finis<\/b><\/li>\n<\/ul>\n","protected":false},"excerpt":{"rendered":"<p>Notre famille d&rsquo;encastr\u00e9s s&rsquo;est agrandie avec une nouvelle gamme de downlights orientables. La conception sans effort et la haute fonctionnalit\u00e9 de ces luminaires ne manqueront pas de faire un ajout bienvenu dans n&rsquo;importe quelle pi\u00e8ce.<\/p>\n","protected":false},"featured_media":24878,"template":"","meta":{"_acf_changed":false,"site-sidebar-layout":"default","site-content-layout":"default","ast-site-content-layout":"default","site-content-style":"default","site-sidebar-style":"default","ast-global-header-display":"","ast-banner-title-visibility":"","ast-main-header-display":"","ast-hfb-above-header-display":"","ast-hfb-below-header-display":"","ast-hfb-mobile-header-display":"","site-post-title":"","ast-breadcrumbs-content":"","ast-featured-img":"","footer-sml-layout":"","ast-disable-related-posts":"","theme-transparent-header-meta":"default","adv-header-id-meta":"","stick-header-meta":"default","header-above-stick-meta":"","header-main-stick-meta":"","header-below-stick-meta":"","astra-migrate-meta-layouts":"set","ast-page-background-enabled":"default","ast-page-background-meta":{"desktop":{"background-color":"","background-image":"","background-repeat":"repeat","background-position":"center center","background-size":"auto","background-attachment":"scroll","background-type":"","background-media":"","overlay-type":"","overlay-color":"","overlay-opacity":"","overlay-gradient":""},"tablet":{"background-color":"","background-image":"","background-repeat":"repeat","background-position":"center center","background-size":"auto","background-attachment":"scroll","background-type":"","background-media":"","overlay-type":"","overlay-color":"","overlay-opacity":"","overlay-gradient":""},"mobile":{"background-color":"","background-image":"","background-repeat":"repeat","background-position":"center center","background-size":"auto","background-attachment":"scroll","background-type":"","background-media":"","overlay-type":"","overlay-color":"","overlay-opacity":"","overlay-gradient":""}},"ast-content-background-meta":{"desktop":{"background-color":"var(--ast-global-color-5)","background-image":"","background-repeat":"repeat","background-position":"center center","background-size":"auto","background-attachment":"scroll","background-type":"","background-media":"","overlay-type":"","overlay-color":"","overlay-opacity":"","overlay-gradient":""},"tablet":{"background-color":"var(--ast-global-color-5)","background-image":"","background-repeat":"repeat","background-position":"center center","background-size":"auto","background-attachment":"scroll","background-type":"","background-media":"","overlay-type":"","overlay-color":"","overlay-opacity":"","overlay-gradient":""},"mobile":{"background-color":"var(--ast-global-color-5)","background-image":"","background-repeat":"repeat","background-position":"center center","background-size":"auto","background-attachment":"scroll","background-type":"","background-media":"","overlay-type":"","overlay-color":"","overlay-opacity":"","overlay-gradient":""}}},"product_brand":[],"product_cat":[93,18,1392,84,535,2342,2352],"product_tag":[],"class_list":{"0":"post-24886","1":"product","2":"type-product","3":"status-publish","4":"has-post-thumbnail","6":"product_cat-directionnels","7":"product_cat-encastres","8":"product_cat-recessed-outdoor-fr","9":"product_cat-exterieur","10":"product_cat-regresses","11":"product_cat-revolve-2-fr-directionnels","12":"product_cat-revolve-fr-regresses","13":"pa_finish-blanc","14":"pa_finish-noir","15":"desktop-align-center","16":"tablet-align-center","17":"mobile-align-center","18":"ast-product-gallery-layout-horizontal-slider","19":"ast-product-single-variable","20":"ast-product-tabs-layout-horizontal","22":"first","23":"instock","24":"taxable","25":"shipping-taxable","26":"purchasable","27":"product-type-variable","28":"wvs-archive-product-wrapper"},"acf":[],"yoast_head":"<!-- This site is optimized with the Yoast SEO plugin v27.2 - https:\/\/yoast.com\/product\/yoast-seo-wordpress\/ -->\n<title>Encastr\u00e9 rond directionnel r\u00e9gress\u00e9 de 6&quot; - Dals Lighting<\/title>\n<meta name=\"robots\" content=\"index, follow, max-snippet:-1, max-image-preview:large, max-video-preview:-1\" \/>\n<link rel=\"canonical\" href=\"https:\/\/dals.com\/fr\/produit\/gbr06-cc-encastre-regresse-ajustable-de-6\/\" \/>\n<meta property=\"og:locale\" content=\"fr_FR\" \/>\n<meta property=\"og:type\" content=\"article\" \/>\n<meta property=\"og:title\" content=\"Encastr\u00e9 rond directionnel r\u00e9gress\u00e9 de 6&quot; - Dals Lighting\" \/>\n<meta property=\"og:description\" content=\"Notre famille d&#039;encastr\u00e9s s&#039;est agrandie avec une nouvelle gamme de downlights orientables. La conception sans effort et la haute fonctionnalit\u00e9 de ces luminaires ne manqueront pas de faire un ajout bienvenu dans n&#039;importe quelle pi\u00e8ce.\" \/>\n<meta property=\"og:url\" content=\"https:\/\/dals.com\/fr\/produit\/gbr06-cc-encastre-regresse-ajustable-de-6\/\" \/>\n<meta property=\"og:site_name\" content=\"Dals Lighting\" \/>\n<meta property=\"article:modified_time\" content=\"2026-01-23T13:15:43+00:00\" \/>\n<meta property=\"og:image\" content=\"https:\/\/dals.com\/wp-content\/uploads\/2021\/12\/gbr06-cc.jpg\" \/>\n\t<meta property=\"og:image:width\" content=\"2000\" \/>\n\t<meta property=\"og:image:height\" content=\"2000\" \/>\n\t<meta property=\"og:image:type\" content=\"image\/jpeg\" \/>\n<meta name=\"twitter:card\" content=\"summary_large_image\" \/>\n<meta name=\"twitter:label1\" content=\"Dur\u00e9e de lecture estim\u00e9e\" \/>\n\t<meta name=\"twitter:data1\" content=\"1 minute\" \/>\n<script type=\"application\/ld+json\" class=\"yoast-schema-graph\">{\"@context\":\"https:\/\/schema.org\",\"@graph\":[{\"@type\":\"WebPage\",\"@id\":\"https:\/\/dals.com\/fr\/produit\/gbr06-cc-encastre-regresse-ajustable-de-6\/\",\"url\":\"https:\/\/dals.com\/fr\/produit\/gbr06-cc-encastre-regresse-ajustable-de-6\/\",\"name\":\"Encastr\u00e9 rond directionnel r\u00e9gress\u00e9 de 6\\\" - Dals Lighting\",\"isPartOf\":{\"@id\":\"https:\/\/dalslit.tempurl.host\/#website\"},\"primaryImageOfPage\":{\"@id\":\"https:\/\/dals.com\/fr\/produit\/gbr06-cc-encastre-regresse-ajustable-de-6\/#primaryimage\"},\"image\":{\"@id\":\"https:\/\/dals.com\/fr\/produit\/gbr06-cc-encastre-regresse-ajustable-de-6\/#primaryimage\"},\"thumbnailUrl\":\"https:\/\/dals.com\/wp-content\/uploads\/2021\/12\/gbr06-cc.jpg\",\"datePublished\":\"2021-12-03T04:21:37+00:00\",\"dateModified\":\"2026-01-23T13:15:43+00:00\",\"breadcrumb\":{\"@id\":\"https:\/\/dals.com\/fr\/produit\/gbr06-cc-encastre-regresse-ajustable-de-6\/#breadcrumb\"},\"inLanguage\":\"fr-FR\",\"potentialAction\":[{\"@type\":\"ReadAction\",\"target\":[\"https:\/\/dals.com\/fr\/produit\/gbr06-cc-encastre-regresse-ajustable-de-6\/\"]}]},{\"@type\":\"ImageObject\",\"inLanguage\":\"fr-FR\",\"@id\":\"https:\/\/dals.com\/fr\/produit\/gbr06-cc-encastre-regresse-ajustable-de-6\/#primaryimage\",\"url\":\"https:\/\/dals.com\/wp-content\/uploads\/2021\/12\/gbr06-cc.jpg\",\"contentUrl\":\"https:\/\/dals.com\/wp-content\/uploads\/2021\/12\/gbr06-cc.jpg\",\"width\":2000,\"height\":2000},{\"@type\":\"BreadcrumbList\",\"@id\":\"https:\/\/dals.com\/fr\/produit\/gbr06-cc-encastre-regresse-ajustable-de-6\/#breadcrumb\",\"itemListElement\":[{\"@type\":\"ListItem\",\"position\":1,\"name\":\"Accueil\",\"item\":\"https:\/\/dals.com\/fr\/\"},{\"@type\":\"ListItem\",\"position\":2,\"name\":\"Produits\",\"item\":\"https:\/\/dalslit.tempurl.host\/fr\/?page_id=31878\"},{\"@type\":\"ListItem\",\"position\":3,\"name\":\"Encastr\u00e9s\",\"item\":\"https:\/\/dals.com\/fr\/categorie-produit\/encastres\/\"},{\"@type\":\"ListItem\",\"position\":4,\"name\":\"Encastr\u00e9 rond directionnel r\u00e9gress\u00e9 de 6&#8243;\"}]},{\"@type\":\"WebSite\",\"@id\":\"https:\/\/dalslit.tempurl.host\/#website\",\"url\":\"https:\/\/dalslit.tempurl.host\/\",\"name\":\"Dals Lighting\",\"description\":\"Manufacturer of designer lighting products\",\"publisher\":{\"@id\":\"https:\/\/dalslit.tempurl.host\/#organization\"},\"potentialAction\":[{\"@type\":\"SearchAction\",\"target\":{\"@type\":\"EntryPoint\",\"urlTemplate\":\"https:\/\/dalslit.tempurl.host\/?s={search_term_string}\"},\"query-input\":{\"@type\":\"PropertyValueSpecification\",\"valueRequired\":true,\"valueName\":\"search_term_string\"}}],\"inLanguage\":\"fr-FR\"},{\"@type\":\"Organization\",\"@id\":\"https:\/\/dalslit.tempurl.host\/#organization\",\"name\":\"Dals Lighting\",\"url\":\"https:\/\/dalslit.tempurl.host\/\",\"logo\":{\"@type\":\"ImageObject\",\"inLanguage\":\"fr-FR\",\"@id\":\"https:\/\/dalslit.tempurl.host\/#\/schema\/logo\/image\/\",\"url\":\"https:\/\/dals.com\/wp-content\/uploads\/2020\/01\/cropped-logo-dals.png\",\"contentUrl\":\"https:\/\/dals.com\/wp-content\/uploads\/2020\/01\/cropped-logo-dals.png\",\"width\":\"300\",\"height\":\"125\",\"caption\":\"Dals Lighting\"},\"image\":{\"@id\":\"https:\/\/dalslit.tempurl.host\/#\/schema\/logo\/image\/\"}}]}<\/script>\n<!-- \/ Yoast SEO plugin. -->","yoast_head_json":{"title":"Encastr\u00e9 rond directionnel r\u00e9gress\u00e9 de 6\" - Dals Lighting","robots":{"index":"index","follow":"follow","max-snippet":"max-snippet:-1","max-image-preview":"max-image-preview:large","max-video-preview":"max-video-preview:-1"},"canonical":"https:\/\/dals.com\/fr\/produit\/gbr06-cc-encastre-regresse-ajustable-de-6\/","og_locale":"fr_FR","og_type":"article","og_title":"Encastr\u00e9 rond directionnel r\u00e9gress\u00e9 de 6\" - Dals Lighting","og_description":"Notre famille d'encastr\u00e9s s'est agrandie avec une nouvelle gamme de downlights orientables. La conception sans effort et la haute fonctionnalit\u00e9 de ces luminaires ne manqueront pas de faire un ajout bienvenu dans n'importe quelle pi\u00e8ce.","og_url":"https:\/\/dals.com\/fr\/produit\/gbr06-cc-encastre-regresse-ajustable-de-6\/","og_site_name":"Dals Lighting","article_modified_time":"2026-01-23T13:15:43+00:00","og_image":[{"width":2000,"height":2000,"url":"https:\/\/dals.com\/wp-content\/uploads\/2021\/12\/gbr06-cc.jpg","type":"image\/jpeg"}],"twitter_card":"summary_large_image","twitter_misc":{"Dur\u00e9e de lecture estim\u00e9e":"1 minute"},"schema":{"@context":"https:\/\/schema.org","@graph":[{"@type":"WebPage","@id":"https:\/\/dals.com\/fr\/produit\/gbr06-cc-encastre-regresse-ajustable-de-6\/","url":"https:\/\/dals.com\/fr\/produit\/gbr06-cc-encastre-regresse-ajustable-de-6\/","name":"Encastr\u00e9 rond directionnel r\u00e9gress\u00e9 de 6\" - Dals Lighting","isPartOf":{"@id":"https:\/\/dalslit.tempurl.host\/#website"},"primaryImageOfPage":{"@id":"https:\/\/dals.com\/fr\/produit\/gbr06-cc-encastre-regresse-ajustable-de-6\/#primaryimage"},"image":{"@id":"https:\/\/dals.com\/fr\/produit\/gbr06-cc-encastre-regresse-ajustable-de-6\/#primaryimage"},"thumbnailUrl":"https:\/\/dals.com\/wp-content\/uploads\/2021\/12\/gbr06-cc.jpg","datePublished":"2021-12-03T04:21:37+00:00","dateModified":"2026-01-23T13:15:43+00:00","breadcrumb":{"@id":"https:\/\/dals.com\/fr\/produit\/gbr06-cc-encastre-regresse-ajustable-de-6\/#breadcrumb"},"inLanguage":"fr-FR","potentialAction":[{"@type":"ReadAction","target":["https:\/\/dals.com\/fr\/produit\/gbr06-cc-encastre-regresse-ajustable-de-6\/"]}]},{"@type":"ImageObject","inLanguage":"fr-FR","@id":"https:\/\/dals.com\/fr\/produit\/gbr06-cc-encastre-regresse-ajustable-de-6\/#primaryimage","url":"https:\/\/dals.com\/wp-content\/uploads\/2021\/12\/gbr06-cc.jpg","contentUrl":"https:\/\/dals.com\/wp-content\/uploads\/2021\/12\/gbr06-cc.jpg","width":2000,"height":2000},{"@type":"BreadcrumbList","@id":"https:\/\/dals.com\/fr\/produit\/gbr06-cc-encastre-regresse-ajustable-de-6\/#breadcrumb","itemListElement":[{"@type":"ListItem","position":1,"name":"Accueil","item":"https:\/\/dals.com\/fr\/"},{"@type":"ListItem","position":2,"name":"Produits","item":"https:\/\/dalslit.tempurl.host\/fr\/?page_id=31878"},{"@type":"ListItem","position":3,"name":"Encastr\u00e9s","item":"https:\/\/dals.com\/fr\/categorie-produit\/encastres\/"},{"@type":"ListItem","position":4,"name":"Encastr\u00e9 rond directionnel r\u00e9gress\u00e9 de 6&#8243;"}]},{"@type":"WebSite","@id":"https:\/\/dalslit.tempurl.host\/#website","url":"https:\/\/dalslit.tempurl.host\/","name":"Dals Lighting","description":"Manufacturer of designer lighting products","publisher":{"@id":"https:\/\/dalslit.tempurl.host\/#organization"},"potentialAction":[{"@type":"SearchAction","target":{"@type":"EntryPoint","urlTemplate":"https:\/\/dalslit.tempurl.host\/?s={search_term_string}"},"query-input":{"@type":"PropertyValueSpecification","valueRequired":true,"valueName":"search_term_string"}}],"inLanguage":"fr-FR"},{"@type":"Organization","@id":"https:\/\/dalslit.tempurl.host\/#organization","name":"Dals Lighting","url":"https:\/\/dalslit.tempurl.host\/","logo":{"@type":"ImageObject","inLanguage":"fr-FR","@id":"https:\/\/dalslit.tempurl.host\/#\/schema\/logo\/image\/","url":"https:\/\/dals.com\/wp-content\/uploads\/2020\/01\/cropped-logo-dals.png","contentUrl":"https:\/\/dals.com\/wp-content\/uploads\/2020\/01\/cropped-logo-dals.png","width":"300","height":"125","caption":"Dals Lighting"},"image":{"@id":"https:\/\/dalslit.tempurl.host\/#\/schema\/logo\/image\/"}}]}},"_links":{"self":[{"href":"https:\/\/dals.com\/fr\/wp-json\/wp\/v2\/product\/24886","targetHints":{"allow":["GET"]}}],"collection":[{"href":"https:\/\/dals.com\/fr\/wp-json\/wp\/v2\/product"}],"about":[{"href":"https:\/\/dals.com\/fr\/wp-json\/wp\/v2\/types\/product"}],"wp:featuredmedia":[{"embeddable":true,"href":"https:\/\/dals.com\/fr\/wp-json\/wp\/v2\/media\/24878"}],"wp:attachment":[{"href":"https:\/\/dals.com\/fr\/wp-json\/wp\/v2\/media?parent=24886"}],"wp:term":[{"taxonomy":"product_brand","embeddable":true,"href":"https:\/\/dals.com\/fr\/wp-json\/wp\/v2\/product_brand?post=24886"},{"taxonomy":"product_cat","embeddable":true,"href":"https:\/\/dals.com\/fr\/wp-json\/wp\/v2\/product_cat?post=24886"},{"taxonomy":"product_tag","embeddable":true,"href":"https:\/\/dals.com\/fr\/wp-json\/wp\/v2\/product_tag?post=24886"}],"curies":[{"name":"wp","href":"https:\/\/api.w.org\/{rel}","templated":true}]}}