{"id":19170,"date":"2021-06-15T15:10:37","date_gmt":"2021-06-15T19:10:37","guid":{"rendered":"https:\/\/dals.com\/?post_type=product&#038;p=19170"},"modified":"2026-02-06T10:06:51","modified_gmt":"2026-02-06T15:06:51","slug":"rgr6sq-encastre-carre-regresse-de-6","status":"publish","type":"product","link":"https:\/\/dals.com\/fr\/produit\/rgr6sq-encastre-carre-regresse-de-6\/","title":{"rendered":"Encastr\u00e9 carr\u00e9 r\u00e9gress\u00e9 de 6&Prime;"},"content":{"rendered":"\t\t<section class=\"elem-breadcrumbs elementor-element elementor-section-boxed elementor-section-height-default elementor-section-height-default elementor-section elementor-top-section\" data-element_type=\"section\" style=\"margin-bottom:30px\">\n\t<div class=\"elementor-container elementor-column-gap-default\">\n\t\t<div class=\"elementor-row\">\n\t\t\t<div class=\"elementor-element elementor-column elementor-col-100 elementor-top-column >\n\t\t\t\t<div class=\"elementor-column-wrap  elementor-element-populated\">\n\t\t\t\t\t<div class=\"elementor-widget-wrap\">\n\t\t\t\t\t\t<div class=\"elementor-element elementor-widget elementor-widget-breadcrumbs\" data-element_type=\"widget\" data-widget_type=\"breadcrumbs.default\">\n\t\t\t\t\t\t\t<div class=\"elementor-widget-container\">\n\t\t\t\t\t\t\t\t<span><span><a href=\"https:\/\/dals.com\/fr\/\">Accueil<\/a><\/span><\/span>\t\t\t\t\t\t\t<\/div>\n\t\t\t\t\t\t<\/div>\n\t\t\t\t\t<\/div>\n\t\t\t\t<\/div>\n\t\t\t<\/div>\n\t\t<\/div>\n\t<\/div>\n<\/section>\n\n<ul>\n<li>Chaque luminaire inclut une bo\u00eete de jonction avec transformateur gradable int\u00e9gr\u00e9<\/li>\n<li>Peut \u00eatre c\u00e2bl\u00e9 en s\u00e9rie<\/li>\n<li>Construction en aluminium<\/li>\n<li>Temp\u00e9rature de couleur s\u00e9lectionnable par interrupteur<\/li>\n<li>Angle de faisceau de 40\u00b0<\/li>\n<li>Garantie de 5 ans<\/li>\n<\/ul>\n","protected":false},"excerpt":{"rendered":"<p><em>(Mod\u00e8le satin nickel seulement)<\/em><\/p>\n<p>Lors du choix d&rsquo;un luminaire encastr\u00e9, l&rsquo;\u00e9limination de l&rsquo;\u00e9blouissement est une priorit\u00e9. Le positionnement unique du module LED dans cette s\u00e9rie de downlights r\u00e9pondra \u00e0 ce besoin important.<\/p>\n","protected":false},"featured_media":4212,"template":"","meta":{"_acf_changed":false,"site-sidebar-layout":"default","site-content-layout":"default","ast-site-content-layout":"default","site-content-style":"default","site-sidebar-style":"default","ast-global-header-display":"","ast-banner-title-visibility":"","ast-main-header-display":"","ast-hfb-above-header-display":"","ast-hfb-below-header-display":"","ast-hfb-mobile-header-display":"","site-post-title":"","ast-breadcrumbs-content":"","ast-featured-img":"","footer-sml-layout":"","ast-disable-related-posts":"","theme-transparent-header-meta":"default","adv-header-id-meta":"","stick-header-meta":"default","header-above-stick-meta":"","header-main-stick-meta":"","header-below-stick-meta":"","astra-migrate-meta-layouts":"set","ast-page-background-enabled":"default","ast-page-background-meta":{"desktop":{"background-color":"","background-image":"","background-repeat":"repeat","background-position":"center center","background-size":"auto","background-attachment":"scroll","background-type":"","background-media":"","overlay-type":"","overlay-color":"","overlay-opacity":"","overlay-gradient":""},"tablet":{"background-color":"","background-image":"","background-repeat":"repeat","background-position":"center center","background-size":"auto","background-attachment":"scroll","background-type":"","background-media":"","overlay-type":"","overlay-color":"","overlay-opacity":"","overlay-gradient":""},"mobile":{"background-color":"","background-image":"","background-repeat":"repeat","background-position":"center center","background-size":"auto","background-attachment":"scroll","background-type":"","background-media":"","overlay-type":"","overlay-color":"","overlay-opacity":"","overlay-gradient":""}},"ast-content-background-meta":{"desktop":{"background-color":"var(--ast-global-color-5)","background-image":"","background-repeat":"repeat","background-position":"center center","background-size":"auto","background-attachment":"scroll","background-type":"","background-media":"","overlay-type":"","overlay-color":"","overlay-opacity":"","overlay-gradient":""},"tablet":{"background-color":"var(--ast-global-color-5)","background-image":"","background-repeat":"repeat","background-position":"center center","background-size":"auto","background-attachment":"scroll","background-type":"","background-media":"","overlay-type":"","overlay-color":"","overlay-opacity":"","overlay-gradient":""},"mobile":{"background-color":"var(--ast-global-color-5)","background-image":"","background-repeat":"repeat","background-position":"center center","background-size":"auto","background-attachment":"scroll","background-type":"","background-media":"","overlay-type":"","overlay-color":"","overlay-opacity":"","overlay-gradient":""}}},"product_brand":[],"product_cat":[18,1392,84,535,2351],"product_tag":[],"class_list":{"0":"post-19170","1":"product","2":"type-product","3":"status-publish","4":"has-post-thumbnail","6":"product_cat-encastres","7":"product_cat-recessed-outdoor-fr","8":"product_cat-exterieur","9":"product_cat-regresses","10":"product_cat-rgr-fr","11":"pa_finish-blanc","12":"pa_finish-nickel-satine","13":"pa_finish-noir","14":"desktop-align-center","15":"tablet-align-center","16":"mobile-align-center","17":"ast-product-gallery-layout-horizontal-slider","18":"ast-product-single-variable","19":"ast-product-tabs-layout-horizontal","21":"first","22":"instock","23":"taxable","24":"shipping-taxable","25":"purchasable","26":"product-type-variable","27":"wvs-archive-product-wrapper"},"acf":[],"yoast_head":"<!-- This site is optimized with the Yoast SEO plugin v27.3 - https:\/\/yoast.com\/product\/yoast-seo-wordpress\/ -->\n<title>Encastr\u00e9 carr\u00e9 r\u00e9gress\u00e9 de 6&quot; - Dals Lighting<\/title>\n<meta name=\"robots\" content=\"index, follow, max-snippet:-1, max-image-preview:large, max-video-preview:-1\" \/>\n<link rel=\"canonical\" href=\"https:\/\/dals.com\/fr\/produit\/rgr6sq-encastre-carre-regresse-de-6\/\" \/>\n<meta property=\"og:locale\" content=\"fr_FR\" \/>\n<meta property=\"og:type\" content=\"article\" \/>\n<meta property=\"og:title\" content=\"Encastr\u00e9 carr\u00e9 r\u00e9gress\u00e9 de 6&quot; - Dals Lighting\" \/>\n<meta property=\"og:description\" content=\"(Mod\u00e8le satin nickel seulement)  Lors du choix d&#039;un luminaire encastr\u00e9, l&#039;\u00e9limination de l&#039;\u00e9blouissement est une priorit\u00e9. Le positionnement unique du module LED dans cette s\u00e9rie de downlights r\u00e9pondra \u00e0 ce besoin important.\" \/>\n<meta property=\"og:url\" content=\"https:\/\/dals.com\/fr\/produit\/rgr6sq-encastre-carre-regresse-de-6\/\" \/>\n<meta property=\"og:site_name\" content=\"Dals Lighting\" \/>\n<meta property=\"article:modified_time\" content=\"2026-02-06T15:06:51+00:00\" \/>\n<meta property=\"og:image\" content=\"https:\/\/dals.com\/wp-content\/uploads\/2019\/12\/rgr6sq-bk.jpg\" \/>\n\t<meta property=\"og:image:width\" content=\"1920\" \/>\n\t<meta property=\"og:image:height\" content=\"1920\" \/>\n\t<meta property=\"og:image:type\" content=\"image\/jpeg\" \/>\n<meta name=\"twitter:card\" content=\"summary_large_image\" \/>\n<meta name=\"twitter:label1\" content=\"Dur\u00e9e de lecture estim\u00e9e\" \/>\n\t<meta name=\"twitter:data1\" content=\"1 minute\" \/>\n<script type=\"application\/ld+json\" class=\"yoast-schema-graph\">{\"@context\":\"https:\\\/\\\/schema.org\",\"@graph\":[{\"@type\":\"WebPage\",\"@id\":\"https:\\\/\\\/dals.com\\\/fr\\\/produit\\\/rgr6sq-encastre-carre-regresse-de-6\\\/\",\"url\":\"https:\\\/\\\/dals.com\\\/fr\\\/produit\\\/rgr6sq-encastre-carre-regresse-de-6\\\/\",\"name\":\"Encastr\u00e9 carr\u00e9 r\u00e9gress\u00e9 de 6\\\" - Dals Lighting\",\"isPartOf\":{\"@id\":\"https:\\\/\\\/dalslit.tempurl.host\\\/#website\"},\"primaryImageOfPage\":{\"@id\":\"https:\\\/\\\/dals.com\\\/fr\\\/produit\\\/rgr6sq-encastre-carre-regresse-de-6\\\/#primaryimage\"},\"image\":{\"@id\":\"https:\\\/\\\/dals.com\\\/fr\\\/produit\\\/rgr6sq-encastre-carre-regresse-de-6\\\/#primaryimage\"},\"thumbnailUrl\":\"https:\\\/\\\/dals.com\\\/wp-content\\\/uploads\\\/2019\\\/12\\\/rgr6sq-bk.jpg\",\"datePublished\":\"2021-06-15T19:10:37+00:00\",\"dateModified\":\"2026-02-06T15:06:51+00:00\",\"breadcrumb\":{\"@id\":\"https:\\\/\\\/dals.com\\\/fr\\\/produit\\\/rgr6sq-encastre-carre-regresse-de-6\\\/#breadcrumb\"},\"inLanguage\":\"fr-FR\",\"potentialAction\":[{\"@type\":\"ReadAction\",\"target\":[\"https:\\\/\\\/dals.com\\\/fr\\\/produit\\\/rgr6sq-encastre-carre-regresse-de-6\\\/\"]}]},{\"@type\":\"ImageObject\",\"inLanguage\":\"fr-FR\",\"@id\":\"https:\\\/\\\/dals.com\\\/fr\\\/produit\\\/rgr6sq-encastre-carre-regresse-de-6\\\/#primaryimage\",\"url\":\"https:\\\/\\\/dals.com\\\/wp-content\\\/uploads\\\/2019\\\/12\\\/rgr6sq-bk.jpg\",\"contentUrl\":\"https:\\\/\\\/dals.com\\\/wp-content\\\/uploads\\\/2019\\\/12\\\/rgr6sq-bk.jpg\",\"width\":1920,\"height\":1920},{\"@type\":\"BreadcrumbList\",\"@id\":\"https:\\\/\\\/dals.com\\\/fr\\\/produit\\\/rgr6sq-encastre-carre-regresse-de-6\\\/#breadcrumb\",\"itemListElement\":[{\"@type\":\"ListItem\",\"position\":1,\"name\":\"Accueil\",\"item\":\"https:\\\/\\\/dals.com\\\/fr\\\/\"},{\"@type\":\"ListItem\",\"position\":2,\"name\":\"Produits\",\"item\":\"https:\\\/\\\/dalslit.tempurl.host\\\/fr\\\/?page_id=31878\"},{\"@type\":\"ListItem\",\"position\":3,\"name\":\"Encastr\u00e9s\",\"item\":\"https:\\\/\\\/dals.com\\\/fr\\\/categorie-produit\\\/encastres\\\/\"},{\"@type\":\"ListItem\",\"position\":4,\"name\":\"Encastr\u00e9 carr\u00e9 r\u00e9gress\u00e9 de 6&#8243;\"}]},{\"@type\":\"WebSite\",\"@id\":\"https:\\\/\\\/dalslit.tempurl.host\\\/#website\",\"url\":\"https:\\\/\\\/dalslit.tempurl.host\\\/\",\"name\":\"Dals Lighting\",\"description\":\"Manufacturer of designer lighting products\",\"publisher\":{\"@id\":\"https:\\\/\\\/dalslit.tempurl.host\\\/#organization\"},\"potentialAction\":[{\"@type\":\"SearchAction\",\"target\":{\"@type\":\"EntryPoint\",\"urlTemplate\":\"https:\\\/\\\/dalslit.tempurl.host\\\/?s={search_term_string}\"},\"query-input\":{\"@type\":\"PropertyValueSpecification\",\"valueRequired\":true,\"valueName\":\"search_term_string\"}}],\"inLanguage\":\"fr-FR\"},{\"@type\":\"Organization\",\"@id\":\"https:\\\/\\\/dalslit.tempurl.host\\\/#organization\",\"name\":\"Dals Lighting\",\"url\":\"https:\\\/\\\/dalslit.tempurl.host\\\/\",\"logo\":{\"@type\":\"ImageObject\",\"inLanguage\":\"fr-FR\",\"@id\":\"https:\\\/\\\/dalslit.tempurl.host\\\/#\\\/schema\\\/logo\\\/image\\\/\",\"url\":\"https:\\\/\\\/dals.com\\\/wp-content\\\/uploads\\\/2020\\\/01\\\/cropped-logo-dals.png\",\"contentUrl\":\"https:\\\/\\\/dals.com\\\/wp-content\\\/uploads\\\/2020\\\/01\\\/cropped-logo-dals.png\",\"width\":\"300\",\"height\":\"125\",\"caption\":\"Dals Lighting\"},\"image\":{\"@id\":\"https:\\\/\\\/dalslit.tempurl.host\\\/#\\\/schema\\\/logo\\\/image\\\/\"}}]}<\/script>\n<!-- \/ Yoast SEO plugin. -->","yoast_head_json":{"title":"Encastr\u00e9 carr\u00e9 r\u00e9gress\u00e9 de 6\" - Dals Lighting","robots":{"index":"index","follow":"follow","max-snippet":"max-snippet:-1","max-image-preview":"max-image-preview:large","max-video-preview":"max-video-preview:-1"},"canonical":"https:\/\/dals.com\/fr\/produit\/rgr6sq-encastre-carre-regresse-de-6\/","og_locale":"fr_FR","og_type":"article","og_title":"Encastr\u00e9 carr\u00e9 r\u00e9gress\u00e9 de 6\" - Dals Lighting","og_description":"(Mod\u00e8le satin nickel seulement)  Lors du choix d'un luminaire encastr\u00e9, l'\u00e9limination de l'\u00e9blouissement est une priorit\u00e9. Le positionnement unique du module LED dans cette s\u00e9rie de downlights r\u00e9pondra \u00e0 ce besoin important.","og_url":"https:\/\/dals.com\/fr\/produit\/rgr6sq-encastre-carre-regresse-de-6\/","og_site_name":"Dals Lighting","article_modified_time":"2026-02-06T15:06:51+00:00","og_image":[{"width":1920,"height":1920,"url":"https:\/\/dals.com\/wp-content\/uploads\/2019\/12\/rgr6sq-bk.jpg","type":"image\/jpeg"}],"twitter_card":"summary_large_image","twitter_misc":{"Dur\u00e9e de lecture estim\u00e9e":"1 minute"},"schema":{"@context":"https:\/\/schema.org","@graph":[{"@type":"WebPage","@id":"https:\/\/dals.com\/fr\/produit\/rgr6sq-encastre-carre-regresse-de-6\/","url":"https:\/\/dals.com\/fr\/produit\/rgr6sq-encastre-carre-regresse-de-6\/","name":"Encastr\u00e9 carr\u00e9 r\u00e9gress\u00e9 de 6\" - Dals Lighting","isPartOf":{"@id":"https:\/\/dalslit.tempurl.host\/#website"},"primaryImageOfPage":{"@id":"https:\/\/dals.com\/fr\/produit\/rgr6sq-encastre-carre-regresse-de-6\/#primaryimage"},"image":{"@id":"https:\/\/dals.com\/fr\/produit\/rgr6sq-encastre-carre-regresse-de-6\/#primaryimage"},"thumbnailUrl":"https:\/\/dals.com\/wp-content\/uploads\/2019\/12\/rgr6sq-bk.jpg","datePublished":"2021-06-15T19:10:37+00:00","dateModified":"2026-02-06T15:06:51+00:00","breadcrumb":{"@id":"https:\/\/dals.com\/fr\/produit\/rgr6sq-encastre-carre-regresse-de-6\/#breadcrumb"},"inLanguage":"fr-FR","potentialAction":[{"@type":"ReadAction","target":["https:\/\/dals.com\/fr\/produit\/rgr6sq-encastre-carre-regresse-de-6\/"]}]},{"@type":"ImageObject","inLanguage":"fr-FR","@id":"https:\/\/dals.com\/fr\/produit\/rgr6sq-encastre-carre-regresse-de-6\/#primaryimage","url":"https:\/\/dals.com\/wp-content\/uploads\/2019\/12\/rgr6sq-bk.jpg","contentUrl":"https:\/\/dals.com\/wp-content\/uploads\/2019\/12\/rgr6sq-bk.jpg","width":1920,"height":1920},{"@type":"BreadcrumbList","@id":"https:\/\/dals.com\/fr\/produit\/rgr6sq-encastre-carre-regresse-de-6\/#breadcrumb","itemListElement":[{"@type":"ListItem","position":1,"name":"Accueil","item":"https:\/\/dals.com\/fr\/"},{"@type":"ListItem","position":2,"name":"Produits","item":"https:\/\/dalslit.tempurl.host\/fr\/?page_id=31878"},{"@type":"ListItem","position":3,"name":"Encastr\u00e9s","item":"https:\/\/dals.com\/fr\/categorie-produit\/encastres\/"},{"@type":"ListItem","position":4,"name":"Encastr\u00e9 carr\u00e9 r\u00e9gress\u00e9 de 6&#8243;"}]},{"@type":"WebSite","@id":"https:\/\/dalslit.tempurl.host\/#website","url":"https:\/\/dalslit.tempurl.host\/","name":"Dals Lighting","description":"Manufacturer of designer lighting products","publisher":{"@id":"https:\/\/dalslit.tempurl.host\/#organization"},"potentialAction":[{"@type":"SearchAction","target":{"@type":"EntryPoint","urlTemplate":"https:\/\/dalslit.tempurl.host\/?s={search_term_string}"},"query-input":{"@type":"PropertyValueSpecification","valueRequired":true,"valueName":"search_term_string"}}],"inLanguage":"fr-FR"},{"@type":"Organization","@id":"https:\/\/dalslit.tempurl.host\/#organization","name":"Dals Lighting","url":"https:\/\/dalslit.tempurl.host\/","logo":{"@type":"ImageObject","inLanguage":"fr-FR","@id":"https:\/\/dalslit.tempurl.host\/#\/schema\/logo\/image\/","url":"https:\/\/dals.com\/wp-content\/uploads\/2020\/01\/cropped-logo-dals.png","contentUrl":"https:\/\/dals.com\/wp-content\/uploads\/2020\/01\/cropped-logo-dals.png","width":"300","height":"125","caption":"Dals Lighting"},"image":{"@id":"https:\/\/dalslit.tempurl.host\/#\/schema\/logo\/image\/"}}]}},"_links":{"self":[{"href":"https:\/\/dals.com\/fr\/wp-json\/wp\/v2\/product\/19170","targetHints":{"allow":["GET"]}}],"collection":[{"href":"https:\/\/dals.com\/fr\/wp-json\/wp\/v2\/product"}],"about":[{"href":"https:\/\/dals.com\/fr\/wp-json\/wp\/v2\/types\/product"}],"wp:featuredmedia":[{"embeddable":true,"href":"https:\/\/dals.com\/fr\/wp-json\/wp\/v2\/media\/4212"}],"wp:attachment":[{"href":"https:\/\/dals.com\/fr\/wp-json\/wp\/v2\/media?parent=19170"}],"wp:term":[{"taxonomy":"product_brand","embeddable":true,"href":"https:\/\/dals.com\/fr\/wp-json\/wp\/v2\/product_brand?post=19170"},{"taxonomy":"product_cat","embeddable":true,"href":"https:\/\/dals.com\/fr\/wp-json\/wp\/v2\/product_cat?post=19170"},{"taxonomy":"product_tag","embeddable":true,"href":"https:\/\/dals.com\/fr\/wp-json\/wp\/v2\/product_tag?post=19170"}],"curies":[{"name":"wp","href":"https:\/\/api.w.org\/{rel}","templated":true}]}}