{"id":17251,"date":"2021-01-08T17:17:59","date_gmt":"2021-01-08T22:17:59","guid":{"rendered":"https:\/\/dals.com\/?post_type=product&#038;p=17251"},"modified":"2025-08-29T13:54:24","modified_gmt":"2025-08-29T17:54:24","slug":"cobtp5m-ensemble-de-ruban-cob-de-5-metres","status":"publish","type":"product","link":"https:\/\/dals.com\/fr\/produit\/cobtp5m-ensemble-de-ruban-cob-de-5-metres\/","title":{"rendered":"Kit de ruban COB de 5 m\u00e8tres"},"content":{"rendered":"\t\t<section class=\"elem-breadcrumbs elementor-element elementor-section-boxed elementor-section-height-default elementor-section-height-default elementor-section elementor-top-section\" data-element_type=\"section\" style=\"margin-bottom:30px\">\n\t<div class=\"elementor-container elementor-column-gap-default\">\n\t\t<div class=\"elementor-row\">\n\t\t\t<div class=\"elementor-element elementor-column elementor-col-100 elementor-top-column >\n\t\t\t\t<div class=\"elementor-column-wrap  elementor-element-populated\">\n\t\t\t\t\t<div class=\"elementor-widget-wrap\">\n\t\t\t\t\t\t<div class=\"elementor-element elementor-widget elementor-widget-breadcrumbs\" data-element_type=\"widget\" data-widget_type=\"breadcrumbs.default\">\n\t\t\t\t\t\t\t<div class=\"elementor-widget-container\">\n\t\t\t\t\t\t\t\t<span><span><a href=\"https:\/\/dals.com\/fr\/\">Accueil<\/a><\/span><\/span>\t\t\t\t\t\t\t<\/div>\n\t\t\t\t\t\t<\/div>\n\t\t\t\t\t<\/div>\n\t\t\t\t<\/div>\n\t\t\t<\/div>\n\t\t<\/div>\n\t<\/div>\n<\/section>\n\n<ul>\n<li>Transformateur enfichable 12V DC inclus (1m=12w \/ 3m=24w \/ 5m=48w)<\/li>\n<li>Consistance de couleur sup\u00e9rieure<\/li>\n<li>\u00c9mission lumineuse continue (360 DEL\/m\u00e8tre)<\/li>\n<li>Lumi\u00e8re blanche chaleureuse<\/li>\n<li>Plus de 50 000 heures de dur\u00e9e de vie<\/li>\n<li>Peut \u00eatre coup\u00e9 \u00e0 chaque marque de coupe (tous les 2 cm)<\/li>\n<li>Longueur maximale de 5 m (196\u2033) dans une s\u00e9rie<\/li>\n<li>Graduable avec la plupart des gradateurs \u00e9lectroniques \u00e0 bas tension<\/li>\n<li>Garantie de 5 ans<\/li>\n<li>Largeur : 8 mm<\/li>\n<\/ul>\n","protected":false},"excerpt":{"rendered":"<p>Ce ruban \u00e9mettra non seulement une merveilleuse lueur chaleureuse, mais vous donnera une lumi\u00e8re continue et homog\u00e8ne. Vous pouvez le couper tous les 2 cm et le remettre en place \u00e0 l&rsquo;aide des connecteurs fournis. Plus de d\u00e9chets.<\/p>\n<p><strong>Remarque : <\/strong>Pour une utilisation en int\u00e9rieur uniquement, ce produit n&rsquo;est pas destin\u00e9 aux applications ext\u00e9rieures.<\/p>\n<p>*Le ruban COB de 20 m n&rsquo;inclut pas de transformateur 12V. Alimentation enfichable ou c\u00e2bl\u00e9e requise pour l&rsquo;installation. Vendu s\u00e9par\u00e9ment.<\/p>\n<p><a href=\"https:\/\/www.youtube.com\/watch?v=f-Y83KN1GCw&amp;t=3s\"><img decoding=\"async\" class=\"alignnone wp-image-19546 \u00bb src=\" alt=\"\u00bb\" width=\"212 \u00bb height=\" \/><\/a><\/p>\n","protected":false},"featured_media":17076,"template":"","meta":{"_acf_changed":false,"site-sidebar-layout":"default","site-content-layout":"default","ast-site-content-layout":"default","site-content-style":"default","site-sidebar-style":"default","ast-global-header-display":"","ast-banner-title-visibility":"","ast-main-header-display":"","ast-hfb-above-header-display":"","ast-hfb-below-header-display":"","ast-hfb-mobile-header-display":"","site-post-title":"","ast-breadcrumbs-content":"","ast-featured-img":"","footer-sml-layout":"","ast-disable-related-posts":"","theme-transparent-header-meta":"default","adv-header-id-meta":"","stick-header-meta":"default","header-above-stick-meta":"","header-main-stick-meta":"","header-below-stick-meta":"","astra-migrate-meta-layouts":"set","ast-page-background-enabled":"default","ast-page-background-meta":{"desktop":{"background-color":"","background-image":"","background-repeat":"repeat","background-position":"center center","background-size":"auto","background-attachment":"scroll","background-type":"","background-media":"","overlay-type":"","overlay-color":"","overlay-opacity":"","overlay-gradient":""},"tablet":{"background-color":"","background-image":"","background-repeat":"repeat","background-position":"center center","background-size":"auto","background-attachment":"scroll","background-type":"","background-media":"","overlay-type":"","overlay-color":"","overlay-opacity":"","overlay-gradient":""},"mobile":{"background-color":"","background-image":"","background-repeat":"repeat","background-position":"center center","background-size":"auto","background-attachment":"scroll","background-type":"","background-media":"","overlay-type":"","overlay-color":"","overlay-opacity":"","overlay-gradient":""}},"ast-content-background-meta":{"desktop":{"background-color":"var(--ast-global-color-5)","background-image":"","background-repeat":"repeat","background-position":"center center","background-size":"auto","background-attachment":"scroll","background-type":"","background-media":"","overlay-type":"","overlay-color":"","overlay-opacity":"","overlay-gradient":""},"tablet":{"background-color":"var(--ast-global-color-5)","background-image":"","background-repeat":"repeat","background-position":"center center","background-size":"auto","background-attachment":"scroll","background-type":"","background-media":"","overlay-type":"","overlay-color":"","overlay-opacity":"","overlay-gradient":""},"mobile":{"background-color":"var(--ast-global-color-5)","background-image":"","background-repeat":"repeat","background-position":"center center","background-size":"auto","background-attachment":"scroll","background-type":"","background-media":"","overlay-type":"","overlay-color":"","overlay-opacity":"","overlay-gradient":""}}},"product_brand":[],"product_cat":[97,76],"product_tag":[],"class_list":{"0":"post-17251","1":"product","2":"type-product","3":"status-publish","4":"has-post-thumbnail","6":"product_cat-rubans","7":"product_cat-sous-cabinet","8":"desktop-align-center","9":"tablet-align-center","10":"mobile-align-center","11":"ast-product-gallery-layout-horizontal-slider","12":"ast-product-tabs-layout-horizontal","14":"first","15":"instock","16":"taxable","17":"shipping-taxable","18":"purchasable","19":"product-type-simple"},"acf":[],"yoast_head":"<!-- This site is optimized with the Yoast SEO plugin v27.3 - https:\/\/yoast.com\/product\/yoast-seo-wordpress\/ -->\n<title>Kit de ruban COB de 5 m\u00e8tres - Dals Lighting<\/title>\n<meta name=\"robots\" content=\"index, follow, max-snippet:-1, max-image-preview:large, max-video-preview:-1\" \/>\n<link rel=\"canonical\" href=\"https:\/\/dals.com\/fr\/produit\/cobtp5m-ensemble-de-ruban-cob-de-5-metres\/\" \/>\n<meta property=\"og:locale\" content=\"fr_FR\" \/>\n<meta property=\"og:type\" content=\"article\" \/>\n<meta property=\"og:title\" content=\"Kit de ruban COB de 5 m\u00e8tres - Dals Lighting\" \/>\n<meta property=\"og:description\" content=\"Ce ruban \u00e9mettra non seulement une merveilleuse lueur chaleureuse, mais vous donnera une lumi\u00e8re continue et homog\u00e8ne. Vous pouvez le couper tous les 2 cm et le remettre en place \u00e0 l&#039;aide des connecteurs fournis. Plus de d\u00e9chets.  Remarque : Pour une utilisation en int\u00e9rieur uniquement, ce produit n&#039;est pas destin\u00e9 aux applications ext\u00e9rieures.  *Le ruban COB de 20 m n&#039;inclut pas de transformateur 12V. Alimentation enfichable ou c\u00e2bl\u00e9e requise pour l&#039;installation. Vendu s\u00e9par\u00e9ment.\" \/>\n<meta property=\"og:url\" content=\"https:\/\/dals.com\/fr\/produit\/cobtp5m-ensemble-de-ruban-cob-de-5-metres\/\" \/>\n<meta property=\"og:site_name\" content=\"Dals Lighting\" \/>\n<meta property=\"article:modified_time\" content=\"2025-08-29T17:54:24+00:00\" \/>\n<meta property=\"og:image\" content=\"https:\/\/dals.com\/wp-content\/uploads\/2021\/01\/cobtapxm.jpg\" \/>\n\t<meta property=\"og:image:width\" content=\"2000\" \/>\n\t<meta property=\"og:image:height\" content=\"2000\" \/>\n\t<meta property=\"og:image:type\" content=\"image\/jpeg\" \/>\n<meta name=\"twitter:card\" content=\"summary_large_image\" \/>\n<meta name=\"twitter:label1\" content=\"Dur\u00e9e de lecture estim\u00e9e\" \/>\n\t<meta name=\"twitter:data1\" content=\"1 minute\" \/>\n<script type=\"application\/ld+json\" class=\"yoast-schema-graph\">{\"@context\":\"https:\\\/\\\/schema.org\",\"@graph\":[{\"@type\":\"WebPage\",\"@id\":\"https:\\\/\\\/dals.com\\\/fr\\\/produit\\\/cobtp5m-ensemble-de-ruban-cob-de-5-metres\\\/\",\"url\":\"https:\\\/\\\/dals.com\\\/fr\\\/produit\\\/cobtp5m-ensemble-de-ruban-cob-de-5-metres\\\/\",\"name\":\"Kit de ruban COB de 5 m\u00e8tres - Dals Lighting\",\"isPartOf\":{\"@id\":\"https:\\\/\\\/dalslit.tempurl.host\\\/#website\"},\"primaryImageOfPage\":{\"@id\":\"https:\\\/\\\/dals.com\\\/fr\\\/produit\\\/cobtp5m-ensemble-de-ruban-cob-de-5-metres\\\/#primaryimage\"},\"image\":{\"@id\":\"https:\\\/\\\/dals.com\\\/fr\\\/produit\\\/cobtp5m-ensemble-de-ruban-cob-de-5-metres\\\/#primaryimage\"},\"thumbnailUrl\":\"https:\\\/\\\/dals.com\\\/wp-content\\\/uploads\\\/2021\\\/01\\\/cobtapxm.jpg\",\"datePublished\":\"2021-01-08T22:17:59+00:00\",\"dateModified\":\"2025-08-29T17:54:24+00:00\",\"breadcrumb\":{\"@id\":\"https:\\\/\\\/dals.com\\\/fr\\\/produit\\\/cobtp5m-ensemble-de-ruban-cob-de-5-metres\\\/#breadcrumb\"},\"inLanguage\":\"fr-FR\",\"potentialAction\":[{\"@type\":\"ReadAction\",\"target\":[\"https:\\\/\\\/dals.com\\\/fr\\\/produit\\\/cobtp5m-ensemble-de-ruban-cob-de-5-metres\\\/\"]}]},{\"@type\":\"ImageObject\",\"inLanguage\":\"fr-FR\",\"@id\":\"https:\\\/\\\/dals.com\\\/fr\\\/produit\\\/cobtp5m-ensemble-de-ruban-cob-de-5-metres\\\/#primaryimage\",\"url\":\"https:\\\/\\\/dals.com\\\/wp-content\\\/uploads\\\/2021\\\/01\\\/cobtapxm.jpg\",\"contentUrl\":\"https:\\\/\\\/dals.com\\\/wp-content\\\/uploads\\\/2021\\\/01\\\/cobtapxm.jpg\",\"width\":2000,\"height\":2000},{\"@type\":\"BreadcrumbList\",\"@id\":\"https:\\\/\\\/dals.com\\\/fr\\\/produit\\\/cobtp5m-ensemble-de-ruban-cob-de-5-metres\\\/#breadcrumb\",\"itemListElement\":[{\"@type\":\"ListItem\",\"position\":1,\"name\":\"Accueil\",\"item\":\"https:\\\/\\\/dals.com\\\/fr\\\/\"},{\"@type\":\"ListItem\",\"position\":2,\"name\":\"Produits\",\"item\":\"https:\\\/\\\/dalslit.tempurl.host\\\/fr\\\/?page_id=31878\"},{\"@type\":\"ListItem\",\"position\":3,\"name\":\"Sous-cabinet\",\"item\":\"https:\\\/\\\/dals.com\\\/fr\\\/categorie-produit\\\/sous-cabinet\\\/\"},{\"@type\":\"ListItem\",\"position\":4,\"name\":\"Kit de ruban COB de 5 m\u00e8tres\"}]},{\"@type\":\"WebSite\",\"@id\":\"https:\\\/\\\/dalslit.tempurl.host\\\/#website\",\"url\":\"https:\\\/\\\/dalslit.tempurl.host\\\/\",\"name\":\"Dals Lighting\",\"description\":\"Manufacturer of designer lighting products\",\"publisher\":{\"@id\":\"https:\\\/\\\/dalslit.tempurl.host\\\/#organization\"},\"potentialAction\":[{\"@type\":\"SearchAction\",\"target\":{\"@type\":\"EntryPoint\",\"urlTemplate\":\"https:\\\/\\\/dalslit.tempurl.host\\\/?s={search_term_string}\"},\"query-input\":{\"@type\":\"PropertyValueSpecification\",\"valueRequired\":true,\"valueName\":\"search_term_string\"}}],\"inLanguage\":\"fr-FR\"},{\"@type\":\"Organization\",\"@id\":\"https:\\\/\\\/dalslit.tempurl.host\\\/#organization\",\"name\":\"Dals Lighting\",\"url\":\"https:\\\/\\\/dalslit.tempurl.host\\\/\",\"logo\":{\"@type\":\"ImageObject\",\"inLanguage\":\"fr-FR\",\"@id\":\"https:\\\/\\\/dalslit.tempurl.host\\\/#\\\/schema\\\/logo\\\/image\\\/\",\"url\":\"https:\\\/\\\/dals.com\\\/wp-content\\\/uploads\\\/2020\\\/01\\\/cropped-logo-dals.png\",\"contentUrl\":\"https:\\\/\\\/dals.com\\\/wp-content\\\/uploads\\\/2020\\\/01\\\/cropped-logo-dals.png\",\"width\":\"300\",\"height\":\"125\",\"caption\":\"Dals Lighting\"},\"image\":{\"@id\":\"https:\\\/\\\/dalslit.tempurl.host\\\/#\\\/schema\\\/logo\\\/image\\\/\"}}]}<\/script>\n<!-- \/ Yoast SEO plugin. -->","yoast_head_json":{"title":"Kit de ruban COB de 5 m\u00e8tres - Dals Lighting","robots":{"index":"index","follow":"follow","max-snippet":"max-snippet:-1","max-image-preview":"max-image-preview:large","max-video-preview":"max-video-preview:-1"},"canonical":"https:\/\/dals.com\/fr\/produit\/cobtp5m-ensemble-de-ruban-cob-de-5-metres\/","og_locale":"fr_FR","og_type":"article","og_title":"Kit de ruban COB de 5 m\u00e8tres - Dals Lighting","og_description":"Ce ruban \u00e9mettra non seulement une merveilleuse lueur chaleureuse, mais vous donnera une lumi\u00e8re continue et homog\u00e8ne. Vous pouvez le couper tous les 2 cm et le remettre en place \u00e0 l'aide des connecteurs fournis. Plus de d\u00e9chets.  Remarque : Pour une utilisation en int\u00e9rieur uniquement, ce produit n'est pas destin\u00e9 aux applications ext\u00e9rieures.  *Le ruban COB de 20 m n'inclut pas de transformateur 12V. Alimentation enfichable ou c\u00e2bl\u00e9e requise pour l'installation. Vendu s\u00e9par\u00e9ment.","og_url":"https:\/\/dals.com\/fr\/produit\/cobtp5m-ensemble-de-ruban-cob-de-5-metres\/","og_site_name":"Dals Lighting","article_modified_time":"2025-08-29T17:54:24+00:00","og_image":[{"width":2000,"height":2000,"url":"https:\/\/dals.com\/wp-content\/uploads\/2021\/01\/cobtapxm.jpg","type":"image\/jpeg"}],"twitter_card":"summary_large_image","twitter_misc":{"Dur\u00e9e de lecture estim\u00e9e":"1 minute"},"schema":{"@context":"https:\/\/schema.org","@graph":[{"@type":"WebPage","@id":"https:\/\/dals.com\/fr\/produit\/cobtp5m-ensemble-de-ruban-cob-de-5-metres\/","url":"https:\/\/dals.com\/fr\/produit\/cobtp5m-ensemble-de-ruban-cob-de-5-metres\/","name":"Kit de ruban COB de 5 m\u00e8tres - Dals Lighting","isPartOf":{"@id":"https:\/\/dalslit.tempurl.host\/#website"},"primaryImageOfPage":{"@id":"https:\/\/dals.com\/fr\/produit\/cobtp5m-ensemble-de-ruban-cob-de-5-metres\/#primaryimage"},"image":{"@id":"https:\/\/dals.com\/fr\/produit\/cobtp5m-ensemble-de-ruban-cob-de-5-metres\/#primaryimage"},"thumbnailUrl":"https:\/\/dals.com\/wp-content\/uploads\/2021\/01\/cobtapxm.jpg","datePublished":"2021-01-08T22:17:59+00:00","dateModified":"2025-08-29T17:54:24+00:00","breadcrumb":{"@id":"https:\/\/dals.com\/fr\/produit\/cobtp5m-ensemble-de-ruban-cob-de-5-metres\/#breadcrumb"},"inLanguage":"fr-FR","potentialAction":[{"@type":"ReadAction","target":["https:\/\/dals.com\/fr\/produit\/cobtp5m-ensemble-de-ruban-cob-de-5-metres\/"]}]},{"@type":"ImageObject","inLanguage":"fr-FR","@id":"https:\/\/dals.com\/fr\/produit\/cobtp5m-ensemble-de-ruban-cob-de-5-metres\/#primaryimage","url":"https:\/\/dals.com\/wp-content\/uploads\/2021\/01\/cobtapxm.jpg","contentUrl":"https:\/\/dals.com\/wp-content\/uploads\/2021\/01\/cobtapxm.jpg","width":2000,"height":2000},{"@type":"BreadcrumbList","@id":"https:\/\/dals.com\/fr\/produit\/cobtp5m-ensemble-de-ruban-cob-de-5-metres\/#breadcrumb","itemListElement":[{"@type":"ListItem","position":1,"name":"Accueil","item":"https:\/\/dals.com\/fr\/"},{"@type":"ListItem","position":2,"name":"Produits","item":"https:\/\/dalslit.tempurl.host\/fr\/?page_id=31878"},{"@type":"ListItem","position":3,"name":"Sous-cabinet","item":"https:\/\/dals.com\/fr\/categorie-produit\/sous-cabinet\/"},{"@type":"ListItem","position":4,"name":"Kit de ruban COB de 5 m\u00e8tres"}]},{"@type":"WebSite","@id":"https:\/\/dalslit.tempurl.host\/#website","url":"https:\/\/dalslit.tempurl.host\/","name":"Dals Lighting","description":"Manufacturer of designer lighting products","publisher":{"@id":"https:\/\/dalslit.tempurl.host\/#organization"},"potentialAction":[{"@type":"SearchAction","target":{"@type":"EntryPoint","urlTemplate":"https:\/\/dalslit.tempurl.host\/?s={search_term_string}"},"query-input":{"@type":"PropertyValueSpecification","valueRequired":true,"valueName":"search_term_string"}}],"inLanguage":"fr-FR"},{"@type":"Organization","@id":"https:\/\/dalslit.tempurl.host\/#organization","name":"Dals Lighting","url":"https:\/\/dalslit.tempurl.host\/","logo":{"@type":"ImageObject","inLanguage":"fr-FR","@id":"https:\/\/dalslit.tempurl.host\/#\/schema\/logo\/image\/","url":"https:\/\/dals.com\/wp-content\/uploads\/2020\/01\/cropped-logo-dals.png","contentUrl":"https:\/\/dals.com\/wp-content\/uploads\/2020\/01\/cropped-logo-dals.png","width":"300","height":"125","caption":"Dals Lighting"},"image":{"@id":"https:\/\/dalslit.tempurl.host\/#\/schema\/logo\/image\/"}}]}},"_links":{"self":[{"href":"https:\/\/dals.com\/fr\/wp-json\/wp\/v2\/product\/17251","targetHints":{"allow":["GET"]}}],"collection":[{"href":"https:\/\/dals.com\/fr\/wp-json\/wp\/v2\/product"}],"about":[{"href":"https:\/\/dals.com\/fr\/wp-json\/wp\/v2\/types\/product"}],"wp:featuredmedia":[{"embeddable":true,"href":"https:\/\/dals.com\/fr\/wp-json\/wp\/v2\/media\/17076"}],"wp:attachment":[{"href":"https:\/\/dals.com\/fr\/wp-json\/wp\/v2\/media?parent=17251"}],"wp:term":[{"taxonomy":"product_brand","embeddable":true,"href":"https:\/\/dals.com\/fr\/wp-json\/wp\/v2\/product_brand?post=17251"},{"taxonomy":"product_cat","embeddable":true,"href":"https:\/\/dals.com\/fr\/wp-json\/wp\/v2\/product_cat?post=17251"},{"taxonomy":"product_tag","embeddable":true,"href":"https:\/\/dals.com\/fr\/wp-json\/wp\/v2\/product_tag?post=17251"}],"curies":[{"name":"wp","href":"https:\/\/api.w.org\/{rel}","templated":true}]}}