{"id":17196,"date":"2016-05-07T12:20:52","date_gmt":"2021-01-07T19:45:53","guid":{"rendered":"https:\/\/dals.com\/?post_type=product&#038;p=17196"},"modified":"2025-06-04T18:03:41","modified_gmt":"2025-06-04T22:03:41","slug":"sm-lws19-applique-lineaire-intelligente-copy-2","status":"publish","type":"product","link":"https:\/\/dals.com\/fr\/produit\/sm-lws19-applique-lineaire-intelligente-copy-2\/","title":{"rendered":"Gradateur Intelligent"},"content":{"rendered":"\t\t<section class=\"elem-breadcrumbs elementor-element elementor-section-boxed elementor-section-height-default elementor-section-height-default elementor-section elementor-top-section\" data-element_type=\"section\" style=\"margin-bottom:30px\">\n\t<div class=\"elementor-container elementor-column-gap-default\">\n\t\t<div class=\"elementor-row\">\n\t\t\t<div class=\"elementor-element elementor-column elementor-col-100 elementor-top-column >\n\t\t\t\t<div class=\"elementor-column-wrap  elementor-element-populated\">\n\t\t\t\t\t<div class=\"elementor-widget-wrap\">\n\t\t\t\t\t\t<div class=\"elementor-element elementor-widget elementor-widget-breadcrumbs\" data-element_type=\"widget\" data-widget_type=\"breadcrumbs.default\">\n\t\t\t\t\t\t\t<div class=\"elementor-widget-container\">\n\t\t\t\t\t\t\t\t<span><span><a href=\"https:\/\/dals.com\/fr\/\">Accueil<\/a><\/span><\/span>\t\t\t\t\t\t\t<\/div>\n\t\t\t\t\t\t<\/div>\n\t\t\t\t\t<\/div>\n\t\t\t\t<\/div>\n\t\t\t<\/div>\n\t\t<\/div>\n\t<\/div>\n<\/section>\n\n<ul>\n<li>Utilisation en int\u00e9rieur uniquement<\/li>\n<li>Compatible avec le plastron standard<\/li>\n<li>Commande depuis l&rsquo;interrupteur\u00a0mural ou avec l&rsquo;application Dals Connect<\/li>\n<li>Indicateur de luminosit\u00e9 DEL<\/li>\n<li>Gradateur \u00e0 glissi\u00e8re tactile<\/li>\n<li>Fonctionne avec toutes les lumi\u00e8res standard \u00abnon intelligentes\u00bb<\/li>\n<li>Type de gradation: TRIAC Edge cut<\/li>\n<li>Charge inductive (DEL-FLC): 250 W max.<\/li>\n<li>Charge r\u00e9sistive (incan.): 430 W max.<\/li>\n<li>Puissance en veille: 1 W<\/li>\n<li>Garantie de 5 ans<\/li>\n<li>WiFi &#8211; pas de hub n\u00e9cessaire<\/li>\n<li>Cr\u00e9er des groupes<\/li>\n<li>Programmation<\/li>\n<li>Acc\u00e8s \u00e0 distance<\/li>\n<li>Compatible avec Google Assistant\u00a0et Amazon Alexa<\/li>\n<\/ul>\n","protected":false},"excerpt":{"rendered":"<p>Vous avez besoin d&rsquo;un gradateur mais vous ne savez pas lequel choisir ? Ne cherchez pas plus loin. Avec l&rsquo;application DALS Connect\u2122, vous pourrez cr\u00e9er des groupes, r\u00e9gler des minuteries et bien plus encore. C&rsquo;est un excellent moyen de se familiariser avec les technologies de la maison intelligente et peut-\u00eatre de vous convaincre de venir nous rejoindre du c\u00f4t\u00e9 intelligent avec notre gamme de produits intelligents en constante expansion.<\/p>\n<p> <iframe id=\"393 \u00bb style=\"bordure : aucune ; \u00bb src=\"https:\/\/cartmagician.com\/3dmodel\/ifr\/393?shadow=0 \u00bb width=\"310 \u00bb height=\"310\"><\/iframe><\/p>\n[ar-display-button product=17194]\n","protected":false},"featured_media":17284,"template":"","meta":{"_acf_changed":false,"site-sidebar-layout":"default","site-content-layout":"default","ast-site-content-layout":"default","site-content-style":"default","site-sidebar-style":"default","ast-global-header-display":"","ast-banner-title-visibility":"","ast-main-header-display":"","ast-hfb-above-header-display":"","ast-hfb-below-header-display":"","ast-hfb-mobile-header-display":"","site-post-title":"","ast-breadcrumbs-content":"","ast-featured-img":"","footer-sml-layout":"","ast-disable-related-posts":"","theme-transparent-header-meta":"default","adv-header-id-meta":"","stick-header-meta":"default","header-above-stick-meta":"","header-main-stick-meta":"","header-below-stick-meta":"","astra-migrate-meta-layouts":"set","ast-page-background-enabled":"default","ast-page-background-meta":{"desktop":{"background-color":"","background-image":"","background-repeat":"repeat","background-position":"center center","background-size":"auto","background-attachment":"scroll","background-type":"","background-media":"","overlay-type":"","overlay-color":"","overlay-opacity":"","overlay-gradient":""},"tablet":{"background-color":"","background-image":"","background-repeat":"repeat","background-position":"center center","background-size":"auto","background-attachment":"scroll","background-type":"","background-media":"","overlay-type":"","overlay-color":"","overlay-opacity":"","overlay-gradient":""},"mobile":{"background-color":"","background-image":"","background-repeat":"repeat","background-position":"center center","background-size":"auto","background-attachment":"scroll","background-type":"","background-media":"","overlay-type":"","overlay-color":"","overlay-opacity":"","overlay-gradient":""}},"ast-content-background-meta":{"desktop":{"background-color":"var(--ast-global-color-5)","background-image":"","background-repeat":"repeat","background-position":"center center","background-size":"auto","background-attachment":"scroll","background-type":"","background-media":"","overlay-type":"","overlay-color":"","overlay-opacity":"","overlay-gradient":""},"tablet":{"background-color":"var(--ast-global-color-5)","background-image":"","background-repeat":"repeat","background-position":"center center","background-size":"auto","background-attachment":"scroll","background-type":"","background-media":"","overlay-type":"","overlay-color":"","overlay-opacity":"","overlay-gradient":""},"mobile":{"background-color":"var(--ast-global-color-5)","background-image":"","background-repeat":"repeat","background-position":"center center","background-size":"auto","background-attachment":"scroll","background-type":"","background-media":"","overlay-type":"","overlay-color":"","overlay-opacity":"","overlay-gradient":""}}},"product_brand":[],"product_cat":[1514,75],"product_tag":[],"class_list":{"0":"post-17196","1":"product","2":"type-product","3":"status-publish","4":"has-post-thumbnail","6":"product_cat-accessories-smart_fr","7":"product_cat-maison-intelligente","8":"pa_finish-blanc","9":"desktop-align-center","10":"tablet-align-center","11":"mobile-align-center","12":"ast-product-gallery-layout-horizontal-slider","13":"ast-product-single-variable","14":"ast-product-tabs-layout-horizontal","16":"first","17":"instock","18":"taxable","19":"shipping-taxable","20":"purchasable","21":"product-type-variable","22":"wvs-archive-product-wrapper"},"acf":[],"yoast_head":"<!-- This site is optimized with the Yoast SEO plugin v27.4 - https:\/\/yoast.com\/product\/yoast-seo-wordpress\/ -->\n<title>Gradateur Intelligent - Dals Lighting<\/title>\n<meta name=\"robots\" content=\"index, follow, max-snippet:-1, max-image-preview:large, max-video-preview:-1\" \/>\n<link rel=\"canonical\" href=\"https:\/\/dals.com\/fr\/produit\/sm-lws19-applique-lineaire-intelligente-copy-2\/\" \/>\n<meta property=\"og:locale\" content=\"fr_FR\" \/>\n<meta property=\"og:type\" content=\"article\" \/>\n<meta property=\"og:title\" content=\"Gradateur Intelligent - Dals Lighting\" \/>\n<meta property=\"og:description\" content=\"Vous avez besoin d&#039;un gradateur mais vous ne savez pas lequel choisir ? Ne cherchez pas plus loin. Avec l&#039;application DALS Connect\u2122, vous pourrez cr\u00e9er des groupes, r\u00e9gler des minuteries et bien plus encore. C&#039;est un excellent moyen de se familiariser avec les technologies de la maison intelligente et peut-\u00eatre de vous convaincre de venir nous rejoindre du c\u00f4t\u00e9 intelligent avec notre gamme de produits intelligents en constante expansion.\" \/>\n<meta property=\"og:url\" content=\"https:\/\/dals.com\/fr\/produit\/sm-lws19-applique-lineaire-intelligente-copy-2\/\" \/>\n<meta property=\"og:site_name\" content=\"Dals Lighting\" \/>\n<meta property=\"article:modified_time\" content=\"2025-06-04T22:03:41+00:00\" \/>\n<meta property=\"og:image\" content=\"https:\/\/dals.com\/wp-content\/uploads\/2021\/01\/sm-dimsw-2.jpg\" \/>\n\t<meta property=\"og:image:width\" content=\"2000\" \/>\n\t<meta property=\"og:image:height\" content=\"2000\" \/>\n\t<meta property=\"og:image:type\" content=\"image\/jpeg\" \/>\n<meta name=\"twitter:card\" content=\"summary_large_image\" \/>\n<meta name=\"twitter:label1\" content=\"Dur\u00e9e de lecture estim\u00e9e\" \/>\n\t<meta name=\"twitter:data1\" content=\"1 minute\" \/>\n<script type=\"application\/ld+json\" class=\"yoast-schema-graph\">{\"@context\":\"https:\\\/\\\/schema.org\",\"@graph\":[{\"@type\":\"WebPage\",\"@id\":\"https:\\\/\\\/dals.com\\\/fr\\\/produit\\\/sm-lws19-applique-lineaire-intelligente-copy-2\\\/\",\"url\":\"https:\\\/\\\/dals.com\\\/fr\\\/produit\\\/sm-lws19-applique-lineaire-intelligente-copy-2\\\/\",\"name\":\"Gradateur Intelligent - Dals Lighting\",\"isPartOf\":{\"@id\":\"https:\\\/\\\/dalslit.tempurl.host\\\/#website\"},\"primaryImageOfPage\":{\"@id\":\"https:\\\/\\\/dals.com\\\/fr\\\/produit\\\/sm-lws19-applique-lineaire-intelligente-copy-2\\\/#primaryimage\"},\"image\":{\"@id\":\"https:\\\/\\\/dals.com\\\/fr\\\/produit\\\/sm-lws19-applique-lineaire-intelligente-copy-2\\\/#primaryimage\"},\"thumbnailUrl\":\"https:\\\/\\\/dals.com\\\/wp-content\\\/uploads\\\/2021\\\/01\\\/sm-dimsw-2.jpg\",\"datePublished\":\"2021-01-07T19:45:53+00:00\",\"dateModified\":\"2025-06-04T22:03:41+00:00\",\"breadcrumb\":{\"@id\":\"https:\\\/\\\/dals.com\\\/fr\\\/produit\\\/sm-lws19-applique-lineaire-intelligente-copy-2\\\/#breadcrumb\"},\"inLanguage\":\"fr-FR\",\"potentialAction\":[{\"@type\":\"ReadAction\",\"target\":[\"https:\\\/\\\/dals.com\\\/fr\\\/produit\\\/sm-lws19-applique-lineaire-intelligente-copy-2\\\/\"]}]},{\"@type\":\"ImageObject\",\"inLanguage\":\"fr-FR\",\"@id\":\"https:\\\/\\\/dals.com\\\/fr\\\/produit\\\/sm-lws19-applique-lineaire-intelligente-copy-2\\\/#primaryimage\",\"url\":\"https:\\\/\\\/dals.com\\\/wp-content\\\/uploads\\\/2021\\\/01\\\/sm-dimsw-2.jpg\",\"contentUrl\":\"https:\\\/\\\/dals.com\\\/wp-content\\\/uploads\\\/2021\\\/01\\\/sm-dimsw-2.jpg\",\"width\":2000,\"height\":2000},{\"@type\":\"BreadcrumbList\",\"@id\":\"https:\\\/\\\/dals.com\\\/fr\\\/produit\\\/sm-lws19-applique-lineaire-intelligente-copy-2\\\/#breadcrumb\",\"itemListElement\":[{\"@type\":\"ListItem\",\"position\":1,\"name\":\"Accueil\",\"item\":\"https:\\\/\\\/dals.com\\\/fr\\\/\"},{\"@type\":\"ListItem\",\"position\":2,\"name\":\"Produits\",\"item\":\"https:\\\/\\\/dalslit.tempurl.host\\\/fr\\\/?page_id=31878\"},{\"@type\":\"ListItem\",\"position\":3,\"name\":\"Maison intelligente\",\"item\":\"https:\\\/\\\/dals.com\\\/fr\\\/categorie-produit\\\/maison-intelligente\\\/\"},{\"@type\":\"ListItem\",\"position\":4,\"name\":\"SM-DIMSW &#8211; Gradateur Intelligent\"}]},{\"@type\":\"WebSite\",\"@id\":\"https:\\\/\\\/dalslit.tempurl.host\\\/#website\",\"url\":\"https:\\\/\\\/dalslit.tempurl.host\\\/\",\"name\":\"Dals Lighting\",\"description\":\"Manufacturer of designer lighting products\",\"publisher\":{\"@id\":\"https:\\\/\\\/dalslit.tempurl.host\\\/#organization\"},\"potentialAction\":[{\"@type\":\"SearchAction\",\"target\":{\"@type\":\"EntryPoint\",\"urlTemplate\":\"https:\\\/\\\/dalslit.tempurl.host\\\/?s={search_term_string}\"},\"query-input\":{\"@type\":\"PropertyValueSpecification\",\"valueRequired\":true,\"valueName\":\"search_term_string\"}}],\"inLanguage\":\"fr-FR\"},{\"@type\":\"Organization\",\"@id\":\"https:\\\/\\\/dalslit.tempurl.host\\\/#organization\",\"name\":\"Dals Lighting\",\"url\":\"https:\\\/\\\/dalslit.tempurl.host\\\/\",\"logo\":{\"@type\":\"ImageObject\",\"inLanguage\":\"fr-FR\",\"@id\":\"https:\\\/\\\/dalslit.tempurl.host\\\/#\\\/schema\\\/logo\\\/image\\\/\",\"url\":\"https:\\\/\\\/dals.com\\\/wp-content\\\/uploads\\\/2020\\\/01\\\/cropped-logo-dals.png\",\"contentUrl\":\"https:\\\/\\\/dals.com\\\/wp-content\\\/uploads\\\/2020\\\/01\\\/cropped-logo-dals.png\",\"width\":\"300\",\"height\":\"125\",\"caption\":\"Dals Lighting\"},\"image\":{\"@id\":\"https:\\\/\\\/dalslit.tempurl.host\\\/#\\\/schema\\\/logo\\\/image\\\/\"}}]}<\/script>\n<!-- \/ Yoast SEO plugin. -->","yoast_head_json":{"title":"Gradateur Intelligent - Dals Lighting","robots":{"index":"index","follow":"follow","max-snippet":"max-snippet:-1","max-image-preview":"max-image-preview:large","max-video-preview":"max-video-preview:-1"},"canonical":"https:\/\/dals.com\/fr\/produit\/sm-lws19-applique-lineaire-intelligente-copy-2\/","og_locale":"fr_FR","og_type":"article","og_title":"Gradateur Intelligent - Dals Lighting","og_description":"Vous avez besoin d'un gradateur mais vous ne savez pas lequel choisir ? Ne cherchez pas plus loin. Avec l'application DALS Connect\u2122, vous pourrez cr\u00e9er des groupes, r\u00e9gler des minuteries et bien plus encore. C'est un excellent moyen de se familiariser avec les technologies de la maison intelligente et peut-\u00eatre de vous convaincre de venir nous rejoindre du c\u00f4t\u00e9 intelligent avec notre gamme de produits intelligents en constante expansion.","og_url":"https:\/\/dals.com\/fr\/produit\/sm-lws19-applique-lineaire-intelligente-copy-2\/","og_site_name":"Dals Lighting","article_modified_time":"2025-06-04T22:03:41+00:00","og_image":[{"width":2000,"height":2000,"url":"https:\/\/dals.com\/wp-content\/uploads\/2021\/01\/sm-dimsw-2.jpg","type":"image\/jpeg"}],"twitter_card":"summary_large_image","twitter_misc":{"Dur\u00e9e de lecture estim\u00e9e":"1 minute"},"schema":{"@context":"https:\/\/schema.org","@graph":[{"@type":"WebPage","@id":"https:\/\/dals.com\/fr\/produit\/sm-lws19-applique-lineaire-intelligente-copy-2\/","url":"https:\/\/dals.com\/fr\/produit\/sm-lws19-applique-lineaire-intelligente-copy-2\/","name":"Gradateur Intelligent - Dals Lighting","isPartOf":{"@id":"https:\/\/dalslit.tempurl.host\/#website"},"primaryImageOfPage":{"@id":"https:\/\/dals.com\/fr\/produit\/sm-lws19-applique-lineaire-intelligente-copy-2\/#primaryimage"},"image":{"@id":"https:\/\/dals.com\/fr\/produit\/sm-lws19-applique-lineaire-intelligente-copy-2\/#primaryimage"},"thumbnailUrl":"https:\/\/dals.com\/wp-content\/uploads\/2021\/01\/sm-dimsw-2.jpg","datePublished":"2021-01-07T19:45:53+00:00","dateModified":"2025-06-04T22:03:41+00:00","breadcrumb":{"@id":"https:\/\/dals.com\/fr\/produit\/sm-lws19-applique-lineaire-intelligente-copy-2\/#breadcrumb"},"inLanguage":"fr-FR","potentialAction":[{"@type":"ReadAction","target":["https:\/\/dals.com\/fr\/produit\/sm-lws19-applique-lineaire-intelligente-copy-2\/"]}]},{"@type":"ImageObject","inLanguage":"fr-FR","@id":"https:\/\/dals.com\/fr\/produit\/sm-lws19-applique-lineaire-intelligente-copy-2\/#primaryimage","url":"https:\/\/dals.com\/wp-content\/uploads\/2021\/01\/sm-dimsw-2.jpg","contentUrl":"https:\/\/dals.com\/wp-content\/uploads\/2021\/01\/sm-dimsw-2.jpg","width":2000,"height":2000},{"@type":"BreadcrumbList","@id":"https:\/\/dals.com\/fr\/produit\/sm-lws19-applique-lineaire-intelligente-copy-2\/#breadcrumb","itemListElement":[{"@type":"ListItem","position":1,"name":"Accueil","item":"https:\/\/dals.com\/fr\/"},{"@type":"ListItem","position":2,"name":"Produits","item":"https:\/\/dalslit.tempurl.host\/fr\/?page_id=31878"},{"@type":"ListItem","position":3,"name":"Maison intelligente","item":"https:\/\/dals.com\/fr\/categorie-produit\/maison-intelligente\/"},{"@type":"ListItem","position":4,"name":"SM-DIMSW &#8211; Gradateur Intelligent"}]},{"@type":"WebSite","@id":"https:\/\/dalslit.tempurl.host\/#website","url":"https:\/\/dalslit.tempurl.host\/","name":"Dals Lighting","description":"Manufacturer of designer lighting products","publisher":{"@id":"https:\/\/dalslit.tempurl.host\/#organization"},"potentialAction":[{"@type":"SearchAction","target":{"@type":"EntryPoint","urlTemplate":"https:\/\/dalslit.tempurl.host\/?s={search_term_string}"},"query-input":{"@type":"PropertyValueSpecification","valueRequired":true,"valueName":"search_term_string"}}],"inLanguage":"fr-FR"},{"@type":"Organization","@id":"https:\/\/dalslit.tempurl.host\/#organization","name":"Dals Lighting","url":"https:\/\/dalslit.tempurl.host\/","logo":{"@type":"ImageObject","inLanguage":"fr-FR","@id":"https:\/\/dalslit.tempurl.host\/#\/schema\/logo\/image\/","url":"https:\/\/dals.com\/wp-content\/uploads\/2020\/01\/cropped-logo-dals.png","contentUrl":"https:\/\/dals.com\/wp-content\/uploads\/2020\/01\/cropped-logo-dals.png","width":"300","height":"125","caption":"Dals Lighting"},"image":{"@id":"https:\/\/dalslit.tempurl.host\/#\/schema\/logo\/image\/"}}]}},"_links":{"self":[{"href":"https:\/\/dals.com\/fr\/wp-json\/wp\/v2\/product\/17196","targetHints":{"allow":["GET"]}}],"collection":[{"href":"https:\/\/dals.com\/fr\/wp-json\/wp\/v2\/product"}],"about":[{"href":"https:\/\/dals.com\/fr\/wp-json\/wp\/v2\/types\/product"}],"wp:featuredmedia":[{"embeddable":true,"href":"https:\/\/dals.com\/fr\/wp-json\/wp\/v2\/media\/17284"}],"wp:attachment":[{"href":"https:\/\/dals.com\/fr\/wp-json\/wp\/v2\/media?parent=17196"}],"wp:term":[{"taxonomy":"product_brand","embeddable":true,"href":"https:\/\/dals.com\/fr\/wp-json\/wp\/v2\/product_brand?post=17196"},{"taxonomy":"product_cat","embeddable":true,"href":"https:\/\/dals.com\/fr\/wp-json\/wp\/v2\/product_cat?post=17196"},{"taxonomy":"product_tag","embeddable":true,"href":"https:\/\/dals.com\/fr\/wp-json\/wp\/v2\/product_tag?post=17196"}],"curies":[{"name":"wp","href":"https:\/\/api.w.org\/{rel}","templated":true}]}}