{"id":17128,"date":"2017-06-30T12:21:22","date_gmt":"2017-06-30T16:21:22","guid":{"rendered":"https:\/\/dals.com\/?post_type=product&#038;p=17128"},"modified":"2026-02-03T13:44:29","modified_gmt":"2026-02-03T18:44:29","slug":"hpd6-cc-luminaire-encastre-commercial-haute-puissance-de-6","status":"publish","type":"product","link":"https:\/\/dals.com\/fr\/produit\/hpd6-cc-luminaire-encastre-commercial-haute-puissance-de-6\/","title":{"rendered":"Encastr\u00e9 haute-puissance de 6&Prime;"},"content":{"rendered":"\t\t<section class=\"elem-breadcrumbs elementor-element elementor-section-boxed elementor-section-height-default elementor-section-height-default elementor-section elementor-top-section\" data-element_type=\"section\" style=\"margin-bottom:30px\">\n\t<div class=\"elementor-container elementor-column-gap-default\">\n\t\t<div class=\"elementor-row\">\n\t\t\t<div class=\"elementor-element elementor-column elementor-col-100 elementor-top-column >\n\t\t\t\t<div class=\"elementor-column-wrap  elementor-element-populated\">\n\t\t\t\t\t<div class=\"elementor-widget-wrap\">\n\t\t\t\t\t\t<div class=\"elementor-element elementor-widget elementor-widget-breadcrumbs\" data-element_type=\"widget\" data-widget_type=\"breadcrumbs.default\">\n\t\t\t\t\t\t\t<div class=\"elementor-widget-container\">\n\t\t\t\t\t\t\t\t<span><span><a href=\"https:\/\/dals.com\/fr\/\">Accueil<\/a><\/span><\/span>\t\t\t\t\t\t\t<\/div>\n\t\t\t\t\t\t<\/div>\n\t\t\t\t\t<\/div>\n\t\t\t\t<\/div>\n\t\t\t<\/div>\n\t\t<\/div>\n\t<\/div>\n<\/section>\n\n<ul>\n<li>Chaque luminaire inclut une bo\u00eete de jonction avec transformateur gradable int\u00e9gr\u00e9<\/li>\n<li>Temp\u00e9rature de couleur s\u00e9lectionnable par interrupteur<\/li>\n<li>Diffusion large et r\u00e9guli\u00e8re sur 360\u00b0<\/li>\n<li>Angle de faisceau de 90\u00b0<\/li>\n<li>Construction en aluminium<\/li>\n<li>Garantie de 5 ans<\/li>\n<\/ul>\n","protected":false},"excerpt":{"rendered":"<p>Le nouveau downlight encastr\u00e9 haute puissance de Dals est un incontournable pour vos projets commerciaux. Avec ses cinq temp\u00e9ratures de couleur au choix, un bo\u00eetier en fonte d&rsquo;aluminium, un flux lumineux \u00e9lev\u00e9 et une puissance nominale int\u00e9rieure\/ext\u00e9rieure, il peut \u00eatre install\u00e9 \u00e0 peu pr\u00e8s n&rsquo;importe o\u00f9. Des cliniques aux \u00e9coles et des h\u00f4tels aux boutiques, c&rsquo;est le seul luminaire encastr\u00e9 mince dont vous aurez besoin.<\/p>\n","protected":false},"featured_media":52557,"template":"","meta":{"_acf_changed":false,"site-sidebar-layout":"default","site-content-layout":"default","ast-site-content-layout":"default","site-content-style":"default","site-sidebar-style":"default","ast-global-header-display":"","ast-banner-title-visibility":"","ast-main-header-display":"","ast-hfb-above-header-display":"","ast-hfb-below-header-display":"","ast-hfb-mobile-header-display":"","site-post-title":"","ast-breadcrumbs-content":"","ast-featured-img":"","footer-sml-layout":"","ast-disable-related-posts":"","theme-transparent-header-meta":"default","adv-header-id-meta":"","stick-header-meta":"default","header-above-stick-meta":"","header-main-stick-meta":"","header-below-stick-meta":"","astra-migrate-meta-layouts":"set","ast-page-background-enabled":"default","ast-page-background-meta":{"desktop":{"background-color":"","background-image":"","background-repeat":"repeat","background-position":"center center","background-size":"auto","background-attachment":"scroll","background-type":"","background-media":"","overlay-type":"","overlay-color":"","overlay-opacity":"","overlay-gradient":""},"tablet":{"background-color":"","background-image":"","background-repeat":"repeat","background-position":"center center","background-size":"auto","background-attachment":"scroll","background-type":"","background-media":"","overlay-type":"","overlay-color":"","overlay-opacity":"","overlay-gradient":""},"mobile":{"background-color":"","background-image":"","background-repeat":"repeat","background-position":"center center","background-size":"auto","background-attachment":"scroll","background-type":"","background-media":"","overlay-type":"","overlay-color":"","overlay-opacity":"","overlay-gradient":""}},"ast-content-background-meta":{"desktop":{"background-color":"var(--ast-global-color-5)","background-image":"","background-repeat":"repeat","background-position":"center center","background-size":"auto","background-attachment":"scroll","background-type":"","background-media":"","overlay-type":"","overlay-color":"","overlay-opacity":"","overlay-gradient":""},"tablet":{"background-color":"var(--ast-global-color-5)","background-image":"","background-repeat":"repeat","background-position":"center center","background-size":"auto","background-attachment":"scroll","background-type":"","background-media":"","overlay-type":"","overlay-color":"","overlay-opacity":"","overlay-gradient":""},"mobile":{"background-color":"var(--ast-global-color-5)","background-image":"","background-repeat":"repeat","background-position":"center center","background-size":"auto","background-attachment":"scroll","background-type":"","background-media":"","overlay-type":"","overlay-color":"","overlay-opacity":"","overlay-gradient":""}}},"product_brand":[],"product_cat":[18,1392,84,2347,535],"product_tag":[],"class_list":{"0":"post-17128","1":"product","2":"type-product","3":"status-publish","4":"has-post-thumbnail","6":"product_cat-encastres","7":"product_cat-recessed-outdoor-fr","8":"product_cat-exterieur","9":"product_cat-hilux-fr","10":"product_cat-regresses","11":"pa_finish-blanc","12":"pa_finish-noir","13":"desktop-align-center","14":"tablet-align-center","15":"mobile-align-center","16":"ast-product-gallery-layout-horizontal-slider","17":"ast-product-single-variable","18":"ast-product-tabs-layout-horizontal","20":"first","21":"instock","22":"taxable","23":"shipping-taxable","24":"purchasable","25":"product-type-variable","26":"wvs-archive-product-wrapper"},"acf":[],"yoast_head":"<!-- This site is optimized with the Yoast SEO plugin v27.4 - https:\/\/yoast.com\/product\/yoast-seo-wordpress\/ -->\n<title>Encastr\u00e9 haute-puissance de 6&quot; - Dals Lighting<\/title>\n<meta name=\"robots\" content=\"index, follow, max-snippet:-1, max-image-preview:large, max-video-preview:-1\" \/>\n<link rel=\"canonical\" href=\"https:\/\/dals.com\/fr\/produit\/hpd6-cc-luminaire-encastre-commercial-haute-puissance-de-6\/\" \/>\n<meta property=\"og:locale\" content=\"fr_FR\" \/>\n<meta property=\"og:type\" content=\"article\" \/>\n<meta property=\"og:title\" content=\"Encastr\u00e9 haute-puissance de 6&quot; - Dals Lighting\" \/>\n<meta property=\"og:description\" content=\"Le nouveau downlight encastr\u00e9 haute puissance de Dals est un incontournable pour vos projets commerciaux. Avec ses cinq temp\u00e9ratures de couleur au choix, un bo\u00eetier en fonte d&#039;aluminium, un flux lumineux \u00e9lev\u00e9 et une puissance nominale int\u00e9rieure\/ext\u00e9rieure, il peut \u00eatre install\u00e9 \u00e0 peu pr\u00e8s n&#039;importe o\u00f9. Des cliniques aux \u00e9coles et des h\u00f4tels aux boutiques, c&#039;est le seul luminaire encastr\u00e9 mince dont vous aurez besoin.\" \/>\n<meta property=\"og:url\" content=\"https:\/\/dals.com\/fr\/produit\/hpd6-cc-luminaire-encastre-commercial-haute-puissance-de-6\/\" \/>\n<meta property=\"og:site_name\" content=\"Dals Lighting\" \/>\n<meta property=\"article:modified_time\" content=\"2026-02-03T18:44:29+00:00\" \/>\n<meta property=\"og:image\" content=\"https:\/\/dals.com\/wp-content\/uploads\/2017\/06\/hdr6-cc-wh.jpg\" \/>\n\t<meta property=\"og:image:width\" content=\"2000\" \/>\n\t<meta property=\"og:image:height\" content=\"2000\" \/>\n\t<meta property=\"og:image:type\" content=\"image\/jpeg\" \/>\n<meta name=\"twitter:card\" content=\"summary_large_image\" \/>\n<meta name=\"twitter:label1\" content=\"Dur\u00e9e de lecture estim\u00e9e\" \/>\n\t<meta name=\"twitter:data1\" content=\"1 minute\" \/>\n<script type=\"application\/ld+json\" class=\"yoast-schema-graph\">{\"@context\":\"https:\\\/\\\/schema.org\",\"@graph\":[{\"@type\":\"WebPage\",\"@id\":\"https:\\\/\\\/dals.com\\\/fr\\\/produit\\\/hpd6-cc-luminaire-encastre-commercial-haute-puissance-de-6\\\/\",\"url\":\"https:\\\/\\\/dals.com\\\/fr\\\/produit\\\/hpd6-cc-luminaire-encastre-commercial-haute-puissance-de-6\\\/\",\"name\":\"Encastr\u00e9 haute-puissance de 6\\\" - Dals Lighting\",\"isPartOf\":{\"@id\":\"https:\\\/\\\/dalslit.tempurl.host\\\/#website\"},\"primaryImageOfPage\":{\"@id\":\"https:\\\/\\\/dals.com\\\/fr\\\/produit\\\/hpd6-cc-luminaire-encastre-commercial-haute-puissance-de-6\\\/#primaryimage\"},\"image\":{\"@id\":\"https:\\\/\\\/dals.com\\\/fr\\\/produit\\\/hpd6-cc-luminaire-encastre-commercial-haute-puissance-de-6\\\/#primaryimage\"},\"thumbnailUrl\":\"https:\\\/\\\/dals.com\\\/wp-content\\\/uploads\\\/2017\\\/06\\\/hdr6-cc-wh.jpg\",\"datePublished\":\"2017-06-30T16:21:22+00:00\",\"dateModified\":\"2026-02-03T18:44:29+00:00\",\"breadcrumb\":{\"@id\":\"https:\\\/\\\/dals.com\\\/fr\\\/produit\\\/hpd6-cc-luminaire-encastre-commercial-haute-puissance-de-6\\\/#breadcrumb\"},\"inLanguage\":\"fr-FR\",\"potentialAction\":[{\"@type\":\"ReadAction\",\"target\":[\"https:\\\/\\\/dals.com\\\/fr\\\/produit\\\/hpd6-cc-luminaire-encastre-commercial-haute-puissance-de-6\\\/\"]}]},{\"@type\":\"ImageObject\",\"inLanguage\":\"fr-FR\",\"@id\":\"https:\\\/\\\/dals.com\\\/fr\\\/produit\\\/hpd6-cc-luminaire-encastre-commercial-haute-puissance-de-6\\\/#primaryimage\",\"url\":\"https:\\\/\\\/dals.com\\\/wp-content\\\/uploads\\\/2017\\\/06\\\/hdr6-cc-wh.jpg\",\"contentUrl\":\"https:\\\/\\\/dals.com\\\/wp-content\\\/uploads\\\/2017\\\/06\\\/hdr6-cc-wh.jpg\",\"width\":2000,\"height\":2000},{\"@type\":\"BreadcrumbList\",\"@id\":\"https:\\\/\\\/dals.com\\\/fr\\\/produit\\\/hpd6-cc-luminaire-encastre-commercial-haute-puissance-de-6\\\/#breadcrumb\",\"itemListElement\":[{\"@type\":\"ListItem\",\"position\":1,\"name\":\"Accueil\",\"item\":\"https:\\\/\\\/dals.com\\\/fr\\\/\"},{\"@type\":\"ListItem\",\"position\":2,\"name\":\"Produits\",\"item\":\"https:\\\/\\\/dalslit.tempurl.host\\\/fr\\\/?page_id=31878\"},{\"@type\":\"ListItem\",\"position\":3,\"name\":\"Encastr\u00e9s\",\"item\":\"https:\\\/\\\/dals.com\\\/fr\\\/categorie-produit\\\/encastres\\\/\"},{\"@type\":\"ListItem\",\"position\":4,\"name\":\"Encastr\u00e9 haute-puissance de 6&#8243;\"}]},{\"@type\":\"WebSite\",\"@id\":\"https:\\\/\\\/dalslit.tempurl.host\\\/#website\",\"url\":\"https:\\\/\\\/dalslit.tempurl.host\\\/\",\"name\":\"Dals Lighting\",\"description\":\"Manufacturer of designer lighting products\",\"publisher\":{\"@id\":\"https:\\\/\\\/dalslit.tempurl.host\\\/#organization\"},\"potentialAction\":[{\"@type\":\"SearchAction\",\"target\":{\"@type\":\"EntryPoint\",\"urlTemplate\":\"https:\\\/\\\/dalslit.tempurl.host\\\/?s={search_term_string}\"},\"query-input\":{\"@type\":\"PropertyValueSpecification\",\"valueRequired\":true,\"valueName\":\"search_term_string\"}}],\"inLanguage\":\"fr-FR\"},{\"@type\":\"Organization\",\"@id\":\"https:\\\/\\\/dalslit.tempurl.host\\\/#organization\",\"name\":\"Dals Lighting\",\"url\":\"https:\\\/\\\/dalslit.tempurl.host\\\/\",\"logo\":{\"@type\":\"ImageObject\",\"inLanguage\":\"fr-FR\",\"@id\":\"https:\\\/\\\/dalslit.tempurl.host\\\/#\\\/schema\\\/logo\\\/image\\\/\",\"url\":\"https:\\\/\\\/dals.com\\\/wp-content\\\/uploads\\\/2020\\\/01\\\/cropped-logo-dals.png\",\"contentUrl\":\"https:\\\/\\\/dals.com\\\/wp-content\\\/uploads\\\/2020\\\/01\\\/cropped-logo-dals.png\",\"width\":\"300\",\"height\":\"125\",\"caption\":\"Dals Lighting\"},\"image\":{\"@id\":\"https:\\\/\\\/dalslit.tempurl.host\\\/#\\\/schema\\\/logo\\\/image\\\/\"}}]}<\/script>\n<!-- \/ Yoast SEO plugin. -->","yoast_head_json":{"title":"Encastr\u00e9 haute-puissance de 6\" - Dals Lighting","robots":{"index":"index","follow":"follow","max-snippet":"max-snippet:-1","max-image-preview":"max-image-preview:large","max-video-preview":"max-video-preview:-1"},"canonical":"https:\/\/dals.com\/fr\/produit\/hpd6-cc-luminaire-encastre-commercial-haute-puissance-de-6\/","og_locale":"fr_FR","og_type":"article","og_title":"Encastr\u00e9 haute-puissance de 6\" - Dals Lighting","og_description":"Le nouveau downlight encastr\u00e9 haute puissance de Dals est un incontournable pour vos projets commerciaux. Avec ses cinq temp\u00e9ratures de couleur au choix, un bo\u00eetier en fonte d'aluminium, un flux lumineux \u00e9lev\u00e9 et une puissance nominale int\u00e9rieure\/ext\u00e9rieure, il peut \u00eatre install\u00e9 \u00e0 peu pr\u00e8s n'importe o\u00f9. Des cliniques aux \u00e9coles et des h\u00f4tels aux boutiques, c'est le seul luminaire encastr\u00e9 mince dont vous aurez besoin.","og_url":"https:\/\/dals.com\/fr\/produit\/hpd6-cc-luminaire-encastre-commercial-haute-puissance-de-6\/","og_site_name":"Dals Lighting","article_modified_time":"2026-02-03T18:44:29+00:00","og_image":[{"width":2000,"height":2000,"url":"https:\/\/dals.com\/wp-content\/uploads\/2017\/06\/hdr6-cc-wh.jpg","type":"image\/jpeg"}],"twitter_card":"summary_large_image","twitter_misc":{"Dur\u00e9e de lecture estim\u00e9e":"1 minute"},"schema":{"@context":"https:\/\/schema.org","@graph":[{"@type":"WebPage","@id":"https:\/\/dals.com\/fr\/produit\/hpd6-cc-luminaire-encastre-commercial-haute-puissance-de-6\/","url":"https:\/\/dals.com\/fr\/produit\/hpd6-cc-luminaire-encastre-commercial-haute-puissance-de-6\/","name":"Encastr\u00e9 haute-puissance de 6\" - Dals Lighting","isPartOf":{"@id":"https:\/\/dalslit.tempurl.host\/#website"},"primaryImageOfPage":{"@id":"https:\/\/dals.com\/fr\/produit\/hpd6-cc-luminaire-encastre-commercial-haute-puissance-de-6\/#primaryimage"},"image":{"@id":"https:\/\/dals.com\/fr\/produit\/hpd6-cc-luminaire-encastre-commercial-haute-puissance-de-6\/#primaryimage"},"thumbnailUrl":"https:\/\/dals.com\/wp-content\/uploads\/2017\/06\/hdr6-cc-wh.jpg","datePublished":"2017-06-30T16:21:22+00:00","dateModified":"2026-02-03T18:44:29+00:00","breadcrumb":{"@id":"https:\/\/dals.com\/fr\/produit\/hpd6-cc-luminaire-encastre-commercial-haute-puissance-de-6\/#breadcrumb"},"inLanguage":"fr-FR","potentialAction":[{"@type":"ReadAction","target":["https:\/\/dals.com\/fr\/produit\/hpd6-cc-luminaire-encastre-commercial-haute-puissance-de-6\/"]}]},{"@type":"ImageObject","inLanguage":"fr-FR","@id":"https:\/\/dals.com\/fr\/produit\/hpd6-cc-luminaire-encastre-commercial-haute-puissance-de-6\/#primaryimage","url":"https:\/\/dals.com\/wp-content\/uploads\/2017\/06\/hdr6-cc-wh.jpg","contentUrl":"https:\/\/dals.com\/wp-content\/uploads\/2017\/06\/hdr6-cc-wh.jpg","width":2000,"height":2000},{"@type":"BreadcrumbList","@id":"https:\/\/dals.com\/fr\/produit\/hpd6-cc-luminaire-encastre-commercial-haute-puissance-de-6\/#breadcrumb","itemListElement":[{"@type":"ListItem","position":1,"name":"Accueil","item":"https:\/\/dals.com\/fr\/"},{"@type":"ListItem","position":2,"name":"Produits","item":"https:\/\/dalslit.tempurl.host\/fr\/?page_id=31878"},{"@type":"ListItem","position":3,"name":"Encastr\u00e9s","item":"https:\/\/dals.com\/fr\/categorie-produit\/encastres\/"},{"@type":"ListItem","position":4,"name":"Encastr\u00e9 haute-puissance de 6&#8243;"}]},{"@type":"WebSite","@id":"https:\/\/dalslit.tempurl.host\/#website","url":"https:\/\/dalslit.tempurl.host\/","name":"Dals Lighting","description":"Manufacturer of designer lighting products","publisher":{"@id":"https:\/\/dalslit.tempurl.host\/#organization"},"potentialAction":[{"@type":"SearchAction","target":{"@type":"EntryPoint","urlTemplate":"https:\/\/dalslit.tempurl.host\/?s={search_term_string}"},"query-input":{"@type":"PropertyValueSpecification","valueRequired":true,"valueName":"search_term_string"}}],"inLanguage":"fr-FR"},{"@type":"Organization","@id":"https:\/\/dalslit.tempurl.host\/#organization","name":"Dals Lighting","url":"https:\/\/dalslit.tempurl.host\/","logo":{"@type":"ImageObject","inLanguage":"fr-FR","@id":"https:\/\/dalslit.tempurl.host\/#\/schema\/logo\/image\/","url":"https:\/\/dals.com\/wp-content\/uploads\/2020\/01\/cropped-logo-dals.png","contentUrl":"https:\/\/dals.com\/wp-content\/uploads\/2020\/01\/cropped-logo-dals.png","width":"300","height":"125","caption":"Dals Lighting"},"image":{"@id":"https:\/\/dalslit.tempurl.host\/#\/schema\/logo\/image\/"}}]}},"_links":{"self":[{"href":"https:\/\/dals.com\/fr\/wp-json\/wp\/v2\/product\/17128","targetHints":{"allow":["GET"]}}],"collection":[{"href":"https:\/\/dals.com\/fr\/wp-json\/wp\/v2\/product"}],"about":[{"href":"https:\/\/dals.com\/fr\/wp-json\/wp\/v2\/types\/product"}],"wp:featuredmedia":[{"embeddable":true,"href":"https:\/\/dals.com\/fr\/wp-json\/wp\/v2\/media\/52557"}],"wp:attachment":[{"href":"https:\/\/dals.com\/fr\/wp-json\/wp\/v2\/media?parent=17128"}],"wp:term":[{"taxonomy":"product_brand","embeddable":true,"href":"https:\/\/dals.com\/fr\/wp-json\/wp\/v2\/product_brand?post=17128"},{"taxonomy":"product_cat","embeddable":true,"href":"https:\/\/dals.com\/fr\/wp-json\/wp\/v2\/product_cat?post=17128"},{"taxonomy":"product_tag","embeddable":true,"href":"https:\/\/dals.com\/fr\/wp-json\/wp\/v2\/product_tag?post=17128"}],"curies":[{"name":"wp","href":"https:\/\/api.w.org\/{rel}","templated":true}]}}