{"id":3,"date":"2019-10-22T12:35:56","date_gmt":"2019-10-22T12:35:56","guid":{"rendered":"https:\/\/dalssite.wpengine.com\/?page_id=3"},"modified":"2020-06-15T12:57:24","modified_gmt":"2020-06-15T16:57:24","slug":"politique-de-confidentialite","status":"publish","type":"page","link":"https:\/\/dals.com\/fr\/politique-de-confidentialite\/","title":{"rendered":"Politique de confidentialit\u00e9"},"content":{"rendered":"\t\t<section class=\"elem-breadcrumbs elementor-element elementor-section-boxed elementor-section-height-default elementor-section-height-default elementor-section elementor-top-section\" data-element_type=\"section\" style=\"margin-bottom:30px\">\n\t<div class=\"elementor-container elementor-column-gap-default\">\n\t\t<div class=\"elementor-row\">\n\t\t\t<div class=\"elementor-element elementor-column elementor-col-100 elementor-top-column >\n\t\t\t\t<div class=\"elementor-column-wrap  elementor-element-populated\">\n\t\t\t\t\t<div class=\"elementor-widget-wrap\">\n\t\t\t\t\t\t<div class=\"elementor-element elementor-widget elementor-widget-breadcrumbs\" data-element_type=\"widget\" data-widget_type=\"breadcrumbs.default\">\n\t\t\t\t\t\t\t<div class=\"elementor-widget-container\">\n\t\t\t\t\t\t\t\t<span><span><a href=\"https:\/\/dals.com\/fr\/\">Accueil<\/a><\/span><\/span>\t\t\t\t\t\t\t<\/div>\n\t\t\t\t\t\t<\/div>\n\t\t\t\t\t<\/div>\n\t\t\t\t<\/div>\n\t\t\t<\/div>\n\t\t<\/div>\n\t<\/div>\n<\/section>\n\n\t\t<div data-elementor-type=\"wp-page\" data-elementor-id=\"3\" class=\"elementor elementor-3\" data-elementor-post-type=\"page\">\n\t\t\t\t\t\t<section class=\"elementor-section elementor-top-section elementor-element elementor-element-3110ef29 elementor-section-full_width elementor-section-height-default elementor-section-height-default\" data-id=\"3110ef29\" data-element_type=\"section\" data-e-type=\"section\" data-settings=\"{&quot;background_background&quot;:&quot;classic&quot;}\">\n\t\t\t\t\t\t<div class=\"elementor-container elementor-column-gap-default\">\n\t\t\t\t\t<div class=\"elementor-column elementor-col-50 elementor-top-column elementor-element elementor-element-394f0da6\" data-id=\"394f0da6\" data-element_type=\"column\" data-e-type=\"column\" data-settings=\"{&quot;background_background&quot;:&quot;classic&quot;}\">\n\t\t\t<div class=\"elementor-widget-wrap elementor-element-populated\">\n\t\t\t\t\t\t<div class=\"elementor-element elementor-element-2211621e elementor-widget elementor-widget-text-editor\" data-id=\"2211621e\" data-element_type=\"widget\" data-e-type=\"widget\" data-widget_type=\"text-editor.default\">\n\t\t\t\t<div class=\"elementor-widget-container\">\n\t\t\t\t\t\t\t\t\t<h1>Politique de confidentialit\u00e9<\/h1>\n<p>&#8211; Votre vie priv\u00e9e est extr\u00eamement importante pour nous.<\/p>\t\t\t\t\t\t\t\t<\/div>\n\t\t\t\t<\/div>\n\t\t\t\t\t<\/div>\n\t\t<\/div>\n\t\t\t\t<div class=\"elementor-column elementor-col-50 elementor-top-column elementor-element elementor-element-681cc2d7\" data-id=\"681cc2d7\" data-element_type=\"column\" data-e-type=\"column\">\n\t\t\t<div class=\"elementor-widget-wrap\">\n\t\t\t\t\t\t\t<\/div>\n\t\t<\/div>\n\t\t\t\t\t<\/div>\n\t\t<\/section>\n\t\t\t\t<section class=\"elementor-section elementor-top-section elementor-element elementor-element-52fbb21 elementor-section-boxed elementor-section-height-default elementor-section-height-default\" data-id=\"52fbb21\" data-element_type=\"section\" data-e-type=\"section\">\n\t\t\t\t\t\t<div class=\"elementor-container elementor-column-gap-default\">\n\t\t\t\t\t<div class=\"elementor-column elementor-col-100 elementor-top-column elementor-element elementor-element-4eb1ddd\" data-id=\"4eb1ddd\" data-element_type=\"column\" data-e-type=\"column\">\n\t\t\t<div class=\"elementor-widget-wrap elementor-element-populated\">\n\t\t\t\t\t\t<div class=\"elementor-element elementor-element-8a29cd2 elementor-widget elementor-widget-text-editor\" data-id=\"8a29cd2\" data-element_type=\"widget\" data-e-type=\"widget\" data-widget_type=\"text-editor.default\">\n\t\t\t\t<div class=\"elementor-widget-container\">\n\t\t\t\t\t\t\t\t\t<p>DALS Lighting est situ\u00e9 \u00e0:<\/p>\n<p><strong>\u00c9clairage DALS<\/strong><br \/>80 Boul. de la Seigneurie Est<br \/>Quebec, Canada<br \/>450-430-1818<\/p>\n<p>La politique de DALS Lighting est de respecter votre vie priv\u00e9e concernant toute information que nous pouvons collecter lors de l&rsquo;utilisation de notre site Web. Cette politique de confidentialit\u00e9 s&rsquo;applique \u00e0 www.dals.com (ci-apr\u00e8s, \u00abnous\u00bb, \u00abnous\u00bb ou \u00abwww.dals.com\u00bb). Nous respectons votre vie priv\u00e9e et nous nous engageons \u00e0 prot\u00e9ger les informations personnellement identifiables que vous pouvez nous fournir via le site Web. Nous avons adopt\u00e9 cette politique de confidentialit\u00e9 (\u00ab\u00a0Politique de confidentialit\u00e9\u00a0\u00bb) pour expliquer quelles informations peuvent \u00eatre collect\u00e9es sur notre site Web, comment nous utilisons ces informations et dans quelles circonstances nous pouvons divulguer ces informations \u00e0 des tiers. Cette politique de confidentialit\u00e9 s&rsquo;applique uniquement aux informations que nous collectons via le site Web et ne s&rsquo;applique pas \u00e0 notre collecte d&rsquo;informations provenant d&rsquo;autres sources.<\/p>\n<p>Cette politique de confidentialit\u00e9, ainsi que les conditions g\u00e9n\u00e9rales publi\u00e9es sur notre site Web, \u00e9noncent les r\u00e8gles et politiques g\u00e9n\u00e9rales r\u00e9gissant votre utilisation de notre site Web. En fonction de vos activit\u00e9s lors de la visite de notre site Web, il se peut que vous deviez accepter des conditions g\u00e9n\u00e9rales suppl\u00e9mentaires.<\/p>\n<h2><strong>Visiteurs du site Web<\/strong><\/h2>\n<p>Comme la plupart des exploitants de sites Web, DALS Lighting collecte des informations non personnellement identifiables du type que les navigateurs Web et les serveurs mettent g\u00e9n\u00e9ralement \u00e0 disposition, telles que le type de navigateur, la langue, le site r\u00e9f\u00e9rent et la date et l&rsquo;heure de chaque demande de visiteur. Le but de DALS Lighting dans la collecte d&rsquo;informations non personnelles est de mieux comprendre comment les visiteurs de DALS Lighting utilisent son site Web. De temps \u00e0 autre, DALS Lighting peut divulguer des informations non personnellement identifiables dans l&rsquo;ensemble, par exemple, en publiant un rapport sur les tendances dans l&rsquo;utilisation de son site Web.<\/p>\n<p>DALS Lighting recueille \u00e9galement des informations potentiellement personnelles telles que les adresses IP (Internet Protocol) pour les utilisateurs connect\u00e9s et pour les utilisateurs qui laissent des commentaires sur les articles du blog http:\/\/www.dals.com. DALS Lighting ne divulgue les adresses IP des utilisateurs et des commentateurs connect\u00e9s que dans les m\u00eames circonstances qu&rsquo;il utilise et divulgue les informations d&rsquo;identification personnelle d\u00e9crites ci-dessous.<\/p>\n<h2><strong>Collecte d\u2019informations d\u2019identification personnelle<\/strong><\/h2>\n<p>Certains visiteurs des sites Web de DALS Lighting choisissent d&rsquo;interagir avec DALS Lighting de mani\u00e8re \u00e0 ce que DALS Lighting collecte des informations d&rsquo;identification personnelle. La quantit\u00e9 et le type d&rsquo;informations collect\u00e9es par DALS Lighting d\u00e9pendent de la nature de l&rsquo;interaction. Par exemple, nous pourrions demander aux visiteurs qui s&rsquo;inscrivent \u00e0 un blog sur http:\/\/www.dals.com de fournir un nom d&rsquo;utilisateur et une adresse e-mail.<\/p>\n<h2><strong>S<\/strong><strong>\u00e9curit\u00e9<\/strong><\/h2>\n<p>La s\u00e9curit\u00e9 de vos informations personnelles est importante pour nous, mais n&rsquo;oubliez pas qu&rsquo;aucune m\u00e9thode de transmission sur Internet ou m\u00e9thode de stockage \u00e9lectronique n&rsquo;est s\u00fbre \u00e0 100%. Bien que nous nous effor\u00e7ons d&rsquo;utiliser des moyens commercialement acceptables pour prot\u00e9ger vos informations personnelles, nous ne pouvons pas garantir leur s\u00e9curit\u00e9 absolue.<\/p>\n<h2><strong>Publicit\u00e9<\/strong><\/h2>\n<p>Les publicit\u00e9s apparaissant sur notre site Web peuvent \u00eatre transmises aux utilisateurs par des partenaires publicitaires, qui peuvent d\u00e9finir des cookies. Ces cookies permettent au serveur publicitaire de reconna\u00eetre votre ordinateur chaque fois qu&rsquo;il vous envoie une publicit\u00e9 en ligne pour compiler des informations sur vous ou sur les autres utilisateurs de votre ordinateur. Ces informations permettent notamment aux r\u00e9seaux publicitaires de diffuser des publicit\u00e9s cibl\u00e9es qui, selon eux, vous int\u00e9resseront le plus. Cette politique de confidentialit\u00e9 couvre l&rsquo;utilisation des cookies par DALS Lighting et ne couvre pas l&rsquo;utilisation des cookies par les annonceurs.<strong>\u00a0<\/strong><\/p>\n<h2><strong>Li<\/strong><strong>ens vers d\u2019autres site webs<\/strong><\/h2>\n<p>Notre service peut contenir des liens vers des sites externes qui ne sont pas exploit\u00e9s par nous. Si vous cliquez sur un lien tiers, vous serez dirig\u00e9 vers le site de ce tiers. Nous vous conseillons fortement de consulter la politique de confidentialit\u00e9 et les termes et conditions de chaque site que vous visitez.<\/p>\n<p>Nous n&rsquo;avons aucun contr\u00f4le sur, et n&rsquo;assumons aucune responsabilit\u00e9 pour le contenu, les politiques de confidentialit\u00e9 ou les pratiques des sites, produits ou services tiers.<\/p>\n<h2><strong>Statisti<\/strong><strong>ques Agr\u00e9g\u00e9es<\/strong><\/h2>\n<p>DALS Lighting peut collecter des statistiques sur le comportement des visiteurs de son site Web. DALS Lighting peut afficher ces informations publiquement ou les communiquer \u00e0 des tiers. Cependant, DALS Lighting ne divulgue pas vos informations d&rsquo;identification personnelle.<\/p>\n<h2><strong>\u201cCookies\u201d<\/strong><\/h2>\n<p>Pour enrichir et perfectionner votre exp\u00e9rience en ligne, DALS Lighting utilise des \u00abcookies\u00bb, des technologies et services similaires fournis par des tiers pour afficher un contenu personnalis\u00e9, une publicit\u00e9 appropri\u00e9e et enregistrer vos pr\u00e9f\u00e9rences sur votre ordinateur.<\/p>\n<p>Un cookie est une cha\u00eene d&rsquo;informations qu&rsquo;un site Web stocke sur l&rsquo;ordinateur d&rsquo;un visiteur et que le navigateur du visiteur fournit au site Web chaque fois que le visiteur revient. DALS Lighting utilise des cookies pour aider DALS Lighting \u00e0 identifier et suivre les visiteurs, leur utilisation de http:\/\/www.dals.com et leurs pr\u00e9f\u00e9rences d&rsquo;acc\u00e8s au site Web. Les visiteurs de DALS Lighting qui ne souhaitent pas que des cookies soient plac\u00e9s sur leur ordinateur doivent configurer leur navigateur pour refuser les cookies avant d&rsquo;utiliser les sites Web de DALS Lighting, avec l&rsquo;inconv\u00e9nient que certaines fonctionnalit\u00e9s des sites Web de DALS Lighting peuvent ne pas fonctionner correctement sans l&rsquo;aide de cookies.<\/p>\n<p>En continuant \u00e0 naviguer sur notre site Web sans modifier vos param\u00e8tres de cookies, vous reconnaissez et acceptez par la pr\u00e9sente l&rsquo;utilisation des cookies par DALS Lighting.<\/p>\n<h2><strong>E-commerce<\/strong><\/h2>\n<p>Ceux qui effectuent des transactions avec DALS Lighting, en achetant les services ou produits de DALS Lighting, sont invit\u00e9s \u00e0 fournir des informations suppl\u00e9mentaires, y compris, le cas \u00e9ch\u00e9ant, les informations personnelles et financi\u00e8res n\u00e9cessaires au traitement de ces transactions. Dans chaque cas, DALS Lighting ne collecte ces informations que dans la mesure o\u00f9 cela est n\u00e9cessaire ou appropri\u00e9 pour atteindre l&rsquo;objectif de l&rsquo;interaction du visiteur avec DALS Lighting. DALS Lighting ne divulgue pas d&rsquo;informations d&rsquo;identification personnelle autres que celles d\u00e9crites ci-dessous. Et les visiteurs peuvent toujours refuser de fournir des informations d&rsquo;identification personnelle, avec la r\u00e9serve que cela peut les emp\u00eacher de s&rsquo;engager dans certaines activit\u00e9s li\u00e9es au site Web.<\/p>\n<h2><strong>Modifications de la politique de confidentialit\u00e9<\/strong><\/h2>\n<p>Bien que la plupart des changements soient susceptibles d&rsquo;\u00eatre mineurs, DALS Lighting peut modifier sa politique de confidentialit\u00e9 de temps \u00e0 autre et \u00e0 la seule discr\u00e9tion de DALS Lighting. DALS Lighting encourage les visiteurs \u00e0 consulter fr\u00e9quemment cette page pour tout changement \u00e0 sa politique de confidentialit\u00e9. Votre utilisation continue de ce site apr\u00e8s tout changement dans cette politique de confidentialit\u00e9 constituera votre acceptation d&rsquo;un tel changement.<\/p>\t\t\t\t\t\t\t\t<\/div>\n\t\t\t\t<\/div>\n\t\t\t\t\t<\/div>\n\t\t<\/div>\n\t\t\t\t\t<\/div>\n\t\t<\/section>\n\t\t\t\t<\/div>\n\t\t","protected":false},"excerpt":{"rendered":"","protected":false},"author":1,"featured_media":0,"parent":0,"menu_order":0,"comment_status":"closed","ping_status":"closed","template":"","meta":{"_acf_changed":false,"site-sidebar-layout":"no-sidebar","site-content-layout":"page-builder","ast-site-content-layout":"default","site-content-style":"default","site-sidebar-style":"default","ast-global-header-display":"","ast-banner-title-visibility":"","ast-main-header-display":"","ast-hfb-above-header-display":"","ast-hfb-below-header-display":"","ast-hfb-mobile-header-display":"","site-post-title":"disabled","ast-breadcrumbs-content":"","ast-featured-img":"disabled","footer-sml-layout":"","ast-disable-related-posts":"","theme-transparent-header-meta":"default","adv-header-id-meta":"","stick-header-meta":"default","header-above-stick-meta":"","header-main-stick-meta":"","header-below-stick-meta":"","astra-migrate-meta-layouts":"default","ast-page-background-enabled":"default","ast-page-background-meta":{"desktop":{"background-color":"","background-image":"","background-repeat":"repeat","background-position":"center center","background-size":"auto","background-attachment":"scroll","background-type":"","background-media":"","overlay-type":"","overlay-color":"","overlay-opacity":"","overlay-gradient":""},"tablet":{"background-color":"","background-image":"","background-repeat":"repeat","background-position":"center center","background-size":"auto","background-attachment":"scroll","background-type":"","background-media":"","overlay-type":"","overlay-color":"","overlay-opacity":"","overlay-gradient":""},"mobile":{"background-color":"","background-image":"","background-repeat":"repeat","background-position":"center center","background-size":"auto","background-attachment":"scroll","background-type":"","background-media":"","overlay-type":"","overlay-color":"","overlay-opacity":"","overlay-gradient":""}},"ast-content-background-meta":{"desktop":{"background-color":"var(--ast-global-color-5)","background-image":"","background-repeat":"repeat","background-position":"center center","background-size":"auto","background-attachment":"scroll","background-type":"","background-media":"","overlay-type":"","overlay-color":"","overlay-opacity":"","overlay-gradient":""},"tablet":{"background-color":"var(--ast-global-color-5)","background-image":"","background-repeat":"repeat","background-position":"center center","background-size":"auto","background-attachment":"scroll","background-type":"","background-media":"","overlay-type":"","overlay-color":"","overlay-opacity":"","overlay-gradient":""},"mobile":{"background-color":"var(--ast-global-color-5)","background-image":"","background-repeat":"repeat","background-position":"center center","background-size":"auto","background-attachment":"scroll","background-type":"","background-media":"","overlay-type":"","overlay-color":"","overlay-opacity":"","overlay-gradient":""}},"footnotes":""},"class_list":["post-3","page","type-page","status-publish","hentry"],"acf":[],"yoast_head":"<!-- This site is optimized with the Yoast SEO plugin v27.3 - https:\/\/yoast.com\/product\/yoast-seo-wordpress\/ -->\n<title>Politique de confidentialit\u00e9 - Dals Lighting<\/title>\n<meta name=\"robots\" content=\"index, follow, max-snippet:-1, max-image-preview:large, max-video-preview:-1\" \/>\n<link rel=\"canonical\" href=\"https:\/\/dals.com\/fr\/politique-de-confidentialite\/\" \/>\n<meta property=\"og:locale\" content=\"fr_FR\" \/>\n<meta property=\"og:type\" content=\"article\" \/>\n<meta property=\"og:title\" content=\"Politique de confidentialit\u00e9 - Dals Lighting\" \/>\n<meta property=\"og:url\" content=\"https:\/\/dals.com\/fr\/politique-de-confidentialite\/\" \/>\n<meta property=\"og:site_name\" content=\"Dals Lighting\" \/>\n<meta property=\"article:modified_time\" content=\"2020-06-15T16:57:24+00:00\" \/>\n<meta name=\"twitter:card\" content=\"summary_large_image\" \/>\n<meta name=\"twitter:label1\" content=\"Dur\u00e9e de lecture estim\u00e9e\" \/>\n\t<meta name=\"twitter:data1\" content=\"6 minutes\" \/>\n<script type=\"application\/ld+json\" class=\"yoast-schema-graph\">{\"@context\":\"https:\\\/\\\/schema.org\",\"@graph\":[{\"@type\":\"WebPage\",\"@id\":\"https:\\\/\\\/dals.com\\\/fr\\\/politique-de-confidentialite\\\/\",\"url\":\"https:\\\/\\\/dals.com\\\/fr\\\/politique-de-confidentialite\\\/\",\"name\":\"Politique de confidentialit\u00e9 - Dals Lighting\",\"isPartOf\":{\"@id\":\"https:\\\/\\\/dalslit.tempurl.host\\\/#website\"},\"datePublished\":\"2019-10-22T12:35:56+00:00\",\"dateModified\":\"2020-06-15T16:57:24+00:00\",\"breadcrumb\":{\"@id\":\"https:\\\/\\\/dals.com\\\/fr\\\/politique-de-confidentialite\\\/#breadcrumb\"},\"inLanguage\":\"fr-FR\",\"potentialAction\":[{\"@type\":\"ReadAction\",\"target\":[\"https:\\\/\\\/dals.com\\\/fr\\\/politique-de-confidentialite\\\/\"]}]},{\"@type\":\"BreadcrumbList\",\"@id\":\"https:\\\/\\\/dals.com\\\/fr\\\/politique-de-confidentialite\\\/#breadcrumb\",\"itemListElement\":[{\"@type\":\"ListItem\",\"position\":1,\"name\":\"Accueil\",\"item\":\"https:\\\/\\\/dals.com\\\/fr\\\/\"},{\"@type\":\"ListItem\",\"position\":2,\"name\":\"Politique de confidentialit\u00e9\"}]},{\"@type\":\"WebSite\",\"@id\":\"https:\\\/\\\/dalslit.tempurl.host\\\/#website\",\"url\":\"https:\\\/\\\/dalslit.tempurl.host\\\/\",\"name\":\"Dals Lighting\",\"description\":\"Manufacturer of designer lighting products\",\"publisher\":{\"@id\":\"https:\\\/\\\/dalslit.tempurl.host\\\/#organization\"},\"potentialAction\":[{\"@type\":\"SearchAction\",\"target\":{\"@type\":\"EntryPoint\",\"urlTemplate\":\"https:\\\/\\\/dalslit.tempurl.host\\\/?s={search_term_string}\"},\"query-input\":{\"@type\":\"PropertyValueSpecification\",\"valueRequired\":true,\"valueName\":\"search_term_string\"}}],\"inLanguage\":\"fr-FR\"},{\"@type\":\"Organization\",\"@id\":\"https:\\\/\\\/dalslit.tempurl.host\\\/#organization\",\"name\":\"Dals Lighting\",\"url\":\"https:\\\/\\\/dalslit.tempurl.host\\\/\",\"logo\":{\"@type\":\"ImageObject\",\"inLanguage\":\"fr-FR\",\"@id\":\"https:\\\/\\\/dalslit.tempurl.host\\\/#\\\/schema\\\/logo\\\/image\\\/\",\"url\":\"https:\\\/\\\/dals.com\\\/wp-content\\\/uploads\\\/2020\\\/01\\\/cropped-logo-dals.png\",\"contentUrl\":\"https:\\\/\\\/dals.com\\\/wp-content\\\/uploads\\\/2020\\\/01\\\/cropped-logo-dals.png\",\"width\":\"300\",\"height\":\"125\",\"caption\":\"Dals Lighting\"},\"image\":{\"@id\":\"https:\\\/\\\/dalslit.tempurl.host\\\/#\\\/schema\\\/logo\\\/image\\\/\"}}]}<\/script>\n<!-- \/ Yoast SEO plugin. -->","yoast_head_json":{"title":"Politique de confidentialit\u00e9 - Dals Lighting","robots":{"index":"index","follow":"follow","max-snippet":"max-snippet:-1","max-image-preview":"max-image-preview:large","max-video-preview":"max-video-preview:-1"},"canonical":"https:\/\/dals.com\/fr\/politique-de-confidentialite\/","og_locale":"fr_FR","og_type":"article","og_title":"Politique de confidentialit\u00e9 - Dals Lighting","og_url":"https:\/\/dals.com\/fr\/politique-de-confidentialite\/","og_site_name":"Dals Lighting","article_modified_time":"2020-06-15T16:57:24+00:00","twitter_card":"summary_large_image","twitter_misc":{"Dur\u00e9e de lecture estim\u00e9e":"6 minutes"},"schema":{"@context":"https:\/\/schema.org","@graph":[{"@type":"WebPage","@id":"https:\/\/dals.com\/fr\/politique-de-confidentialite\/","url":"https:\/\/dals.com\/fr\/politique-de-confidentialite\/","name":"Politique de confidentialit\u00e9 - Dals Lighting","isPartOf":{"@id":"https:\/\/dalslit.tempurl.host\/#website"},"datePublished":"2019-10-22T12:35:56+00:00","dateModified":"2020-06-15T16:57:24+00:00","breadcrumb":{"@id":"https:\/\/dals.com\/fr\/politique-de-confidentialite\/#breadcrumb"},"inLanguage":"fr-FR","potentialAction":[{"@type":"ReadAction","target":["https:\/\/dals.com\/fr\/politique-de-confidentialite\/"]}]},{"@type":"BreadcrumbList","@id":"https:\/\/dals.com\/fr\/politique-de-confidentialite\/#breadcrumb","itemListElement":[{"@type":"ListItem","position":1,"name":"Accueil","item":"https:\/\/dals.com\/fr\/"},{"@type":"ListItem","position":2,"name":"Politique de confidentialit\u00e9"}]},{"@type":"WebSite","@id":"https:\/\/dalslit.tempurl.host\/#website","url":"https:\/\/dalslit.tempurl.host\/","name":"Dals Lighting","description":"Manufacturer of designer lighting products","publisher":{"@id":"https:\/\/dalslit.tempurl.host\/#organization"},"potentialAction":[{"@type":"SearchAction","target":{"@type":"EntryPoint","urlTemplate":"https:\/\/dalslit.tempurl.host\/?s={search_term_string}"},"query-input":{"@type":"PropertyValueSpecification","valueRequired":true,"valueName":"search_term_string"}}],"inLanguage":"fr-FR"},{"@type":"Organization","@id":"https:\/\/dalslit.tempurl.host\/#organization","name":"Dals Lighting","url":"https:\/\/dalslit.tempurl.host\/","logo":{"@type":"ImageObject","inLanguage":"fr-FR","@id":"https:\/\/dalslit.tempurl.host\/#\/schema\/logo\/image\/","url":"https:\/\/dals.com\/wp-content\/uploads\/2020\/01\/cropped-logo-dals.png","contentUrl":"https:\/\/dals.com\/wp-content\/uploads\/2020\/01\/cropped-logo-dals.png","width":"300","height":"125","caption":"Dals Lighting"},"image":{"@id":"https:\/\/dalslit.tempurl.host\/#\/schema\/logo\/image\/"}}]}},"_links":{"self":[{"href":"https:\/\/dals.com\/fr\/wp-json\/wp\/v2\/pages\/3","targetHints":{"allow":["GET"]}}],"collection":[{"href":"https:\/\/dals.com\/fr\/wp-json\/wp\/v2\/pages"}],"about":[{"href":"https:\/\/dals.com\/fr\/wp-json\/wp\/v2\/types\/page"}],"author":[{"embeddable":true,"href":"https:\/\/dals.com\/fr\/wp-json\/wp\/v2\/users\/1"}],"replies":[{"embeddable":true,"href":"https:\/\/dals.com\/fr\/wp-json\/wp\/v2\/comments?post=3"}],"version-history":[{"count":0,"href":"https:\/\/dals.com\/fr\/wp-json\/wp\/v2\/pages\/3\/revisions"}],"wp:attachment":[{"href":"https:\/\/dals.com\/fr\/wp-json\/wp\/v2\/media?parent=3"}],"curies":[{"name":"wp","href":"https:\/\/api.w.org\/{rel}","templated":true}]}}